{"id":4599,"date":"2026-03-19T06:01:12","date_gmt":"2026-03-19T11:01:12","guid":{"rendered":"https:\/\/www.ecvents.com\/?post_type=product&#038;p=4599"},"modified":"2026-03-19T06:01:41","modified_gmt":"2026-03-19T11:01:41","slug":"ventilateur-dechappement-de-volet-de-moteur-ec-3","status":"publish","type":"product","link":"https:\/\/www.ecvents.com\/fr\/product\/ventilateur-dechappement-de-volet-de-moteur-ec-3\/","title":{"rendered":"Ventilateur d'\u00e9chappement de l'obturateur"},"content":{"rendered":"<div class=\"someee\">\n<h2><strong>Puissance intelligente. pr\u00e9cision tranquille. Construit pour d\u00e9placer l'air r\u00e9el.<\/strong><\/h2>\n<p>le\u00a0<strong>EC\u202fmoteur\u202fobturateur\u202fd'\u00e9chappement\u202ffan<\/strong>\u00a0est con\u00e7u pour les moments de ventilation, non entendus. Con\u00e7u pour les ateliers, les greniers, les serres et les zones commerciales exigeantes, il d\u00e9place 2\u00a0560\u00a0CFM d'air \u00e0 travers un syst\u00e8me de d\u00e9clenchement d'un syst\u00e8me de d\u00e9clenchement \u00e0 l'intensit\u00e9 douce et calibr\u00e9e. A\u202fSmart 10\u2011Speed Controller Fine\u2011Tunes Sortie instantan\u00e9ment, en \u00e9quilibreant la vitesse, le son et la consommation d'\u00e9nergie en proportion parfaite.<\/p>\n<p>Sa forme parle le langage de la durabilit\u00e9.\u00a0<strong>Volets en acier galvanis\u00e9s<\/strong>\u00a0Scellez bien au ralenti, prot\u00e9geant de la poussi\u00e8re et de la pluie, tout en\u00a0<strong>Lames en aluminium a\u00e9rodynamiques<\/strong>\u00a0Tournez librement pendant de longues heures d'utilisation continue. \u00c0 l'int\u00e9rieur, une g\u00e9n\u00e9ration suivante\u00a0<strong>Moteur \u00e0 commutation \u00e9lectronique<\/strong>\u00a0Transforme la puissance en couple r\u00e9gulier sans contrainte m\u00e9canique, en maintenant un fort d\u00e9bit d'air \u00e0 seulement 67\u202f\u2013\u202f70\u202fdBA.<\/p>\n<p>Chaque fonctionnalit\u00e9 a un but.\u00a0<strong>Roulements \u00e0 double billes<\/strong>,\u00a0<strong>\u00c9tanch\u00e9it\u00e9 nominale IP44<\/strong>, et\u00a0<strong>A\u202fCossage r\u00e9sistant \u00e0 la corrosion<\/strong>\u00a0Prolongez la dur\u00e9e de vie du ventilateur au-del\u00e0 de 67\u00a0000\u00a0heures.\u00a0<strong>Compatibilit\u00e9 avec les plates-formes UIS<\/strong>\u00a0Rend l'int\u00e9gration sans effort pour les environnements automatis\u00e9s, tandis que la m\u00e9moire int\u00e9gr\u00e9e rappelle vos derniers param\u00e8tres \u00e0 chaque d\u00e9marrage. Des garages aux pi\u00e8ces de culture, il d\u00e9livre un flux d'air fiable sans exiger l'attention - une t\u00e9nacit\u00e9 industrielle con\u00e7ue pour une intelligence silencieuse.<\/p>\n<\/div>\n<hr \/>\n<p>Performance\u00a0:<\/p>\n<div class=\"scroll-table-wrapper\">\n<div class=\"scroll-table\">\n<table id=\"tablepress-65\" class=\"tablepress tablepress-id-65\">\n<thead>\n<tr class=\"row-1\">\n\t<th class=\"column-1\">sp\u00e9cification<\/th><th class=\"column-2\">d\u00e9tails<\/th>\n<\/tr>\n<\/thead>\n<tbody class=\"row-striping row-hover\">\n<tr class=\"row-2\">\n\t<td class=\"column-1\">taille de l'\u00e9vent<\/td><td class=\"column-2\">16 pouces (40,6 cm)<\/td>\n<\/tr>\n<tr class=\"row-3\">\n\t<td class=\"column-1\">Dimensions globales<\/td><td class=\"column-2\">19,09\" \u00d7 19,09\" \u00d7 7,72\" (48,5 \u00d7 48,5 \u00d7 19,6 cm)<\/td>\n<\/tr>\n<tr class=\"row-4\">\n\t<td class=\"column-1\">Taille du trou de montage<\/td><td class=\"column-2\">Environ 16,92\" \u00d7 16,92\" (43 \u00d7 43 cm)<\/td>\n<\/tr>\n<tr class=\"row-5\">\n\t<td class=\"column-1\">Capacit\u00e9 de circulation d'air<\/td><td class=\"column-2\">2\u00a0560\u00a0cfm (ventilation \u00e0 haut rendement)<\/td>\n<\/tr>\n<tr class=\"row-6\">\n\t<td class=\"column-1\">pression statique<\/td><td class=\"column-2\">25,9 mm-H\u2082O (environ 96 Pa)<\/td>\n<\/tr>\n<tr class=\"row-7\">\n\t<td class=\"column-1\">niveau sonore<\/td><td class=\"column-2\">G\u00e9n\u00e9ralement 70 dBA (varie entre 67 et 70 dBA entre les sources)<\/td>\n<\/tr>\n<tr class=\"row-8\">\n\t<td class=\"column-1\">Conduire et contr\u00f4ler<\/td><td class=\"column-2\">Modulation intelligente PWM, 10 vitesses (certains mod\u00e8les \u00e0 8 vitesses), avec fonction de m\u00e9moire<\/td>\n<\/tr>\n<tr class=\"row-9\">\n\t<td class=\"column-1\">type de moteur<\/td><td class=\"column-2\">Moteur \u00e9co\u00e9nerg\u00e9tique EC (commut\u00e9 \u00e9lectroniquement), faible bruit, rendement \u00e9lev\u00e9<\/td>\n<\/tr>\n<tr class=\"row-10\">\n\t<td class=\"column-1\">Puissance \/ Courant<\/td><td class=\"column-2\">100 W \/ 1,5 A (100\u2013240 V CA, 50\/60 Hz)<\/td>\n<\/tr>\n<tr class=\"row-11\">\n\t<td class=\"column-1\">Roulements et dur\u00e9e de vie<\/td><td class=\"column-2\">Double roulement \u00e0 billes, dur\u00e9e de vie L10 de 67\u00a0000\u00a0heures<\/td>\n<\/tr>\n<tr class=\"row-12\">\n\t<td class=\"column-1\">Protection contre les entr\u00e9es<\/td><td class=\"column-2\">IP-44, class\u00e9s, r\u00e9sistants \u00e0 la poussi\u00e8re et \u00e0 l'eau; conception structurelle r\u00e9sistante \u00e0 la corrosion<\/td>\n<\/tr>\n<\/tbody>\n<\/table>\n<!-- #tablepress-65 from cache --><\/div>\n<\/div>\n<div><\/div>\n<div class=\"woocb\"><a class=\"wocb\" href=\"https:\/\/www.beiaole.com\/wp-content\/uploads\/2025\/08\/EC-Motor-Shutter-Exhaust-Fan-1.pdf\" target=\"_blank\" rel=\"noopener\">se former<\/a><\/div>\n<div><\/div>","protected":false},"excerpt":{"rendered":"<ul>\n<li>\n<h2>D\u00e9bit d'air \u00e0 haut rendement\u00a0:<\/h2>\n<p>\u202f16\u2011inch\u202ffan\u202fmoves\u202f2,560\u202fCFM\u202f(\u2248\u202f4,350\u202fm\u00b3\/h)\u202fd\u202fstatique\u202fd\u2019aspect\u202fd\u2019a\u00e9ration\u202fPa\u202fPa\u202fd\u2019a\u00e9ration\u202f\u00e9quilibr\u00e9e.<\/li>\n<li>\n<h2>Technologies avanc\u00e9es de moteurs de EC\u202fC :<\/h2>\n<p>\u202fPWM\u202fControl\u202fEnables\u202fPrecision\u202fVitesse\u202fmodulation,\u202f10\u2011niveau\u202fajustement,\u202fet\u202fd\u202fefficacit\u00e9\u202f\u00e9nerg\u00e9tique\u202f.<\/li>\n<li>\n<h2>Construction durable :<\/h2>\n<p>Volets\u202fcorrosion\u2011r\u00e9sistants\u202faciers\u202fvolets\u202fet\u202fd\u2019aluminium\u202fd\u2019aluminium\u202fcon\u00e7us\u202fpour\u202fcontinu\u202fdou\u00e9\u202fdans\u202fd\u2019humide\u202fou\u202fenvironnement\u202fdoutes\u202fcontinues.<\/li>\n<li>\n<h2>Calme\u202fForce :<\/h2>\n<p>\u202fNiveaux sonores\u202fentre\u202f67\u202f\u2013\u202f70\u202fdba\u202fd\u00e9livrant\u202fs\u00e9rieux\u202fair\u202fdur\u202fdur\u202fm\u00e9canique\u202fbruit.<\/li>\n<li>\n<h2>Long\u202fService\u202fLife\u00a0:<\/h2>\n<p>\u202fDual\u202fBall\u202fBearings\u202fSupport\u202fan\u202fl10\u202fLifeSpan\u202fd\u201967\u00a0000\u00a0heures\u202fsous\u202fcharg\u00e9.<\/li>\n<li>\n<h2>Smart\u202fControl\u202fInt\u00e9gration\u00a0:<\/h2>\n<p>\u202fUI\u2011platform\u202fpr\u00eat\u202favec\u202fde\u202fde\u202ffonction\u202fpour\u202fr\u00e9p\u00e9tibles\u202fde\u202fdes param\u00e8tres.<\/li>\n<li>\n<h2>Protection de l'environnement\u00a0:<\/h2>\n<p>\u202fIP44\u202fRating\u202fpour\u202fdust\u202fet\u202fd'humidit\u00e9\u202fdurance\u202fdurce\u202fconsiste-toute-ann\u00e9e.<\/li>\n<\/ul>\n<hr \/>","protected":false},"featured_media":4629,"comment_status":"open","ping_status":"closed","template":"","meta":{"_acf_changed":false},"product_brand":[],"product_cat":[28],"product_tag":[],"class_list":{"0":"post-4599","1":"product","2":"type-product","3":"status-publish","4":"has-post-thumbnail","6":"product_cat-exhaust-fan","8":"first","9":"instock","10":"sale","11":"taxable","12":"shipping-taxable","13":"purchasable","14":"product-type-simple"},"acf":[],"_links":{"self":[{"href":"https:\/\/www.ecvents.com\/fr\/wp-json\/wp\/v2\/product\/4599","targetHints":{"allow":["GET"]}}],"collection":[{"href":"https:\/\/www.ecvents.com\/fr\/wp-json\/wp\/v2\/product"}],"about":[{"href":"https:\/\/www.ecvents.com\/fr\/wp-json\/wp\/v2\/types\/product"}],"replies":[{"embeddable":true,"href":"https:\/\/www.ecvents.com\/fr\/wp-json\/wp\/v2\/comments?post=4599"}],"wp:featuredmedia":[{"embeddable":true,"href":"https:\/\/www.ecvents.com\/fr\/wp-json\/wp\/v2\/media\/4629"}],"wp:attachment":[{"href":"https:\/\/www.ecvents.com\/fr\/wp-json\/wp\/v2\/media?parent=4599"}],"wp:term":[{"taxonomy":"product_brand","embeddable":true,"href":"https:\/\/www.ecvents.com\/fr\/wp-json\/wp\/v2\/product_brand?post=4599"},{"taxonomy":"product_cat","embeddable":true,"href":"https:\/\/www.ecvents.com\/fr\/wp-json\/wp\/v2\/product_cat?post=4599"},{"taxonomy":"product_tag","embeddable":true,"href":"https:\/\/www.ecvents.com\/fr\/wp-json\/wp\/v2\/product_tag?post=4599"}],"curies":[{"name":"WP","href":"https:\/\/api.w.org\/{rel}","templated":true}]}}