{"id":4600,"date":"2026-03-19T06:01:12","date_gmt":"2026-03-19T11:01:12","guid":{"rendered":"https:\/\/www.ecvents.com\/?post_type=product&#038;p=4600"},"modified":"2026-03-19T06:02:35","modified_gmt":"2026-03-19T11:02:35","slug":"deshumidificateur-de-plafond","status":"publish","type":"product","link":"https:\/\/www.ecvents.com\/fr\/product\/deshumidificateur-de-plafond\/","title":{"rendered":"D\u00e9shumidificateur de plafond"},"content":{"rendered":"<div class=\"someee\">\n<h2><strong>\u00c9quilibre silencieux. Confort sec. Con\u00e7u pour des performances cach\u00e9es.<\/strong><\/h2>\n<p>le\u00a0<strong>D\u00e9shumidificateur de plafond<\/strong>\u00a0Apporte un contr\u00f4le invisible au confort int\u00e9rieur. Mont\u00e9 discr\u00e8tement au-dessus de la t\u00eate, il maintient l'humidit\u00e9 en \u00e9chec, \u00e9liminant silencieusement l'humidit\u00e9 pour que chaque pi\u00e8ce soit plus l\u00e9g\u00e8re, plus fra\u00eeche et plus facile \u00e0 respirer. Aucune intrusion, aucun encombrement, juste un sentiment constant d'air calme qui se d\u00e9place tranquillement au-dessus de vous.<\/p>\n<p>son\u00a0<strong>Compresseur rotatif compact<\/strong>\u00a0S'associe \u00e0 un syst\u00e8me de d\u00e9bit d'air de pr\u00e9cision pour offrir une d\u00e9shumidification stable et intelligente. Les gaines optimis\u00e9es pour le bruit et un ensemble de ventilateur \u00e9quilibr\u00e9 r\u00e9duisent les vibrations, permettant un fonctionnement continu avec un encombrement acoustique minimal. Derri\u00e8re son attitude calme se cache une puissance fiable con\u00e7ue pour des ann\u00e9es de service.<\/p>\n<p>l'unit\u00e9\u00a0<strong>Corps en acier galvanis\u00e9<\/strong>\u00a0Est double rev\u00eatement pour la r\u00e9sistance \u00e0 la corrosion, en maintenant l'int\u00e9grit\u00e9 de la structure et une finition propre au fil du temps. \u00e0 l'int\u00e9rieur,\u00a0<strong>Tuyaux en cuivre et ailettes en aluminium<\/strong>\u00a0G\u00e9rez les \u00e9changes de chaleur avec efficacit\u00e9 et long\u00e9vit\u00e9. un\u00a0<strong>Chambre \u00e0 double ventilation<\/strong>\u00a0Favorise le cycle de l'air naturel, rempla\u00e7ant la stagnation humide par un flux propre et respirant dans tout l'espace.<\/p>\n<p>L'interaction est intuitive. le\u00a0<strong>Commande par \u00e9cran tactile 86\u2011Box<\/strong>\u00a0Ajuste les modes instantan\u00e9ment tandis que les capteurs int\u00e9gr\u00e9s surveillent l'humidit\u00e9, la temp\u00e9rature, le CO\u2082 et les niveaux de PM2,5. Pr\u00e9cision automatique que vous n'avez jamais \u00e0 superviser.<\/p>\n<\/div>\n<hr \/>\n<p>Performance\u00a0:<\/p>\n<div class=\"scroll-table-wrapper\">\n<div class=\"scroll-table\">\n<table id=\"tablepress-62\" class=\"tablepress tablepress-id-62\">\n<thead>\n<tr class=\"row-1\">\n\t<th class=\"column-1\">mannequin<\/th><th class=\"column-2\">250gxd<\/th><th class=\"column-3\">350gxd<\/th><th class=\"column-4\">500gxd<\/th><th class=\"column-5\">800gxd<\/th>\n<\/tr>\n<\/thead>\n<tbody class=\"row-striping row-hover\">\n<tr class=\"row-2\">\n\t<td class=\"column-1\">Tension (V)<\/td><td class=\"column-2\">220<\/td><td class=\"column-3\">220<\/td><td class=\"column-4\">220<\/td><td class=\"column-5\">220<\/td>\n<\/tr>\n<tr class=\"row-3\">\n\t<td class=\"column-1\">Volume d'air (m\u00b3\/h)<\/td><td class=\"column-2\">250<\/td><td class=\"column-3\">350<\/td><td class=\"column-4\">500<\/td><td class=\"column-5\">800<\/td>\n<\/tr>\n<tr class=\"row-4\">\n\t<td class=\"column-1\">D\u00e9bit d'air (m\u00b3\/h)<\/td><td class=\"column-2\">0~120<\/td><td class=\"column-3\">0~160<\/td><td class=\"column-4\">0~220<\/td><td class=\"column-5\">0~380<\/td>\n<\/tr>\n<tr class=\"row-5\">\n\t<td class=\"column-1\">Capacit\u00e9 de d\u00e9shumidification (l\/jour)<\/td><td class=\"column-2\">32<\/td><td class=\"column-3\">58<\/td><td class=\"column-4\">70<\/td><td class=\"column-5\">120<\/td>\n<\/tr>\n<tr class=\"row-6\">\n\t<td class=\"column-1\">Puissance(W)<\/td><td class=\"column-2\">580<\/td><td class=\"column-3\">720<\/td><td class=\"column-4\">850<\/td><td class=\"column-5\">1000<\/td>\n<\/tr>\n<tr class=\"row-7\">\n\t<td class=\"column-1\">Pression statique externe (PA)<\/td><td class=\"column-2\">80<\/td><td class=\"column-3\">90<\/td><td class=\"column-4\">100<\/td><td class=\"column-5\">120<\/td>\n<\/tr>\n<tr class=\"row-8\">\n\t<td class=\"column-1\">Bruit (DB)<\/td><td class=\"column-2\">38<\/td><td class=\"column-3\">40<\/td><td class=\"column-4\">45<\/td><td class=\"column-5\">65<\/td>\n<\/tr>\n<tr class=\"row-9\">\n\t<td class=\"column-1\">Poids (kg)<\/td><td class=\"column-2\">48<\/td><td class=\"column-3\">55<\/td><td class=\"column-4\">68<\/td><td class=\"column-5\">62<\/td>\n<\/tr>\n<tr class=\"row-10\">\n\t<td class=\"column-1\">Mode de d\u00e9givrage<\/td><td class=\"column-2\">auto<\/td><td class=\"column-3\">auto<\/td><td class=\"column-4\">auto<\/td><td class=\"column-5\">auto<\/td>\n<\/tr>\n<tr class=\"row-11\">\n\t<td class=\"column-1\">Mode de contr\u00f4le<\/td><td class=\"column-2\">86 - \u00c9cran de touches tactiles de la bo\u00eete<\/td><td class=\"column-3\">86 - \u00c9cran de touches tactiles de la bo\u00eete<\/td><td class=\"column-4\">86 - \u00c9cran de touches tactiles de la bo\u00eete<\/td><td class=\"column-5\">86 - \u00c9cran de touches tactiles de la bo\u00eete<\/td>\n<\/tr>\n<tr class=\"row-12\">\n\t<td class=\"column-1\">Mode de drainage<\/td><td class=\"column-2\">Vidange directe par le tuyau<\/td><td class=\"column-3\">Vidange directe par le tuyau<\/td><td class=\"column-4\">Vidange directe par le tuyau<\/td><td class=\"column-5\">Vidange directe par le tuyau<\/td>\n<\/tr>\n<tr class=\"row-13\">\n\t<td class=\"column-1\">Taille de sortie d'air (mm)<\/td><td class=\"column-2\">0150<\/td><td class=\"column-3\">0150<\/td><td class=\"column-4\">0150<\/td><td class=\"column-5\">0200(facultatif 0150)<\/td>\n<\/tr>\n<tr class=\"row-14\">\n\t<td class=\"column-1\">Dimensions (mm)<br \/>\n(longueur x largeur x hauteur)<\/td><td class=\"column-2\">1100\u00d7680\u00d7300<\/td><td class=\"column-3\">1100\u00d7680\u00d7300<\/td><td class=\"column-4\">1100\u00d7680\u00d7300<\/td><td class=\"column-5\">1450\u00d71000\u00d7350<\/td>\n<\/tr>\n<\/tbody>\n<\/table>\n<!-- #tablepress-62 from cache --><\/div>\n<\/div>\n<div><\/div>\n<div class=\"woocb\"><a class=\"wocb\" href=\"http:\/\/www.beiaole.com\/wp-content\/uploads\/2025\/09\/d5.1.pdf\" target=\"_blank\" rel=\"noopener\">se former<\/a><\/div>\n<div><\/div>","protected":false},"excerpt":{"rendered":"<ul>\n<li>\n<h2>Puissante\u202fd\u00e9shumidification\u00a0:<\/h2>\n<p>\u202fRemoves\u202f32\u202f\u2013\u202f120\u202fl\u202fde\u202fd\u2019humidit\u00e9\u202fjour\u202facross\u202fairflows\u202fd\u2019o\u00f9\u202f250\u202f\u00e0\u202f800\u202fm\u00b3\/h.<\/li>\n<li>\n<h2>Op\u00e9ration \u00e0 faible bruit :<\/h2>\n<p>\u202fNiveaux acoustiques\u202fas\u202faussi\u202f38\u202fdb\u202fcr\u00e9er\u202fun\u202fd\u2019environnement\u202fd\u2019un\u202fd\u2019environnement\u202fd\u2019\u00eatre\u202fd\u2019une\u202fd\u2019environnement de sommeil.<\/li>\n<li>\n<h2>Durable\u202fTout\u2011Construction en m\u00e9tal :<\/h2>\n<p>\u202fGalvanized\u202fHousing\u202favec\u202fd\u202fprotecteur\u202frev\u00eatement\u202fcorrosion\u202fet\u202fconditions de porter\u202fd\u2019humide.<\/li>\n<li>\n<h2>Echange efficace\u202fchaleur-chat :<\/h2>\n<p>\u202fCopper\u202fpipes\u202fet\u202faluminum\u202ffins\u202fmaximiser\u202fthermique\u202fet\u202f\u00e0 long terme\u202f.<\/li>\n<li>\n<h2>Capteurs SMART\u202fenvironnementaux\u00a0:<\/h2>\n<p>\u202fB\u00e2ti\u2011in\u202fCO\u2082,\u202ftemp\u00e9rature,\u202fet\u202fPM2.5\u202fsurveillance\u202fpour\u202fadaptative\u202fclimate\u202f.<\/li>\n<li>\n<h2>Contr\u00f4le convivial\u00a0:<\/h2>\n<p>\u202f86\u2011box\u202ftouch\u202finterface\u202fpour\u202fmode\u202fs\u00e9lection\u202fet\u202fsyst\u00e8me\u202fretour\u202fat\u202fa\u202ft-a\u202ft.<\/li>\n<li>\n<h2>Flexible\u202fdrainage\u202fet\u202fd\u00e9cong\u00e9sir\u00a0:<\/h2>\n<p>\u202fDefroster\u202fet\u202fdirect\u202fdrainage\u202fdrainage\u202fdrainage\u202fsimplicite\u202fmaintenance.<\/li>\n<li>\n<h2>Conception compacte de plafond\u00a0:<\/h2>\n<p>\u202fFactor\u00a0ultra\u2011thin\u202fform\u202f(300\u2013350\u202fmm\u202fhauteur)\u202fIntegration\u202fsans\u202fdemais\u202fdans\u202fmoderne\u202fd\u2019une\u202fcondition.<\/li>\n<\/ul>\n<hr \/>","protected":false},"featured_media":4631,"comment_status":"open","ping_status":"closed","template":"","meta":{"_acf_changed":false},"product_brand":[],"product_cat":[64],"product_tag":[],"class_list":{"0":"post-4600","1":"product","2":"type-product","3":"status-publish","4":"has-post-thumbnail","6":"product_cat-dehumidifier-series","8":"first","9":"outofstock","10":"taxable","11":"shipping-taxable","12":"purchasable","13":"product-type-variable"},"acf":[],"_links":{"self":[{"href":"https:\/\/www.ecvents.com\/fr\/wp-json\/wp\/v2\/product\/4600","targetHints":{"allow":["GET"]}}],"collection":[{"href":"https:\/\/www.ecvents.com\/fr\/wp-json\/wp\/v2\/product"}],"about":[{"href":"https:\/\/www.ecvents.com\/fr\/wp-json\/wp\/v2\/types\/product"}],"replies":[{"embeddable":true,"href":"https:\/\/www.ecvents.com\/fr\/wp-json\/wp\/v2\/comments?post=4600"}],"wp:featuredmedia":[{"embeddable":true,"href":"https:\/\/www.ecvents.com\/fr\/wp-json\/wp\/v2\/media\/4631"}],"wp:attachment":[{"href":"https:\/\/www.ecvents.com\/fr\/wp-json\/wp\/v2\/media?parent=4600"}],"wp:term":[{"taxonomy":"product_brand","embeddable":true,"href":"https:\/\/www.ecvents.com\/fr\/wp-json\/wp\/v2\/product_brand?post=4600"},{"taxonomy":"product_cat","embeddable":true,"href":"https:\/\/www.ecvents.com\/fr\/wp-json\/wp\/v2\/product_cat?post=4600"},{"taxonomy":"product_tag","embeddable":true,"href":"https:\/\/www.ecvents.com\/fr\/wp-json\/wp\/v2\/product_tag?post=4600"}],"curies":[{"name":"WP","href":"https:\/\/api.w.org\/{rel}","templated":true}]}}