{"id":4601,"date":"2026-03-19T06:01:12","date_gmt":"2026-03-19T11:01:12","guid":{"rendered":"https:\/\/www.ecvents.com\/?post_type=product&#038;p=4601"},"modified":"2026-03-19T06:02:35","modified_gmt":"2026-03-19T11:02:35","slug":"serie-q-de-rideau-dair-a-flux-croise","status":"publish","type":"product","link":"https:\/\/www.ecvents.com\/fr\/product\/serie-q-de-rideau-dair-a-flux-croise\/","title":{"rendered":"S\u00e9rie Q de rideau d'air \u00e0 flux crois\u00e9"},"content":{"rendered":"<div class=\"someee\">\n<h2><strong>Bouclier silencieux. Confort r\u00e9gulier. Con\u00e7u pour d\u00e9finir chaque entr\u00e9e.<\/strong><\/h2>\n<p>le\u00a0<strong>Rideau d'air transversal\u202fQ\u202fS\u00e9ries<\/strong>\u00a0Apporte une pr\u00e9cision silencieuse au seuil entre l'int\u00e9rieur et l'ext\u00e9rieur. Son devoir est simple mais essentiel : garder l'air conditionn\u00e9, la chaleur et la poussi\u00e8re ext\u00e9rieures, et cr\u00e9er une barri\u00e8re de confort invisible et douce. Id\u00e9al pour les magasins, les caf\u00e9s et les cuisines commerciales, il stabilise le climat int\u00e9rieur tout en \u00e9conomisant de l'\u00e9nergie et en gardant chaque porte accueillante.<\/p>\n<p>le\u00a0<strong>Bo\u00eetier courbe profil\u00e9<\/strong>\u00a0M\u00e9lange durabilit\u00e9 et \u00e9l\u00e9gance. Fabriqu\u00e9 en m\u00e9tal antirouille, il se sent solide sans exc\u00e8s de poids. Les bandes d'entr\u00e9e discr\u00e8tes ne sont pas seulement visuelles, elles \u00e9quilibrent le flux d'air de mani\u00e8re uniforme sur toute la largeur pour une couverture coh\u00e9rente. La structure raffin\u00e9e rend l'installation rapide et sans effort.<\/p>\n<p>A l'int\u00e9rieur, un\u00a0<strong>Moteur en cuivre pur<\/strong>\u00a0et\u00a0<strong>Roue de pr\u00e9cision \u00e0 flux crois\u00e9<\/strong>\u00a0Maintenez des performances puissantes avec un bruit remarquablement faible. La direction de l'air est facilement ajust\u00e9e \u00e0 travers un\u00a0<strong>Barre de guidage repens\u00e9e<\/strong>, et le\u00a0<strong>Commutateur de commande \u00e0 deux vitesses<\/strong>\u00a0Le passage d'une brise douce \u00e0 un flux protecteur fort chaque fois que vous devez une s\u00e9paration plus \u00e9lev\u00e9e. Test\u00e9 pour plus\u00a0<strong>8\u00a0000\u00a0heures de fonctionnement continu<\/strong>, la s\u00e9rie Q\u202f offre l'assurance silencieuse de l'ing\u00e9nierie con\u00e7ue pour durer.<\/p>\n<\/div>\n<hr \/>\n<p>Performance\u00a0:<\/p>\n<div class=\"scroll-table-wrapper\">\n<div class=\"scroll-table\">\n<table id=\"tablepress-54\" class=\"tablepress tablepress-id-54\">\n<thead>\n<tr class=\"row-1\">\n\t<th class=\"column-1\">mannequin<\/th><th class=\"column-2\">Dimensions (mm)<\/th><th class=\"column-3\">Tension (V)<\/th><th class=\"column-4\">Fr\u00e9quence (Hz)<\/th><th class=\"column-5\">Puissance(W)<\/th><th class=\"column-6\">Vitesse (m\/s)<\/th><th class=\"column-7\">D\u00e9bit d'air (m\u00b3\/h)<\/th><th class=\"column-8\">Bruit (DB)<\/th><th class=\"column-9\">Poids (kg)<\/th>\n<\/tr>\n<\/thead>\n<tbody class=\"row-striping row-hover\">\n<tr class=\"row-2\">\n\t<td class=\"column-1\">FM-125-06<\/td><td class=\"column-2\">600x145\u00d7185<\/td><td class=\"column-3\">220<\/td><td class=\"column-4\">50<\/td><td class=\"column-5\">105<\/td><td class=\"column-6\">9-11<\/td><td class=\"column-7\">1200<\/td><td class=\"column-8\">50<\/td><td class=\"column-9\">5.5<\/td>\n<\/tr>\n<tr class=\"row-3\">\n\t<td class=\"column-1\">FM-125-09<\/td><td class=\"column-2\">900x145\u00d7185<\/td><td class=\"column-3\">220<\/td><td class=\"column-4\">50<\/td><td class=\"column-5\">105<\/td><td class=\"column-6\">9-11<\/td><td class=\"column-7\">1300<\/td><td class=\"column-8\">57<\/td><td class=\"column-9\">7<\/td>\n<\/tr>\n<tr class=\"row-4\">\n\t<td class=\"column-1\">FM-125-10<\/td><td class=\"column-2\">1000\u00d7145\u00d7185<\/td><td class=\"column-3\">220<\/td><td class=\"column-4\">50<\/td><td class=\"column-5\">130<\/td><td class=\"column-6\">9-11<\/td><td class=\"column-7\">1500<\/td><td class=\"column-8\">58<\/td><td class=\"column-9\">7.5<\/td>\n<\/tr>\n<tr class=\"row-5\">\n\t<td class=\"column-1\">FM-125-12<\/td><td class=\"column-2\">1200x145\u00d7185<\/td><td class=\"column-3\">220<\/td><td class=\"column-4\">50<\/td><td class=\"column-5\">160<\/td><td class=\"column-6\">9-11<\/td><td class=\"column-7\">1700<\/td><td class=\"column-8\">58<\/td><td class=\"column-9\">8.5<\/td>\n<\/tr>\n<tr class=\"row-6\">\n\t<td class=\"column-1\">FM-125-15<\/td><td class=\"column-2\">1500x145\u00d7185<\/td><td class=\"column-3\">220<\/td><td class=\"column-4\">50<\/td><td class=\"column-5\">200<\/td><td class=\"column-6\">9-11<\/td><td class=\"column-7\">2150<\/td><td class=\"column-8\">59<\/td><td class=\"column-9\">10<\/td>\n<\/tr>\n<tr class=\"row-7\">\n\t<td class=\"column-1\">FM-125-18<\/td><td class=\"column-2\">1800\u00d7145x185<\/td><td class=\"column-3\">220<\/td><td class=\"column-4\">50<\/td><td class=\"column-5\">250<\/td><td class=\"column-6\">9-11<\/td><td class=\"column-7\">2600<\/td><td class=\"column-8\">60<\/td><td class=\"column-9\">13<\/td>\n<\/tr>\n<tr class=\"row-8\">\n\t<td class=\"column-1\">FM-125-20<\/td><td class=\"column-2\">2000x145\u00d7185<\/td><td class=\"column-3\">220<\/td><td class=\"column-4\">50<\/td><td class=\"column-5\">280<\/td><td class=\"column-6\">9-11<\/td><td class=\"column-7\">2900<\/td><td class=\"column-8\">61<\/td><td class=\"column-9\">13.5<\/td>\n<\/tr>\n<\/tbody>\n<\/table>\n<!-- #tablepress-54 from cache --><\/div>\n<\/div>\n<div><\/div>\n<div class=\"woocb\"><a class=\"wocb\" href=\"http:\/\/www.beiaole.com\/wp-content\/uploads\/2025\/10\/d4.2.pdf\" target=\"_blank\" rel=\"noopener\">se former<\/a><\/div>\n<div><\/div>","protected":false},"excerpt":{"rendered":"<ul>\n<li>\n<h2>Barri\u00e8re d'air stable\u00a0:<\/h2>\n<p>\u202fEntretien\u202fs\u00e9paration\u202fentre\u202fint\u00e9rieur\u202fet\u202fd'ext\u00e9rieur\u202fenvironnements\u202fpour\u202feffective\u202fet\u202fde\u202fde\u202fde\u202fdust\u202fdust\u202fefficace.<\/li>\n<li>\n<h2>Performances \u00e0 faible bruit :<\/h2>\n<p>\u202fCross\u2011Flow\u202fa\u00e9rodynamique\u202fet\u202fpr\u00e9cision\u2011\u00e9quilibr\u00e9e\u202ffan\u202froue\u202fr\u00e9duite\u202fsons\u202f\u00e0\u202fas\u202fd\u2019aussi\u202f50\u202f\u2013\u202f61\u202fdb.<\/li>\n<li>\n<h2>Durable\u202fRount\u2011Body :<\/h2>\n<p>\u202fM\u00e9tal\u202fhousing\u202fr\u00e9siste\u202fcorrosion\u202fet\u202fusure\u202fpour\u202f\u00e0 long terme\u202fd\u2019utilisation.<\/li>\n<li>\n<h2>Directive r\u00e9glable :<\/h2>\n<p>\u202fTilting\u202fguide\u202fbar\u202fassure\u202fAir\u202fair\u202flivraison\u202fpour\u202fdiff\u00e9rent\u202fporte\u202fhauteurs\u202fet\u202fconditions de trafic.<\/li>\n<li>\n<h2>Contr\u00f4le \u00e0 deux vitesses\u00a0:<\/h2>\n<p>\u202fSimple\u202fkey\u202fswitch\u202fpour\u202fde\u202fde\u202fd\u2019op\u00e9ration\u202f\u2014\u202fchoisir\u202fdouc\u202fou\u202f\u00e0 haute\u202f\u00e0\u202f\u00e0\u202fn\u00e9ces\u2019.<\/li>\n<li>\n<h2>Energie-efficacit\u00e9 \u00e9nerg\u00e9tique\u00a0:<\/h2>\n<p>\u202fCopper\u202fmoteur\u202fsoutenir\u202ffort\u202fsortie\u202favec\u202ffaible\u202fpuissance\u202fconsommation.<\/li>\n<li>\n<h2>Vie de service prolong\u00e9e\u00a0:<\/h2>\n<p>\u202fplus\u202f8\u00a0000\u00a0heures\u00a0de\u00a0\u202fd\u202fcontinuous\u202foperation\u202fpour\u202ffiable,\u202fd'entretien\u2011lumi\u00e8re\u202futilisation.<\/li>\n<\/ul>\n<hr \/>","protected":false},"featured_media":4632,"comment_status":"open","ping_status":"closed","template":"","meta":{"_acf_changed":false},"product_brand":[],"product_cat":[65],"product_tag":[],"class_list":{"0":"post-4601","1":"product","2":"type-product","3":"status-publish","4":"has-post-thumbnail","6":"product_cat-air-curtain","8":"first","9":"instock","10":"taxable","11":"shipping-taxable","12":"purchasable","13":"product-type-variable","14":"has-default-attributes"},"acf":[],"_links":{"self":[{"href":"https:\/\/www.ecvents.com\/fr\/wp-json\/wp\/v2\/product\/4601","targetHints":{"allow":["GET"]}}],"collection":[{"href":"https:\/\/www.ecvents.com\/fr\/wp-json\/wp\/v2\/product"}],"about":[{"href":"https:\/\/www.ecvents.com\/fr\/wp-json\/wp\/v2\/types\/product"}],"replies":[{"embeddable":true,"href":"https:\/\/www.ecvents.com\/fr\/wp-json\/wp\/v2\/comments?post=4601"}],"wp:featuredmedia":[{"embeddable":true,"href":"https:\/\/www.ecvents.com\/fr\/wp-json\/wp\/v2\/media\/4632"}],"wp:attachment":[{"href":"https:\/\/www.ecvents.com\/fr\/wp-json\/wp\/v2\/media?parent=4601"}],"wp:term":[{"taxonomy":"product_brand","embeddable":true,"href":"https:\/\/www.ecvents.com\/fr\/wp-json\/wp\/v2\/product_brand?post=4601"},{"taxonomy":"product_cat","embeddable":true,"href":"https:\/\/www.ecvents.com\/fr\/wp-json\/wp\/v2\/product_cat?post=4601"},{"taxonomy":"product_tag","embeddable":true,"href":"https:\/\/www.ecvents.com\/fr\/wp-json\/wp\/v2\/product_tag?post=4601"}],"curies":[{"name":"WP","href":"https:\/\/api.w.org\/{rel}","templated":true}]}}