{"id":4603,"date":"2026-03-19T06:01:12","date_gmt":"2026-03-19T11:01:12","guid":{"rendered":"https:\/\/www.ecvents.com\/?post_type=product&#038;p=4603"},"modified":"2026-03-19T06:02:04","modified_gmt":"2026-03-19T11:02:04","slug":"unite-de-recuperation-denergie-a-domicile","status":"publish","type":"product","link":"https:\/\/www.ecvents.com\/fr\/product\/unite-de-recuperation-denergie-a-domicile\/","title":{"rendered":"Unit\u00e9 de r\u00e9cup\u00e9ration d'\u00e9nergie \u00e0 domicile"},"content":{"rendered":"<div class=\"someee\">\n<h2><strong>air pur. \u00c9nergie silencieuse. Con\u00e7u pour une vie plus saine.<\/strong><\/h2>\n<p>le\u00a0<strong>Unit\u00e9 de r\u00e9cup\u00e9ration d'\u00e9nergie \u00e0 domicile (HAZE &amp;\u202fPM2.5\u202fRemoval)<\/strong>\u00a0Fait de l'air frais int\u00e9rieur une certitude tranquille. propuls\u00e9 par un\u00a0<strong>Moteur \u00e0 noyau en cuivre \u00e0 haute efficacit\u00e9<\/strong>\u00a0et des roulements de pr\u00e9cision, il fournit une circulation d'air r\u00e9guli\u00e8re avec une consommation d'\u00e9nergie minimale. Une fois install\u00e9, il s'estompe tranquillement dans l'arri\u00e8re-plan, sans \u00eatre remarqu\u00e9, \u00e0 l'exception de l'atmosph\u00e8re calme et plus propre qu'il cr\u00e9e chaque jour.<\/p>\n<p>son\u00a0<strong>Syst\u00e8me de filtration am\u00e9lior\u00e9e par nano<\/strong>, renforc\u00e9 avec du graph\u00e8ne, combine des propri\u00e9t\u00e9s antibact\u00e9riennes et hydrophobes pour \u00e9liminer les particules fines de brume, les bact\u00e9ries et les odeurs r\u00e9siduelles. Le r\u00e9sultat est un air qui semble naturellement plus l\u00e9ger, ce qui est sensiblement plus frais sans bruit ni interruption.<\/p>\n<p>gr\u00e2ce \u00e0 un\u00a0<strong>Profil ultra-mince 20\u202fcm<\/strong>, l'unit\u00e9 s'int\u00e8gre facilement dans les plafonds et les espaces \u00e9troits typiques des appartements modernes, alliant performance et discr\u00e9tion. Les chemins d'alimentation et d'\u00e9chappement ind\u00e9pendants \u00e9quilibrent la pression entre les pi\u00e8ces pour maintenir un d\u00e9bit d'air uniforme sans courants d'air ni fluctuation de la temp\u00e9rature.<\/p>\n<\/div>\n<hr \/>\n<p>Dimensions (unit\u00e9 : mm) :<\/p>\n<div class=\"scroll-table-wrapper\">\n<div class=\"scroll-table\">\n<table id=\"tablepress-1\" class=\"tablepress tablepress-id-1\">\n<thead>\n<tr class=\"row-1\">\n\t<th class=\"column-1\">mannequin<\/th><th class=\"column-2\">L<\/th><th class=\"column-3\">L1<\/th><th class=\"column-4\">l2<\/th><th class=\"column-5\">W<\/th><th class=\"column-6\">w1<\/th><th class=\"column-7\">W2<\/th><th class=\"column-8\">H<\/th><th class=\"column-9\">H1<\/th><th class=\"column-10\">D<\/th><th class=\"column-11\">E<\/th><th class=\"column-12\">F<\/th>\n<\/tr>\n<\/thead>\n<tbody class=\"row-striping row-hover\">\n<tr class=\"row-2\">\n\t<td class=\"column-1\">QRXF-150<\/td><td class=\"column-2\">867<\/td><td class=\"column-3\">746<\/td><td class=\"column-4\">602<\/td><td class=\"column-5\">816<\/td><td class=\"column-6\">460<\/td><td class=\"column-7\">854<\/td><td class=\"column-8\">222<\/td><td class=\"column-9\">11.5<\/td><td class=\"column-10\">563<\/td><td class=\"column-11\">62<\/td><td class=\"column-12\">\u03c6100<\/td>\n<\/tr>\n<tr class=\"row-3\">\n\t<td class=\"column-1\">QRXF-250<\/td><td class=\"column-2\">893<\/td><td class=\"column-3\">746<\/td><td class=\"column-4\">602<\/td><td class=\"column-5\">816<\/td><td class=\"column-6\">460<\/td><td class=\"column-7\">854<\/td><td class=\"column-8\">222<\/td><td class=\"column-9\">11.5<\/td><td class=\"column-10\">563<\/td><td class=\"column-11\">75<\/td><td class=\"column-12\">\u03c6150<\/td>\n<\/tr>\n<tr class=\"row-4\">\n\t<td class=\"column-1\">QRXF-350<\/td><td class=\"column-2\">893<\/td><td class=\"column-3\">746<\/td><td class=\"column-4\">602<\/td><td class=\"column-5\">816<\/td><td class=\"column-6\">460<\/td><td class=\"column-7\">854<\/td><td class=\"column-8\">252<\/td><td class=\"column-9\">11.5<\/td><td class=\"column-10\">563<\/td><td class=\"column-11\">75<\/td><td class=\"column-12\">\u03c6150<\/td>\n<\/tr>\n<tr class=\"row-5\">\n\t<td class=\"column-1\">QRXF-500<\/td><td class=\"column-2\">885<\/td><td class=\"column-3\">746<\/td><td class=\"column-4\">602<\/td><td class=\"column-5\">816<\/td><td class=\"column-6\">460<\/td><td class=\"column-7\">854<\/td><td class=\"column-8\">282<\/td><td class=\"column-9\">11.5<\/td><td class=\"column-10\">523<\/td><td class=\"column-11\">71<\/td><td class=\"column-12\">\u03c6200<\/td>\n<\/tr>\n<\/tbody>\n<\/table>\n<!-- #tablepress-1 from cache --><\/div>\n<\/div>\n<div><\/div>\n<div class=\"woocb\"><a class=\"wocb\" href=\"http:\/\/www.beiaole.com\/wp-content\/uploads\/2025\/08\/d1.2.1.pdf\" target=\"_blank\" rel=\"noopener\">se former<\/a><\/div>\n<div><\/div>\n<div><img loading=\"lazy\" decoding=\"async\" class=\"aligncenter wp-image-15446 size-large\" src=\"http:\/\/www.beiaole.com\/wp-content\/uploads\/2025\/08\/s1.1.2-1024x456.png\" alt=\"Home Energy Recovery Unit(Haze &amp; PM2.5 Removal)-size\" width=\"1024\" height=\"456\" data-no-translation=\"\" \/><\/div>\n<div><\/div>\n<p>Performance\u00a0:<\/p>\n<div class=\"scroll-table-wrapper\">\n<div class=\"scroll-table\">\n<table id=\"tablepress-2\" class=\"tablepress tablepress-id-2 tbody-has-connected-cells\">\n<thead>\n<tr class=\"row-1\">\n\t<th class=\"column-1\">mannequin<\/th><th class=\"column-2\">Tension (V)<\/th><th class=\"column-3\">Fr\u00e9quence (Hz)<\/th><th class=\"column-4\">embrayage<\/th><th class=\"column-5\">Puissance(W)<\/th><th class=\"column-6\">D\u00e9bit d'air (m\u00b3\/h)<\/th><th class=\"column-7\">Pression statique (PA)<\/th><th class=\"column-8\">Filtre principal (%)<\/th><th class=\"column-9\">Filtre \u00e0 haut rendement (%)<\/th><th colspan=\"2\" class=\"column-10\">Taux d'efficacit\u00e9 des \u00e9changes (%)<\/th><th colspan=\"2\" class=\"column-12\">Taux de change d'enthalpie(%)<\/th><th class=\"column-14\">Bruit (DB)<\/th><th class=\"column-15\">Taille du conduit (mm)<\/th><th class=\"column-16\">Domaine d'application (m\u00b2)<\/th><th class=\"column-17\">N.W(kg)<\/th>\n<\/tr>\n<\/thead>\n<tbody class=\"row-striping row-hover\">\n<tr class=\"row-2\">\n\t<td class=\"column-1\"><\/td><td class=\"column-2\"><\/td><td class=\"column-3\"><\/td><td class=\"column-4\"><\/td><td class=\"column-5\"><\/td><td class=\"column-6\"><\/td><td class=\"column-7\"><\/td><td class=\"column-8\"><\/td><td class=\"column-9\"><\/td><td class=\"column-10\">rafra<\/td><td class=\"column-11\">chauffage<\/td><td class=\"column-12\">rafra<\/td><td class=\"column-13\">chauffage<\/td><td class=\"column-14\"><\/td><td class=\"column-15\"><\/td><td class=\"column-16\"><\/td><td class=\"column-17\"><\/td>\n<\/tr>\n<tr class=\"row-3\">\n\t<td rowspan=\"2\" class=\"column-1\">QRXF-150<\/td><td rowspan=\"2\" class=\"column-2\">220<\/td><td rowspan=\"2\" class=\"column-3\">50<\/td><td class=\"column-4\">flagrant<\/td><td class=\"column-5\">100<\/td><td class=\"column-6\">150<\/td><td class=\"column-7\">200<\/td><td rowspan=\"2\" class=\"column-8\">76.1<\/td><td rowspan=\"2\" class=\"column-9\">99.9<\/td><td class=\"column-10\">63<\/td><td class=\"column-11\">78<\/td><td class=\"column-12\">64<\/td><td class=\"column-13\">68<\/td><td class=\"column-14\">37<\/td><td rowspan=\"2\" class=\"column-15\">\u03c6100<\/td><td rowspan=\"2\" class=\"column-16\">80<\/td><td rowspan=\"2\" class=\"column-17\">25.3<\/td>\n<\/tr>\n<tr class=\"row-4\">\n\t<td class=\"column-4\">faible<\/td><td class=\"column-5\">76<\/td><td class=\"column-6\">120<\/td><td class=\"column-7\">170<\/td><td class=\"column-10\">65<\/td><td class=\"column-11\">79<\/td><td class=\"column-12\">66<\/td><td class=\"column-13\">73<\/td><td class=\"column-14\">35<\/td>\n<\/tr>\n<tr class=\"row-5\">\n\t<td rowspan=\"2\" class=\"column-1\">QRXF-250<\/td><td rowspan=\"2\" class=\"column-2\">220<\/td><td rowspan=\"2\" class=\"column-3\">50<\/td><td class=\"column-4\">flagrant<\/td><td class=\"column-5\">150<\/td><td class=\"column-6\">250<\/td><td class=\"column-7\">210<\/td><td rowspan=\"2\" class=\"column-8\">76.1<\/td><td rowspan=\"2\" class=\"column-9\">99.9<\/td><td class=\"column-10\">62<\/td><td class=\"column-11\">77<\/td><td class=\"column-12\">64<\/td><td class=\"column-13\">67<\/td><td class=\"column-14\">41<\/td><td rowspan=\"2\" class=\"column-15\">\u03c6150<\/td><td rowspan=\"2\" class=\"column-16\">80-100<\/td><td rowspan=\"2\" class=\"column-17\">27.5<\/td>\n<\/tr>\n<tr class=\"row-6\">\n\t<td class=\"column-4\">faible<\/td><td class=\"column-5\">132<\/td><td class=\"column-6\">180<\/td><td class=\"column-7\">185<\/td><td class=\"column-10\">65<\/td><td class=\"column-11\">80<\/td><td class=\"column-12\">63<\/td><td class=\"column-13\">69<\/td><td class=\"column-14\">39<\/td>\n<\/tr>\n<tr class=\"row-7\">\n\t<td rowspan=\"2\" class=\"column-1\">QRXF-350<\/td><td rowspan=\"2\" class=\"column-2\">220<\/td><td rowspan=\"2\" class=\"column-3\">50<\/td><td class=\"column-4\">flagrant<\/td><td class=\"column-5\">200<\/td><td class=\"column-6\">350<\/td><td class=\"column-7\">230<\/td><td rowspan=\"2\" class=\"column-8\">76.1<\/td><td rowspan=\"2\" class=\"column-9\">99.9<\/td><td class=\"column-10\">62<\/td><td class=\"column-11\">78<\/td><td class=\"column-12\">61<\/td><td class=\"column-13\">67<\/td><td class=\"column-14\">41<\/td><td rowspan=\"2\" class=\"column-15\">\u03c6150<\/td><td rowspan=\"2\" class=\"column-16\">100-130<\/td><td rowspan=\"2\" class=\"column-17\">28<\/td>\n<\/tr>\n<tr class=\"row-8\">\n\t<td class=\"column-4\">faible<\/td><td class=\"column-5\">160<\/td><td class=\"column-6\">250<\/td><td class=\"column-7\">200<\/td><td class=\"column-10\">66<\/td><td class=\"column-11\">81<\/td><td class=\"column-12\">65<\/td><td class=\"column-13\">68<\/td><td class=\"column-14\">39<\/td>\n<\/tr>\n<tr class=\"row-9\">\n\t<td rowspan=\"2\" class=\"column-1\">QRXF-500<\/td><td rowspan=\"2\" class=\"column-2\">220<\/td><td rowspan=\"2\" class=\"column-3\">50<\/td><td class=\"column-4\">flagrant<\/td><td class=\"column-5\">230<\/td><td class=\"column-6\">550<\/td><td class=\"column-7\">255<\/td><td rowspan=\"2\" class=\"column-8\">76.1<\/td><td rowspan=\"2\" class=\"column-9\">99.9<\/td><td class=\"column-10\">61<\/td><td class=\"column-11\">70<\/td><td class=\"column-12\">64<\/td><td class=\"column-13\">69<\/td><td class=\"column-14\">42<\/td><td rowspan=\"2\" class=\"column-15\">\u03c6200<\/td><td rowspan=\"2\" class=\"column-16\">150-200<\/td><td rowspan=\"2\" class=\"column-17\">32.2<\/td>\n<\/tr>\n<tr class=\"row-10\">\n\t<td class=\"column-4\">faible<\/td><td class=\"column-5\">177<\/td><td class=\"column-6\">400<\/td><td class=\"column-7\">240<\/td><td class=\"column-10\">59<\/td><td class=\"column-11\">72<\/td><td class=\"column-12\">65<\/td><td class=\"column-13\">69<\/td><td class=\"column-14\">40<\/td>\n<\/tr>\n<\/tbody>\n<\/table>\n<!-- #tablepress-2 from cache --><\/div>\n<\/div>\n<div><\/div>\n<div class=\"woocb\"><a class=\"wocb\" href=\"http:\/\/www.beiaole.com\/wp-content\/uploads\/2025\/08\/d1.2.2.pdf\" target=\"_blank\" rel=\"noopener\">se former<\/a><\/div>\n<div><\/div>\n<p><img loading=\"lazy\" decoding=\"async\" class=\"aligncenter wp-image-17216 size-large\" src=\"http:\/\/www.beiaole.com\/wp-content\/uploads\/2025\/08\/x1.2.1-1024x463.jpg\" alt=\"Home Energy Recovery Unit(Haze &amp; PM2.5 Removal)-q1\" width=\"1024\" height=\"463\" data-no-translation=\"\" \/><br \/>\n<img loading=\"lazy\" decoding=\"async\" class=\"aligncenter wp-image-17217 size-large\" src=\"http:\/\/www.beiaole.com\/wp-content\/uploads\/2025\/08\/x1.2.2-1024x463.jpg\" alt=\"Home Energy Recovery Unit(Haze &amp; PM2.5 Removal)-q2\" width=\"1024\" height=\"463\" data-no-translation=\"\" \/><\/p>\n<div class=\"viddd\">\n<div class=\"lyte-wrapper\" style=\"width:560px;max-width:100%;margin:5px auto;\"><div class=\"lyMe\" id=\"WYL_XM7wpj8RP5Q\"><div id=\"lyte_XM7wpj8RP5Q\" data-src=\"https:\/\/www.ecvents.com\/wp-content\/plugins\/wp-youtube-lyte\/lyteCache.php?origThumbUrl=%2F%2Fi.ytimg.com%2Fvi%2FXM7wpj8RP5Q%2Fhqdefault.jpg\" class=\"pL\"><div class=\"tC\"><div class=\"tT\"><\/div><\/div><div class=\"play\"><\/div><div class=\"ctrl\"><div class=\"Lctrl\"><\/div><div class=\"Rctrl\"><\/div><\/div><\/div><noscript><a href=\"https:\/\/youtu.be\/XM7wpj8RP5Q\" rel=\"nofollow noopener\" target=\"_blank\"><img loading=\"lazy\" decoding=\"async\" src=\"https:\/\/www.ecvents.com\/wp-content\/plugins\/wp-youtube-lyte\/lyteCache.php?origThumbUrl=https%3A%2F%2Fi.ytimg.com%2Fvi%2FXM7wpj8RP5Q%2F0.jpg\" alt=\"YouTube video thumbnail\" width=\"560\" height=\"295\" data-no-translation=\"\" \/><br \/>Lire cette vid\u00e9o sur YouTube<\/a><\/noscript><\/div><\/div><div class=\"lL\" style=\"max-width:100%;width:560px;margin:5px auto;\"><\/div><\/p>\n<\/div>\n<p><img loading=\"lazy\" decoding=\"async\" class=\"aligncenter wp-image-23089 size-full\" src=\"http:\/\/www.beiaole.com\/wp-content\/uploads\/2022\/01\/KCQR-Energy-Recovery-Unitm1.jpg\" alt=\"Home Energy Recovery Unit-m1\" width=\"1200\" height=\"985\" data-no-translation=\"\" \/><\/p>\n<p><img loading=\"lazy\" decoding=\"async\" class=\"aligncenter wp-image-23093 size-full\" src=\"http:\/\/www.beiaole.com\/wp-content\/uploads\/2022\/01\/KCQR-Energy-Recovery-Unitm2.jpg\" alt=\"Home Energy Recovery Unit-m2\" width=\"1200\" height=\"837\" data-no-translation=\"\" \/><\/p>\n<p><img loading=\"lazy\" decoding=\"async\" class=\"aligncenter wp-image-23092 size-full\" src=\"http:\/\/www.beiaole.com\/wp-content\/uploads\/2022\/01\/KCQR-Energy-Recovery-Unitm3.jpg\" alt=\"Home Energy Recovery Unit-m3\" width=\"1200\" height=\"1383\" data-no-translation=\"\" \/><\/p>\n<p><img loading=\"lazy\" decoding=\"async\" class=\"aligncenter wp-image-23090 size-full\" src=\"http:\/\/www.beiaole.com\/wp-content\/uploads\/2022\/01\/KCQR-Energy-Recovery-Unitm4.jpg\" alt=\"Home Energy Recovery Unit-m4\" width=\"1200\" height=\"531\" data-no-translation=\"\" \/><\/p>\n<p><img loading=\"lazy\" decoding=\"async\" class=\"aligncenter wp-image-23091 size-full\" src=\"http:\/\/www.beiaole.com\/wp-content\/uploads\/2022\/01\/KCQR-Energy-Recovery-Unitm5.jpg\" alt=\"Home Energy Recovery Unit-m5\" width=\"1200\" height=\"1197\" data-no-translation=\"\" \/><\/p>","protected":false},"excerpt":{"rendered":"<ul>\n<li>\n<h2>D\u00e9bit d'air \u00e0 haut rendement\u00a0:<\/h2>\n<p>\u202fdelivers\u202f120\u202f\u2013\u202f550\u202fm\u00b3\/h\u202favec\u202fstatique\u202fd\u202fup\u202f\u00e0\u202f255\u202fpa\u202fpour\u202fstable\u202fd'\u00e9change\u202fdans les espaces\u202fr\u00e9sidentiels.<\/li>\n<li>\n<h2>Syst\u00e8me avanc\u00e9 de filtration\u00a0:<\/h2>\n<p>\u202fDesign\u202fdouble\u202fdou\u202fd\u202fd\u202flavable\u202fm\u00e9tale\u202ffiltre\u202fd\u202fd\u202fd\u202fd\u202fwashable\u202fen\u202fd\u202f\u2019-----------------------------------------------------------------------------------------------------------------------------------------------------------------------------------.<\/li>\n<li>\n<h2>Rev\u00eatement de graph\u00e8ne-nano-nano-\u00a0:<\/h2>\n<p>\u202fFournit\u202fantibact\u00e9riens\u202fet\u202fd\u2019humidit\u00e9\u202fperm\u00e9ables\u202fpropri\u00e9taires\u202fpour\u202f\u00e0 long terme\u202fde\u202fde\u202fde\u202fde\u202fde\u202f\u00e0 long terme\u202fet\u202fla propret\u00e9.<\/li>\n<li>\n<h2>Core de r\u00e9cup\u00e9ration \u00e9nerg\u00e9tique\u00a0:<\/h2>\n<p>\u202fCross\u2011Flow\u202fEnthalpy\u202fcore\u202faceve\u202fup\u202f\u00e0\u202f79%\u202fchaleur\u202fet\u202fd\u2019humidit\u00e9\u202fd\u2019\u00e9change\u202fd\u2019\u00e9nergie r\u00e9duite.<\/li>\n<li>\n<h2>Profil mince\u00a0:<\/h2>\n<p>\u202funiquement\u202f20\u202fcm\u202f\u00e9pais\u202fpour\u202fdes\u202fd'installations\u202fd'\u00e9paisseurs\u202fsans\u202fdifficile\u202fd'une performance.<\/li>\n<li>\n<h2>Empreinte faible acoustique :<\/h2>\n<p>\u202fNiveaux\u202fNiveaux\u202fde\u202f35\u202f\u00e0\u202f42\u202fdb\u202fenable\u202fquiet\u202foperation\u202fdor\u202fou\u202fsortir\u202fzones.<\/li>\n<li>\n<h2>Acc\u00e8s facile \u00e0 service\u00a0:<\/h2>\n<p>\u202fInspection\u202fports\u202fet\u202fd\u00e9montables\u202fpanneaux\u202fdelatifs\u202fdellow\u202frapide\u202ffiltre\u202fnettoyage\u202fet\u202fremplacement\u202fsans\u202foutils.<\/li>\n<\/ul>\n<hr \/>","protected":false},"featured_media":4639,"comment_status":"open","ping_status":"closed","template":"","meta":{"_acf_changed":false},"product_brand":[],"product_cat":[71],"product_tag":[],"class_list":{"0":"post-4603","1":"product","2":"type-product","3":"status-publish","4":"has-post-thumbnail","6":"product_cat-energy-recovery-ventilator-2","8":"first","9":"instock","10":"taxable","11":"shipping-taxable","12":"purchasable","13":"product-type-variable","14":"has-default-attributes"},"acf":[],"_links":{"self":[{"href":"https:\/\/www.ecvents.com\/fr\/wp-json\/wp\/v2\/product\/4603","targetHints":{"allow":["GET"]}}],"collection":[{"href":"https:\/\/www.ecvents.com\/fr\/wp-json\/wp\/v2\/product"}],"about":[{"href":"https:\/\/www.ecvents.com\/fr\/wp-json\/wp\/v2\/types\/product"}],"replies":[{"embeddable":true,"href":"https:\/\/www.ecvents.com\/fr\/wp-json\/wp\/v2\/comments?post=4603"}],"wp:featuredmedia":[{"embeddable":true,"href":"https:\/\/www.ecvents.com\/fr\/wp-json\/wp\/v2\/media\/4639"}],"wp:attachment":[{"href":"https:\/\/www.ecvents.com\/fr\/wp-json\/wp\/v2\/media?parent=4603"}],"wp:term":[{"taxonomy":"product_brand","embeddable":true,"href":"https:\/\/www.ecvents.com\/fr\/wp-json\/wp\/v2\/product_brand?post=4603"},{"taxonomy":"product_cat","embeddable":true,"href":"https:\/\/www.ecvents.com\/fr\/wp-json\/wp\/v2\/product_cat?post=4603"},{"taxonomy":"product_tag","embeddable":true,"href":"https:\/\/www.ecvents.com\/fr\/wp-json\/wp\/v2\/product_tag?post=4603"}],"curies":[{"name":"WP","href":"https:\/\/api.w.org\/{rel}","templated":true}]}}