{"id":4604,"date":"2026-03-19T06:01:13","date_gmt":"2026-03-19T11:01:13","guid":{"rendered":"https:\/\/www.ecvents.com\/?post_type=product&#038;p=4604"},"modified":"2026-03-19T06:06:47","modified_gmt":"2026-03-19T11:06:47","slug":"ventilateur-de-boite-en-ligne-a-sens-unique","status":"publish","type":"product","link":"https:\/\/www.ecvents.com\/fr\/product\/ventilateur-de-boite-en-ligne-a-sens-unique\/","title":{"rendered":"Ventilateur de bo\u00eete en ligne \u00e0 sens unique"},"content":{"rendered":"<div class=\"someee\">\n<h2><strong>force silencieuse. flux r\u00e9gulier. Con\u00e7u pour les syst\u00e8mes a\u00e9riens du monde r\u00e9el.<\/strong><\/h2>\n<p>le\u00a0<strong>Ventilateur de bo\u00eete en ligne \u00e0 sens unique<\/strong>\u00a0est con\u00e7u pour un usage simple : une ventilation fiable qui fonctionne de mani\u00e8re silencieuse et efficace, tous les jours. Aliment\u00e9 par un moteur tout-cuivre durable, il d\u00e9livre un flux d'air constant tout en maintenant une consommation d'\u00e9nergie faible. Les roulements \u00e0 billes de pr\u00e9cision et une structure de gaine interne rationalis\u00e9e assurent un fonctionnement fluide et silencieux sans vibration ni fatigue. C'est le genre de performances qui fonctionne simplement, quart de travail apr\u00e8s le quart de travail.<\/p>\n<p>Con\u00e7u pour l'endurance, le\u00a0<strong>Armoire tout m\u00e9tal<\/strong>\u00a0R\u00e9siste \u00e0 la corrosion, \u00e0 la d\u00e9formation et \u00e0 la r\u00e9sonance sonore. Chaque panneau est solide et bien fini, con\u00e7u pour les environnements qui attendent une stabilit\u00e9 \u00e0 long terme et une esth\u00e9tique \u00e9pur\u00e9e. Sa construction raffin\u00e9e rend l'entretien minimal et la fiabilit\u00e9 constante.<\/p>\n<p>Construit pour s'adapter, ce ventilateur s'int\u00e8gre facilement dans un large \u00e9ventail de param\u00e8tres de ventilation, des appartements r\u00e9sidentiels aux plafonds de bureaux, les magasins de d\u00e9tail ou les installations publiques. Plusieurs unit\u00e9s peuvent \u00eatre reli\u00e9es pour \u00e9tendre le flux d'air \u00e0 travers les zones, apportant une flexibilit\u00e9 \u00e9volutive aux syst\u00e8mes \u00e0 air complexes. Malgr\u00e9 sa forme compacte, l'a\u00e9rodynamisme interne offre\u00a0<strong>Haute pression statique<\/strong>\u00a0Pour un mouvement d'air longue distance dans un espace limit\u00e9.<\/p>\n<\/div>\n<hr \/>\n<p>Dimensions (unit\u00e9 : mm) :<\/p>\n<div class=\"scroll-table-wrapper\">\n<div class=\"scroll-table\">\n<table id=\"tablepress-24\" class=\"tablepress tablepress-id-24\">\n<thead>\n<tr class=\"row-1\">\n\t<th class=\"column-1\">mannequin<\/th><th class=\"column-2\">L<\/th><th class=\"column-3\">L1<\/th><th class=\"column-4\">w<\/th><th class=\"column-5\">w1<\/th><th class=\"column-6\">H<\/th><th class=\"column-7\">H1<\/th><th class=\"column-8\">C<\/th>\n<\/tr>\n<\/thead>\n<tbody class=\"row-striping row-hover\">\n<tr class=\"row-2\">\n\t<td class=\"column-1\">DPT10-12B<\/td><td class=\"column-2\">462<\/td><td class=\"column-3\">388<\/td><td class=\"column-4\">240<\/td><td class=\"column-5\">180<\/td><td class=\"column-6\">200<\/td><td class=\"column-7\">45<\/td><td class=\"column-8\">\u03c696<\/td>\n<\/tr>\n<tr class=\"row-3\">\n\t<td class=\"column-1\">DPT10-24B<\/td><td class=\"column-2\">462<\/td><td class=\"column-3\">388<\/td><td class=\"column-4\">240<\/td><td class=\"column-5\">180<\/td><td class=\"column-6\">200<\/td><td class=\"column-7\">45<\/td><td class=\"column-8\">\u03c696<\/td>\n<\/tr>\n<tr class=\"row-4\">\n\t<td class=\"column-1\">DPT15-32B<\/td><td class=\"column-2\">488<\/td><td class=\"column-3\">388<\/td><td class=\"column-4\">240<\/td><td class=\"column-5\">186<\/td><td class=\"column-6\">238<\/td><td class=\"column-7\">40<\/td><td class=\"column-8\">\u03a6148<\/td>\n<\/tr>\n<tr class=\"row-5\">\n\t<td class=\"column-1\">DPT15-42B<\/td><td class=\"column-2\">540<\/td><td class=\"column-3\">440<\/td><td class=\"column-4\">270<\/td><td class=\"column-5\">210<\/td><td class=\"column-6\">280<\/td><td class=\"column-7\">51<\/td><td class=\"column-8\">\u03a6148<\/td>\n<\/tr>\n<tr class=\"row-6\">\n\t<td class=\"column-1\">DPT20-54B<\/td><td class=\"column-2\">562<\/td><td class=\"column-3\">470<\/td><td class=\"column-4\">340<\/td><td class=\"column-5\">270<\/td><td class=\"column-6\">282<\/td><td class=\"column-7\">52<\/td><td class=\"column-8\">\u03a6198<\/td>\n<\/tr>\n<tr class=\"row-7\">\n\t<td class=\"column-1\">DPT20-54C<\/td><td class=\"column-2\">632<\/td><td class=\"column-3\">540<\/td><td class=\"column-4\">370<\/td><td class=\"column-5\">270<\/td><td class=\"column-6\">320<\/td><td class=\"column-7\">71<\/td><td class=\"column-8\">\u03a6198<\/td>\n<\/tr>\n<tr class=\"row-8\">\n\t<td class=\"column-1\">DPT20-65B<\/td><td class=\"column-2\">662<\/td><td class=\"column-3\">570<\/td><td class=\"column-4\">401<\/td><td class=\"column-5\">300<\/td><td class=\"column-6\">365<\/td><td class=\"column-7\">94<\/td><td class=\"column-8\">\u03a6198<\/td>\n<\/tr>\n<tr class=\"row-9\">\n\t<td class=\"column-1\">DPT25-76B<\/td><td class=\"column-2\">662<\/td><td class=\"column-3\">570<\/td><td class=\"column-4\">401<\/td><td class=\"column-5\">300<\/td><td class=\"column-6\">365<\/td><td class=\"column-7\">94<\/td><td class=\"column-8\">\u03a6250<\/td>\n<\/tr>\n<tr class=\"row-10\">\n\t<td class=\"column-1\">DPT25-76C<\/td><td class=\"column-2\">732<\/td><td class=\"column-3\">640<\/td><td class=\"column-4\">401<\/td><td class=\"column-5\">340<\/td><td class=\"column-6\">380<\/td><td class=\"column-7\">61<\/td><td class=\"column-8\">\u03a6250<\/td>\n<\/tr>\n<tr class=\"row-11\">\n\t<td class=\"column-1\">DPT25-86B<\/td><td class=\"column-2\">732<\/td><td class=\"column-3\">640<\/td><td class=\"column-4\">401<\/td><td class=\"column-5\">340<\/td><td class=\"column-6\">380<\/td><td class=\"column-7\">61<\/td><td class=\"column-8\">\u03a6250<\/td>\n<\/tr>\n<\/tbody>\n<\/table>\n<!-- #tablepress-24 from cache --><\/div>\n<\/div>\n<div><\/div>\n<div class=\"woocb\"><a class=\"wocb\" href=\"http:\/\/www.beiaole.com\/wp-content\/uploads\/2025\/08\/d3.1.1.pdf\" target=\"_blank\" rel=\"noopener\">se former<\/a><\/div>\n<div><\/div>\n<p><img loading=\"lazy\" decoding=\"async\" class=\"aligncenter wp-image-16139 size-large\" src=\"http:\/\/www.beiaole.com\/wp-content\/uploads\/2025\/08\/s3.1-1024x464.png\" alt=\"Single Way Inline Box Fan-size\" width=\"1024\" height=\"464\" data-no-translation=\"\" \/><br \/>\nPerformance\u00a0:<\/p>\n<div class=\"scroll-table-wrapper\">\n<div class=\"scroll-table\">\n<table id=\"tablepress-25\" class=\"tablepress tablepress-id-25\">\n<thead>\n<tr class=\"row-1\">\n\t<th class=\"column-1\">mannequin<\/th><th class=\"column-2\">Puissance(W)<\/th><th class=\"column-3\">Tension (V)<\/th><th class=\"column-4\">Fr\u00e9quence (Hz)<\/th><th class=\"column-5\">D\u00e9bit d'air (m\u00b3\/h)<\/th><th class=\"column-6\">Pression statique (PA)<\/th><th class=\"column-7\">Bruit (DB)<\/th><th class=\"column-8\">Taille du conduit (mm)<\/th><th class=\"column-9\">Domaine d'application (m\u00b2)<\/th><th class=\"column-10\">N.M (kg)<\/th>\n<\/tr>\n<\/thead>\n<tbody class=\"row-striping row-hover\">\n<tr class=\"row-2\">\n\t<td class=\"column-1\">DPT10-12B<\/td><td class=\"column-2\">20<\/td><td class=\"column-3\">220<\/td><td class=\"column-4\">50<\/td><td class=\"column-5\">100<\/td><td class=\"column-6\">80<\/td><td class=\"column-7\">20<\/td><td class=\"column-8\">\u03c6100<\/td><td class=\"column-9\">4-8<\/td><td class=\"column-10\">6.1<\/td>\n<\/tr>\n<tr class=\"row-3\">\n\t<td class=\"column-1\">DPT10-24B<\/td><td class=\"column-2\">25\/20<\/td><td class=\"column-3\">220<\/td><td class=\"column-4\">50<\/td><td class=\"column-5\">200\/150<\/td><td class=\"column-6\">125\/100<\/td><td class=\"column-7\">23<\/td><td class=\"column-8\">\u03c6100<\/td><td class=\"column-9\">8-13<\/td><td class=\"column-10\">6.2<\/td>\n<\/tr>\n<tr class=\"row-4\">\n\t<td class=\"column-1\">DPT15-32B<\/td><td class=\"column-2\">50\/35<\/td><td class=\"column-3\">220<\/td><td class=\"column-4\">50<\/td><td class=\"column-5\">360\/250<\/td><td class=\"column-6\">160\/120<\/td><td class=\"column-7\">27<\/td><td class=\"column-8\">\u03c6150<\/td><td class=\"column-9\">20-25<\/td><td class=\"column-10\">7.4<\/td>\n<\/tr>\n<tr class=\"row-5\">\n\t<td class=\"column-1\">DPT15-42B<\/td><td class=\"column-2\">100\/95<\/td><td class=\"column-3\">220<\/td><td class=\"column-4\">50<\/td><td class=\"column-5\">500\/400<\/td><td class=\"column-6\">190\/165<\/td><td class=\"column-7\">29<\/td><td class=\"column-8\">\u03c6150<\/td><td class=\"column-9\">25-28<\/td><td class=\"column-10\">10<\/td>\n<\/tr>\n<tr class=\"row-6\">\n\t<td class=\"column-1\">DPT20-54B<\/td><td class=\"column-2\">110\/100<\/td><td class=\"column-3\">220<\/td><td class=\"column-4\">50<\/td><td class=\"column-5\">770\/600<\/td><td class=\"column-6\">200\/195<\/td><td class=\"column-7\">35<\/td><td class=\"column-8\">\u03c6200<\/td><td class=\"column-9\">28-40<\/td><td class=\"column-10\">11.4<\/td>\n<\/tr>\n<tr class=\"row-7\">\n\t<td class=\"column-1\">DPT20-54C<\/td><td class=\"column-2\">210\/180<\/td><td class=\"column-3\">220<\/td><td class=\"column-4\">50<\/td><td class=\"column-5\">920\/800<\/td><td class=\"column-6\">240\/220<\/td><td class=\"column-7\">37<\/td><td class=\"column-8\">\u03c6200<\/td><td class=\"column-9\">40-50<\/td><td class=\"column-10\">16<\/td>\n<\/tr>\n<tr class=\"row-8\">\n\t<td class=\"column-1\">DPT20-65B<\/td><td class=\"column-2\">280\/225<\/td><td class=\"column-3\">220<\/td><td class=\"column-4\">50<\/td><td class=\"column-5\">1200\/1000<\/td><td class=\"column-6\">360\/320<\/td><td class=\"column-7\">41<\/td><td class=\"column-8\">\u03c6200<\/td><td class=\"column-9\">58-75<\/td><td class=\"column-10\">19<\/td>\n<\/tr>\n<tr class=\"row-9\">\n\t<td class=\"column-1\">DPT25-76B<\/td><td class=\"column-2\">300\/280<\/td><td class=\"column-3\">220<\/td><td class=\"column-4\">50<\/td><td class=\"column-5\">1700\/1500<\/td><td class=\"column-6\">420\/410<\/td><td class=\"column-7\">43<\/td><td class=\"column-8\">\u03a6250<\/td><td class=\"column-9\">85-150<\/td><td class=\"column-10\">19.5<\/td>\n<\/tr>\n<tr class=\"row-10\">\n\t<td class=\"column-1\">DPT25-76C<\/td><td class=\"column-2\">320\/290<\/td><td class=\"column-3\">220<\/td><td class=\"column-4\">50<\/td><td class=\"column-5\">1900\/1800<\/td><td class=\"column-6\">430\/425<\/td><td class=\"column-7\">46<\/td><td class=\"column-8\">\u03a6250<\/td><td class=\"column-9\">210-240<\/td><td class=\"column-10\">23<\/td>\n<\/tr>\n<tr class=\"row-11\">\n\t<td class=\"column-1\">DPT25-86B<\/td><td class=\"column-2\">530\/500<\/td><td class=\"column-3\">220<\/td><td class=\"column-4\">50<\/td><td class=\"column-5\">2600\/2400<\/td><td class=\"column-6\">530\/510<\/td><td class=\"column-7\">46<\/td><td class=\"column-8\">\u03a6250<\/td><td class=\"column-9\">240-270<\/td><td class=\"column-10\">24<\/td>\n<\/tr>\n<\/tbody>\n<\/table>\n<!-- #tablepress-25 from cache --><\/div>\n<\/div>\n<div><\/div>\n<div class=\"woocb\"><a class=\"wocb\" href=\"http:\/\/www.beiaole.com\/wp-content\/uploads\/2025\/08\/d3.1.2.pdf\" target=\"_blank\" rel=\"noopener\">se former<\/a><\/div>\n<div><\/div>\n<p><img loading=\"lazy\" decoding=\"async\" class=\"aligncenter wp-image-17249 size-large\" src=\"http:\/\/www.beiaole.com\/wp-content\/uploads\/2025\/08\/x3.1-1024x312.jpg\" alt=\"Single Way Inline Box Fan-q1\" width=\"1024\" height=\"312\" data-no-translation=\"\" \/><\/p>","protected":false},"excerpt":{"rendered":"<ul>\n<li>\n<h2>Sortie efficace du flux d'air\u00a0:<\/h2>\n<p>\u202ffournit\u202f100\u202f\u2013\u202f2,600\u202fm\u00b3\/h\u202fde\u202fair\u202fvolume\u202favec\u202fstatique\u202fup\u202f\u00e0\u202f530\u202fPA\u202fpour\u202fconsistent\u202fdoubles-de-la livraison\u202fconduite\u202fr\u00e9seaux.<\/li>\n<li>\n<h2>Moteur de base en cuivre-durable :<\/h2>\n<p>\u202fDrive\u202fcon\u00e7u pour\u202f\u00e9nerg\u00e9tique\u202fdur\u202fcontinue\u202fdur\u202fcontinue\u202fd\u2019op\u00e9ration.<\/li>\n<li>\n<h2>Performances \u00e0 faible bruit :<\/h2>\n<p>\u202foptimis\u00e9\u202fi la roue\u202fet\u202fflow\u202fcanal\u202fkeep\u202fsound\u202flevels\u202fas\u202flow\u202fas\u202f20\u202f\u2013\u202f46\u202fdb.<\/li>\n<li>\n<h2>Cabinet tout-m\u00e9tal\u00a0:<\/h2>\n<p>\u202fPr\u00e9cision\u2011B\u00e2ti\u202fSteel\u202fFramework\u202fR\u00e9sistant\u202fRouille,\u202fImpact,\u202fet\u202fvibration\u202fpour\u202f\u00e0 long terme\u202f.<\/li>\n<li>\n<h2>Facteur de forme compact\u00a0:<\/h2>\n<p>\u202fSlim\u202fcorps\u202ffits\u202fin\u202fplateau\u202fou\u202f\u00e9troit\u202fespaces\u202fm\u00e9caniques\u202fsans\u202fde\u202fla\u202fla pression\u202fou\u202fcouverture.<\/li>\n<li>\n<h2>Int\u00e9gration du syst\u00e8me flexible\u00a0:<\/h2>\n<p>\u202fcompatible\u202favec\u202fd'autres\u202fen ligne\u202ffans\u202fpour\u202fmodulaire\u202fventilation\u202fd'expansion\u202facross\u202fzones multiples.<\/li>\n<li>\n<h2>Entretien facile\u00a0:<\/h2>\n<p>\u202faccessible\u202fpanneaux\u202fdesign\u202fsimplicite\u202fnettoyage\u202fet\u202fconseils\u202f.<\/li>\n<\/ul>\n<hr \/>","protected":false},"featured_media":4645,"comment_status":"open","ping_status":"closed","template":"","meta":{"_acf_changed":false},"product_brand":[],"product_cat":[27],"product_tag":[],"class_list":{"0":"post-4604","1":"product","2":"type-product","3":"status-publish","4":"has-post-thumbnail","6":"product_cat-inline-duct-fan","8":"first","9":"instock","10":"taxable","11":"shipping-taxable","12":"purchasable","13":"product-type-variable","14":"has-default-attributes"},"acf":[],"_links":{"self":[{"href":"https:\/\/www.ecvents.com\/fr\/wp-json\/wp\/v2\/product\/4604","targetHints":{"allow":["GET"]}}],"collection":[{"href":"https:\/\/www.ecvents.com\/fr\/wp-json\/wp\/v2\/product"}],"about":[{"href":"https:\/\/www.ecvents.com\/fr\/wp-json\/wp\/v2\/types\/product"}],"replies":[{"embeddable":true,"href":"https:\/\/www.ecvents.com\/fr\/wp-json\/wp\/v2\/comments?post=4604"}],"wp:featuredmedia":[{"embeddable":true,"href":"https:\/\/www.ecvents.com\/fr\/wp-json\/wp\/v2\/media\/4645"}],"wp:attachment":[{"href":"https:\/\/www.ecvents.com\/fr\/wp-json\/wp\/v2\/media?parent=4604"}],"wp:term":[{"taxonomy":"product_brand","embeddable":true,"href":"https:\/\/www.ecvents.com\/fr\/wp-json\/wp\/v2\/product_brand?post=4604"},{"taxonomy":"product_cat","embeddable":true,"href":"https:\/\/www.ecvents.com\/fr\/wp-json\/wp\/v2\/product_cat?post=4604"},{"taxonomy":"product_tag","embeddable":true,"href":"https:\/\/www.ecvents.com\/fr\/wp-json\/wp\/v2\/product_tag?post=4604"}],"curies":[{"name":"WP","href":"https:\/\/api.w.org\/{rel}","templated":true}]}}