{"id":4609,"date":"2026-03-19T06:01:13","date_gmt":"2026-03-19T11:01:13","guid":{"rendered":"https:\/\/www.ecvents.com\/?post_type=product&#038;p=4609"},"modified":"2026-03-19T06:02:35","modified_gmt":"2026-03-19T11:02:35","slug":"ventilateur-commercial-de-recuperation-denergie","status":"publish","type":"product","link":"https:\/\/www.ecvents.com\/fr\/product\/ventilateur-commercial-de-recuperation-denergie\/","title":{"rendered":"Ventilateur commercial de r\u00e9cup\u00e9ration d'\u00e9nergie"},"content":{"rendered":"<div class=\"someee\">\n<h2><strong>\u00c9change propre. Puissance silencieuse. Con\u00e7u pour un flux d'air intelligent.<\/strong><\/h2>\n<p>le\u00a0<strong>Ventilateur commercial de r\u00e9cup\u00e9ration d'\u00e9nergie<\/strong>\u00a0Apporte une ventilation de pr\u00e9cision dans les grands environnements occup\u00e9s, de l'air frais, de l'air vici\u00e9 et de l'\u00e9nergie pr\u00e9serv\u00e9e entre les deux. Con\u00e7u pour les bureaux, les zones de vente au d\u00e9tail et les halls commerciaux, il maintient un flux d'air stable avec un bruit remarquablement faible, transformant la discipline d'ing\u00e9nierie en confort au quotidien.<\/p>\n<p>\u00c0 la base, il y a un\u00a0<strong>Moteur en cuivre \u00e9conome en \u00e9nergie<\/strong>\u00a0avec\u00a0<strong>Roulements \u00e0 billes de pr\u00e9cision<\/strong>, assurer un fonctionnement continu et fluide et une fiabilit\u00e9 \u00e0 long terme. le\u00a0<strong>Noyau d'\u00e9change thermique crois\u00e9<\/strong>, produit \u00e0 partir de supports en papier de haute qualit\u00e9, transf\u00e8re efficacement la chaleur et l'humidit\u00e9, r\u00e9duisant la demande d'\u00e9nergie du syst\u00e8me tout en maintenant les conditions int\u00e9rieures \u00e9quilibr\u00e9es.<\/p>\n<p>Chaque d\u00e9tail sert la performance. ind\u00e9pendant\u00a0<strong>Canaux d'alimentation et d'\u00e9chappement<\/strong>\u00a0Maintenez une pression d'air \u00e9galis\u00e9e dans de grands espaces, de sorte que la ventilation semble naturelle, sans courants d'air, sans zones mortes. int\u00e9gr\u00e9\u00a0<strong>Filtration bi-couche<\/strong>\u00a0Capte la poussi\u00e8re et les odeurs avant leur circulation, tandis que la construction en m\u00e9tal durable et l'isolation scell\u00e9e minimisent les vibrations et la production acoustique.<\/p>\n<p>La maintenance est simplifi\u00e9e pour une utilisation dans le monde r\u00e9el.\u00a0<strong>Panneaux de service d'acc\u00e8s rapide<\/strong>\u00a0Et les ports d'inspection d\u00e9di\u00e9s permettent de remplacer les filtres ou de nettoyer les noyaux en quelques minutes, sans outils sp\u00e9ciaux, sans interruption du travail quotidien.<\/p>\n<\/div>\n<hr \/>\n<p>Dimensions (unit\u00e9 : mm) :<\/p>\n<div class=\"scroll-table-wrapper\">\n<div class=\"scroll-table\">\n<table id=\"tablepress-6\" class=\"tablepress tablepress-id-6\">\n<thead>\n<tr class=\"row-1\">\n\t<th class=\"column-1\">mannequin<\/th><th class=\"column-2\">L<\/th><th class=\"column-3\">L1<\/th><th class=\"column-4\">l2<\/th><th class=\"column-5\">W<\/th><th class=\"column-6\">w1<\/th><th class=\"column-7\">W2<\/th><th class=\"column-8\">H<\/th><th class=\"column-9\">H1<\/th><th class=\"column-10\">M<\/th>\n<\/tr>\n<\/thead>\n<tbody class=\"row-striping row-hover\">\n<tr class=\"row-2\">\n\t<td class=\"column-1\">SYQR-1000<\/td><td class=\"column-2\">1255<\/td><td class=\"column-3\">1156<\/td><td class=\"column-4\">1116<\/td><td class=\"column-5\">832<\/td><td class=\"column-6\">719<\/td><td class=\"column-7\">400<\/td><td class=\"column-8\">365<\/td><td class=\"column-9\">15<\/td><td class=\"column-10\">\u03c6200<\/td>\n<\/tr>\n<tr class=\"row-3\">\n\t<td class=\"column-1\">SYQR-1500<\/td><td class=\"column-2\">1255<\/td><td class=\"column-3\">1156<\/td><td class=\"column-4\">1116<\/td><td class=\"column-5\">832<\/td><td class=\"column-6\">719<\/td><td class=\"column-7\">400<\/td><td class=\"column-8\">365<\/td><td class=\"column-9\">15<\/td><td class=\"column-10\">\u03a6250<\/td>\n<\/tr>\n<tr class=\"row-4\">\n\t<td class=\"column-1\">SYQR-2000<\/td><td class=\"column-2\">1299<\/td><td class=\"column-3\">1200<\/td><td class=\"column-4\">1160<\/td><td class=\"column-5\">832<\/td><td class=\"column-6\">734<\/td><td class=\"column-7\">400<\/td><td class=\"column-8\">380<\/td><td class=\"column-9\">15<\/td><td class=\"column-10\">\u03a6250<\/td>\n<\/tr>\n<tr class=\"row-5\">\n\t<td class=\"column-1\">SYQR-2500<\/td><td class=\"column-2\">1478<\/td><td class=\"column-3\">1379<\/td><td class=\"column-4\">1338<\/td><td class=\"column-5\">975<\/td><td class=\"column-6\">877<\/td><td class=\"column-7\">485<\/td><td class=\"column-8\">421<\/td><td class=\"column-9\">15<\/td><td class=\"column-10\">\u03a6250<\/td>\n<\/tr>\n<\/tbody>\n<\/table>\n<!-- #tablepress-6 from cache --><\/div>\n<\/div>\n<div><\/div>\n<div class=\"woocb\"><a class=\"wocb\" href=\"http:\/\/www.beiaole.com\/wp-content\/uploads\/2025\/08\/d1.4.1.pdf\" target=\"_blank\" rel=\"noopener\">se former<\/a><\/div>\n<div><\/div>\n<p><img loading=\"lazy\" decoding=\"async\" class=\"aligncenter wp-image-15756 size-large\" src=\"http:\/\/www.beiaole.com\/wp-content\/uploads\/2025\/08\/s1.4.1-e1754985354976-1024x353.png\" alt=\"Commercial Energy Recovery Ventilator-size\" width=\"1024\" height=\"353\" data-no-translation=\"\" \/><br \/>\nDimensions (unit\u00e9 : mm) :<\/p>\n<div class=\"scroll-table-wrapper\">\n<div class=\"scroll-table\">\n<table id=\"tablepress-7\" class=\"tablepress tablepress-id-7\">\n<thead>\n<tr class=\"row-1\">\n\t<th class=\"column-1\">mannequin<\/th><th class=\"column-2\">L<\/th><th class=\"column-3\">L1<\/th><th class=\"column-4\">l2<\/th><th class=\"column-5\">W<\/th><th class=\"column-6\">w1<\/th><th class=\"column-7\">W2<\/th><th class=\"column-8\">H<\/th><th class=\"column-9\">H1<\/th><th class=\"column-10\">F<\/th><th class=\"column-11\">mxn<\/th><th class=\"column-12\">m1xn1<\/th>\n<\/tr>\n<\/thead>\n<tbody class=\"row-striping row-hover\">\n<tr class=\"row-2\">\n\t<td class=\"column-1\"><\/td><td class=\"column-2\"><\/td><td class=\"column-3\"><\/td><td class=\"column-4\"><\/td><td class=\"column-5\"><\/td><td class=\"column-6\"><\/td><td class=\"column-7\"><\/td><td class=\"column-8\"><\/td><td class=\"column-9\"><\/td><td class=\"column-10\"><\/td><td class=\"column-11\">(taille de sortie d'air)<\/td><td class=\"column-12\">(taille d'entr\u00e9e d'air)<\/td>\n<\/tr>\n<tr class=\"row-3\">\n\t<td class=\"column-1\">SYQR-3000<\/td><td class=\"column-2\">1452<\/td><td class=\"column-3\">1395<\/td><td class=\"column-4\">1355<\/td><td class=\"column-5\">1185<\/td><td class=\"column-6\">1087<\/td><td class=\"column-7\">590<\/td><td class=\"column-8\">440<\/td><td class=\"column-9\">15<\/td><td class=\"column-10\">25<\/td><td class=\"column-11\">335x320<\/td><td class=\"column-12\">430x312<\/td>\n<\/tr>\n<tr class=\"row-4\">\n\t<td class=\"column-1\">SYQR-4000<\/td><td class=\"column-2\">1452<\/td><td class=\"column-3\">1395<\/td><td class=\"column-4\">1355<\/td><td class=\"column-5\">1185<\/td><td class=\"column-6\">1087<\/td><td class=\"column-7\">590<\/td><td class=\"column-8\">440<\/td><td class=\"column-9\">15<\/td><td class=\"column-10\">25<\/td><td class=\"column-11\">335x320<\/td><td class=\"column-12\">430x312<\/td>\n<\/tr>\n<tr class=\"row-5\">\n\t<td class=\"column-1\">SYQR-5000<\/td><td class=\"column-2\">2009<\/td><td class=\"column-3\">1757<\/td><td class=\"column-4\">1912<\/td><td class=\"column-5\">1201<\/td><td class=\"column-6\">1321<\/td><td class=\"column-7\">536<\/td><td class=\"column-8\">730<\/td><td class=\"column-9\">130<\/td><td class=\"column-10\">25<\/td><td class=\"column-11\">400x460<\/td><td class=\"column-12\">400x460<\/td>\n<\/tr>\n<tr class=\"row-6\">\n\t<td class=\"column-1\">SYQR-6000<\/td><td class=\"column-2\">2009<\/td><td class=\"column-3\">1757<\/td><td class=\"column-4\">1912<\/td><td class=\"column-5\">1201<\/td><td class=\"column-6\">1321<\/td><td class=\"column-7\">536<\/td><td class=\"column-8\">730<\/td><td class=\"column-9\">130<\/td><td class=\"column-10\">25<\/td><td class=\"column-11\">400x460<\/td><td class=\"column-12\">400x460<\/td>\n<\/tr>\n<tr class=\"row-7\">\n\t<td class=\"column-1\">SYQR-8000<\/td><td class=\"column-2\">2009<\/td><td class=\"column-3\">1757<\/td><td class=\"column-4\">1912<\/td><td class=\"column-5\">1201<\/td><td class=\"column-6\">1321<\/td><td class=\"column-7\">556<\/td><td class=\"column-8\">795<\/td><td class=\"column-9\">130<\/td><td class=\"column-10\">25<\/td><td class=\"column-11\">440x460<\/td><td class=\"column-12\">440x460<\/td>\n<\/tr>\n<\/tbody>\n<\/table>\n<!-- #tablepress-7 from cache --><\/div>\n<\/div>\n<div><\/div>\n<div class=\"woocb\"><a class=\"wocb\" href=\"http:\/\/www.beiaole.com\/wp-content\/uploads\/2025\/08\/d1.4.2.pdf\" target=\"_blank\" rel=\"noopener\">se former<\/a><\/div>\n<div><\/div>\n<p><img loading=\"lazy\" decoding=\"async\" class=\"aligncenter wp-image-15661 size-large\" src=\"http:\/\/www.beiaole.com\/wp-content\/uploads\/2025\/08\/s1.4.2-1024x336.png\" alt=\"Commercial Energy Recovery Ventilator-size\" width=\"1024\" height=\"336\" data-no-translation=\"\" \/><br \/>\nPerformance\u00a0:<\/p>\n<div class=\"scroll-table-wrapper\">\n<div class=\"scroll-table\">\n<table id=\"tablepress-8\" class=\"tablepress tablepress-id-8\">\n<thead>\n<tr class=\"row-1\">\n\t<th class=\"column-1\">mannequin<\/th><th class=\"column-2\">embrayage<\/th><th class=\"column-3\">Tension (V)<\/th><th class=\"column-4\">Fr\u00e9quence (Hz)<\/th><th class=\"column-5\">Puissance(W)<\/th><th class=\"column-6\">D\u00e9bit d'air (m\u00b3\/h)<\/th><th class=\"column-7\">Pression statique (PA)<\/th><th class=\"column-8\">Bruit (DB)<\/th><th class=\"column-9\">Filtre principal (%)<\/th><th colspan=\"2\" class=\"column-10\">Taux d'efficacit\u00e9 des \u00e9changes (%)<\/th><th colspan=\"2\" class=\"column-12\">Taux de change d'enthalpie(%)<\/th><th class=\"column-14\">N.W(kg)<\/th>\n<\/tr>\n<\/thead>\n<tbody class=\"row-striping row-hover\">\n<tr class=\"row-2\">\n\t<td class=\"column-1\"><\/td><td class=\"column-2\"><\/td><td class=\"column-3\"><\/td><td class=\"column-4\"><\/td><td class=\"column-5\"><\/td><td class=\"column-6\"><\/td><td class=\"column-7\"><\/td><td class=\"column-8\"><\/td><td class=\"column-9\"><\/td><td class=\"column-10\">rafra<\/td><td class=\"column-11\">chauffage<\/td><td class=\"column-12\">rafra<\/td><td class=\"column-13\">chauffage<\/td><td class=\"column-14\"><\/td>\n<\/tr>\n<tr class=\"row-3\">\n\t<td class=\"column-1\">SYQR-1000<\/td><td class=\"column-2\">H\/L<\/td><td class=\"column-3\">220<\/td><td class=\"column-4\">50<\/td><td class=\"column-5\">600\/500<\/td><td class=\"column-6\">1000\/800<\/td><td class=\"column-7\">245\/210<\/td><td class=\"column-8\">48\/46<\/td><td class=\"column-9\">76.1<\/td><td class=\"column-10\">61\/63<\/td><td class=\"column-11\">60\/69<\/td><td class=\"column-12\">61\/65<\/td><td class=\"column-13\">65\/69<\/td><td class=\"column-14\">66.5<\/td>\n<\/tr>\n<tr class=\"row-4\">\n\t<td class=\"column-1\">SYQR-1500<\/td><td class=\"column-2\">H\/L<\/td><td class=\"column-3\">220<\/td><td class=\"column-4\">50<\/td><td class=\"column-5\">1100\/900<\/td><td class=\"column-6\">1500\/1200<\/td><td class=\"column-7\">265\/230<\/td><td class=\"column-8\">52\/50<\/td><td class=\"column-9\">76.1<\/td><td class=\"column-10\">65\/66<\/td><td class=\"column-11\">68\/71<\/td><td class=\"column-12\">64\/68<\/td><td class=\"column-13\">65\/71<\/td><td class=\"column-14\">67<\/td>\n<\/tr>\n<tr class=\"row-5\">\n\t<td class=\"column-1\">SYQR-2000<\/td><td class=\"column-2\">H\/L<\/td><td class=\"column-3\">220<\/td><td class=\"column-4\">50<\/td><td class=\"column-5\">1400\/1200<\/td><td class=\"column-6\">2000\/1700<\/td><td class=\"column-7\">270\/245<\/td><td class=\"column-8\">55\/53<\/td><td class=\"column-9\">76.1<\/td><td class=\"column-10\">64\/66<\/td><td class=\"column-11\">65\/73<\/td><td class=\"column-12\">63\/68<\/td><td class=\"column-13\">66\/73<\/td><td class=\"column-14\">83<\/td>\n<\/tr>\n<tr class=\"row-6\">\n\t<td class=\"column-1\">SYQR-2500<\/td><td class=\"column-2\">H\/L<\/td><td class=\"column-3\">220<\/td><td class=\"column-4\">50<\/td><td class=\"column-5\">1600\/1400<\/td><td class=\"column-6\">2500\/2200<\/td><td class=\"column-7\">285\/255<\/td><td class=\"column-8\">56\/53<\/td><td class=\"column-9\">76.1<\/td><td class=\"column-10\">64\/69<\/td><td class=\"column-11\">63\/76<\/td><td class=\"column-12\">63\/68<\/td><td class=\"column-13\">62\/72<\/td><td class=\"column-14\">85<\/td>\n<\/tr>\n<tr class=\"row-7\">\n\t<td class=\"column-1\">SYQR-3000<\/td><td class=\"column-2\">\/<\/td><td class=\"column-3\">220\/380<\/td><td class=\"column-4\">50<\/td><td class=\"column-5\">1900<\/td><td class=\"column-6\">3000<\/td><td class=\"column-7\">275<\/td><td class=\"column-8\">57<\/td><td class=\"column-9\">76.1<\/td><td class=\"column-10\">65<\/td><td class=\"column-11\">69<\/td><td class=\"column-12\">66<\/td><td class=\"column-13\">69<\/td><td class=\"column-14\">106.5<\/td>\n<\/tr>\n<tr class=\"row-8\">\n\t<td class=\"column-1\">SYQR-4000<\/td><td class=\"column-2\">\/<\/td><td class=\"column-3\">220\/380<\/td><td class=\"column-4\">50<\/td><td class=\"column-5\">2200<\/td><td class=\"column-6\">4000<\/td><td class=\"column-7\">305<\/td><td class=\"column-8\">58<\/td><td class=\"column-9\">76.1<\/td><td class=\"column-10\">63<\/td><td class=\"column-11\">71<\/td><td class=\"column-12\">64<\/td><td class=\"column-13\">70<\/td><td class=\"column-14\">107.5<\/td>\n<\/tr>\n<tr class=\"row-9\">\n\t<td class=\"column-1\">SYQR-5000<\/td><td class=\"column-2\">\/<\/td><td class=\"column-3\">380<\/td><td class=\"column-4\">50<\/td><td class=\"column-5\">3000<\/td><td class=\"column-6\">5000<\/td><td class=\"column-7\">320<\/td><td class=\"column-8\">60<\/td><td class=\"column-9\">76.1<\/td><td class=\"column-10\">67<\/td><td class=\"column-11\">74<\/td><td class=\"column-12\">60<\/td><td class=\"column-13\">68<\/td><td class=\"column-14\">164<\/td>\n<\/tr>\n<tr class=\"row-10\">\n\t<td class=\"column-1\">SYQR-6000<\/td><td class=\"column-2\">\/<\/td><td class=\"column-3\">380<\/td><td class=\"column-4\">50<\/td><td class=\"column-5\">3300<\/td><td class=\"column-6\">6000<\/td><td class=\"column-7\">345<\/td><td class=\"column-8\">62<\/td><td class=\"column-9\">76.1<\/td><td class=\"column-10\">70<\/td><td class=\"column-11\">77<\/td><td class=\"column-12\">63<\/td><td class=\"column-13\">70<\/td><td class=\"column-14\">195<\/td>\n<\/tr>\n<tr class=\"row-11\">\n\t<td class=\"column-1\">SYQR-8000<\/td><td class=\"column-2\">\/<\/td><td class=\"column-3\">380<\/td><td class=\"column-4\">50<\/td><td class=\"column-5\">4400<\/td><td class=\"column-6\">8000<\/td><td class=\"column-7\">370<\/td><td class=\"column-8\">65<\/td><td class=\"column-9\">76.1<\/td><td class=\"column-10\">71<\/td><td class=\"column-11\">75<\/td><td class=\"column-12\">67<\/td><td class=\"column-13\">72<\/td><td class=\"column-14\">284<\/td>\n<\/tr>\n<\/tbody>\n<\/table>\n<!-- #tablepress-8 from cache --><\/div>\n<\/div>\n<div><\/div>\n<div class=\"woocb\"><a class=\"wocb\" href=\"http:\/\/www.beiaole.com\/wp-content\/uploads\/2025\/08\/d1.4.3.pdf\" target=\"_blank\" rel=\"noopener\">se former<\/a><\/div>\n<div><\/div>\n<p><img loading=\"lazy\" decoding=\"async\" class=\"aligncenter wp-image-17221 size-full\" src=\"http:\/\/www.beiaole.com\/wp-content\/uploads\/2025\/08\/x1.4.1.jpg\" alt=\"Commercial Energy Recovery Ventilator-q1\" width=\"924\" height=\"421\" data-no-translation=\"\" \/><\/p>\n<p><img loading=\"lazy\" decoding=\"async\" class=\"aligncenter wp-image-17222 size-full\" src=\"http:\/\/www.beiaole.com\/wp-content\/uploads\/2025\/08\/x1.4.2.jpg\" alt=\"Commercial Energy Recovery Ventilator-q2\" width=\"958\" height=\"431\" data-no-translation=\"\" \/><\/p>\n<p><img loading=\"lazy\" decoding=\"async\" class=\"aligncenter wp-image-17223 size-full\" src=\"http:\/\/www.beiaole.com\/wp-content\/uploads\/2025\/08\/x1.4.3.jpg\" alt=\"Commercial Energy Recovery Ventilator-q3\" width=\"937\" height=\"426\" data-no-translation=\"\" \/><\/p>\n<p><img loading=\"lazy\" decoding=\"async\" class=\"aligncenter wp-image-17224 size-full\" src=\"http:\/\/www.beiaole.com\/wp-content\/uploads\/2025\/08\/x1.4.4.jpg\" alt=\"Commercial Energy Recovery Ventilator-q4\" width=\"951\" height=\"427\" data-no-translation=\"\" \/><\/p>","protected":false},"excerpt":{"rendered":"<ul>\n<li>\n<h2>Capacit\u00e9 de circulation d'air :<\/h2>\n<p>\u202f1\u00a0000\u202f\u2013\u202f8\u00a0000\u202fm\u00b3\/h\u202favec\u202fstatique\u202f\u00e0\u202f\u00e0\u202f370\u202fPA,\u202fde\u202fdemandes\u202fde\u202fde\u202fde\u202fde\u202fde\u202fde\u202fde\u202fde\u202fde\u202fde\u202fde\u202fde\u202fde\u202fde\u202fgrande\u202fd\u202fdisques\u202fd\u2019applications commerciales.<\/li>\n<li>\n<h2>Core de r\u00e9cup\u00e9ration \u00e9nerg\u00e9tique\u00a0:<\/h2>\n<p>\u202fEchangeur\u202f\u00c9tang de papier\u202f\u00c9HAUTE\u202f\u00c9CHEUF\u202fAU\u202f\u00e0\u202f77%\u202fEff\ufb01cacit\u00e9\u202fd\u2019Enthalpy\u202fpour\u202fD\u00e9duite\u202fThermique\u202fd\u2019efficience.<\/li>\n<li>\n<h2>Syst\u00e8me de ventilation \u00e9quilibr\u00e9e\u00a0:<\/h2>\n<p>\u202fInd\u00e9pendant\u202fSupply\u202fet\u202fElection\u202fd\u2019assurer\u202fstable\u202fdessin\u202fet\u202fde\u202fde\u202fde\u202fde\u202fzones occup\u00e9es.<\/li>\n<li>\n<h2>Durable\u202fdrive\u202fmontage :<\/h2>\n<p>\u202fCopper\u202fmoteur\u202favec\u202fpr\u00e9cisions\u202fd\u00e9ficients\u202fd\u00e8les\u202fquiet,\u202ffaible\u2011vibration\u202fperformance\u202fjour\u202fet\u202fnuit.<\/li>\n<li>\n<h2>Filtration \u00e0 deux \u00e9tages :<\/h2>\n<p>\u202fEf\ufb01cience\u202fd\u202fd\u202fd\u202fd\u202fd\u202ftp3t\u202fefficace\u202fde\u202fde\u202fde\u202f\u2019tp3t\u202fefficace\u202fde\u202fde\u202fde\u202f\u2019air\u202f\u2019de\u202f\u2019air\u202fconsistent\u202f.<\/li>\n<li>\n<h2>Profil faible en acoustique\u00a0:<\/h2>\n<p>\u202fNiveaux\u202fNiveaux\u202fEmplacement\u202fde\u202f46\u202f\u00e0\u202f65\u202fdB\u202fSupport\u202fConfortable\u202fOperation\u202fdans\u202fopen\u202fespace de travail.<\/li>\n<li>\n<h2>Service-conception\u00a0con\u00e7u\u00a0:<\/h2>\n<p>\u202faccessible\u202fmaintenance\u202fportes\u202fet\u202fports\u202fsimplifient\u202fle nettoyage\u202fet\u202fle remplacement\u202fle remplacement.<\/li>\n<\/ul>\n<hr \/>","protected":false},"featured_media":4646,"comment_status":"open","ping_status":"closed","template":"","meta":{"_acf_changed":false},"product_brand":[],"product_cat":[71],"product_tag":[],"class_list":{"0":"post-4609","1":"product","2":"type-product","3":"status-publish","4":"has-post-thumbnail","6":"product_cat-energy-recovery-ventilator-2","8":"first","9":"instock","10":"taxable","11":"shipping-taxable","12":"purchasable","13":"product-type-variable","14":"has-default-attributes"},"acf":[],"_links":{"self":[{"href":"https:\/\/www.ecvents.com\/fr\/wp-json\/wp\/v2\/product\/4609","targetHints":{"allow":["GET"]}}],"collection":[{"href":"https:\/\/www.ecvents.com\/fr\/wp-json\/wp\/v2\/product"}],"about":[{"href":"https:\/\/www.ecvents.com\/fr\/wp-json\/wp\/v2\/types\/product"}],"replies":[{"embeddable":true,"href":"https:\/\/www.ecvents.com\/fr\/wp-json\/wp\/v2\/comments?post=4609"}],"wp:featuredmedia":[{"embeddable":true,"href":"https:\/\/www.ecvents.com\/fr\/wp-json\/wp\/v2\/media\/4646"}],"wp:attachment":[{"href":"https:\/\/www.ecvents.com\/fr\/wp-json\/wp\/v2\/media?parent=4609"}],"wp:term":[{"taxonomy":"product_brand","embeddable":true,"href":"https:\/\/www.ecvents.com\/fr\/wp-json\/wp\/v2\/product_brand?post=4609"},{"taxonomy":"product_cat","embeddable":true,"href":"https:\/\/www.ecvents.com\/fr\/wp-json\/wp\/v2\/product_cat?post=4609"},{"taxonomy":"product_tag","embeddable":true,"href":"https:\/\/www.ecvents.com\/fr\/wp-json\/wp\/v2\/product_tag?post=4609"}],"curies":[{"name":"WP","href":"https:\/\/api.w.org\/{rel}","templated":true}]}}