{"id":4660,"date":"2026-03-19T06:02:09","date_gmt":"2026-03-19T11:02:09","guid":{"rendered":"https:\/\/www.ecvents.com\/?post_type=product&#038;p=4660"},"modified":"2026-03-19T06:02:35","modified_gmt":"2026-03-19T11:02:35","slug":"accueil-ventilateur-dair-frais","status":"publish","type":"product","link":"https:\/\/www.ecvents.com\/fr\/product\/accueil-ventilateur-dair-frais\/","title":{"rendered":"Accueil Ventilateur d'air frais"},"content":{"rendered":"<div class=\"someee\">\n<h2><strong>Air pur. calme confort. Con\u00e7u pour la vie quotidienne.<\/strong><\/h2>\n<p>le\u00a0<strong>Accueil Ventilateur d'air frais<\/strong>\u00a0est construit autour d'un objectif : rendre l'air dans lequel vous vivez. Propre, \u00e9quilibr\u00e9 et tranquillement rafra\u00eechissant. Sous son ext\u00e9rieur raffin\u00e9, un\u00a0<strong>Moteur \u00e0 noyau en cuivre<\/strong>\u00a0Les roulements \u00e0 billes de pr\u00e9cision offrent un flux d'air fluide et efficace qui maintient l'\u00e9nergie faible et le confort \u00e9lev\u00e9.<\/p>\n<p>un pleinement\u00a0<strong>Corps tout en m\u00e9tal<\/strong>\u00a0Ajoute une solidit\u00e9 rassurante, r\u00e9sistant \u00e0 la corrosion, aux chocs et \u00e0 la r\u00e9sonance m\u00e9canique qui peut fatiguer les unit\u00e9s moindres. C'est le genre de produit install\u00e9 une fois et de confiance depuis des ann\u00e9es, silencieux, r\u00e9gulier et con\u00e7u pour supporter un fonctionnement continu.<\/p>\n<p>\u00e0 juste\u00a0<strong>12 centim\u00e8tres d'\u00e9paisseur<\/strong>, le ventilateur s'int\u00e8gre sans effort dans les plafonds et les murs o\u00f9 la pi\u00e8ce est limit\u00e9e. Deux conduits ind\u00e9pendants g\u00e8rent l'alimentation et l'\u00e9chappement, maintenant une pression \u00e9quilibr\u00e9e dans les pi\u00e8ces pour un renouvellement naturel sans courants d'air ni de variation de temp\u00e9rature.<\/p>\n<p>Avant que l'air n'atteigne la pi\u00e8ce, il passe par un\u00a0<strong>Syst\u00e8me \u00e0 double filtre<\/strong>: une couche primaire pour la poussi\u00e8re et une couche \u00e0 haute efficacit\u00e9 pour les particules fines et les odeurs r\u00e9siduelles. Le r\u00e9sultat est subtil mais sans \u00e9quivoque : une atmosph\u00e8re plus l\u00e9g\u00e8re, des matin\u00e9es plus propres et une respiration plus calme.<\/p>\n<\/div>\n<hr \/>\n<p>Dimensions (unit\u00e9 : mm) :<\/p>\n<div class=\"scroll-table-wrapper\">\n<div class=\"scroll-table\">\n<table id=\"tablepress-9\" class=\"tablepress tablepress-id-9\">\n<thead>\n<tr class=\"row-1\">\n\t<th class=\"column-1\">mannequin<\/th><th class=\"column-2\">L<\/th><th class=\"column-3\">L1<\/th><th class=\"column-4\">W<\/th><th class=\"column-5\">w1<\/th><th class=\"column-6\">H<\/th><th class=\"column-7\">H1<\/th><th class=\"column-8\">D<\/th><th class=\"column-9\">F<\/th><th class=\"column-10\">E<\/th><th class=\"column-11\">G<\/th>\n<\/tr>\n<\/thead>\n<tbody class=\"row-striping row-hover\">\n<tr class=\"row-2\">\n\t<td class=\"column-1\">DUT10-34<\/td><td class=\"column-2\">875<\/td><td class=\"column-3\">845<\/td><td class=\"column-4\">703<\/td><td class=\"column-5\">420<\/td><td class=\"column-6\">123<\/td><td class=\"column-7\">93<\/td><td class=\"column-8\">583<\/td><td class=\"column-9\">192<\/td><td class=\"column-10\">393<\/td><td class=\"column-11\">\u03c6100<\/td>\n<\/tr>\n<tr class=\"row-3\">\n\t<td class=\"column-1\">DUT15-45<\/td><td class=\"column-2\">875<\/td><td class=\"column-3\">845<\/td><td class=\"column-4\">673<\/td><td class=\"column-5\">420<\/td><td class=\"column-6\">197<\/td><td class=\"column-7\">167<\/td><td class=\"column-8\">583<\/td><td class=\"column-9\">192<\/td><td class=\"column-10\">393<\/td><td class=\"column-11\">\u03c6150<\/td>\n<\/tr>\n<tr class=\"row-4\">\n\t<td class=\"column-1\">DUT20-60<\/td><td class=\"column-2\">875<\/td><td class=\"column-3\">845<\/td><td class=\"column-4\">700<\/td><td class=\"column-5\">420<\/td><td class=\"column-6\">247<\/td><td class=\"column-7\">217<\/td><td class=\"column-8\">544<\/td><td class=\"column-9\">192<\/td><td class=\"column-10\">393<\/td><td class=\"column-11\">\u03c6200<\/td>\n<\/tr>\n<\/tbody>\n<\/table>\n<!-- #tablepress-9 from cache --><\/div>\n<\/div>\n<div><\/div>\n<div class=\"woocb\"><a class=\"wocb\" href=\"http:\/\/www.beiaole.com\/wp-content\/uploads\/2025\/08\/d1.5.1.pdf\" target=\"_blank\" rel=\"noopener\">se former<\/a><\/div>\n<div><\/div>\n<p><img loading=\"lazy\" decoding=\"async\" class=\"aligncenter wp-image-15704 size-large\" src=\"http:\/\/www.beiaole.com\/wp-content\/uploads\/2025\/08\/s1.5-1024x438.png\" alt=\"Home Fresh Air Ventilator-size\" width=\"1024\" height=\"438\" data-no-translation=\"\" \/><br \/>\nPerformance\u00a0:<\/p>\n<div class=\"scroll-table-wrapper\">\n<div class=\"scroll-table\">\n<table id=\"tablepress-10\" class=\"tablepress tablepress-id-10\">\n<thead>\n<tr class=\"row-1\">\n\t<th class=\"column-1\">mannequin<\/th><th class=\"column-2\">Tension (V)<\/th><th class=\"column-3\">Fr\u00e9quence (Hz)<\/th><th class=\"column-4\">embrayage<\/th><th class=\"column-5\">Puissance(W)<\/th><th class=\"column-6\">D\u00e9bit d'air (m\u00b3\/h)<\/th><th class=\"column-7\">Pression statique (PA)<\/th><th class=\"column-8\">Bruit (DB)<\/th><th class=\"column-9\">Filtre principal (%)<\/th><th class=\"column-10\">Domaine d'application (m\u00b2)<\/th><th class=\"column-11\">N.M (kg)<\/th>\n<\/tr>\n<\/thead>\n<tbody class=\"row-striping row-hover\">\n<tr class=\"row-2\">\n\t<td class=\"column-1\">DUT10-34<\/td><td class=\"column-2\">220<\/td><td class=\"column-3\">50<\/td><td class=\"column-4\">H\/L<\/td><td class=\"column-5\">108\/86<\/td><td class=\"column-6\">230\/180<\/td><td class=\"column-7\">210\/110<\/td><td class=\"column-8\">30\/33<\/td><td class=\"column-9\">\u03c6100<\/td><td class=\"column-10\">80-100<\/td><td class=\"column-11\">17.9<\/td>\n<\/tr>\n<tr class=\"row-3\">\n\t<td class=\"column-1\">DUT15-45<\/td><td class=\"column-2\">220<\/td><td class=\"column-3\">50<\/td><td class=\"column-4\">H\/L<\/td><td class=\"column-5\">151\/124<\/td><td class=\"column-6\">550\/350<\/td><td class=\"column-7\">240\/160<\/td><td class=\"column-8\">36\/33<\/td><td class=\"column-9\">\u03c6150<\/td><td class=\"column-10\">75-150<\/td><td class=\"column-11\">20.3<\/td>\n<\/tr>\n<tr class=\"row-4\">\n\t<td class=\"column-1\">DUT20-60<\/td><td class=\"column-2\">220<\/td><td class=\"column-3\">50<\/td><td class=\"column-4\">H\/L<\/td><td class=\"column-5\">240\/186<\/td><td class=\"column-6\">1200\/800<\/td><td class=\"column-7\">320\/270<\/td><td class=\"column-8\">45\/41<\/td><td class=\"column-9\">\u03c6200<\/td><td class=\"column-10\">165-330<\/td><td class=\"column-11\">24.5<\/td>\n<\/tr>\n<\/tbody>\n<\/table>\n<!-- #tablepress-10 from cache --><\/div>\n<\/div>\n<div><\/div>\n<div class=\"woocb\"><a class=\"wocb\" href=\"http:\/\/www.beiaole.com\/wp-content\/uploads\/2025\/08\/d1.5.2.pdf\" target=\"_blank\" rel=\"noopener\">se former<\/a><\/div>\n<div><\/div>","protected":false},"excerpt":{"rendered":"<ul>\n<li>\n<h2>Syst\u00e8me de circulation d'air \u00e9quilibr\u00e9 :<\/h2>\n<p>\u202fLes conduits d'admission et d'\u00e9chappement ind\u00e9pendants \u00e9changent de l'air frais et rassis simultan\u00e9ment pour une ventilation uniforme.<\/li>\n<li>\n<h2>Volume d'air optimis\u00e9 :<\/h2>\n<p>\u202fDelivers\u202f180\u202f\u2013\u202f1200\u202fm\u00b3\/h\u202favec\u202fstatique\u202f\u00e0\u202f\u00e0\u202f320\u202fPA\u202fpour\u202f\u00e0\u202f\u00e9quilibrer\u202fdistribution\u202ftout au long de\u202fles zones de vie.<\/li>\n<li>\n<h2>Conception mince, int\u00e9gr\u00e9e, int\u00e9gr\u00e9e\u00a0:<\/h2>\n<p>\u202funiquement\u202f12\u202fcm\u202f\u00e9pais\u202fpour\u202fdiscret\u202finstallation\u202fci-dessus\u202fplafonds\u202fou\u202fdans les espaces architecturaux\u202f.<\/li>\n<li>\n<h2>Bo\u00eetier en m\u00e9tal durable :<\/h2>\n<p>\u202frigide\u202fconstruction\u202fr\u00e9siste\u202fcorrosion\u202fet\u202fm\u00e9canique\u202fvibration\u202fpour\u202f\u00e0 long terme\u202fla stabilit\u00e9.<\/li>\n<li>\n<h2>Energie-efficacit\u00e9 \u00e9nerg\u00e9tique\u00a0:<\/h2>\n<p>\u202fCopper\u2011core\u202fmoteur\u202fet\u202ffaible\u2011r\u00e9sistance\u202fair\u202fchemin\u202fminimiser\u202fpuissance\u202fcontinu\u202fcontinu.<\/li>\n<li>\n<h2>Op\u00e9ration \u00e0 faible bruit :<\/h2>\n<p>\u202facoustique\u202foptimisation\u202fgarde\u202fson\u202fAT\u202f30\u202f\u2013\u202f45\u202fdb,\u202fsupporter\u202fun\u202fconfort.<\/li>\n<li>\n<h2>Filtration avanc\u00e9e\u00a0:<\/h2>\n<p>Primaire\u202fet\u202fhaute\u2011filtres\u202fcapture\u202fdust,\u202ffine\u202fparticules,\u202fd\u2019odeurs\u202fconsistent\u202fair\u202fair.<\/li>\n<\/ul>\n<hr \/>","protected":false},"featured_media":4669,"comment_status":"open","ping_status":"closed","template":"","meta":{"_acf_changed":false},"product_brand":[],"product_cat":[71],"product_tag":[],"class_list":{"0":"post-4660","1":"product","2":"type-product","3":"status-publish","4":"has-post-thumbnail","6":"product_cat-energy-recovery-ventilator-2","8":"first","9":"instock","10":"taxable","11":"shipping-taxable","12":"purchasable","13":"product-type-variable","14":"has-default-attributes"},"acf":[],"_links":{"self":[{"href":"https:\/\/www.ecvents.com\/fr\/wp-json\/wp\/v2\/product\/4660","targetHints":{"allow":["GET"]}}],"collection":[{"href":"https:\/\/www.ecvents.com\/fr\/wp-json\/wp\/v2\/product"}],"about":[{"href":"https:\/\/www.ecvents.com\/fr\/wp-json\/wp\/v2\/types\/product"}],"replies":[{"embeddable":true,"href":"https:\/\/www.ecvents.com\/fr\/wp-json\/wp\/v2\/comments?post=4660"}],"wp:featuredmedia":[{"embeddable":true,"href":"https:\/\/www.ecvents.com\/fr\/wp-json\/wp\/v2\/media\/4669"}],"wp:attachment":[{"href":"https:\/\/www.ecvents.com\/fr\/wp-json\/wp\/v2\/media?parent=4660"}],"wp:term":[{"taxonomy":"product_brand","embeddable":true,"href":"https:\/\/www.ecvents.com\/fr\/wp-json\/wp\/v2\/product_brand?post=4660"},{"taxonomy":"product_cat","embeddable":true,"href":"https:\/\/www.ecvents.com\/fr\/wp-json\/wp\/v2\/product_cat?post=4660"},{"taxonomy":"product_tag","embeddable":true,"href":"https:\/\/www.ecvents.com\/fr\/wp-json\/wp\/v2\/product_tag?post=4660"}],"curies":[{"name":"WP","href":"https:\/\/api.w.org\/{rel}","templated":true}]}}