{"id":4668,"date":"2026-03-19T06:02:10","date_gmt":"2026-03-19T11:02:10","guid":{"rendered":"https:\/\/www.ecvents.com\/?post_type=product&#038;p=4668"},"modified":"2026-03-19T06:03:03","modified_gmt":"2026-03-19T11:03:03","slug":"ventilateur-de-cabinet-avec-moteur-ip55","status":"publish","type":"product","link":"https:\/\/www.ecvents.com\/fr\/product\/ventilateur-de-cabinet-avec-moteur-ip55\/","title":{"rendered":"Ventilateur de cabinet avec moteur IP55"},"content":{"rendered":"<div class=\"someee\">\n<h2><strong>Rugged\u202fby\u202fdesign.\u202f Calme\u202fIn\u202fperformance.\u202f construit\u202fpour\u202fcontinu\u00e9\u202fventilation.<\/strong><\/h2>\n<p>le <strong>Cabinet\u202fFAN\u202favec\u202fIP55\u202fmoteur<\/strong>\u00a0Maintient l'air au frais et au calme sans exiger d'attention. \u00c0 l'int\u00e9rieur, c'est\u00a0<strong>Solide\u202fcuivre\u2011C\u0153ur\u202fmoteur<\/strong>\u202f\u2014\u202fefficace, fort et construit pour continuer \u00e0 tourner longtemps apr\u00e8s que les autres se sont arr\u00eat\u00e9s. avec\u00a0<strong>Roulements de haute qualit\u00e9<\/strong>, il offre un mouvement plus fluide et plus silencieux que ce \u00e0 quoi vous vous attendez de quelque chose d'aussi capable.<\/p>\n<p>le\u00a0<strong>IP55\u2011Cal\u00e9it\u00e9\u202faluminum\u202fbo\u00eete<\/strong>\u00a0Ce n'est pas seulement pour l'apparence, mais il r\u00e9siste \u00e0 la poussi\u00e8re, \u00e0 l'humidit\u00e9 et \u00e0 l'usure d'un fonctionnement constant. le\u00a0<strong>Roue en m\u00e9tal<\/strong>\u00a0Conduit l'air avec autorit\u00e9, en maintenant une pression \u00e9lev\u00e9e et un d\u00e9bit \u00e0 longue distance chaque fois que votre syst\u00e8me l'exige.<\/p>\n<p>La maintenance est d'une simplicit\u00e9 rafra\u00eechissant.\u00a0<strong>Ports d'inspection lat\u00e9rale<\/strong>\u00a0Laissez-vous ouvrir, nettoyer ou \u00e9changer des composants rapidement\u202f\u2014\u202fpas besoin de proc\u00e9der \u00e0 un d\u00e9montage complet ou \u00e0 des ajustements qui prennent du temps. C'est un service simple pour un ventilateur con\u00e7u pour travailler dur sans se plaindre.<\/p>\n<\/div>\n<hr \/>\n<p>Dimensions (unit\u00e9 : mm) :<\/p>\n<div class=\"scroll-table-wrapper\">\n<div class=\"scroll-table\">\n<table id=\"tablepress-18\" class=\"tablepress tablepress-id-18\">\n<thead>\n<tr class=\"row-1\">\n\t<th class=\"column-1\">mannequin<\/th><th class=\"column-2\">L<\/th><th class=\"column-3\">L1<\/th><th class=\"column-4\">W<\/th><th class=\"column-5\">w1<\/th><th class=\"column-6\">H<\/th><th class=\"column-7\">bonjour<\/th><th class=\"column-8\">d1<\/th><th class=\"column-9\">F<\/th><th class=\"column-10\">Taille de sortie d'air<br \/>\n(AXB)<\/th><th class=\"column-11\">Taille d'entr\u00e9e d'air<br \/>\n(CXD)<\/th>\n<\/tr>\n<\/thead>\n<tbody class=\"row-striping row-hover\">\n<tr class=\"row-2\">\n\t<td class=\"column-1\">KTJ23-20D<\/td><td class=\"column-2\">490<\/td><td class=\"column-3\">452<\/td><td class=\"column-4\">490<\/td><td class=\"column-5\">530<\/td><td class=\"column-6\">372<\/td><td class=\"column-7\">36<\/td><td class=\"column-8\">50<\/td><td class=\"column-9\">25<\/td><td class=\"column-10\">270\u00d7265<\/td><td class=\"column-11\">350x312<\/td>\n<\/tr>\n<tr class=\"row-3\">\n\t<td class=\"column-1\">KTJ23-26D<\/td><td class=\"column-2\">490<\/td><td class=\"column-3\">452<\/td><td class=\"column-4\">490<\/td><td class=\"column-5\">530<\/td><td class=\"column-6\">372<\/td><td class=\"column-7\">36<\/td><td class=\"column-8\">50<\/td><td class=\"column-9\">25<\/td><td class=\"column-10\">300x280<\/td><td class=\"column-11\">430x312<\/td>\n<\/tr>\n<tr class=\"row-4\">\n\t<td class=\"column-1\">KTJ23-31D<\/td><td class=\"column-2\">524<\/td><td class=\"column-3\">486<\/td><td class=\"column-4\">592<\/td><td class=\"column-5\">632<\/td><td class=\"column-6\">440<\/td><td class=\"column-7\">36<\/td><td class=\"column-8\">50<\/td><td class=\"column-9\">25<\/td><td class=\"column-10\">335x320<\/td><td class=\"column-11\">335x320<\/td>\n<\/tr>\n<tr class=\"row-5\">\n\t<td class=\"column-1\">KTJ23-41D<\/td><td class=\"column-2\">524<\/td><td class=\"column-3\">486<\/td><td class=\"column-4\">592<\/td><td class=\"column-5\">632<\/td><td class=\"column-6\">440<\/td><td class=\"column-7\">36<\/td><td class=\"column-8\">50<\/td><td class=\"column-9\">25<\/td><td class=\"column-10\">335x320<\/td><td class=\"column-11\">550x380<\/td>\n<\/tr>\n<tr class=\"row-6\">\n\t<td class=\"column-1\">KTJ23-20<\/td><td class=\"column-2\">490<\/td><td class=\"column-3\">452<\/td><td class=\"column-4\">490<\/td><td class=\"column-5\">530<\/td><td class=\"column-6\">372<\/td><td class=\"column-7\">36<\/td><td class=\"column-8\">50<\/td><td class=\"column-9\">25<\/td><td class=\"column-10\">270\u00d7265<\/td><td class=\"column-11\">350\u00d7312<\/td>\n<\/tr>\n<tr class=\"row-7\">\n\t<td class=\"column-1\">KTJ23-26<\/td><td class=\"column-2\">490<\/td><td class=\"column-3\">452<\/td><td class=\"column-4\">490<\/td><td class=\"column-5\">530<\/td><td class=\"column-6\">372<\/td><td class=\"column-7\">36<\/td><td class=\"column-8\">50<\/td><td class=\"column-9\">25<\/td><td class=\"column-10\">300x280<\/td><td class=\"column-11\">430x312<\/td>\n<\/tr>\n<tr class=\"row-8\">\n\t<td class=\"column-1\">KTJ23-31<\/td><td class=\"column-2\">524<\/td><td class=\"column-3\">486<\/td><td class=\"column-4\">592<\/td><td class=\"column-5\">632<\/td><td class=\"column-6\">440<\/td><td class=\"column-7\">36<\/td><td class=\"column-8\">50<\/td><td class=\"column-9\">25<\/td><td class=\"column-10\">335x320<\/td><td class=\"column-11\">335x320<\/td>\n<\/tr>\n<tr class=\"row-9\">\n\t<td class=\"column-1\">KTJ23-41<\/td><td class=\"column-2\">524<\/td><td class=\"column-3\">486<\/td><td class=\"column-4\">592<\/td><td class=\"column-5\">632<\/td><td class=\"column-6\">440<\/td><td class=\"column-7\">36<\/td><td class=\"column-8\">50<\/td><td class=\"column-9\">25<\/td><td class=\"column-10\">335x320<\/td><td class=\"column-11\">550x380<\/td>\n<\/tr>\n<tr class=\"row-10\">\n\t<td class=\"column-1\">KTJ28-51<\/td><td class=\"column-2\">640<\/td><td class=\"column-3\">568<\/td><td class=\"column-4\">700<\/td><td class=\"column-5\">743<\/td><td class=\"column-6\">535<\/td><td class=\"column-7\">35<\/td><td class=\"column-8\">50<\/td><td class=\"column-9\">25<\/td><td class=\"column-10\">410x358<\/td><td class=\"column-11\">640x465<\/td>\n<\/tr>\n<tr class=\"row-11\">\n\t<td class=\"column-1\">KTJ28-61<\/td><td class=\"column-2\">700<\/td><td class=\"column-3\">628<\/td><td class=\"column-4\">740<\/td><td class=\"column-5\">783<\/td><td class=\"column-6\">600<\/td><td class=\"column-7\">35<\/td><td class=\"column-8\">50<\/td><td class=\"column-9\">25<\/td><td class=\"column-10\">400x460<\/td><td class=\"column-11\">550x460<\/td>\n<\/tr>\n<tr class=\"row-12\">\n\t<td class=\"column-1\">KTJ31-71<\/td><td class=\"column-2\">700<\/td><td class=\"column-3\">628<\/td><td class=\"column-4\">740<\/td><td class=\"column-5\">783<\/td><td class=\"column-6\">600<\/td><td class=\"column-7\">35<\/td><td class=\"column-8\">50<\/td><td class=\"column-9\">25<\/td><td class=\"column-10\">400x460<\/td><td class=\"column-11\">550x460<\/td>\n<\/tr>\n<tr class=\"row-13\">\n\t<td class=\"column-1\">KTJ31-81<\/td><td class=\"column-2\">700<\/td><td class=\"column-3\">628<\/td><td class=\"column-4\">780<\/td><td class=\"column-5\">823<\/td><td class=\"column-6\">600<\/td><td class=\"column-7\">35<\/td><td class=\"column-8\">50<\/td><td class=\"column-9\">25<\/td><td class=\"column-10\">400x460<\/td><td class=\"column-11\">745x535<\/td>\n<\/tr>\n<tr class=\"row-14\">\n\t<td class=\"column-1\">KTJ35-100<\/td><td class=\"column-2\">810<\/td><td class=\"column-3\">738<\/td><td class=\"column-4\">780<\/td><td class=\"column-5\">823<\/td><td class=\"column-6\">665<\/td><td class=\"column-7\">35<\/td><td class=\"column-8\">50<\/td><td class=\"column-9\">25<\/td><td class=\"column-10\">440x460<\/td><td class=\"column-11\">745x535<\/td>\n<\/tr>\n<tr class=\"row-15\">\n\t<td class=\"column-1\">KTJ35-120<\/td><td class=\"column-2\">810<\/td><td class=\"column-3\">738<\/td><td class=\"column-4\">880<\/td><td class=\"column-5\">923<\/td><td class=\"column-6\">715<\/td><td class=\"column-7\">35<\/td><td class=\"column-8\">50<\/td><td class=\"column-9\">25<\/td><td class=\"column-10\">440x460<\/td><td class=\"column-11\">745x535<\/td>\n<\/tr>\n<tr class=\"row-16\">\n\t<td class=\"column-1\">KTJ40-150<\/td><td class=\"column-2\">848<\/td><td class=\"column-3\">753<\/td><td class=\"column-4\">947<\/td><td class=\"column-5\">1067<\/td><td class=\"column-6\">802<\/td><td class=\"column-7\">35<\/td><td class=\"column-8\">50<\/td><td class=\"column-9\">25<\/td><td class=\"column-10\">455x460<\/td><td class=\"column-11\">835x600<\/td>\n<\/tr>\n<tr class=\"row-17\">\n\t<td class=\"column-1\">KTJ40-200<\/td><td class=\"column-2\">900<\/td><td class=\"column-3\">801<\/td><td class=\"column-4\">1012<\/td><td class=\"column-5\">1132<\/td><td class=\"column-6\">820<\/td><td class=\"column-7\">35<\/td><td class=\"column-8\">50<\/td><td class=\"column-9\">25<\/td><td class=\"column-10\">455x460<\/td><td class=\"column-11\">900\u00d7700<\/td>\n<\/tr>\n<\/tbody>\n<\/table>\n<!-- #tablepress-18 from cache --><\/div>\n<\/div>\n<div><\/div>\n<div class=\"woocb\"><a class=\"wocb\" href=\"http:\/\/www.beiaole.com\/wp-content\/uploads\/2025\/08\/d2.2.1.pdf\" target=\"_blank\" rel=\"noopener\">se former<\/a><\/div>\n<div><\/div>\n<p><img loading=\"lazy\" decoding=\"async\" class=\"aligncenter wp-image-15965 size-large\" src=\"http:\/\/www.beiaole.com\/wp-content\/uploads\/2025\/08\/s2.2-1024x679.png\" alt=\"Cabinet Fan With IP55 Motor-size\" width=\"1024\" height=\"679\" data-no-translation=\"\" \/><br \/>\nPerformance\u00a0:<\/p>\n<div class=\"scroll-table-wrapper\">\n<div class=\"scroll-table\">\n<table id=\"tablepress-19\" class=\"tablepress tablepress-id-19\">\n<thead>\n<tr class=\"row-1\">\n\t<th class=\"column-1\">mannequin<\/th><th class=\"column-2\">Tension (V)<\/th><th class=\"column-3\">Fr\u00e9quence (Hz)<\/th><th class=\"column-4\">Vitesse (tr\/min)<\/th><th class=\"column-5\">Puissance(W)<\/th><th class=\"column-6\">D\u00e9bit d'air (m\u00b3\/h)<\/th><th class=\"column-7\">Pression statique (PA)<\/th><th class=\"column-8\">Bruit (DB)<\/th><th class=\"column-9\">N.M (kg)<\/th>\n<\/tr>\n<\/thead>\n<tbody class=\"row-striping row-hover\">\n<tr class=\"row-2\">\n\t<td class=\"column-1\">KTJ23-20D<\/td><td class=\"column-2\">220<\/td><td class=\"column-3\">50<\/td><td class=\"column-4\">1350<\/td><td class=\"column-5\">250<\/td><td class=\"column-6\">2000<\/td><td class=\"column-7\">400<\/td><td class=\"column-8\">55<\/td><td class=\"column-9\">26<\/td>\n<\/tr>\n<tr class=\"row-3\">\n\t<td class=\"column-1\">KTJ23-26D<\/td><td class=\"column-2\">220<\/td><td class=\"column-3\">50<\/td><td class=\"column-4\">1350<\/td><td class=\"column-5\">370<\/td><td class=\"column-6\">2600<\/td><td class=\"column-7\">420<\/td><td class=\"column-8\">56<\/td><td class=\"column-9\">27<\/td>\n<\/tr>\n<tr class=\"row-4\">\n\t<td class=\"column-1\">KTJ23-31D<\/td><td class=\"column-2\">220<\/td><td class=\"column-3\">50<\/td><td class=\"column-4\">1350<\/td><td class=\"column-5\">550<\/td><td class=\"column-6\">3100<\/td><td class=\"column-7\">440<\/td><td class=\"column-8\">61<\/td><td class=\"column-9\">33<\/td>\n<\/tr>\n<tr class=\"row-5\">\n\t<td class=\"column-1\">KTJ23-41D<\/td><td class=\"column-2\">220<\/td><td class=\"column-3\">50<\/td><td class=\"column-4\">1350<\/td><td class=\"column-5\">750<\/td><td class=\"column-6\">4100<\/td><td class=\"column-7\">460<\/td><td class=\"column-8\">65<\/td><td class=\"column-9\">34<\/td>\n<\/tr>\n<tr class=\"row-6\">\n\t<td class=\"column-1\">KTJ23-20<\/td><td class=\"column-2\">380<\/td><td class=\"column-3\">50<\/td><td class=\"column-4\">1350<\/td><td class=\"column-5\">250<\/td><td class=\"column-6\">2000<\/td><td class=\"column-7\">400<\/td><td class=\"column-8\">55<\/td><td class=\"column-9\">25.5<\/td>\n<\/tr>\n<tr class=\"row-7\">\n\t<td class=\"column-1\">KTJ23-26<\/td><td class=\"column-2\">380<\/td><td class=\"column-3\">50<\/td><td class=\"column-4\">1350<\/td><td class=\"column-5\">370<\/td><td class=\"column-6\">2600<\/td><td class=\"column-7\">420<\/td><td class=\"column-8\">56<\/td><td class=\"column-9\">26<\/td>\n<\/tr>\n<tr class=\"row-8\">\n\t<td class=\"column-1\">KTJ23-31<\/td><td class=\"column-2\">380<\/td><td class=\"column-3\">50<\/td><td class=\"column-4\">1350<\/td><td class=\"column-5\">550<\/td><td class=\"column-6\">3100<\/td><td class=\"column-7\">440<\/td><td class=\"column-8\">61<\/td><td class=\"column-9\">33<\/td>\n<\/tr>\n<tr class=\"row-9\">\n\t<td class=\"column-1\">KTJ23-41<\/td><td class=\"column-2\">380<\/td><td class=\"column-3\">50<\/td><td class=\"column-4\">1350<\/td><td class=\"column-5\">750<\/td><td class=\"column-6\">4100<\/td><td class=\"column-7\">460<\/td><td class=\"column-8\">65<\/td><td class=\"column-9\">34<\/td>\n<\/tr>\n<tr class=\"row-10\">\n\t<td class=\"column-1\">KTJ28-51<\/td><td class=\"column-2\">380<\/td><td class=\"column-3\">50<\/td><td class=\"column-4\">940<\/td><td class=\"column-5\">750<\/td><td class=\"column-6\">5100<\/td><td class=\"column-7\">400<\/td><td class=\"column-8\">67<\/td><td class=\"column-9\">58.5<\/td>\n<\/tr>\n<tr class=\"row-11\">\n\t<td class=\"column-1\">KTJ28-61<\/td><td class=\"column-2\">380<\/td><td class=\"column-3\">50<\/td><td class=\"column-4\">940<\/td><td class=\"column-5\">1100<\/td><td class=\"column-6\">6100<\/td><td class=\"column-7\">420<\/td><td class=\"column-8\">68<\/td><td class=\"column-9\">66<\/td>\n<\/tr>\n<tr class=\"row-12\">\n\t<td class=\"column-1\">KTJ31-71<\/td><td class=\"column-2\">380<\/td><td class=\"column-3\">50<\/td><td class=\"column-4\">940<\/td><td class=\"column-5\">1500<\/td><td class=\"column-6\">7100<\/td><td class=\"column-7\">440<\/td><td class=\"column-8\">69<\/td><td class=\"column-9\">70<\/td>\n<\/tr>\n<tr class=\"row-13\">\n\t<td class=\"column-1\">KTJ31-81<\/td><td class=\"column-2\">380<\/td><td class=\"column-3\">50<\/td><td class=\"column-4\">940<\/td><td class=\"column-5\">1500<\/td><td class=\"column-6\">8100<\/td><td class=\"column-7\">461<\/td><td class=\"column-8\">70<\/td><td class=\"column-9\">72<\/td>\n<\/tr>\n<tr class=\"row-14\">\n\t<td class=\"column-1\">KTJ35-100<\/td><td class=\"column-2\">380<\/td><td class=\"column-3\">50<\/td><td class=\"column-4\">940<\/td><td class=\"column-5\">2200<\/td><td class=\"column-6\">10000<\/td><td class=\"column-7\">551<\/td><td class=\"column-8\">71<\/td><td class=\"column-9\">84.5<\/td>\n<\/tr>\n<tr class=\"row-15\">\n\t<td class=\"column-1\">KTJ35-120<\/td><td class=\"column-2\">380<\/td><td class=\"column-3\">50<\/td><td class=\"column-4\">940<\/td><td class=\"column-5\">2500<\/td><td class=\"column-6\">12000<\/td><td class=\"column-7\">591<\/td><td class=\"column-8\">72<\/td><td class=\"column-9\">86.5<\/td>\n<\/tr>\n<tr class=\"row-16\">\n\t<td class=\"column-1\">KTJ40-150<\/td><td class=\"column-2\">380<\/td><td class=\"column-3\">50<\/td><td class=\"column-4\">940<\/td><td class=\"column-5\">3000<\/td><td class=\"column-6\">15000<\/td><td class=\"column-7\">700<\/td><td class=\"column-8\">75<\/td><td class=\"column-9\">111<\/td>\n<\/tr>\n<tr class=\"row-17\">\n\t<td class=\"column-1\">KTJ40-200<\/td><td class=\"column-2\">380<\/td><td class=\"column-3\">50<\/td><td class=\"column-4\">940<\/td><td class=\"column-5\">5000<\/td><td class=\"column-6\">20000<\/td><td class=\"column-7\">725<\/td><td class=\"column-8\">77<\/td><td class=\"column-9\">128<\/td>\n<\/tr>\n<\/tbody>\n<\/table>\n<!-- #tablepress-19 from cache --><\/div>\n<\/div>\n<div><\/div>\n<div class=\"woocb\"><a class=\"wocb\" href=\"http:\/\/www.beiaole.com\/wp-content\/uploads\/2025\/08\/d2.2.2.pdf\" target=\"_blank\" rel=\"noopener\">se former<\/a><\/div>\n<div><\/div>\n<p><img loading=\"lazy\" decoding=\"async\" class=\"aligncenter wp-image-17237 size-large\" src=\"http:\/\/www.beiaole.com\/wp-content\/uploads\/2025\/08\/x2.2-1024x312.jpg\" alt=\"Cabinet Fan With IP55 Motor-q1\" width=\"1024\" height=\"312\" data-no-translation=\"\" \/><\/p>","protected":false},"excerpt":{"rendered":"<ul>\n<li>\n<h2>IP55\u202fProtection\u00a0:<\/h2>\n<p>\u00a0Le bo\u00eetier en aluminium scell\u00e9 bloque la poussi\u00e8re et l'humidit\u00e9 pour des performances fiables dans des conditions difficiles.<\/li>\n<li>\n<h2>Moteur-core-Coivre :<\/h2>\n<p>\u00a0Le moteur \u00e9conome en \u00e9nergie avec roulement \u00e0 billes assure un fonctionnement silencieux, durable et stable.<\/li>\n<li>\n<h2>Sortie a\u00e9rienne forte\u00a0:<\/h2>\n<p>\u00a0D\u00e9bit d'air\u202fde\u202f2\u00a0000\u202f\u00e0\u202f20\u00a0000\u202fm\u00b3\/h\u202favec\u202fstatique\u202f\u00e0\u202f\u00e0\u202fpa\u202fpa.<\/li>\n<li>\n<h2>Construction tout-m\u00e9tal :<\/h2>\n<p>\u00a0Haute\u2011grade\u202facier\u202fet\u202fd'aluminium\u202fr\u00e9siste\u202fcorrosion\u202fet\u202fvibration\u202fdurant\u202fcontinue\u202futilisation.<\/li>\n<li>\n<h2>Faible bruit,\u202fhaute\u202fperformance\u00a0:<\/h2>\n<p>\u202fop\u00e8re\u202fdb\u202fdt\u202fdb\u202fdb\u202fdb,\u202fpower\u202fet\u202fpour\u202fdes\u202fspatiaux\u202fd\u2019\u00e9quilibrage\u202fd\u2019\u00e9quilibrage\u202fet\u202fd\u2019espace\u202fd\u2019espace.<\/li>\n<li>\n<h2>Entretien facile\u00a0:<\/h2>\n<p>\u202faccessible\u202finspection\u202fports\u202fautoriser\u202frapide\u202fservice;\u202fnon\u202fcomplete\u202fd\u00e9couverte\u202frequise.<\/li>\n<li>\n<h2>Course stable\u00a0:<\/h2>\n<p>\u202fSupporte-la-conception\u202fsupporte\u202fsupporte\u202fsurtout\u202fairflow\u202fet\u202flongue\u202fdur\u00e9e de vie.<\/li>\n<\/ul>\n<hr \/>","protected":false},"featured_media":4697,"comment_status":"open","ping_status":"closed","template":"","meta":{"_acf_changed":false},"product_brand":[],"product_cat":[66],"product_tag":[],"class_list":{"0":"post-4668","1":"product","2":"type-product","3":"status-publish","4":"has-post-thumbnail","6":"product_cat-cabinet-fan","8":"first","9":"instock","10":"taxable","11":"shipping-taxable","12":"purchasable","13":"product-type-variable","14":"has-default-attributes"},"acf":[],"_links":{"self":[{"href":"https:\/\/www.ecvents.com\/fr\/wp-json\/wp\/v2\/product\/4668","targetHints":{"allow":["GET"]}}],"collection":[{"href":"https:\/\/www.ecvents.com\/fr\/wp-json\/wp\/v2\/product"}],"about":[{"href":"https:\/\/www.ecvents.com\/fr\/wp-json\/wp\/v2\/types\/product"}],"replies":[{"embeddable":true,"href":"https:\/\/www.ecvents.com\/fr\/wp-json\/wp\/v2\/comments?post=4668"}],"wp:featuredmedia":[{"embeddable":true,"href":"https:\/\/www.ecvents.com\/fr\/wp-json\/wp\/v2\/media\/4697"}],"wp:attachment":[{"href":"https:\/\/www.ecvents.com\/fr\/wp-json\/wp\/v2\/media?parent=4668"}],"wp:term":[{"taxonomy":"product_brand","embeddable":true,"href":"https:\/\/www.ecvents.com\/fr\/wp-json\/wp\/v2\/product_brand?post=4668"},{"taxonomy":"product_cat","embeddable":true,"href":"https:\/\/www.ecvents.com\/fr\/wp-json\/wp\/v2\/product_cat?post=4668"},{"taxonomy":"product_tag","embeddable":true,"href":"https:\/\/www.ecvents.com\/fr\/wp-json\/wp\/v2\/product_tag?post=4668"}],"curies":[{"name":"WP","href":"https:\/\/api.w.org\/{rel}","templated":true}]}}