{"id":4687,"date":"2026-03-19T06:02:42","date_gmt":"2026-03-19T11:02:42","guid":{"rendered":"https:\/\/www.ecvents.com\/?post_type=product&#038;p=4687"},"modified":"2026-03-19T06:03:04","modified_gmt":"2026-03-19T11:03:04","slug":"ventilateur-commercial-a-air-frais","status":"publish","type":"product","link":"https:\/\/www.ecvents.com\/fr\/product\/ventilateur-commercial-a-air-frais\/","title":{"rendered":"Ventilateur commercial \u00e0 air frais"},"content":{"rendered":"<div class=\"someee\">\n<h2>purger\u202fair.\u202f \u00c9quilibre calme.\u202f construit\u202fpour\u202fcontinu\u00e9\u202fventilation.<\/h2>\n<p>le\u00a0<strong>Ventilateur commercial \u00e0 air frais<\/strong>\u00a0est con\u00e7u pour am\u00e9liorer tranquillement l'air int\u00e9rieur - plus frais, plus propre et plus confortable, comme il se doit. Il apporte de l'air frais tout en envoyant de l'air vici\u00e9, \u00e9quilibrant l'atmosph\u00e8re de la pi\u00e8ce sans attirer l'attention sur lui-m\u00eame.<\/p>\n<p>\u00c0 la base, il y a un\u00a0<strong>Moteur \u00e9conome en \u00e9nergie tout en cuivre<\/strong>\u00a0Associ\u00e9 \u00e0 des roulements \u00e0 billes de haute qualit\u00e9 pour des performances stables et efficaces. L'armoire et le conduit d'air sont int\u00e9gr\u00e9s dans un\u00a0<strong>Structure simple et rationalis\u00e9e<\/strong>, garder le flux d'air fluide et le fonctionnement chuchote-silencieux tout en r\u00e9duisant la consommation d'\u00e9nergie.<\/p>\n<p>Le bo\u00eetier tout en m\u00e9tal ajoute la fiabilit\u00e9 solide dont chaque syst\u00e8me commercial a besoin. form\u00e9 de\u00a0<strong>Acier de haute qualit\u00e9<\/strong>, il r\u00e9siste \u00e0 la rouille, aux vibrations et aux d\u00e9formations - id\u00e9al pour les bureaux, les restaurants, les gymnases ou les salles de r\u00e9union o\u00f9 la ventilation doit fonctionner r\u00e9guli\u00e8rement et tranquillement tout au long de la journ\u00e9e.<\/p>\n<p>son\u00a0<strong>Canaux d'alimentation et d'\u00e9chappement ind\u00e9pendants<\/strong>\u00a0Mettez-le \u00e0 part. L'air frais ext\u00e9rieur s'\u00e9coule tandis que l'air int\u00e9rieur vici\u00e9 est \u00e9puis\u00e9 en m\u00eame temps. Le r\u00e9sultat est un environnement \u00e9quilibr\u00e9 et confortable sans poches \u00e9touffantes ni temp\u00e9ratures irr\u00e9guli\u00e8res, juste une brise constante d'air frais et confortable.<\/p>\n<\/div>\n<hr \/>\n<p>Dimensions (unit\u00e9 : mm) :<\/p>\n<div class=\"scroll-table-wrapper\">\n<div class=\"scroll-table\">\n<table id=\"tablepress-11\" class=\"tablepress tablepress-id-11\">\n<thead>\n<tr class=\"row-1\">\n\t<th class=\"column-1\">mannequin<\/th><th class=\"column-2\">L<\/th><th class=\"column-3\">L1<\/th><th class=\"column-4\">W<\/th><th class=\"column-5\">w1<\/th><th class=\"column-6\">H<\/th><th class=\"column-7\">H1<\/th><th class=\"column-8\">D<\/th><th class=\"column-9\">G<\/th>\n<\/tr>\n<\/thead>\n<tbody class=\"row-striping row-hover\">\n<tr class=\"row-2\">\n\t<td class=\"column-1\">DUT20-66<\/td><td class=\"column-2\">869<\/td><td class=\"column-3\">731<\/td><td class=\"column-4\">795<\/td><td class=\"column-5\">698<\/td><td class=\"column-6\">365<\/td><td class=\"column-7\">17<\/td><td class=\"column-8\">400<\/td><td class=\"column-9\">\u03c6200<\/td>\n<\/tr>\n<tr class=\"row-3\">\n\t<td class=\"column-1\">DUT25-76<\/td><td class=\"column-2\">869<\/td><td class=\"column-3\">731<\/td><td class=\"column-4\">795<\/td><td class=\"column-5\">698<\/td><td class=\"column-6\">365<\/td><td class=\"column-7\">17<\/td><td class=\"column-8\">400<\/td><td class=\"column-9\">\u03a6250<\/td>\n<\/tr>\n<\/tbody>\n<\/table>\n<!-- #tablepress-11 from cache --><\/div>\n<\/div>\n<div><\/div>\n<div class=\"woocb\"><a class=\"wocb\" href=\"http:\/\/www.beiaole.com\/wp-content\/uploads\/2025\/08\/d1.6.1.pdf\" target=\"_blank\" rel=\"noopener\">se former<\/a><\/div>\n<div><\/div>\n<p><img loading=\"lazy\" decoding=\"async\" class=\"aligncenter wp-image-15778 size-large\" src=\"http:\/\/www.beiaole.com\/wp-content\/uploads\/2025\/08\/s1.6.1-1024x308.png\" alt=\"Commercial Fresh Air Ventilator-size1\" width=\"1024\" height=\"308\" data-no-translation=\"\" \/><br \/>\nDimensions (unit\u00e9 : mm) :<\/p>\n<div class=\"scroll-table-wrapper\">\n<div class=\"scroll-table\">\n<table id=\"tablepress-12\" class=\"tablepress tablepress-id-12\">\n<thead>\n<tr class=\"row-1\">\n\t<th class=\"column-1\">mannequin<\/th><th class=\"column-2\">L<\/th><th class=\"column-3\">L1<\/th><th class=\"column-4\">l2<\/th><th class=\"column-5\">W<\/th><th class=\"column-6\">w1<\/th><th class=\"column-7\">H<\/th><th class=\"column-8\">H1<\/th><th class=\"column-9\">D<\/th><th class=\"column-10\">C<\/th><th class=\"column-11\">F<\/th><th class=\"column-12\"> MXN (taille d'entr\u00e9e\/sortie d'air)<\/th>\n<\/tr>\n<\/thead>\n<tbody class=\"row-striping row-hover\">\n<tr class=\"row-2\">\n\t<td class=\"column-1\">DUT25-3000F<\/td><td class=\"column-2\">1000<\/td><td class=\"column-3\">1050<\/td><td class=\"column-4\">897<\/td><td class=\"column-5\">580<\/td><td class=\"column-6\">621<\/td><td class=\"column-7\">376<\/td><td class=\"column-8\">17<\/td><td class=\"column-9\">500<\/td><td class=\"column-10\">85<\/td><td class=\"column-11\">25<\/td><td class=\"column-12\">270x270<\/td>\n<\/tr>\n<tr class=\"row-3\">\n\t<td class=\"column-1\">DUT25-4000F<\/td><td class=\"column-2\">1000<\/td><td class=\"column-3\">1050<\/td><td class=\"column-4\">897<\/td><td class=\"column-5\">580<\/td><td class=\"column-6\">621<\/td><td class=\"column-7\">376<\/td><td class=\"column-8\">17<\/td><td class=\"column-9\">500<\/td><td class=\"column-10\">85<\/td><td class=\"column-11\">25<\/td><td class=\"column-12\">270x270<\/td>\n<\/tr>\n<\/tbody>\n<\/table>\n<!-- #tablepress-12 from cache --><\/div>\n<\/div>\n<div><\/div>\n<div class=\"woocb\"><a class=\"wocb\" href=\"http:\/\/www.beiaole.com\/wp-content\/uploads\/2025\/08\/d1.6.2.pdf\" target=\"_blank\" rel=\"noopener\">se former<\/a><\/div>\n<div><\/div>\n<p><img loading=\"lazy\" decoding=\"async\" class=\"aligncenter wp-image-15779 size-large\" src=\"http:\/\/www.beiaole.com\/wp-content\/uploads\/2025\/08\/s1.6.2-1024x290.png\" alt=\"Commercial Fresh Air Ventilator-size2\" width=\"1024\" height=\"290\" data-no-translation=\"\" \/><br \/>\nPerformance\u00a0:<\/p>\n<div class=\"scroll-table-wrapper\">\n<div class=\"scroll-table\">\n<table id=\"tablepress-13\" class=\"tablepress tablepress-id-13\">\n<thead>\n<tr class=\"row-1\">\n\t<th class=\"column-1\">mannequin<\/th><th class=\"column-2\">Tension (V)<\/th><th class=\"column-3\">Fr\u00e9quence (Hz)<\/th><th class=\"column-4\">embrayage<\/th><th class=\"column-5\">Puissance(W)<\/th><th class=\"column-6\">D\u00e9bit d'air (m\u00b3\/h)<\/th><th class=\"column-7\">Pression statique (PA)<\/th><th class=\"column-8\">Bruit (DB)<\/th><th class=\"column-9\">Taille du conduit (mm)<\/th><th class=\"column-10\">Domaine d'application (m\u00b2)<\/th><th class=\"column-11\">N.M (kg)<\/th>\n<\/tr>\n<\/thead>\n<tbody class=\"row-striping row-hover\">\n<tr class=\"row-2\">\n\t<td class=\"column-1\">DUT20-66<\/td><td class=\"column-2\">220<\/td><td class=\"column-3\">50<\/td><td class=\"column-4\">H\/L<\/td><td class=\"column-5\">500\/435<\/td><td class=\"column-6\">1500\/1200<\/td><td class=\"column-7\">350\/320<\/td><td class=\"column-8\">50\/45<\/td><td class=\"column-9\">\u03c6200<\/td><td class=\"column-10\">250-500<\/td><td class=\"column-11\">39<\/td>\n<\/tr>\n<tr class=\"row-3\">\n\t<td class=\"column-1\">DUT25-76<\/td><td class=\"column-2\">220<\/td><td class=\"column-3\">50<\/td><td class=\"column-4\">H\/L<\/td><td class=\"column-5\">565\/450<\/td><td class=\"column-6\">2000\/1700<\/td><td class=\"column-7\">370\/340<\/td><td class=\"column-8\">53\/50<\/td><td class=\"column-9\">\u03a6250<\/td><td class=\"column-10\">330-660<\/td><td class=\"column-11\">39<\/td>\n<\/tr>\n<tr class=\"row-4\">\n\t<td class=\"column-1\">DUT25-3000F<\/td><td class=\"column-2\">220<\/td><td class=\"column-3\">50<\/td><td class=\"column-4\">H\/L<\/td><td class=\"column-5\">722\/665<\/td><td class=\"column-6\">3000\/2600<\/td><td class=\"column-7\">410\/385<\/td><td class=\"column-8\">60\/55<\/td><td class=\"column-9\">\/<\/td><td class=\"column-10\">\/<\/td><td class=\"column-11\">52<\/td>\n<\/tr>\n<tr class=\"row-5\">\n\t<td class=\"column-1\">DUT25-4000F<\/td><td class=\"column-2\">220<\/td><td class=\"column-3\">50<\/td><td class=\"column-4\">H\/L<\/td><td class=\"column-5\">752\/695<\/td><td class=\"column-6\">4000\/3600<\/td><td class=\"column-7\">445\/390<\/td><td class=\"column-8\">62\/60<\/td><td class=\"column-9\">\/<\/td><td class=\"column-10\">\/<\/td><td class=\"column-11\">55<\/td>\n<\/tr>\n<\/tbody>\n<\/table>\n<!-- #tablepress-13 from cache --><\/div>\n<\/div>\n<div><\/div>\n<div class=\"woocb\"><a class=\"wocb\" href=\"http:\/\/www.beiaole.com\/wp-content\/uploads\/2025\/08\/d1.6.3.pdf\" target=\"_blank\" rel=\"noopener\">se former<\/a><\/div>\n<div><\/div>","protected":false},"excerpt":{"rendered":"<ul>\n<li>\n<h2>Double alimentation et syst\u00e8me d'\u00e9chappement :<\/h2>\n<p>\u00a0D\u00e9livre simultan\u00e9ment de l'air frais et \u00e9limine l'air vici\u00e9 pour une ventilation \u00e9quilibr\u00e9e.<\/li>\n<li>\n<h2>Moteur en cuivre \u00e9conome en \u00e9nergie :<\/h2>\n<p>\u00a0Noyau tout en cuivre avec roulements \u00e0 billes pour un fonctionnement silencieux, efficace et \u00e0 longue dur\u00e9e de vie.<\/li>\n<li>\n<h2>Conception int\u00e9gr\u00e9e de l'armoire et du conduit\u00a0:<\/h2>\n<p>\u00a0La structure a\u00e9rodynamique d'une seule pi\u00e8ce r\u00e9duit les vibrations et la r\u00e9sistance \u00e0 l'air pour un \u00e9coulement constant.<\/li>\n<li>\n<h2>Construction tout en m\u00e9tal durable :<\/h2>\n<p>\u00a0Le bo\u00eetier en t\u00f4le d'acier de haute qualit\u00e9 r\u00e9siste \u00e0 la corrosion et aux chocs pour un usage continu.<\/li>\n<li>\n<h2>Performances silencieuse<\/h2>\n<p>\u00a0Les niveaux de bruit de 45\u00a0\u00e0 62\u00a0dB maintiennent les espaces commerciaux confortables et sans distraction.<\/li>\n<li>\n<h2>Puissante gamme de flux d'air :<\/h2>\n<p>\u00a0Volume d'air de 1\u00a0200\u00a0\u00e0\u00a04\u00a0000\u00a0m\u00b3\/h avec une pression statique jusqu'\u00e0 445\u00a0pa pour les pi\u00e8ces moyennes et grandes.<\/li>\n<li>\n<h2>Faible consommation d'\u00e9nergie :<\/h2>\n<p>\u00a0La conception efficace du moteur offre un rendement \u00e9lev\u00e9 sans gaspillage.<\/li>\n<li>\n<h2>Entretien facile :<\/h2>\n<p>\u00a0La construction compacte et la disposition accessible simplifient l'installation et l'entretien.<\/li>\n<\/ul>\n<hr \/>","protected":false},"featured_media":4698,"comment_status":"open","ping_status":"closed","template":"","meta":{"_acf_changed":false},"product_brand":[],"product_cat":[71],"product_tag":[],"class_list":{"0":"post-4687","1":"product","2":"type-product","3":"status-publish","4":"has-post-thumbnail","6":"product_cat-energy-recovery-ventilator-2","8":"first","9":"outofstock","10":"taxable","11":"shipping-taxable","12":"purchasable","13":"product-type-variable"},"acf":[],"_links":{"self":[{"href":"https:\/\/www.ecvents.com\/fr\/wp-json\/wp\/v2\/product\/4687","targetHints":{"allow":["GET"]}}],"collection":[{"href":"https:\/\/www.ecvents.com\/fr\/wp-json\/wp\/v2\/product"}],"about":[{"href":"https:\/\/www.ecvents.com\/fr\/wp-json\/wp\/v2\/types\/product"}],"replies":[{"embeddable":true,"href":"https:\/\/www.ecvents.com\/fr\/wp-json\/wp\/v2\/comments?post=4687"}],"wp:featuredmedia":[{"embeddable":true,"href":"https:\/\/www.ecvents.com\/fr\/wp-json\/wp\/v2\/media\/4698"}],"wp:attachment":[{"href":"https:\/\/www.ecvents.com\/fr\/wp-json\/wp\/v2\/media?parent=4687"}],"wp:term":[{"taxonomy":"product_brand","embeddable":true,"href":"https:\/\/www.ecvents.com\/fr\/wp-json\/wp\/v2\/product_brand?post=4687"},{"taxonomy":"product_cat","embeddable":true,"href":"https:\/\/www.ecvents.com\/fr\/wp-json\/wp\/v2\/product_cat?post=4687"},{"taxonomy":"product_tag","embeddable":true,"href":"https:\/\/www.ecvents.com\/fr\/wp-json\/wp\/v2\/product_tag?post=4687"}],"curies":[{"name":"WP","href":"https:\/\/api.w.org\/{rel}","templated":true}]}}