{"id":4692,"date":"2026-03-19T06:02:43","date_gmt":"2026-03-19T11:02:43","guid":{"rendered":"https:\/\/www.ecvents.com\/?post_type=product&#038;p=4692"},"modified":"2026-03-19T06:04:03","modified_gmt":"2026-03-19T11:04:03","slug":"serie-de-ventilateurs-darmoires-ktj","status":"publish","type":"product","link":"https:\/\/www.ecvents.com\/fr\/product\/serie-de-ventilateurs-darmoires-ktj\/","title":{"rendered":"S\u00e9rie de ventilateurs d'armoires KTJ"},"content":{"rendered":"<div class=\"someee\">\n<h2><strong>Air pur. Efficacit\u00e9 silencieuse. Con\u00e7u pour une ventilation continue.<\/strong><\/h2>\n<p>le\u00a0<strong>KTJ\u202fCabinet\u202fFan\u202fS\u00e9ries<\/strong>\u00a0Est con\u00e7u pour les espaces n\u00e9cessitant un flux d'air fiable et r\u00e9gulier sans bruit ni complexit\u00e9. Compact, durable et efficace, il permet de maintenir la circulation de l'air en douceur.<\/p>\n<p>Au c\u0153ur de chaque unit\u00e9 se trouve un\u00a0<strong>Tout\u2011\u00c9conomie-\u00c9nergie\u202fmoteur<\/strong>\u00a0soutenu par\u00a0<strong>Roulements de boules de haute qualit\u00e9<\/strong>, assurer un fonctionnement durable, stable et des performances de chuchotement. L'armoire et le conduit d'air sont int\u00e9gr\u00e9s dans une structure simple et rationalis\u00e9e, offrant une pression stable et un flux d'air constant tout en minimisant les vibrations et le bruit m\u00e9canique.<\/p>\n<p>Chaque ventilateur de la s\u00e9rie est \u00e9quip\u00e9 d'un\u00a0<strong>Syst\u00e8me int\u00e9gr\u00e9-filtration-filtration<\/strong>\u00a0Pour retenir la poussi\u00e8re, les odeurs et les particules en suspension dans l'air avant la recirculation de l'air, en gardant les environnements plus propres et plus confortables. C'est une solution simple et int\u00e9gr\u00e9e pour maintenir une qualit\u00e9 de l'air frais et \u00e9quilibr\u00e9 dans des conditions exigeantes.<\/p>\n<p>le\u00a0<strong>KTJ\u202fCabinet\u202fFan\u202fS\u00e9ries<\/strong>\u00a0est aussi polyvalent que robuste. Avec des capacit\u00e9s de circulation d'air allant de\u00a0<strong>2\u00a0000\u00a0\u202f\u00e0\u202f6\u00a0100\u00a0m\u00b3\/h<\/strong>, ces ventilateurs peuvent g\u00e9rer des environnements de toute \u00e9chelle, des petits bureaux ou salles de serveurs aux grandes salles d'usine. La conception compacte de chaque unit\u00e9 permet une installation facile dans des espaces restreints et int\u00e9gr\u00e9e\u00a0<strong>Ports d'inspection<\/strong>\u00a0Faites l'acc\u00e8s au filtre et l'entretien sans effort.<\/p>\n<p>Calme, fort et con\u00e7u pour durer, la s\u00e9rie KTJ\u202fFan\u202ffan fait plus que d\u00e9placer de l'air.<\/p>\n<\/div>\n<hr \/>\n<p>Dimensions (unit\u00e9 : mm) :<\/p>\n<div class=\"scroll-table-wrapper\">\n<div class=\"scroll-table\">\n<table id=\"tablepress-20\" class=\"tablepress tablepress-id-20\">\n<thead>\n<tr class=\"row-1\">\n\t<th class=\"column-1\">mannequin<\/th><th class=\"column-2\">L<\/th><th class=\"column-3\">L1<\/th><th class=\"column-4\">W<\/th><th class=\"column-5\">w1<\/th><th class=\"column-6\">H<\/th><th class=\"column-7\">H1<\/th><th class=\"column-8\">d1<\/th><th class=\"column-9\">F<\/th><th class=\"column-10\">Taille de sortie d'air<br \/>\n(AXB)<\/th><th class=\"column-11\">Taille d'entr\u00e9e d'air<br \/>\n(CXD)<\/th>\n<\/tr>\n<\/thead>\n<tbody class=\"row-striping row-hover\">\n<tr class=\"row-2\">\n\t<td class=\"column-1\">KTJ22-20DG<\/td><td class=\"column-2\">719<\/td><td class=\"column-3\">452<\/td><td class=\"column-4\">490<\/td><td class=\"column-5\">530<\/td><td class=\"column-6\">372<\/td><td class=\"column-7\">36<\/td><td class=\"column-8\">50<\/td><td class=\"column-9\">25<\/td><td class=\"column-10\">270x265<\/td><td class=\"column-11\">430x312<\/td>\n<\/tr>\n<tr class=\"row-3\">\n\t<td class=\"column-1\">KTJ23-31DG<\/td><td class=\"column-2\">753<\/td><td class=\"column-3\">524<\/td><td class=\"column-4\">592<\/td><td class=\"column-5\">632<\/td><td class=\"column-6\">440<\/td><td class=\"column-7\">36<\/td><td class=\"column-8\">50<\/td><td class=\"column-9\">25<\/td><td class=\"column-10\">335\u00d7320<\/td><td class=\"column-11\">550x380<\/td>\n<\/tr>\n<tr class=\"row-4\">\n\t<td class=\"column-1\">KTJ23-41DG<\/td><td class=\"column-2\">753<\/td><td class=\"column-3\">524<\/td><td class=\"column-4\">592<\/td><td class=\"column-5\">632<\/td><td class=\"column-6\">440<\/td><td class=\"column-7\">36<\/td><td class=\"column-8\">50<\/td><td class=\"column-9\">25<\/td><td class=\"column-10\">335x320<\/td><td class=\"column-11\">550x380<\/td>\n<\/tr>\n<tr class=\"row-5\">\n\t<td class=\"column-1\">KTJ22-20G<\/td><td class=\"column-2\">719<\/td><td class=\"column-3\">452<\/td><td class=\"column-4\">490<\/td><td class=\"column-5\">530<\/td><td class=\"column-6\">372<\/td><td class=\"column-7\">36<\/td><td class=\"column-8\">50<\/td><td class=\"column-9\">25<\/td><td class=\"column-10\">270x265<\/td><td class=\"column-11\">430x312<\/td>\n<\/tr>\n<tr class=\"row-6\">\n\t<td class=\"column-1\">KTJ23-31G<\/td><td class=\"column-2\">753<\/td><td class=\"column-3\">524<\/td><td class=\"column-4\">592<\/td><td class=\"column-5\">632<\/td><td class=\"column-6\">440<\/td><td class=\"column-7\">36<\/td><td class=\"column-8\">50<\/td><td class=\"column-9\">25<\/td><td class=\"column-10\">335x320<\/td><td class=\"column-11\">550x380<\/td>\n<\/tr>\n<tr class=\"row-7\">\n\t<td class=\"column-1\">KTJ23-41G<\/td><td class=\"column-2\">753<\/td><td class=\"column-3\">524<\/td><td class=\"column-4\">592<\/td><td class=\"column-5\">632<\/td><td class=\"column-6\">440<\/td><td class=\"column-7\">36<\/td><td class=\"column-8\">50<\/td><td class=\"column-9\">25<\/td><td class=\"column-10\">335x320<\/td><td class=\"column-11\">550x380<\/td>\n<\/tr>\n<tr class=\"row-8\">\n\t<td class=\"column-1\">KTJ28-51G<\/td><td class=\"column-2\">869<\/td><td class=\"column-3\">568<\/td><td class=\"column-4\">700<\/td><td class=\"column-5\">743<\/td><td class=\"column-6\">535<\/td><td class=\"column-7\">35<\/td><td class=\"column-8\">50<\/td><td class=\"column-9\">25<\/td><td class=\"column-10\">410x358<\/td><td class=\"column-11\">640x465<\/td>\n<\/tr>\n<tr class=\"row-9\">\n\t<td class=\"column-1\">KTJ28-61G<\/td><td class=\"column-2\">929<\/td><td class=\"column-3\">628<\/td><td class=\"column-4\">740<\/td><td class=\"column-5\">783<\/td><td class=\"column-6\">600<\/td><td class=\"column-7\">35<\/td><td class=\"column-8\">50<\/td><td class=\"column-9\">25<\/td><td class=\"column-10\">400x460<\/td><td class=\"column-11\">550x460<\/td>\n<\/tr>\n<\/tbody>\n<\/table>\n<!-- #tablepress-20 from cache --><\/div>\n<\/div>\n<div><\/div>\n<div class=\"woocb\"><a class=\"wocb\" href=\"http:\/\/www.beiaole.com\/wp-content\/uploads\/2025\/08\/d2.3.1.pdf\" target=\"_blank\" rel=\"noopener\">se former<\/a><\/div>\n<div><\/div>\n<p><img loading=\"lazy\" decoding=\"async\" class=\"aligncenter wp-image-15995 size-large\" src=\"http:\/\/www.beiaole.com\/wp-content\/uploads\/2025\/08\/s2.3-1024x695.png\" alt=\"KTJ Cabinet Fan Series-size\" width=\"1024\" height=\"695\" data-no-translation=\"\" \/><br \/>\nPerformance\u00a0:<\/p>\n<div class=\"scroll-table-wrapper\">\n<div class=\"scroll-table\">\n<table id=\"tablepress-21\" class=\"tablepress tablepress-id-21\">\n<thead>\n<tr class=\"row-1\">\n\t<th class=\"column-1\">mannequin<\/th><th class=\"column-2\">Tension (V)<\/th><th class=\"column-3\">Fr\u00e9quence (Hz)<\/th><th class=\"column-4\">Puissance(W)<\/th><th class=\"column-5\">D\u00e9bit d'air (m\u00b3\/h)<\/th><th class=\"column-6\">Pression statique (PA)<\/th><th class=\"column-7\">Vitesse (tr\/min)<\/th><th class=\"column-8\">Bruit (DB)<\/th><th class=\"column-9\">N.M (kg)<\/th>\n<\/tr>\n<\/thead>\n<tbody class=\"row-striping row-hover\">\n<tr class=\"row-2\">\n\t<td class=\"column-1\">KTJ22-20DG<\/td><td class=\"column-2\">220<\/td><td class=\"column-3\">50<\/td><td class=\"column-4\">250<\/td><td class=\"column-5\">2000<\/td><td class=\"column-6\">430<\/td><td class=\"column-7\">1340<\/td><td class=\"column-8\">55<\/td><td class=\"column-9\">32<\/td>\n<\/tr>\n<tr class=\"row-3\">\n\t<td class=\"column-1\">KTJ23-31DG<\/td><td class=\"column-2\">220<\/td><td class=\"column-3\">50<\/td><td class=\"column-4\">550<\/td><td class=\"column-5\">3100<\/td><td class=\"column-6\">440<\/td><td class=\"column-7\">1340<\/td><td class=\"column-8\">61<\/td><td class=\"column-9\">41<\/td>\n<\/tr>\n<tr class=\"row-4\">\n\t<td class=\"column-1\">KTJ23-41DG<\/td><td class=\"column-2\">220<\/td><td class=\"column-3\">50<\/td><td class=\"column-4\">750<\/td><td class=\"column-5\">4100<\/td><td class=\"column-6\">460<\/td><td class=\"column-7\">1340<\/td><td class=\"column-8\">65<\/td><td class=\"column-9\">43<\/td>\n<\/tr>\n<tr class=\"row-5\">\n\t<td class=\"column-1\">KTJ22-20G<\/td><td class=\"column-2\">380<\/td><td class=\"column-3\">50<\/td><td class=\"column-4\">250<\/td><td class=\"column-5\">2000<\/td><td class=\"column-6\">430<\/td><td class=\"column-7\">1340<\/td><td class=\"column-8\">55<\/td><td class=\"column-9\">32<\/td>\n<\/tr>\n<tr class=\"row-6\">\n\t<td class=\"column-1\">KTJ23-31G<\/td><td class=\"column-2\">380<\/td><td class=\"column-3\">50<\/td><td class=\"column-4\">550<\/td><td class=\"column-5\">3100<\/td><td class=\"column-6\">440<\/td><td class=\"column-7\">1340<\/td><td class=\"column-8\">61<\/td><td class=\"column-9\">41<\/td>\n<\/tr>\n<tr class=\"row-7\">\n\t<td class=\"column-1\">KTJ23-41G<\/td><td class=\"column-2\">380<\/td><td class=\"column-3\">50<\/td><td class=\"column-4\">750<\/td><td class=\"column-5\">4100<\/td><td class=\"column-6\">460<\/td><td class=\"column-7\">1340<\/td><td class=\"column-8\">65<\/td><td class=\"column-9\">43<\/td>\n<\/tr>\n<tr class=\"row-8\">\n\t<td class=\"column-1\">KTJ28-51G<\/td><td class=\"column-2\">380<\/td><td class=\"column-3\">50<\/td><td class=\"column-4\">750<\/td><td class=\"column-5\">5100<\/td><td class=\"column-6\">300<\/td><td class=\"column-7\">940<\/td><td class=\"column-8\">67<\/td><td class=\"column-9\">60<\/td>\n<\/tr>\n<tr class=\"row-9\">\n\t<td class=\"column-1\">KTJ28-61G<\/td><td class=\"column-2\">380<\/td><td class=\"column-3\">50<\/td><td class=\"column-4\">1100<\/td><td class=\"column-5\">6100<\/td><td class=\"column-6\">410<\/td><td class=\"column-7\">940<\/td><td class=\"column-8\">68<\/td><td class=\"column-9\">70.3<\/td>\n<\/tr>\n<\/tbody>\n<\/table>\n<!-- #tablepress-21 from cache --><\/div>\n<\/div>\n<div><\/div>\n<div class=\"woocb\"><a class=\"wocb\" href=\"http:\/\/www.beiaole.com\/wp-content\/uploads\/2025\/08\/d2.3.2.pdf\" target=\"_blank\" rel=\"noopener\">se former<\/a><\/div>\n<div><\/div>\n<p><img loading=\"lazy\" decoding=\"async\" class=\"aligncenter wp-image-17241 size-large\" src=\"http:\/\/www.beiaole.com\/wp-content\/uploads\/2025\/08\/x2.3-1024x344.jpg\" alt=\"KTJ Cabinet Fan Series-q1\" width=\"1024\" height=\"344\" data-no-translation=\"\" \/><\/p>","protected":false},"excerpt":{"rendered":"<ul>\n<li>\n<h2>Conception int\u00e9gr\u00e9e\u202fet\u202fconduite\u202fde-conduite\u00a0:<\/h2>\n<p>\u202f minimise la\u202fturbulence\u202fet\u202fvibration\u202fpour\u202fun\u202fstable,\u202fpuissante\u202fflux.<\/li>\n<li>\n<h2>Moteur d'\u00e9conomie d'\u00e9nergie :<\/h2>\n<p>\u202fHigh\u2011Efficience\u202fmoteur\u202fet\u202fboule\u202fproduit\u202fbruit,\u202fdur\u00e9e-de-long-vie\u202f.<\/li>\n<li>\n<h2>Syst\u00e8me int\u00e9gr\u00e9-filtration-filtration\u00a0:<\/h2>\n<p>\u202fcaptures\u202fpoussi\u00e8re,\u202fodors,\u202fet\u202ffine\u202fparticules\u202favant\u202fair\u2011entre\u202fdans la pi\u00e8ce.<\/li>\n<li>\n<h2>Plage flexible\u202fperformance\u00a0:<\/h2>\n<p>\u202fDelivers\u202fd\u2019entre-temps\u202f<strong>2\u00a0000\u00a0\u202f et\u00a06\u00a0100\u00a0m\u00b3\/h<\/strong>\u202fde\u202fairflow\u202favec\u202fstatique\u202fde\u202fup\u202f\u00e0\u202f460\u202fpa.<\/li>\n<li>\n<h2>Op\u00e9ration de calme\u00a0:<\/h2>\n<p>\u202fNiveaux\u202fNiveaux\u202fas\u202fBas\u202fas\u202f<strong>55\u202f\u2013\u202f68\u202fDB<\/strong>\u202fFaire\u202fit\u202fid\u00e9al\u202fpour\u202f\u00e0 la fois\u202fcommercial\u202fet\u202fd'ensembles industriels.<\/li>\n<li>\n<h2>Construction tout-m\u00e9tal :<\/h2>\n<p>\u202fConseil\u202fr\u00e9siste\u202fr\u00e9siste\u202fr\u00e9siste\u202fr\u00e9siste\u202fcorrosion,\u202fcorrosion,\u202fet\u202fuser\u202f\u00e0 la forte\u202futilisation.<\/li>\n<li>\n<h2>Entretien simple\u00a0:<\/h2>\n<p>\u202fPorts\u202fports\u202fpour\u202fpour\u202fdes\u202fd\u202fd\u2019filtre\u202f\u2019 et\u202fservice\u202fsans\u202fd\u00e9montage\u202fd\u2019un\u202fc\u00f4t\u00e9\u202fd\u2019inspection\u202fports\u202fpour\u202fles\u202fd\u2019un\u202fd\u2019un\u202fd\u2019un\u202fd\u2019entretien\u202fd\u2019.<\/li>\n<li>\n<h2>Durable et fiable :<\/h2>\n<p>\u202fCon\u00e7u\u202fpour\u202fcontinu\u202fdevoir\u202fdans\u202fd'environnements\u202fou\u202fduste\u202fdouce\u202fhumide\u202fdoueur.<\/li>\n<\/ul>\n<hr \/>","protected":false},"featured_media":4699,"comment_status":"open","ping_status":"closed","template":"","meta":{"_acf_changed":false},"product_brand":[],"product_cat":[66],"product_tag":[],"class_list":{"0":"post-4692","1":"product","2":"type-product","3":"status-publish","4":"has-post-thumbnail","6":"product_cat-cabinet-fan","8":"first","9":"instock","10":"taxable","11":"shipping-taxable","12":"purchasable","13":"product-type-variable","14":"has-default-attributes"},"acf":[],"_links":{"self":[{"href":"https:\/\/www.ecvents.com\/fr\/wp-json\/wp\/v2\/product\/4692","targetHints":{"allow":["GET"]}}],"collection":[{"href":"https:\/\/www.ecvents.com\/fr\/wp-json\/wp\/v2\/product"}],"about":[{"href":"https:\/\/www.ecvents.com\/fr\/wp-json\/wp\/v2\/types\/product"}],"replies":[{"embeddable":true,"href":"https:\/\/www.ecvents.com\/fr\/wp-json\/wp\/v2\/comments?post=4692"}],"wp:featuredmedia":[{"embeddable":true,"href":"https:\/\/www.ecvents.com\/fr\/wp-json\/wp\/v2\/media\/4699"}],"wp:attachment":[{"href":"https:\/\/www.ecvents.com\/fr\/wp-json\/wp\/v2\/media?parent=4692"}],"wp:term":[{"taxonomy":"product_brand","embeddable":true,"href":"https:\/\/www.ecvents.com\/fr\/wp-json\/wp\/v2\/product_brand?post=4692"},{"taxonomy":"product_cat","embeddable":true,"href":"https:\/\/www.ecvents.com\/fr\/wp-json\/wp\/v2\/product_cat?post=4692"},{"taxonomy":"product_tag","embeddable":true,"href":"https:\/\/www.ecvents.com\/fr\/wp-json\/wp\/v2\/product_tag?post=4692"}],"curies":[{"name":"WP","href":"https:\/\/api.w.org\/{rel}","templated":true}]}}