{"id":4708,"date":"2026-03-19T06:03:40","date_gmt":"2026-03-19T11:03:40","guid":{"rendered":"https:\/\/www.ecvents.com\/?post_type=product&#038;p=4708"},"modified":"2026-03-19T06:04:04","modified_gmt":"2026-03-19T11:04:04","slug":"serie-en-ligne","status":"publish","type":"product","link":"https:\/\/www.ecvents.com\/fr\/product\/serie-en-ligne\/","title":{"rendered":"s\u00e9ries en ligne"},"content":{"rendered":"<div class=\"someee\">\n<h2><strong>D\u00e9bit d'air r\u00e9gulier. Efficacit\u00e9 silencieuse. Con\u00e7u pour la ventilation au quotidien.<\/strong><\/h2>\n<p>le\u00a0<strong>FAN en ligne\u202fS\u00e9ries\u202fFAN<\/strong>\u00a0est l'un de ces \u00e9l\u00e9ments essentiels qui ne fait que garder l'\u00e9quilibre. Il se d\u00e9place r\u00e9guli\u00e8rement, fonctionne efficacement et se fond dans l'arri\u00e8re-plan.<\/p>\n<p>\u00c0 la base, il y a un\u00a0<strong>Tout\u2011moteur en cuivre<\/strong>, ing\u00e9nierie de pr\u00e9cision pour un \u00e9quilibre constant entre puissance et \u00e9conomies d'\u00e9nergie. jumel\u00e9 avec\u00a0<strong>Roulements de boules de haute qualit\u00e9<\/strong>, il fonctionne en douceur et en silence, ne produisant qu'un l\u00e9ger bourdonnement qui s'estompe en arri\u00e8re-plan. Le design int\u00e9gr\u00e9\u202fun-pi\u00e8ce\u202fmoteur\u202fet\u202fdesign\u202fdessin\u202fd\u2019air\u202fr\u00e9duit\u202fet\u202fdes\u202fdes\u202fvibrations\u202fet\u202fdes\u202fdes\u202f\u2019vid\u00e9os\u2019et\u202fdes\u202fdes\u202fd\u2019air\u202fpropres\u202fd\u2019air\u202fd\u2019\u00e9nergie\u202fd\u2019\u00e9nergie\u202fd\u2019\u00e9nergie\u202fd\u2019\u00e9nergie\u202fd\u2019\u00e9nergie\u202f\u202fd\u2019\u00e9nergie\u202f\u202fd\u2019\u00e9nergie\u202f\u202fsimilables\u202f.<\/p>\n<p>construit \u00e0 partir de\u00a0<strong>\u00c9pais,\u202facier de haute qualit\u00e9<\/strong>, le corps est solide et r\u00e9sistant. Il r\u00e9siste \u00e0 la flexion, \u00e0 la corrosion et \u00e0 l'usure\u202f\u2014\u202fcon\u00e7ues pour r\u00e9sister \u00e0 un fonctionnement continu\u202fen\u202fhumide\u202fou\u202fenvironnements industriels.\u202f Le\u202fcompact,\u202ftravail\u2011pr\u00eat\u202fconstruire\u202fd\u00e9livre\u202fla force\u202fsans\u202fbulk,\u202fit\u202fassi\u202fasy\u202f\u00e0\u202fd'installer\u202fas\u202fest\u202fd'entretenir.<\/p>\n<p>Disponible dans les\u202fplusieurs\u202fdimensions,\u202fles\u202fdes\u2011s\u00e9ries\u202fadapt\u00e9es\u202f\u00e0\u202fdes\u202fd\u2019ensemble\u202f\u2019-\u202fd\u2019a\u00e9rospatial\u202fet\u202fd\u2019aventiles\u202fd\u2019aventiles\u202fd\u2019entraide\u202fd\u2019\u0153uvres\u202fd\u2019\u0153uvres\u202fd\u2019entraide\u202fd\u2019\u0153uvres\u202fd\u2019\u0153uvre\u202fd\u2019\u0153uvre\u202fd\u2019\u0153uvre\u202fd\u2019entraide\u202fd\u2019\u0153uvres\u202fd\u2019\u0153uvre\u202fd\u2019\u0153uvre\u202fd\u2019\u0153uvre\u202fd\u2019\u0153uvre\u202fd\u2019\u0153uvre\u202fd\u2019\u0153uvre\u202fd\u2019entraide\u202fd\u2019\u0153uvre\u202fd\u2019entretien\u202fd\u2019\u0153uvres\u202fd\u2019\u0153uvre\u202fd\u2019\u0153uvre\u202fd\u2019\u0153uvre\u202fd\u2019\u0153uvre\u202fd\u2019entraide\u202fd\u2019\u0153uvres\u202fd\u2019\u0153uvres\u202fd\u2019\u0153uvre sa structure optimis\u00e9e, ses stimulations\u202fd'amplifier et de\u202fa\u202fassez\u202fd'a\u00e9rer\u202fdoubles\u202fdoubles\u202fdou\u202fdou\u202fair\u202fdou\u202fd\u2019air\u202fd\u2019a\u00e9ronef\u202fd\u2019a\u00e9ronef\u202fd\u2019a\u00e9ronef\u202fd\u2019a\u00e9ronef\u202fd\u2019a\u00e9ronef\u202fd\u2019a\u00e9ronef\u202fd\u2019une\u202fd\u2019aspect \u202fd\u2019aspect\u202fd\u2019aspect\u202fd\u2019aspect\u202fd\u2019a\u00e9ronef\u202fd\u2019a\u00e9ronef\u202fd\u2019a\u00e9ronef\u202fd\u2019a\u00e9rosurveillance\u202fd\u2019a\u00e9ronef\u202fd.<\/p>\n<p>Simple, calme et fiable\u202f\u2014\u202fla\u202fen\u2011ligne\u202fs\u00e9ries\u202ffan\u202fn\u2019est pas\u202f\u00e0 montrer\u202foff.\u202f C'est\u202f\u00e0 propos de\u202fconserver\u202fair\u202ffluide\u202f\u00e0 droite,\u202fjour\u202fapr\u00e8s\u202fjour.<\/p>\n<\/div>\n<hr \/>\n<p>Dimensions (unit\u00e9 : mm) :<\/p>\n<div class=\"scroll-table-wrapper\">\n<div class=\"scroll-table\">\n<table id=\"tablepress-26\" class=\"tablepress tablepress-id-26\">\n<thead>\n<tr class=\"row-1\">\n\t<th class=\"column-1\">mannequin<\/th><th class=\"column-2\">L<\/th><th class=\"column-3\">L1<\/th><th class=\"column-4\">l2<\/th><th class=\"column-5\">W<\/th><th class=\"column-6\">w1<\/th><th class=\"column-7\">H<\/th><th class=\"column-8\">H1<\/th><th class=\"column-9\">E<\/th><th class=\"column-10\">I<\/th>\n<\/tr>\n<\/thead>\n<tbody class=\"row-striping row-hover\">\n<tr class=\"row-2\">\n\t<td class=\"column-1\">DPT10-11<\/td><td class=\"column-2\">246<\/td><td class=\"column-3\">181<\/td><td class=\"column-4\">122.5<\/td><td class=\"column-5\">206<\/td><td class=\"column-6\">111.5<\/td><td class=\"column-7\">194<\/td><td class=\"column-8\">139<\/td><td class=\"column-9\">\u03c698<\/td><td class=\"column-10\">\u03c698<\/td>\n<\/tr>\n<tr class=\"row-3\">\n\t<td class=\"column-1\">DPT10-11F<\/td><td class=\"column-2\">246<\/td><td class=\"column-3\">181<\/td><td class=\"column-4\">122.5<\/td><td class=\"column-5\">206<\/td><td class=\"column-6\">111.5<\/td><td class=\"column-7\">194<\/td><td class=\"column-8\">139<\/td><td class=\"column-9\">\u03c698<\/td><td class=\"column-10\">\u03c698<\/td>\n<\/tr>\n<tr class=\"row-4\">\n\t<td class=\"column-1\">DPT15-34<\/td><td class=\"column-2\">306<\/td><td class=\"column-3\">230<\/td><td class=\"column-4\">122.5<\/td><td class=\"column-5\">247<\/td><td class=\"column-6\">141.5<\/td><td class=\"column-7\">259<\/td><td class=\"column-8\">176<\/td><td class=\"column-9\">\u03c6150<\/td><td class=\"column-10\">\u03c6150<\/td>\n<\/tr>\n<tr class=\"row-5\">\n\t<td class=\"column-1\">DPT15-34F<\/td><td class=\"column-2\">306<\/td><td class=\"column-3\">230<\/td><td class=\"column-4\">122.5<\/td><td class=\"column-5\">247<\/td><td class=\"column-6\">141.5<\/td><td class=\"column-7\">259<\/td><td class=\"column-8\">176<\/td><td class=\"column-9\">\u03c6150<\/td><td class=\"column-10\">\u03c6150<\/td>\n<\/tr>\n<tr class=\"row-6\">\n\t<td class=\"column-1\">DPT20-45F<\/td><td class=\"column-2\">369<\/td><td class=\"column-3\">297<\/td><td class=\"column-4\">170<\/td><td class=\"column-5\">290<\/td><td class=\"column-6\">185.5<\/td><td class=\"column-7\">325<\/td><td class=\"column-8\">220<\/td><td class=\"column-9\">\u03c6200<\/td><td class=\"column-10\">\u03c6200<\/td>\n<\/tr>\n<tr class=\"row-7\">\n\t<td class=\"column-1\">DPT20-65F<\/td><td class=\"column-2\">369<\/td><td class=\"column-3\">297<\/td><td class=\"column-4\">170<\/td><td class=\"column-5\">290<\/td><td class=\"column-6\">185.5<\/td><td class=\"column-7\">325<\/td><td class=\"column-8\">220<\/td><td class=\"column-9\">\u03c6200<\/td><td class=\"column-10\">\u03c6200<\/td>\n<\/tr>\n<tr class=\"row-8\">\n\t<td class=\"column-1\">DPT20-75<\/td><td class=\"column-2\">403<\/td><td class=\"column-3\">331<\/td><td class=\"column-4\">198<\/td><td class=\"column-5\">323<\/td><td class=\"column-6\">226<\/td><td class=\"column-7\">362<\/td><td class=\"column-8\">295<\/td><td class=\"column-9\">\u03c6200<\/td><td class=\"column-10\">\u03c6200<\/td>\n<\/tr>\n<\/tbody>\n<\/table>\n<!-- #tablepress-26 from cache --><\/div>\n<\/div>\n<div><\/div>\n<div class=\"woocb\"><a class=\"wocb\" href=\"http:\/\/www.beiaole.com\/wp-content\/uploads\/2025\/09\/d3.2.1.pdf\" target=\"_blank\" rel=\"noopener\">se former<\/a><\/div>\n<div><\/div>\n<p><img loading=\"lazy\" decoding=\"async\" class=\"aligncenter wp-image-16164 size-large\" src=\"http:\/\/www.beiaole.com\/wp-content\/uploads\/2025\/08\/s3.2-1024x450.png\" alt=\"In-Line Series-size\" width=\"1024\" height=\"450\" data-no-translation=\"\" \/><br \/>\nPerformance\u00a0:<\/p>\n<div class=\"scroll-table-wrapper\">\n<div class=\"scroll-table\">\n<table id=\"tablepress-27\" class=\"tablepress tablepress-id-27\">\n<thead>\n<tr class=\"row-1\">\n\t<th class=\"column-1\">mannequin<\/th><th class=\"column-2\">Tension (V)<\/th><th class=\"column-3\">Fr\u00e9quence (Hz)<\/th><th class=\"column-4\">embrayage<\/th><th class=\"column-5\">Puissance(W)<\/th><th class=\"column-6\">D\u00e9bit d'air (m\u00b3\/h)<\/th><th class=\"column-7\">Pression statique (PA)<\/th><th class=\"column-8\">Bruit (DB)<\/th><th class=\"column-9\">Taille du conduit (mm)<\/th><th class=\"column-10\">Domaine d'application (m\u00b2)<\/th><th class=\"column-11\">N.M (kg)<\/th><th class=\"column-12\">Bo\u00eete\/pi\u00e8ce<\/th>\n<\/tr>\n<\/thead>\n<tbody class=\"row-striping row-hover\">\n<tr class=\"row-2\">\n\t<td class=\"column-1\">DPT10-11<\/td><td class=\"column-2\">220<\/td><td class=\"column-3\">50<\/td><td class=\"column-4\">H\/L<\/td><td class=\"column-5\">28\/23<\/td><td class=\"column-6\">150\/100<\/td><td class=\"column-7\">65\/55<\/td><td class=\"column-8\">40\/35<\/td><td class=\"column-9\">\u03c6100<\/td><td class=\"column-10\">6-10<\/td><td class=\"column-11\">2.3<\/td><td class=\"column-12\">8<\/td>\n<\/tr>\n<tr class=\"row-3\">\n\t<td class=\"column-1\">DPT10-11F<\/td><td class=\"column-2\">220<\/td><td class=\"column-3\">50<\/td><td class=\"column-4\">H\/L<\/td><td class=\"column-5\">30\/26<\/td><td class=\"column-6\">250\/180<\/td><td class=\"column-7\">106\/80<\/td><td class=\"column-8\">45\/40<\/td><td class=\"column-9\">\u03c6100<\/td><td class=\"column-10\">10-12<\/td><td class=\"column-11\">2.3<\/td><td class=\"column-12\">8<\/td>\n<\/tr>\n<tr class=\"row-4\">\n\t<td class=\"column-1\">DPT15-34<\/td><td class=\"column-2\">220<\/td><td class=\"column-3\">50<\/td><td class=\"column-4\">H\/L<\/td><td class=\"column-5\">33\/27<\/td><td class=\"column-6\">400\/300<\/td><td class=\"column-7\">127\/120<\/td><td class=\"column-8\">42\/38<\/td><td class=\"column-9\">\u03c6150<\/td><td class=\"column-10\">10-25<\/td><td class=\"column-11\">3.5<\/td><td class=\"column-12\">4<\/td>\n<\/tr>\n<tr class=\"row-5\">\n\t<td class=\"column-1\">DPT15-34F<\/td><td class=\"column-2\">220<\/td><td class=\"column-3\">50<\/td><td class=\"column-4\">H\/L<\/td><td class=\"column-5\">70\/53<\/td><td class=\"column-6\">600\/500<\/td><td class=\"column-7\">170\/150<\/td><td class=\"column-8\">46\/42<\/td><td class=\"column-9\">\u03c6150<\/td><td class=\"column-10\">10-25<\/td><td class=\"column-11\">4.6<\/td><td class=\"column-12\">4<\/td>\n<\/tr>\n<tr class=\"row-6\">\n\t<td class=\"column-1\">DPT20-45F<\/td><td class=\"column-2\">220<\/td><td class=\"column-3\">50<\/td><td class=\"column-4\">H\/L<\/td><td class=\"column-5\">120\/106<\/td><td class=\"column-6\">900\/750<\/td><td class=\"column-7\">207\/190<\/td><td class=\"column-8\">48\/46<\/td><td class=\"column-9\">\u03c6200<\/td><td class=\"column-10\">25-38<\/td><td class=\"column-11\">7.8<\/td><td class=\"column-12\">1<\/td>\n<\/tr>\n<tr class=\"row-7\">\n\t<td class=\"column-1\">DPT20-65F<\/td><td class=\"column-2\">220<\/td><td class=\"column-3\">50<\/td><td class=\"column-4\">H\/L<\/td><td class=\"column-5\">190\/180<\/td><td class=\"column-6\">1500\/1350<\/td><td class=\"column-7\">220\/200<\/td><td class=\"column-8\">52\/50<\/td><td class=\"column-9\">\u03c6200<\/td><td class=\"column-10\">48-80<\/td><td class=\"column-11\">8.5<\/td><td class=\"column-12\">1<\/td>\n<\/tr>\n<tr class=\"row-8\">\n\t<td class=\"column-1\">DPT20-75<\/td><td class=\"column-2\">220<\/td><td class=\"column-3\">50<\/td><td class=\"column-4\">H\/L<\/td><td class=\"column-5\">270\/265<\/td><td class=\"column-6\">2100\/1800<\/td><td class=\"column-7\">380\/290<\/td><td class=\"column-8\">62\/55<\/td><td class=\"column-9\">\u03c6200<\/td><td class=\"column-10\">80-90<\/td><td class=\"column-11\">10.5<\/td><td class=\"column-12\">1<\/td>\n<\/tr>\n<\/tbody>\n<\/table>\n<!-- #tablepress-27 from cache --><\/div>\n<\/div>\n<div><\/div>\n<div class=\"woocb\"><a class=\"wocb\" href=\"http:\/\/www.beiaole.com\/wp-content\/uploads\/2025\/09\/d3.2.2.pdf\" target=\"_blank\" rel=\"noopener\">se former<\/a><\/div>\n<div><\/div>\n<p><img loading=\"lazy\" decoding=\"async\" class=\"aligncenter wp-image-17253 size-large\" src=\"http:\/\/www.beiaole.com\/wp-content\/uploads\/2025\/08\/x3.2-1024x304.jpg\" alt=\"In-Line Series-q1\" width=\"1024\" height=\"304\" data-no-translation=\"\" \/><\/p>","protected":false},"excerpt":{"rendered":"<ul>\n<li>\n<h2>Moteur d'\u00e9conomie d'\u00e9nergie :<\/h2>\n<p>\u202fTout\u2011cuivre\u202fnoyau\u202favec\u202fdes\u202foutre-portes\u202fd\u2019une\u202ftr\u00e8s\u202fs\u00e9curit\u00e9\u202fd\u2019une op\u00e9ration efficace.<\/li>\n<li>\n<h2>Structure monobloc-air\u202fconduite\u00a0:<\/h2>\n<p>\u202fStream\u00e9\u202fmoteur\u202fet\u202fcasing\u202fconception\u202fr\u00e9duit\u202fr\u00e9sistance\u202fpour\u202fsmoother\u202fairflow.<\/li>\n<li>\n<h2>Construction tout-m\u00e9tal :<\/h2>\n<p>\u202fThick\u202fSteel\u202fHousing\u202fRoue\u202fRoue,\u202fvibration,\u202fet\u202fimpact\u202fpour\u202f\u00e0 long terme\u202fdurabilit\u00e9.<\/li>\n<li>\n<h2>Haute\u202fAir\u202fPerformance\u00a0:<\/h2>\n<p>\u202fDelivers\u202fAirflow\u202fde\u202f150\u202f\u00e0\u202f2,100\u202fm\u00b3\/h\u202fet\u202fdes\u202fd\u202f\u00e0\u202f380\u202fPA\u202fdistances-de-longueur\u202fd\u2019autres.<\/li>\n<li>\n<h2>Op\u00e9ration de calme\u00a0:<\/h2>\n<p>\u202foptimis\u00e9\u202fdynamiques\u202fdynamiques\u202fgarder\u202fbruit\u202fen-dessous\u202f62\u202fdb\u202fd\u00e9pendant\u202fon\u202fet\u202fde\u202fde\u202fde\u202fde\u202fde\u202fet\u202fde\u202fde\u202fde\u202fd\u2019appoint\u202fd\u2019optimis\u00e9e.<\/li>\n<li>\n<h2>Contr\u00f4le \u00e0 double vitesse\u00a0:<\/h2>\n<p>\u202f Haut\u202f\/\u202fBas\u202fdifficile\u202fd\u2019accorder\u202fmanuel\u202fAjustement\u202f\u00e0\u202fcorrespondre\u202fet\u202fde\u202fde-saison\u202fconformit\u00e9.<\/li>\n<li>\n<h2>Compact\u202fet\u202fflexible\u00a0:<\/h2>\n<p>\u202fFits\u202fDuct\u202fSizes\u202fde\u202f\u00f8100\u202fmm\u202f\u00e0\u202f\u00f8200\u202fmm,\u202fid\u00e9al\u202fpour\u202fdes syst\u00e8mes r\u00e9sidentiels\u202fou\u202fcommercial.<\/li>\n<li>\n<h2>Faible entretien\u00a0:<\/h2>\n<p>\u202fSimple\u202finstallation\u202fet\u202faccessible\u202fdes\u202fdes\u202fnettoyage\u202fet\u202fd'entretien\u202ffacile.<\/li>\n<\/ul>\n<hr \/>","protected":false},"featured_media":4731,"comment_status":"open","ping_status":"closed","template":"","meta":{"_acf_changed":false},"product_brand":[],"product_cat":[27],"product_tag":[],"class_list":{"0":"post-4708","1":"product","2":"type-product","3":"status-publish","4":"has-post-thumbnail","6":"product_cat-inline-duct-fan","8":"first","9":"instock","10":"taxable","11":"shipping-taxable","12":"purchasable","13":"product-type-variable","14":"has-default-attributes"},"acf":[],"_links":{"self":[{"href":"https:\/\/www.ecvents.com\/fr\/wp-json\/wp\/v2\/product\/4708","targetHints":{"allow":["GET"]}}],"collection":[{"href":"https:\/\/www.ecvents.com\/fr\/wp-json\/wp\/v2\/product"}],"about":[{"href":"https:\/\/www.ecvents.com\/fr\/wp-json\/wp\/v2\/types\/product"}],"replies":[{"embeddable":true,"href":"https:\/\/www.ecvents.com\/fr\/wp-json\/wp\/v2\/comments?post=4708"}],"wp:featuredmedia":[{"embeddable":true,"href":"https:\/\/www.ecvents.com\/fr\/wp-json\/wp\/v2\/media\/4731"}],"wp:attachment":[{"href":"https:\/\/www.ecvents.com\/fr\/wp-json\/wp\/v2\/media?parent=4708"}],"wp:term":[{"taxonomy":"product_brand","embeddable":true,"href":"https:\/\/www.ecvents.com\/fr\/wp-json\/wp\/v2\/product_brand?post=4708"},{"taxonomy":"product_cat","embeddable":true,"href":"https:\/\/www.ecvents.com\/fr\/wp-json\/wp\/v2\/product_cat?post=4708"},{"taxonomy":"product_tag","embeddable":true,"href":"https:\/\/www.ecvents.com\/fr\/wp-json\/wp\/v2\/product_tag?post=4708"}],"curies":[{"name":"WP","href":"https:\/\/api.w.org\/{rel}","templated":true}]}}