{"id":4716,"date":"2026-03-19T06:03:41","date_gmt":"2026-03-19T11:03:41","guid":{"rendered":"https:\/\/www.ecvents.com\/?post_type=product&#038;p=4716"},"modified":"2026-03-19T06:04:04","modified_gmt":"2026-03-19T11:04:04","slug":"serie-en-ligne-2-facons","status":"publish","type":"product","link":"https:\/\/www.ecvents.com\/fr\/product\/serie-en-ligne-2-facons\/","title":{"rendered":"S\u00e9rie en ligne 2 fa\u00e7ons"},"content":{"rendered":"<div class=\"someee\">\n<h2><strong>Double flux. Puissance constante. Con\u00e7u pour une ventilation continue.<\/strong><\/h2>\n<p>le\u00a0<strong>Fan en ligne\u202fs\u00e9ries\u202f2\u202fways\u202fFAN<\/strong>\u00a0Il est con\u00e7u pour garder l'air en mouvement sans \u00e0-coups et silencieux sur de longues courses de gaine, compacte, solide dans sa construction et efficace dans tous les d\u00e9tails. C'est le type d'\u00e9quipement de ventilation qui fonctionne silencieusement en arri\u00e8re-plan, d\u00e9livrant un flux d'air fiable jour apr\u00e8s jour sans attirer l'attention.<\/p>\n<p>Au fond, un\u00a0<strong>Tout\u2011\u00c9conomie-\u00c9nergie\u202fmoteur<\/strong>\u00a0jumel\u00e9 avec\u00a0<strong>Roulements de boules de haute qualit\u00e9<\/strong>\u00a0Assure un fonctionnement fluide et silencieux et une long\u00e9vit\u00e9 exceptionnelle. Le moteur, la turbine et le conduit d'air sont con\u00e7us comme une structure simple et rationalis\u00e9e, permettant \u00e0 l'air de se d\u00e9placer librement avec une r\u00e9sistance minimale. Cette int\u00e9gration pr\u00e9cise r\u00e9duit non seulement les vibrations, mais maintient \u00e9galement des performances stables et une consommation d'\u00e9nergie r\u00e9duite tout au long de sa dur\u00e9e de vie.<\/p>\n<p>construit \u00e0 partir de\u00a0<strong>Acier de qualit\u00e9 sup\u00e9rieure<\/strong>, le bo\u00eetier tout en m\u00e9tal semble robuste et fiable d\u00e8s le moment o\u00f9 vous le manipulez. Form\u00e9 en une seule pi\u00e8ce, le ch\u00e2ssis r\u00e9siste \u00e0 la rouille, \u00e0 la d\u00e9formation et aux contraintes m\u00e9caniques, construits pour la durabilit\u00e9 dans des conditions r\u00e9sidentielles et industrielles.<\/p>\n<p>La s\u00e9rie propose\u00a0<strong>Plusieurs options de mod\u00e8les<\/strong>\u00a0Avec diff\u00e9rentes capacit\u00e9s de flux d'air et tailles de gaines, ce qui le rend adaptable \u00e0 une large gamme de syst\u00e8mes de ventilation. Il peut fonctionner comme une solution autonome\u202fsoit\u202fou\u202fconnecte\u202fdans\u202fdes\u202fd\u2019autres\u202ffans\u202fd\u2019distance\u202fair\u202fd\u2019air\u202fd\u2019air\u202fdistance\u202fdistance. Malgr\u00e9 sa force, il fonctionne silencieusement, en maintenant un flux d'air efficace et \u00e9quilibr\u00e9 \u00e0 chaque coin du syst\u00e8me.<\/p>\n<p>Forte, r\u00e9guli\u00e8re et intelligemment compacte, la\u202fin-ligne\u202fs\u00e9ries\u202f2\u202fways\u202ffan\u202fdelivers\u202fininterrompues\u202fd\u2019a\u00e9ration\u202fque\u202fvous\u202fr\u00e9ellement\u202fd\u2019aspect\u202fd\u2019assez\u202fr\u00e9aliste\u202fnef\u202fneed\u202fneeds\u202fneeds\u202fneeds\u202fneeds\u202fneeds\u202fneeds\u202fneeds\u202fa-t-enfran\u00e7ais\u202fd\u2019ex\u00e9cution\u202fr\u00e9formes\u202fnef\u202fd\u2019apport\u202fr\u00e9forme\u202fneeds\u202fneeds\u202fneeds\u202fneeds\u202fneeds\u202fa-t-enfran\u00e7ais\u202fd\u2019une op\u00e9ration\u202fr\u00e9ine\u202fd\u2019ex\u00e9cution\u202fr\u00e9forme\u202fneed\u202fa-t-enfran\u00e7ais\ufffd.<\/p>\n<\/div>\n<hr \/>\n<p>Dimensions (unit\u00e9 : mm) :<\/p>\n<div class=\"scroll-table-wrapper\">\n<div class=\"scroll-table\">\n<table id=\"tablepress-28\" class=\"tablepress tablepress-id-28\">\n<thead>\n<tr class=\"row-1\">\n\t<th class=\"column-1\">mannequin<\/th><th class=\"column-2\">L<\/th><th class=\"column-3\">L1<\/th><th class=\"column-4\">l2<\/th><th class=\"column-5\">\u03c6e<\/th><th class=\"column-6\">W<\/th><th class=\"column-7\">w1<\/th><th class=\"column-8\">H<\/th><th class=\"column-9\">H1<\/th><th class=\"column-10\">\u03c6i<\/th>\n<\/tr>\n<\/thead>\n<tbody class=\"row-striping row-hover\">\n<tr class=\"row-2\">\n\t<td class=\"column-1\">DPT10-11(1T2)<\/td><td class=\"column-2\">246<\/td><td class=\"column-3\">181<\/td><td class=\"column-4\">122.5<\/td><td class=\"column-5\">75<\/td><td class=\"column-6\">210<\/td><td class=\"column-7\">111.5<\/td><td class=\"column-8\">194<\/td><td class=\"column-9\">139<\/td><td class=\"column-10\">98<\/td>\n<\/tr>\n<tr class=\"row-3\">\n\t<td class=\"column-1\">DPT10-11F(1T2)<\/td><td class=\"column-2\">246<\/td><td class=\"column-3\">180<\/td><td class=\"column-4\">122.5<\/td><td class=\"column-5\">75<\/td><td class=\"column-6\">210<\/td><td class=\"column-7\">111.5<\/td><td class=\"column-8\">194<\/td><td class=\"column-9\">139<\/td><td class=\"column-10\">98<\/td>\n<\/tr>\n<tr class=\"row-4\">\n\t<td class=\"column-1\">DPT15-34(1T2)<\/td><td class=\"column-2\">306<\/td><td class=\"column-3\">230<\/td><td class=\"column-4\">122.5<\/td><td class=\"column-5\">100<\/td><td class=\"column-6\">243<\/td><td class=\"column-7\">141.5<\/td><td class=\"column-8\">259<\/td><td class=\"column-9\">176<\/td><td class=\"column-10\">150<\/td>\n<\/tr>\n<\/tbody>\n<\/table>\n<!-- #tablepress-28 from cache --><\/div>\n<\/div>\n<div><\/div>\n<div class=\"woocb\"><a class=\"wocb\" href=\"http:\/\/www.beiaole.com\/wp-content\/uploads\/2025\/09\/d3.3.1.pdf\" target=\"_blank\" rel=\"noopener\">se former<\/a><\/div>\n<div><\/div>\n<p><img loading=\"lazy\" decoding=\"async\" class=\"aligncenter wp-image-16183 size-large\" src=\"http:\/\/www.beiaole.com\/wp-content\/uploads\/2025\/08\/s3.3-1024x442.png\" alt=\"In-Line Series 2 Ways-size\" width=\"1024\" height=\"442\" data-no-translation=\"\" \/><br \/>\nPerformance\u00a0:<\/p>\n<div class=\"scroll-table-wrapper\">\n<div class=\"scroll-table\">\n<table id=\"tablepress-29\" class=\"tablepress tablepress-id-29\">\n<thead>\n<tr class=\"row-1\">\n\t<th class=\"column-1\">mannequin<\/th><th class=\"column-2\">Tension (V)<\/th><th class=\"column-3\">Fr\u00e9quence (Hz)<\/th><th class=\"column-4\">embrayage<\/th><th class=\"column-5\">Puissance(W)<\/th><th class=\"column-6\">D\u00e9bit d'air (m\u00b3\/h)<\/th><th class=\"column-7\">Pression statique (PA)<\/th><th class=\"column-8\">Bruit (DB)<\/th><th class=\"column-9\">Taille du conduit (mm)<\/th><th class=\"column-10\">Domaine d'application (m\u00b2)<\/th><th class=\"column-11\">N.M (kg)<\/th><th class=\"column-12\">Bo\u00eete\/pi\u00e8ce<\/th>\n<\/tr>\n<\/thead>\n<tbody class=\"row-striping row-hover\">\n<tr class=\"row-2\">\n\t<td class=\"column-1\">DPT10-11(1T2)<\/td><td class=\"column-2\">220<\/td><td class=\"column-3\">50<\/td><td class=\"column-4\">H\/L<\/td><td class=\"column-5\">28\/23<\/td><td class=\"column-6\">160\/130<\/td><td class=\"column-7\">75\/65<\/td><td class=\"column-8\">38\/35<\/td><td class=\"column-9\">IN80\/OUT100<\/td><td class=\"column-10\">7-15<\/td><td class=\"column-11\">2.3<\/td><td class=\"column-12\">4<\/td>\n<\/tr>\n<tr class=\"row-3\">\n\t<td class=\"column-1\">DPT10-11F(1T2)<\/td><td class=\"column-2\">220<\/td><td class=\"column-3\">50<\/td><td class=\"column-4\">H\/L<\/td><td class=\"column-5\">30\/26<\/td><td class=\"column-6\">200\/180<\/td><td class=\"column-7\">200\/180<\/td><td class=\"column-8\">43\/38<\/td><td class=\"column-9\">IN80\/OUT100<\/td><td class=\"column-10\">7-15<\/td><td class=\"column-11\">2.6<\/td><td class=\"column-12\">4<\/td>\n<\/tr>\n<tr class=\"row-4\">\n\t<td class=\"column-1\">DPT15-34(1T2)<\/td><td class=\"column-2\">220<\/td><td class=\"column-3\">50<\/td><td class=\"column-4\">H\/L<\/td><td class=\"column-5\">42\/43<\/td><td class=\"column-6\">400\/320<\/td><td class=\"column-7\">155\/145<\/td><td class=\"column-8\">52\/49<\/td><td class=\"column-9\">IN100\/OUT150<\/td><td class=\"column-10\">7-15<\/td><td class=\"column-11\">4.6<\/td><td class=\"column-12\">4<\/td>\n<\/tr>\n<\/tbody>\n<\/table>\n<!-- #tablepress-29 from cache --><\/div>\n<\/div>\n<div><\/div>\n<div class=\"woocb\"><a class=\"wocb\" href=\"http:\/\/www.beiaole.com\/wp-content\/uploads\/2025\/09\/d3.3.2.pdf\" target=\"_blank\" rel=\"noopener\">se former<\/a><\/div>\n<div><\/div>\n<p><img loading=\"lazy\" decoding=\"async\" class=\"aligncenter wp-image-17257 size-large\" src=\"http:\/\/www.beiaole.com\/wp-content\/uploads\/2025\/08\/x3.3-1024x329.jpg\" alt=\"In-Line Series 2 Ways-q1\" width=\"1024\" height=\"329\" data-no-translation=\"\" \/><\/p>","protected":false},"excerpt":{"rendered":"<ul>\n<li>\n<h2>Conception \u00e0 double entr\u00e9e\u00a0:<\/h2>\n<p>\u202f1\u2011\u00e0\u20112\u202fair\u202fstructure\u202foptimise\u202fla pression\u202fstabilit\u00e9\u202fet\u202fl'air\u202fdistribution\u202f\u00e0 travers\u202flongues\u202fconduits.<\/li>\n<li>\n<h2>Moteur en cuivre efficace et efficace :<\/h2>\n<p>\u202fdurable,\u202fmoteur\u202f\u00e0 faible bruit\u202favec\u202fball\u202fbous\u202fsoins\u202fdouble,\u202fcontinu.<\/li>\n<li>\n<h2>Construction tout-m\u00e9tal :<\/h2>\n<p>\u202f single-pi\u00e8ce\u202facier\u202fhousing\u202fr\u00e9siste\u202frouille,\u202fd\u00e9filement,\u202fet\u202fvibration\u202fpour\u202f\u00e0 long terme\u202fconsommation\u202f\u00e0 long terme.<\/li>\n<li>\n<h2>Compact,\u202fSyst\u00e9me rationalis\u00e9\u00a0:<\/h2>\n<p>\u202fB\u00e2ti\u2011in\u202fmoteur\u202fet\u202fconduit\u202falignement\u202fr\u00e9duire\u202fturbulence\u202fet\u202faugmentant\u202fd\u2019efficacit\u00e9.<\/li>\n<li>\n<h2>Calme\u202fperformance\u00a0:<\/h2>\n<p>\u202fNiveaux\u202fNiveaux\u202fas\u202flow\u202fas\u202f35\u202f\u2013\u202f52\u202fdb\u202fkeep\u202foperation\u202fdiscret\u202fm\u00eame\u202fin\u202fliving\u202fou\u202fespaces.<\/li>\n<li>\n<h2>Capacit\u00e9 de pression \u00e9lev\u00e9e-air\u202f:<\/h2>\n<p>\u202fstatique\u202fpression\u202fup\u202f\u00e0\u202f200\u202fPA\u202fpour\u202ffort\u202fventilation\u202fvio-travaux\u202fd'ex\u00e9cutions\u202fd'amplification.<\/li>\n<li>\n<h2>Int\u00e9gration flexible\u00a0:<\/h2>\n<p>\u202fDisponible\u202fin\u202fplusieurs\u202fdimensions\u202fpour\u202find\u00e9pendante\u202fou\u202fmulti\u2011fan\u202fapplications\u202f.<\/li>\n<li>\n<h2>Faible entretien\u00a0:<\/h2>\n<p>\u202fCompact\u202fcorps\u202favec\u202facc\u00e8s\u202ffacile\u202fpour\u202fle\u202fnettoyage\u202fet\u202fd\u2019entretien.<\/li>\n<\/ul>\n<hr \/>","protected":false},"featured_media":4732,"comment_status":"open","ping_status":"closed","template":"","meta":{"_acf_changed":false},"product_brand":[],"product_cat":[27],"product_tag":[],"class_list":{"0":"post-4716","1":"product","2":"type-product","3":"status-publish","4":"has-post-thumbnail","6":"product_cat-inline-duct-fan","8":"first","9":"instock","10":"taxable","11":"shipping-taxable","12":"purchasable","13":"product-type-variable","14":"has-default-attributes"},"acf":[],"_links":{"self":[{"href":"https:\/\/www.ecvents.com\/fr\/wp-json\/wp\/v2\/product\/4716","targetHints":{"allow":["GET"]}}],"collection":[{"href":"https:\/\/www.ecvents.com\/fr\/wp-json\/wp\/v2\/product"}],"about":[{"href":"https:\/\/www.ecvents.com\/fr\/wp-json\/wp\/v2\/types\/product"}],"replies":[{"embeddable":true,"href":"https:\/\/www.ecvents.com\/fr\/wp-json\/wp\/v2\/comments?post=4716"}],"wp:featuredmedia":[{"embeddable":true,"href":"https:\/\/www.ecvents.com\/fr\/wp-json\/wp\/v2\/media\/4732"}],"wp:attachment":[{"href":"https:\/\/www.ecvents.com\/fr\/wp-json\/wp\/v2\/media?parent=4716"}],"wp:term":[{"taxonomy":"product_brand","embeddable":true,"href":"https:\/\/www.ecvents.com\/fr\/wp-json\/wp\/v2\/product_brand?post=4716"},{"taxonomy":"product_cat","embeddable":true,"href":"https:\/\/www.ecvents.com\/fr\/wp-json\/wp\/v2\/product_cat?post=4716"},{"taxonomy":"product_tag","embeddable":true,"href":"https:\/\/www.ecvents.com\/fr\/wp-json\/wp\/v2\/product_tag?post=4716"}],"curies":[{"name":"WP","href":"https:\/\/api.w.org\/{rel}","templated":true}]}}