{"id":4736,"date":"2026-03-19T06:04:07","date_gmt":"2026-03-19T11:04:07","guid":{"rendered":"https:\/\/www.ecvents.com\/?post_type=product&#038;p=4736"},"modified":"2026-03-19T06:04:31","modified_gmt":"2026-03-19T11:04:31","slug":"ventilateur-de-boite-en-ligne-a-sens-unique-2","status":"publish","type":"product","link":"https:\/\/www.ecvents.com\/fr\/product\/ventilateur-de-boite-en-ligne-a-sens-unique-2\/","title":{"rendered":"Ventilateur de bo\u00eete en ligne \u00e0 sens unique"},"content":{"rendered":"<div class=\"someee\">\n<h2><strong>Forte fluidit\u00e9. Performance r\u00e9guli\u00e8re. Con\u00e7u pour une ventilation continue.<\/strong><\/h2>\n<p>le\u00a0<strong>Fan de la single\u202fway\u202finline\u202fbox\u202f<\/strong>\u00a0est con\u00e7u pour ceux qui exigent un flux d'air fiable sans bruit ni complexit\u00e9. Compact, durable et efficace, il fournit une ventilation coh\u00e9rente sur les syst\u00e8mes de gaines \u00e0 longs - le type de ventilateur que vous installez une fois, puis oubliez, car il continue de faire son travail.<\/p>\n<p>Au c\u0153ur du syst\u00e8me se trouve un\u00a0<strong>Tout\u2011\u00c9conomie-\u00c9nergie\u202fmoteur<\/strong>\u00a0jumel\u00e9 avec\u00a0<strong>Roulements de boules de haute qualit\u00e9<\/strong>\u00a0Pour une stabilit\u00e9 \u00e0 long terme et un fonctionnement ultra-silencieux. Le moteur et le conduit d'air sont con\u00e7us comme une unit\u00e9 a\u00e9rodynamique unique, permettant \u00e0 l'air de passer en douceur avec une r\u00e9sistance minimale. Cette conception de pr\u00e9cision assure un flux d'air fort et une pression \u00e9quilibr\u00e9e tout en maintenant une consommation d'\u00e9nergie faible.<\/p>\n<p>construit \u00e0 partir de\u00a0<strong>Acier de qualit\u00e9 sup\u00e9rieure<\/strong>, le logement tout-m\u00e9tal conf\u00e8re au ventilateur son poids solide et sa fiabilit\u00e9. Il est con\u00e7u comme une seule pi\u00e8ce qui r\u00e9siste \u00e0 la rouille, aux vibrations et aux d\u00e9formations.<\/p>\n<p>Ce qui le rend particuli\u00e8rement polyvalent, c'est son\u00a0<strong>Dimensionnement flexible et compatibilit\u00e9<\/strong>. Avec plusieurs\u202fmodels\u202fet\u202fd\u00e9fouloirs\u202fcapacit\u00e9s\u202fvariant\u202fde\u202f300\u202f\u00e0\u202f4\u00a0000\u202fm\u00b3\/h, il s\u2019adapte aux petits et grands espaces, fonctionnant en tant que seul ou en unit\u00e9 de ventilation autonome. Installation\u202fest-directe,\u202fet\u202fune fois\u202fdifficile,\u202fauvegard\u00e9\u202fd\u2019un\u202fnef\u202fbruit\u202fet\u202fconformit\u00e9\u202fet\u202fcons\u00e9cutive\u202fsur-le\u202fa\u202fa\u202fsi-sante\u202fcornerstone\u202fde\u202ftout\u202fauvet\u202fsyst\u00e8me\u202fd\u2019un syst\u00e8me de ventilation.<\/p>\n<p>R\u00e9sistance silencieuse, conception efficace et d\u00e9bit d'air fiable - Le ventilateur \u00e0 sens unique en ligne permet de garder vos syst\u00e8mes d'air \u00e9quilibr\u00e9s et vos espaces confortables sans demander d'attention.<\/p>\n<\/div>\n<hr \/>\n<p>Dimensions (unit\u00e9 : mm) :<\/p>\n<div class=\"scroll-table-wrapper\">\n<div class=\"scroll-table\">\n<table id=\"tablepress-34\" class=\"tablepress tablepress-id-34\">\n<thead>\n<tr class=\"row-1\">\n\t<th class=\"column-1\">mannequin<\/th><th class=\"column-2\">L<\/th><th class=\"column-3\">L1<\/th><th class=\"column-4\">W<\/th><th class=\"column-5\">w1<\/th><th class=\"column-6\">H<\/th><th class=\"column-7\">H1<\/th><th class=\"column-8\">C<\/th>\n<\/tr>\n<\/thead>\n<tbody class=\"row-striping row-hover\">\n<tr class=\"row-2\">\n\t<td class=\"column-1\">DPT15-40<\/td><td class=\"column-2\">450<\/td><td class=\"column-3\">200<\/td><td class=\"column-4\">310<\/td><td class=\"column-5\">349<\/td><td class=\"column-6\">226<\/td><td class=\"column-7\">30<\/td><td class=\"column-8\">\u03c6150<\/td>\n<\/tr>\n<tr class=\"row-3\">\n\t<td class=\"column-1\">DPT20-70<\/td><td class=\"column-2\">463<\/td><td class=\"column-3\">263<\/td><td class=\"column-4\">325<\/td><td class=\"column-5\">363<\/td><td class=\"column-6\">240<\/td><td class=\"column-7\">126.5<\/td><td class=\"column-8\">\u03c6200<\/td>\n<\/tr>\n<tr class=\"row-4\">\n\t<td class=\"column-1\">DPT20-150<\/td><td class=\"column-2\">513<\/td><td class=\"column-3\">313<\/td><td class=\"column-4\">385<\/td><td class=\"column-5\">423<\/td><td class=\"column-6\">260<\/td><td class=\"column-7\">136.5<\/td><td class=\"column-8\">\u03c6200<\/td>\n<\/tr>\n<tr class=\"row-5\">\n\t<td class=\"column-1\">DPT25-210<\/td><td class=\"column-2\">553<\/td><td class=\"column-3\">353<\/td><td class=\"column-4\">417<\/td><td class=\"column-5\">455<\/td><td class=\"column-6\">300<\/td><td class=\"column-7\">155.5<\/td><td class=\"column-8\">\u03a6250<\/td>\n<\/tr>\n<tr class=\"row-6\">\n\t<td class=\"column-1\">DPT25-260<\/td><td class=\"column-2\">570<\/td><td class=\"column-3\">370<\/td><td class=\"column-4\">442<\/td><td class=\"column-5\">480<\/td><td class=\"column-6\">300<\/td><td class=\"column-7\">155.5<\/td><td class=\"column-8\">\u03a6250<\/td>\n<\/tr>\n<tr class=\"row-7\">\n\t<td class=\"column-1\">DPT25-320<\/td><td class=\"column-2\">615<\/td><td class=\"column-3\">423<\/td><td class=\"column-4\">500<\/td><td class=\"column-5\">538<\/td><td class=\"column-6\">375<\/td><td class=\"column-7\">173.5<\/td><td class=\"column-8\">\u03a6300<\/td>\n<\/tr>\n<\/tbody>\n<\/table>\n<!-- #tablepress-34 from cache --><\/div>\n<\/div>\n<div><\/div>\n<div class=\"woocb\"><a class=\"wocb\" href=\"http:\/\/www.beiaole.com\/wp-content\/uploads\/2025\/08\/d3.6.1.pdf\" target=\"_blank\" rel=\"noopener\">se former<\/a><\/div>\n<div><\/div>\n<p><img loading=\"lazy\" decoding=\"async\" class=\"aligncenter wp-image-16592 size-large\" src=\"http:\/\/www.beiaole.com\/wp-content\/uploads\/2025\/08\/s3.6-1024x475.png\" alt=\"Single Way Inline Box Fan-size\" width=\"1024\" height=\"475\" data-no-translation=\"\" \/><br \/>\nPerformance\u00a0:<\/p>\n<div class=\"scroll-table-wrapper\">\n<div class=\"scroll-table\">\n<table id=\"tablepress-35\" class=\"tablepress tablepress-id-35\">\n<thead>\n<tr class=\"row-1\">\n\t<th class=\"column-1\">mannequin<\/th><th class=\"column-2\">Tension (V)<\/th><th class=\"column-3\">Fr\u00e9quence (Hz)<\/th><th class=\"column-4\">embrayage<\/th><th class=\"column-5\">Puissance(W)<\/th><th class=\"column-6\">D\u00e9bit d'air (m\u00b3\/h)<\/th><th class=\"column-7\">Pression statique (PA)<\/th><th class=\"column-8\">Bruit (DB)<\/th><th class=\"column-9\">Taille du conduit (mm)<\/th><th class=\"column-10\">Domaine d'application (m\u00b2)<\/th><th class=\"column-11\">N.W(kg)<\/th>\n<\/tr>\n<\/thead>\n<tbody class=\"row-striping row-hover\">\n<tr class=\"row-2\">\n\t<td class=\"column-1\">DPT15-40<\/td><td class=\"column-2\">220<\/td><td class=\"column-3\">50<\/td><td class=\"column-4\">H\/L<\/td><td class=\"column-5\">53\/70<\/td><td class=\"column-6\">300\/400<\/td><td class=\"column-7\">150-170<\/td><td class=\"column-8\">40<\/td><td class=\"column-9\">\u03c6150<\/td><td class=\"column-10\">20-25<\/td><td class=\"column-11\">7.5<\/td>\n<\/tr>\n<tr class=\"row-3\">\n\t<td class=\"column-1\">DPT20-70<\/td><td class=\"column-2\">220<\/td><td class=\"column-3\">50<\/td><td class=\"column-4\">H\/L<\/td><td class=\"column-5\">110\/95<\/td><td class=\"column-6\">500\/700<\/td><td class=\"column-7\">180\/160<\/td><td class=\"column-8\">45<\/td><td class=\"column-9\">\u03c6200<\/td><td class=\"column-10\">30-35<\/td><td class=\"column-11\">8.5<\/td>\n<\/tr>\n<tr class=\"row-4\">\n\t<td class=\"column-1\">DPT20-150<\/td><td class=\"column-2\">220<\/td><td class=\"column-3\">50<\/td><td class=\"column-4\">H\/L<\/td><td class=\"column-5\">160\/120<\/td><td class=\"column-6\">1200\/1500<\/td><td class=\"column-7\">350\/320<\/td><td class=\"column-8\">48<\/td><td class=\"column-9\">\u03c6200<\/td><td class=\"column-10\">60-80<\/td><td class=\"column-11\">15.5<\/td>\n<\/tr>\n<tr class=\"row-5\">\n\t<td class=\"column-1\">DPT25-210<\/td><td class=\"column-2\">220<\/td><td class=\"column-3\">50<\/td><td class=\"column-4\">H\/L<\/td><td class=\"column-5\">240\/150<\/td><td class=\"column-6\">1700\/2100<\/td><td class=\"column-7\">400\/370<\/td><td class=\"column-8\">50<\/td><td class=\"column-9\">\u03a6250<\/td><td class=\"column-10\">85-120<\/td><td class=\"column-11\">19.0<\/td>\n<\/tr>\n<tr class=\"row-6\">\n\t<td class=\"column-1\">DPT25-260<\/td><td class=\"column-2\">220<\/td><td class=\"column-3\">50<\/td><td class=\"column-4\">H\/L<\/td><td class=\"column-5\">300\/200<\/td><td class=\"column-6\">2300\/2600<\/td><td class=\"column-7\">450\/420<\/td><td class=\"column-8\">55<\/td><td class=\"column-9\">\u03a6250<\/td><td class=\"column-10\">150-210<\/td><td class=\"column-11\">20.0<\/td>\n<\/tr>\n<tr class=\"row-7\">\n\t<td class=\"column-1\">DPT30-320<\/td><td class=\"column-2\">220<\/td><td class=\"column-3\">50<\/td><td class=\"column-4\">H\/L<\/td><td class=\"column-5\">350\/450<\/td><td class=\"column-6\">2800\/3200<\/td><td class=\"column-7\">500\/530<\/td><td class=\"column-8\">62<\/td><td class=\"column-9\">\u03a6300<\/td><td class=\"column-10\">240-270<\/td><td class=\"column-11\">22.0<\/td>\n<\/tr>\n<tr class=\"row-8\">\n\t<td class=\"column-1\">DPT30-400<\/td><td class=\"column-2\">220<\/td><td class=\"column-3\">50<\/td><td class=\"column-4\">H\/L<\/td><td class=\"column-5\">510\/457<\/td><td class=\"column-6\">4000\/3600<\/td><td class=\"column-7\">560\/530<\/td><td class=\"column-8\">66<\/td><td class=\"column-9\">\u03a6300<\/td><td class=\"column-10\">300-270<\/td><td class=\"column-11\">25.0<\/td>\n<\/tr>\n<\/tbody>\n<\/table>\n<!-- #tablepress-35 from cache --><\/div>\n<\/div>\n<div><\/div>\n<div class=\"woocb\"><a class=\"wocb\" href=\"http:\/\/www.beiaole.com\/wp-content\/uploads\/2025\/08\/d3.6.2.pdf\" target=\"_blank\" rel=\"noopener\">se former<\/a><\/div>\n<div><\/div>\n<p><img loading=\"lazy\" decoding=\"async\" class=\"aligncenter wp-image-17269 size-large\" src=\"http:\/\/www.beiaole.com\/wp-content\/uploads\/2025\/08\/x3.6-1024x298.jpg\" alt=\"Single Way Inline Box Fan-q1\" width=\"1024\" height=\"298\" data-no-translation=\"\" \/><\/p>","protected":false},"excerpt":{"rendered":"<ul>\n<li>\n<h2>Moteur efficace en cuivre :<\/h2>\n<p>\u202f\u00c9nergie\u2011\u00c9conomie\u202fmoteur\u202favec\u202fboule\u202froulements\u202ffournit\u202fperformance\u202fd\u202fd\u202fd\u202fop\u00e9rabilit\u00e9\u202fd\u2019un\u202fd\u2019\u00e9nergie.<\/li>\n<li>\n<h2>Logement tout-m\u00e9tal :<\/h2>\n<p>\u202fSingle\u2011pi\u00e8ce\u202facier\u202fconstruction\u202fr\u00e9siste\u202fcorrosion\u202fet\u202fvibration\u202fpour\u202f\u00e0 long terme\u202findustrie\u202fdelabilit.<\/li>\n<li>\n<h2>Flux d'air haute pression :<\/h2>\n<p>\u202fG\u00e9n\u00e8re\u202fstatique\u202fpression\u202fup\u202f\u00e0\u202f560\u202fPA\u202fpour\u202feffective\u202f\u00e0\u202f\u00e0 travers\u202fd'ex\u00e9cutions.<\/li>\n<li>\n<h2>Op\u00e9ration de calme\u00a0:<\/h2>\n<p>\u202foptimized\u202fair\u202fcanal\u202fconception\u202fr\u00e9duit\u202fbruit\u202f\u00e0\u202fas\u202fpeu\u202fas\u202f40\u202f\u2013\u202f66\u202fdb,\u202fd\u00e9pendant\u202fde\u202fet\u202fla vitesse.<\/li>\n<li>\n<h2>Flexible\u202fperformance\u00a0:<\/h2>\n<p>\u202fdeux\u2011speed\u202fcontrol\u202f(\u00e9lev\u00e9\u202f\/\u202fbas)\u202f\u00e9quilibr\u00e9s\u202fpuissance\u202fet\u202fd'efficacit\u00e9\u202fpour\u202fdes\u202fdiff\u00e9rents\u202fdiff\u00e9rents\u202fdiff\u00e9rents.<\/li>\n<li>\n<h2>Sortie a\u00e9rienne forte\u00a0:<\/h2>\n<p>\u202fDelivers\u202fdt\u202fd\u2019300\u202fet\u202f4,000\u202fm\u00b3\/h\u202fpour\u202fdes\u202fup\u202f\u00e0\u202f270\u202fm\u00b2,\u202fcouverte\u202f\u00e0\u202fdes applications industrielles.<\/li>\n<li>\n<h2>Installation facile et maintenance\u00a0:<\/h2>\n<p>\u202fCompact\u202fcorps\u202fet\u202faccessible\u202fconception\u202fsimplicite\u202fconfigurer\u202fet\u202fnettoyage\u202fpour\u202ftout\u202fsyst\u00e8me de ventilation.<\/li>\n<li>\n<h2>Dur\u00e9e de vie longue dur\u00e9e\u00a0:<\/h2>\n<p>\u202fCon\u00e7u\u202fpour\u202fcontinu\u202futilisation\u202favec\u202fstable\u202fd'op\u00e9ration\u202fet\u202fminimale\u202fd'heure.<\/li>\n<\/ul>\n<hr \/>","protected":false},"featured_media":4763,"comment_status":"open","ping_status":"closed","template":"","meta":{"_acf_changed":false},"product_brand":[],"product_cat":[27],"product_tag":[],"class_list":{"0":"post-4736","1":"product","2":"type-product","3":"status-publish","4":"has-post-thumbnail","6":"product_cat-inline-duct-fan","8":"first","9":"outofstock","10":"taxable","11":"shipping-taxable","12":"purchasable","13":"product-type-variable"},"acf":[],"_links":{"self":[{"href":"https:\/\/www.ecvents.com\/fr\/wp-json\/wp\/v2\/product\/4736","targetHints":{"allow":["GET"]}}],"collection":[{"href":"https:\/\/www.ecvents.com\/fr\/wp-json\/wp\/v2\/product"}],"about":[{"href":"https:\/\/www.ecvents.com\/fr\/wp-json\/wp\/v2\/types\/product"}],"replies":[{"embeddable":true,"href":"https:\/\/www.ecvents.com\/fr\/wp-json\/wp\/v2\/comments?post=4736"}],"wp:featuredmedia":[{"embeddable":true,"href":"https:\/\/www.ecvents.com\/fr\/wp-json\/wp\/v2\/media\/4763"}],"wp:attachment":[{"href":"https:\/\/www.ecvents.com\/fr\/wp-json\/wp\/v2\/media?parent=4736"}],"wp:term":[{"taxonomy":"product_brand","embeddable":true,"href":"https:\/\/www.ecvents.com\/fr\/wp-json\/wp\/v2\/product_brand?post=4736"},{"taxonomy":"product_cat","embeddable":true,"href":"https:\/\/www.ecvents.com\/fr\/wp-json\/wp\/v2\/product_cat?post=4736"},{"taxonomy":"product_tag","embeddable":true,"href":"https:\/\/www.ecvents.com\/fr\/wp-json\/wp\/v2\/product_tag?post=4736"}],"curies":[{"name":"WP","href":"https:\/\/api.w.org\/{rel}","templated":true}]}}