{"id":4743,"date":"2026-03-19T06:04:08","date_gmt":"2026-03-19T11:04:08","guid":{"rendered":"https:\/\/www.ecvents.com\/?post_type=product&#038;p=4743"},"modified":"2026-03-19T06:04:59","modified_gmt":"2026-03-19T11:04:59","slug":"ventilateur-centrifuge-en-ligne-rond-en-metal","status":"publish","type":"product","link":"https:\/\/www.ecvents.com\/fr\/product\/ventilateur-centrifuge-en-ligne-rond-en-metal\/","title":{"rendered":"Ventilateur centrifuge en ligne rond en m\u00e9tal"},"content":{"rendered":"<div class=\"someee\">\n<h2><strong>Construction solide. pression constante. Con\u00e7u pour une fiabilit\u00e9 \u00e0 long terme.<\/strong><\/h2>\n<p>le\u00a0<strong>M\u00e9tal\u202frond\u202fcentrifuge\u202fen ligne\u202ffan<\/strong>\u00a0est con\u00e7u pour un usage simple.\u202f\u2014\u202fPour maintenir l'air en douceur, silencieusement et puissamment jour apr\u00e8s jour. C'est le genre de machine fiable que vous installez une fois, faites enti\u00e8rement confiance et que vous pensez rarement \u00e0 nouveau.<\/p>\n<p>\u00c0 la base se trouve un\u00a0<strong>Tout\u2011\u00c9conomie-\u00c9nergie\u202fmoteur<\/strong>, Con\u00e7u pour l'endurance et l'efficacit\u00e9. combin\u00e9 avec\u00a0<strong>Roulements de boules de haute qualit\u00e9<\/strong>, il fonctionne avec un minimum de vibrations ou de bruit, offrant des performances fiables sur des ann\u00e9es d'utilisation continue. L'\u00e9quilibre et la durabilit\u00e9 du moteur en font le c\u0153ur silencieux et stable d'une ventilation fiable.<\/p>\n<p>La force du ventilateur vient de son\u00a0<strong>Construction tout en m\u00e9tal<\/strong>, fabriqu\u00e9 \u00e0 partir d'un acier \u00e9pais pour la rigidit\u00e9 et la protection. Le bo\u00eetier sans couture r\u00e9siste \u00e0 la corrosion, \u00e0 la flexion et au d\u00e9formation, ce qui le rend parfaitement adapt\u00e9 aux serres, aux ateliers, aux sous-sols ou aux environnements d'usine o\u00f9 l'humidit\u00e9 et la pression sont des d\u00e9fis constants. Une fois install\u00e9, il reste en place, fonctionne sans probl\u00e8me sans ajustement.<\/p>\n<p>Compact dans la forme mais performant, le\u00a0<strong>Centrifuge\u202fImpulseur<\/strong>\u00a0La conception fournit une haute pression et un d\u00e9bit d'air \u00e0 longue distance, id\u00e9al pour les applications conduits qui n\u00e9cessitent des performances constantes. Avec plusieurs tailles disponibles de 100\u00a0mm\u00a0\u00e0\u00a0315\u00a0mm, elle s'int\u00e8gre facilement, qu'elle soit utilis\u00e9e comme unit\u00e9 autonome ou associ\u00e9e \u00e0 d'autres ventilateurs pour une port\u00e9e \u00e9tendue ou un volume d'air plus \u00e9lev\u00e9.<\/p>\n<p>Fiable, efficace et silencieux, le m\u00e9tal ne peut pas \u00eatre promis -\u202f il ne fait que promettre un flux d'air stable.<\/p>\n<\/div>\n<hr \/>\n<p>Dimensions (unit\u00e9 : mm) :<\/p>\n<div class=\"scroll-table-wrapper\">\n<div class=\"scroll-table\">\n<table id=\"tablepress-36\" class=\"tablepress tablepress-id-36\">\n<thead>\n<tr class=\"row-1\">\n\t<th class=\"column-1\">mannequin<\/th><th class=\"column-2\">a<\/th><th class=\"column-3\">b<\/th><th class=\"column-4\">c<\/th><th class=\"column-5\">\u00d8d<\/th>\n<\/tr>\n<\/thead>\n<tbody class=\"row-striping row-hover\">\n<tr class=\"row-2\">\n\t<td class=\"column-1\">DJT10-25B<\/td><td class=\"column-2\">195<\/td><td class=\"column-3\">30<\/td><td class=\"column-4\">237<\/td><td class=\"column-5\">98<\/td>\n<\/tr>\n<tr class=\"row-3\">\n\t<td class=\"column-1\">DJT12-35B<\/td><td class=\"column-2\">196<\/td><td class=\"column-3\">30<\/td><td class=\"column-4\">237<\/td><td class=\"column-5\">123<\/td>\n<\/tr>\n<tr class=\"row-4\">\n\t<td class=\"column-1\">DJT15-45B<\/td><td class=\"column-2\">238<\/td><td class=\"column-3\">30<\/td><td class=\"column-4\">326<\/td><td class=\"column-5\">148<\/td>\n<\/tr>\n<tr class=\"row-5\">\n\t<td class=\"column-1\">DJT16-45B<\/td><td class=\"column-2\">240<\/td><td class=\"column-3\">30<\/td><td class=\"column-4\">326<\/td><td class=\"column-5\">158<\/td>\n<\/tr>\n<tr class=\"row-6\">\n\t<td class=\"column-1\">DJT20-46B<\/td><td class=\"column-2\">224<\/td><td class=\"column-3\">30<\/td><td class=\"column-4\">326<\/td><td class=\"column-5\">198<\/td>\n<\/tr>\n<tr class=\"row-7\">\n\t<td class=\"column-1\">DJT25-66B<\/td><td class=\"column-2\">224<\/td><td class=\"column-3\">30<\/td><td class=\"column-4\">326<\/td><td class=\"column-5\">248<\/td>\n<\/tr>\n<tr class=\"row-8\">\n\t<td class=\"column-1\">DJT31 -66b<\/td><td class=\"column-2\">240<\/td><td class=\"column-3\">30<\/td><td class=\"column-4\">396<\/td><td class=\"column-5\">313<\/td>\n<\/tr>\n<\/tbody>\n<\/table>\n<!-- #tablepress-36 from cache --><\/div>\n<\/div>\n<div><\/div>\n<div class=\"woocb\"><a class=\"wocb\" href=\"http:\/\/www.beiaole.com\/wp-content\/uploads\/2025\/08\/d3.7.1.pdf\" target=\"_blank\" rel=\"noopener\">se former<\/a><\/div>\n<div><\/div>\n<p><img loading=\"lazy\" decoding=\"async\" class=\"aligncenter wp-image-16614 size-large\" src=\"http:\/\/www.beiaole.com\/wp-content\/uploads\/2025\/08\/s3.7-1024x965.png\" alt=\"Metal Round Centrifugal Inline Fan-size\" width=\"1024\" height=\"965\" data-no-translation=\"\" \/><br \/>\nPerformance\u00a0:<\/p>\n<div class=\"scroll-table-wrapper\">\n<div class=\"scroll-table\">\n<table id=\"tablepress-37\" class=\"tablepress tablepress-id-37\">\n<thead>\n<tr class=\"row-1\">\n\t<th class=\"column-1\">mannequin<\/th><th class=\"column-2\">Tension (V)<\/th><th class=\"column-3\">Fr\u00e9quence (Hz)<\/th><th class=\"column-4\">D\u00e9bit d'air (m\u00b3\/h)<\/th><th class=\"column-5\">Puissance(W)<\/th><th class=\"column-6\">Pression statique (PA)<\/th><th class=\"column-7\">Bruit (DB)<\/th><th class=\"column-8\">Taille du conduit (mm)<\/th><th class=\"column-9\">Domaine d'application (m\u00b2)<\/th><th class=\"column-10\">Taille de l'emballage (cm)<\/th><th class=\"column-11\">Poids de l'emballage (kg)<\/th>\n<\/tr>\n<\/thead>\n<tbody class=\"row-striping row-hover\">\n<tr class=\"row-2\">\n\t<td class=\"column-1\">DJT10-25B<\/td><td class=\"column-2\">220~240<\/td><td class=\"column-3\">50<\/td><td class=\"column-4\">300<\/td><td class=\"column-5\">61<\/td><td class=\"column-6\">377<\/td><td class=\"column-7\">62<\/td><td class=\"column-8\">\u00d8100<\/td><td class=\"column-9\">12-16<\/td><td class=\"column-10\">31*31*25<\/td><td class=\"column-11\">3.5<\/td>\n<\/tr>\n<tr class=\"row-3\">\n\t<td class=\"column-1\">DJT12-35B<\/td><td class=\"column-2\">220~240<\/td><td class=\"column-3\">50<\/td><td class=\"column-4\">385<\/td><td class=\"column-5\">62<\/td><td class=\"column-6\">339<\/td><td class=\"column-7\">61<\/td><td class=\"column-8\">\u00d8125<\/td><td class=\"column-9\">16-21<\/td><td class=\"column-10\">31*31*25<\/td><td class=\"column-11\">3.5<\/td>\n<\/tr>\n<tr class=\"row-4\">\n\t<td class=\"column-1\">DJT15-45B<\/td><td class=\"column-2\">220~240<\/td><td class=\"column-3\">50<\/td><td class=\"column-4\">700<\/td><td class=\"column-5\">88<\/td><td class=\"column-6\">399<\/td><td class=\"column-7\">66<\/td><td class=\"column-8\">\u00d8150<\/td><td class=\"column-9\">29-38<\/td><td class=\"column-10\">40*40*29<\/td><td class=\"column-11\">5<\/td>\n<\/tr>\n<tr class=\"row-5\">\n\t<td class=\"column-1\">DJT16-45B<\/td><td class=\"column-2\">220~240<\/td><td class=\"column-3\">50<\/td><td class=\"column-4\">760<\/td><td class=\"column-5\">91<\/td><td class=\"column-6\">352<\/td><td class=\"column-7\">67<\/td><td class=\"column-8\">\u00d8160<\/td><td class=\"column-9\">31-42<\/td><td class=\"column-10\">40*40*29<\/td><td class=\"column-11\">5<\/td>\n<\/tr>\n<tr class=\"row-6\">\n\t<td class=\"column-1\">DJT20-46B<\/td><td class=\"column-2\">220~240<\/td><td class=\"column-3\">50<\/td><td class=\"column-4\">1165<\/td><td class=\"column-5\">168<\/td><td class=\"column-6\">594<\/td><td class=\"column-7\">70<\/td><td class=\"column-8\">\u00d8200<\/td><td class=\"column-9\">48-64<\/td><td class=\"column-10\">40*40*29<\/td><td class=\"column-11\">5.8<\/td>\n<\/tr>\n<tr class=\"row-7\">\n\t<td class=\"column-1\">DJT25-66B<\/td><td class=\"column-2\">220~240<\/td><td class=\"column-3\">50<\/td><td class=\"column-4\">1255<\/td><td class=\"column-5\">185<\/td><td class=\"column-6\">596<\/td><td class=\"column-7\">70<\/td><td class=\"column-8\">\u00d8250<\/td><td class=\"column-9\">52-69<\/td><td class=\"column-10\">40*40*29<\/td><td class=\"column-11\">5.9<\/td>\n<\/tr>\n<tr class=\"row-8\">\n\t<td class=\"column-1\">DJT31 -66b<\/td><td class=\"column-2\">220~240<\/td><td class=\"column-3\">50<\/td><td class=\"column-4\">1740<\/td><td class=\"column-5\">223<\/td><td class=\"column-6\">720<\/td><td class=\"column-7\">76<\/td><td class=\"column-8\">\u00d8315<\/td><td class=\"column-9\">72-96<\/td><td class=\"column-10\">46*43.5*32<\/td><td class=\"column-11\">7<\/td>\n<\/tr>\n<\/tbody>\n<\/table>\n<!-- #tablepress-37 from cache --><\/div>\n<\/div>\n<div><\/div>\n<div class=\"woocb\"><a class=\"wocb\" href=\"http:\/\/www.beiaole.com\/wp-content\/uploads\/2025\/08\/d3.7.2.pdf\" target=\"_blank\" rel=\"noopener\">se former<\/a><\/div>\n<div><\/div>\n<p><img loading=\"lazy\" decoding=\"async\" class=\"aligncenter wp-image-17276 size-large\" src=\"http:\/\/www.beiaole.com\/wp-content\/uploads\/2025\/08\/x3.7.1-1024x222.jpg\" alt=\"Metal Round Centrifugal Inline Fan-q1\" width=\"1024\" height=\"222\" data-no-translation=\"\" \/><br \/>\n<img loading=\"lazy\" decoding=\"async\" class=\"aligncenter wp-image-17277 size-large\" src=\"http:\/\/www.beiaole.com\/wp-content\/uploads\/2025\/08\/x3.7.2-1024x215.jpg\" alt=\"Metal Round Centrifugal Inline Fan-q2\" width=\"1024\" height=\"215\" data-no-translation=\"\" \/><\/p>","protected":false},"excerpt":{"rendered":"<ul>\n<li>\n<h2>Durable\u202fTout\u2011Construction en m\u00e9tal :<\/h2>\n<p>\u202fNotre\u202fen\u202fen\u202fdevoir\u202f lourd\u202fr\u00e9siste\u202fr\u00e9siste\u202frou-rust\u202fd\u00e9formation\u202fpour\u202f\u00e0 long terme\u202fconsommation.<\/li>\n<li>\n<h2>Moteur d'\u00e9conomie d'\u00e9nergie :<\/h2>\n<p>\u202fHigh\u2011Efficience\u202fmoteur\u202favec\u202fballe\u202froulements\u202fcours\u202fdifficile\u202fet\u202ftil\u202fdurant\u202fconsommation\u202fd\u2019une puissance.<\/li>\n<li>\n<h2>Syst\u00e8me centrifugeur-airflow-syst\u00e8me\u00a0:<\/h2>\n<p>\u202ffort\u202fstatique\u202fpression\u202f(377\u202f\u2013\u202f720\u202fPA)\u202fles\u202feffets\u202feffectifs\u202fair\u202fdelivery\u202fdelcroyants.<\/li>\n<li>\n<h2>Calme\u202fperformance\u00a0:<\/h2>\n<p>\u202f\u00e0 faible\u202fbruit\u202fsortie\u202f(61\u202f\u2013\u202f76\u202fdB)\u202f\u00e9quilibre\u202fair\u202favec\u202facoustique\u202fpour\u202fdes espaces\u202fou\u202fou\u202fr\u00e9sidentielles\u202f.<\/li>\n<li>\n<h2>Op\u00e9ration stable\u00a0:<\/h2>\n<p>\u202fInsecondaire\u202fcoquille\u202fet\u202f\u00e9quilibr\u00e9e\u202fd'impulseur\u202fminimiser\u202fr\u00e9sonance\u202fet\u202fd'extension\u202fmoteur\u202fvie.<\/li>\n<li>\n<h2>Compact\u202fTaille,\u202fSortie \u00e9lev\u00e9e\u00a0:<\/h2>\n<p>\u202fAirflow\u202fGrange\u202fde\u202f300\u202f\u00e0\u202f1,740\u202fm\u00b3\/h\u202fcouvre\u202fpetites\u202fchambres\u202f\u00e0\u202fd\u00e9velopp\u00e9es\u202fd\u2019industries.<\/li>\n<li>\n<h2>Int\u00e9gration flexible\u00a0:<\/h2>\n<p>\u202fDisponible\u202fin\u202fconduit\u202ftaille\u202f\u00d8100\u202f\u2013\u202f\u00f8315\u202fMM\u202fpour\u202fd'utiliser\u202fas\u202fa\u202fstand\u2011simple\u202fou\u202fseries\u202famplificateur.<\/li>\n<li>\n<h2>Installation facile et maintenance\u00a0:<\/h2>\n<p>\u202fSimple\u202fmontage\u202fet\u202faccessible\u202fd'habitation\u202fpour\u202fle nettoyage\u202fet\u202fd'inspection.<\/li>\n<\/ul>\n<hr \/>","protected":false},"featured_media":4764,"comment_status":"open","ping_status":"closed","template":"","meta":{"_acf_changed":false},"product_brand":[],"product_cat":[27],"product_tag":[],"class_list":{"0":"post-4743","1":"product","2":"type-product","3":"status-publish","4":"has-post-thumbnail","6":"product_cat-inline-duct-fan","8":"first","9":"instock","10":"taxable","11":"shipping-taxable","12":"purchasable","13":"product-type-variable","14":"has-default-attributes"},"acf":[],"_links":{"self":[{"href":"https:\/\/www.ecvents.com\/fr\/wp-json\/wp\/v2\/product\/4743","targetHints":{"allow":["GET"]}}],"collection":[{"href":"https:\/\/www.ecvents.com\/fr\/wp-json\/wp\/v2\/product"}],"about":[{"href":"https:\/\/www.ecvents.com\/fr\/wp-json\/wp\/v2\/types\/product"}],"replies":[{"embeddable":true,"href":"https:\/\/www.ecvents.com\/fr\/wp-json\/wp\/v2\/comments?post=4743"}],"wp:featuredmedia":[{"embeddable":true,"href":"https:\/\/www.ecvents.com\/fr\/wp-json\/wp\/v2\/media\/4764"}],"wp:attachment":[{"href":"https:\/\/www.ecvents.com\/fr\/wp-json\/wp\/v2\/media?parent=4743"}],"wp:term":[{"taxonomy":"product_brand","embeddable":true,"href":"https:\/\/www.ecvents.com\/fr\/wp-json\/wp\/v2\/product_brand?post=4743"},{"taxonomy":"product_cat","embeddable":true,"href":"https:\/\/www.ecvents.com\/fr\/wp-json\/wp\/v2\/product_cat?post=4743"},{"taxonomy":"product_tag","embeddable":true,"href":"https:\/\/www.ecvents.com\/fr\/wp-json\/wp\/v2\/product_tag?post=4743"}],"curies":[{"name":"WP","href":"https:\/\/api.w.org\/{rel}","templated":true}]}}