{"id":4744,"date":"2026-03-19T06:04:08","date_gmt":"2026-03-19T11:04:08","guid":{"rendered":"https:\/\/www.ecvents.com\/?post_type=product&#038;p=4744"},"modified":"2026-03-19T06:04:31","modified_gmt":"2026-03-19T11:04:31","slug":"ventilateur-en-ligne-a-flux-mixte","status":"publish","type":"product","link":"https:\/\/www.ecvents.com\/fr\/product\/ventilateur-en-ligne-a-flux-mixte\/","title":{"rendered":"Ventilateur en ligne \u00e0 flux mixte"},"content":{"rendered":"<div class=\"someee\">\n<h2><strong>Forte fluidit\u00e9. stabilit\u00e9 tranquille. Con\u00e7u pour un mouvement continu de l'air.<\/strong><\/h2>\n<p>le\u00a0<strong>Mixte\u202fFlow\u202fInline\u202fFan<\/strong>\u00a0Est-ce le genre d'\u00e9quipement que vous installez une fois et auquel vous ne pensez plus, non pas parce que c'est ordinaire, mais parce que cela fonctionne simplement. Jour apr\u00e8s jour, il maintient l'air circulant silencieusement et efficacement \u00e0 travers de longs conduits, en maintenant une ventilation \u00e9quilibr\u00e9e l\u00e0 o\u00f9 il est n\u00e9cessaire.<\/p>\n<p>\u00c0 la base, se trouve un\u00a0<strong>Tout\u2011\u00c9conomie-\u00c9nergie\u202fmoteur<\/strong>\u00a0avec\u00a0<strong>Roulements de boules de haute qualit\u00e9<\/strong>, Con\u00e7u pour une fiabilit\u00e9 fluide et silencieuse au cours des ann\u00e9es de fonctionnement continu. Le bo\u00eetier du moteur int\u00e9gr\u00e9 et la structure du conduit d'air assurent un d\u00e9placement sans turbulence, sans turbulence, ni vibration ni bruit suppl\u00e9mentaire, ce qui permet une pression constante et un d\u00e9bit fort, m\u00eame sur des distances \u00e9tendues.<\/p>\n<p>Con\u00e7u pour l'endurance, son\u00a0<strong>Tout\u2011corps en m\u00e9tal<\/strong>\u00a0Il est fabriqu\u00e9 en acier de pr\u00e9cision qui reste rigide et sans rouille, m\u00eame dans des conditions difficiles. le\u00a0<strong>Conception compacte \u00e0 flux mixte<\/strong>\u00a0Fusion des forces du flux d'air axial et centrifuge : haute pression, livraison \u00e0 longue distance et faible bruit sous une forme simple.<\/p>\n<p>Flexible en utilisation et en installation, le FAN mixte, \u00e0 flux-en-ligne, convient \u00e0 tout, des maisons et bureaux aux salles de culture, aux ateliers et aux syst\u00e8mes industriels. Plusieurs tailles de mod\u00e8les vous permettent de trouver la solution id\u00e9ale pour la configuration de votre gaine, voire de combiner des unit\u00e9s pour une plus grande port\u00e9e et des performances.<\/p>\n<p>Fiable, silencieux et efficace, ce ventilateur fonctionne fid\u00e8lement dans les coulisses, en gardant votre air propre, vos syst\u00e8mes efficaces et votre environnement \u00e9quilibr\u00e9 sans effort ni maintenance.<\/p>\n<\/div>\n<hr \/>\n<p>Dimensions (unit\u00e9 : mm) :<\/p>\n<div class=\"scroll-table-wrapper\">\n<div class=\"scroll-table\">\n<table id=\"tablepress-48\" class=\"tablepress tablepress-id-48\">\n<thead>\n<tr class=\"row-1\">\n\t<th class=\"column-1\">mannequin<\/th><th class=\"column-2\">L<\/th><th class=\"column-3\">W<\/th><th class=\"column-4\">H<\/th><th class=\"column-5\">E<\/th>\n<\/tr>\n<\/thead>\n<tbody class=\"row-striping row-hover\">\n<tr class=\"row-2\">\n\t<td class=\"column-1\">DPT-100p<\/td><td class=\"column-2\">257<\/td><td class=\"column-3\">180<\/td><td class=\"column-4\">215<\/td><td class=\"column-5\">\u03c699<\/td>\n<\/tr>\n<tr class=\"row-3\">\n\t<td class=\"column-1\">DPT-150P<\/td><td class=\"column-2\">302<\/td><td class=\"column-3\">210<\/td><td class=\"column-4\">245<\/td><td class=\"column-5\">\u03a6148<\/td>\n<\/tr>\n<tr class=\"row-4\">\n\t<td class=\"column-1\">DPT-200P<\/td><td class=\"column-2\">302<\/td><td class=\"column-3\">230<\/td><td class=\"column-4\">270<\/td><td class=\"column-5\">\u03a6198<\/td>\n<\/tr>\n<tr class=\"row-5\">\n\t<td class=\"column-1\">DPT-250P<\/td><td class=\"column-2\">390<\/td><td class=\"column-3\">280<\/td><td class=\"column-4\">310<\/td><td class=\"column-5\">\u03a6248<\/td>\n<\/tr>\n<tr class=\"row-6\">\n\t<td class=\"column-1\">DPT-315P<\/td><td class=\"column-2\">450<\/td><td class=\"column-3\">320<\/td><td class=\"column-4\">413<\/td><td class=\"column-5\">\u03a6313<\/td>\n<\/tr>\n<\/tbody>\n<\/table>\n<!-- #tablepress-48 from cache --><\/div>\n<\/div>\n<div><\/div>\n<div class=\"woocb\"><a class=\"wocb\" href=\"http:\/\/www.beiaole.com\/wp-content\/uploads\/2025\/09\/d3.13.1.pdf\" target=\"_blank\" rel=\"noopener\">se former<\/a><\/div>\n<div><\/div>\n<p>&nbsp;<\/p>\n<p>Performance\u00a0:<\/p>\n<div class=\"scroll-table-wrapper\">\n<div class=\"scroll-table\">\n<table id=\"tablepress-49\" class=\"tablepress tablepress-id-49 tbody-has-connected-cells\">\n<thead>\n<tr class=\"row-1\">\n\t<th class=\"column-1\">mannequin<\/th><th class=\"column-2\">Tension (V)<\/th><th class=\"column-3\">Fr\u00e9quence (Hz)<\/th><th class=\"column-4\">embrayage<\/th><th class=\"column-5\">Puissance(W)<\/th><th class=\"column-6\">D\u00e9bit d'air (m\u00b3\/h)<\/th><th class=\"column-7\">Pression statique (PA)<\/th><th class=\"column-8\">Vitesse (tr\/min)<\/th><th class=\"column-9\">Bruit (DB)<\/th><th class=\"column-10\">N.W(kg)<\/th><th class=\"column-11\">Taille du conduit (mm)<\/th><th class=\"column-12\">Bo\u00eete\/pi\u00e8ce<\/th>\n<\/tr>\n<\/thead>\n<tbody class=\"row-striping row-hover\">\n<tr class=\"row-2\">\n\t<td rowspan=\"2\" class=\"column-1\">DPT-100p<\/td><td rowspan=\"2\" class=\"column-2\">220<\/td><td rowspan=\"2\" class=\"column-3\">50<\/td><td class=\"column-4\">flagrant<\/td><td class=\"column-5\">40<\/td><td class=\"column-6\">204<\/td><td class=\"column-7\">132<\/td><td class=\"column-8\">2400<\/td><td class=\"column-9\">31<\/td><td rowspan=\"2\" class=\"column-10\">1.55<\/td><td rowspan=\"2\" class=\"column-11\">\u03c6100<\/td><td rowspan=\"2\" class=\"column-12\">6<\/td>\n<\/tr>\n<tr class=\"row-3\">\n\t<td class=\"column-4\">faible<\/td><td class=\"column-5\">30<\/td><td class=\"column-6\">160<\/td><td class=\"column-7\">106<\/td><td class=\"column-8\">1950<\/td><td class=\"column-9\">26<\/td>\n<\/tr>\n<tr class=\"row-4\">\n\t<td rowspan=\"2\" class=\"column-1\">DPT-150P<\/td><td rowspan=\"2\" class=\"column-2\">220<\/td><td rowspan=\"2\" class=\"column-3\">50<\/td><td class=\"column-4\">flagrant<\/td><td class=\"column-5\">60<\/td><td class=\"column-6\">450<\/td><td class=\"column-7\">280<\/td><td class=\"column-8\">2590<\/td><td class=\"column-9\">33<\/td><td rowspan=\"2\" class=\"column-10\">2.5<\/td><td rowspan=\"2\" class=\"column-11\">\u03c6150<\/td><td rowspan=\"2\" class=\"column-12\">6<\/td>\n<\/tr>\n<tr class=\"row-5\">\n\t<td class=\"column-4\">faible<\/td><td class=\"column-5\">48<\/td><td class=\"column-6\">360<\/td><td class=\"column-7\">240<\/td><td class=\"column-8\">1950<\/td><td class=\"column-9\">29<\/td>\n<\/tr>\n<tr class=\"row-6\">\n\t<td rowspan=\"2\" class=\"column-1\">DPT-200P<\/td><td rowspan=\"2\" class=\"column-2\">220<\/td><td rowspan=\"2\" class=\"column-3\">50<\/td><td class=\"column-4\">flagrant<\/td><td class=\"column-5\">145<\/td><td class=\"column-6\">840<\/td><td class=\"column-7\">350<\/td><td class=\"column-8\">2490<\/td><td class=\"column-9\">63<\/td><td rowspan=\"2\" class=\"column-10\">3.1<\/td><td rowspan=\"2\" class=\"column-11\">\u03c6200<\/td><td rowspan=\"2\" class=\"column-12\">6<\/td>\n<\/tr>\n<tr class=\"row-7\">\n\t<td class=\"column-4\">faible<\/td><td class=\"column-5\">125<\/td><td class=\"column-6\">690<\/td><td class=\"column-7\">270<\/td><td class=\"column-8\">1980<\/td><td class=\"column-9\">55<\/td>\n<\/tr>\n<tr class=\"row-8\">\n\t<td class=\"column-1\">DPT-250P<\/td><td class=\"column-2\">220<\/td><td class=\"column-3\">50<\/td><td class=\"column-4\">\/<\/td><td class=\"column-5\">230<\/td><td class=\"column-6\">1400<\/td><td class=\"column-7\">489<\/td><td class=\"column-8\">2450<\/td><td class=\"column-9\">66<\/td><td class=\"column-10\">7.5<\/td><td class=\"column-11\">\u03a6250<\/td><td class=\"column-12\">1<\/td>\n<\/tr>\n<tr class=\"row-9\">\n\t<td class=\"column-1\">DPT-315P<\/td><td class=\"column-2\">220<\/td><td class=\"column-3\">50<\/td><td class=\"column-4\">\/<\/td><td class=\"column-5\">360<\/td><td class=\"column-6\">2200<\/td><td class=\"column-7\">690<\/td><td class=\"column-8\">2350<\/td><td class=\"column-9\">69<\/td><td class=\"column-10\">10.4<\/td><td class=\"column-11\">\u03a6315<\/td><td class=\"column-12\">1<\/td>\n<\/tr>\n<\/tbody>\n<\/table>\n<!-- #tablepress-49 from cache --><\/div>\n<\/div>\n<div><\/div>\n<div class=\"woocb\"><a class=\"wocb\" href=\"http:\/\/www.beiaole.com\/wp-content\/uploads\/2025\/09\/d3.13.2.pdf\" target=\"_blank\" rel=\"noopener\">se former<\/a><\/div>\n<div><\/div>\n<p><img loading=\"lazy\" decoding=\"async\" class=\"aligncenter wp-image-17281 size-large\" src=\"http:\/\/www.beiaole.com\/wp-content\/uploads\/2025\/08\/x3.13-1024x948.jpg\" alt=\"Mixed Flow Inline Fan-q1\" width=\"1024\" height=\"948\" data-no-translation=\"\" \/><\/p>","protected":false},"excerpt":{"rendered":"<ul>\n<li>\n<h2>Technologie \u00e0 flux mixte\u00a0:<\/h2>\n<p>\u202fCoBBINES\u202faxiale\u202fet\u202fdesigns\u202fdesigns\u202f\u00e0\u202fdistribuer\u202f\u00e0 la fois\u202f\u00e0 haute\u202f\u00e0 haute\u202fdistance\u202fd\u2019air.<\/li>\n<li>\n<h2>Moteur \u00e9conome en \u00e9nergie :<\/h2>\n<p>\u202fTout\u2011Copper\u202fCore\u202favec\u202fPr\u00e9cision\u202fBalle\u202fPortraits\u202fSomooth,\u202fBruit\u202fPerformance\u202fpour\u202fAnn\u00e9e\u202fUtilisation.<\/li>\n<li>\n<h2>Construction tout-m\u00e9tal :<\/h2>\n<p>\u202fInsistant\u202fcorrosion\u202fen\u202fen\u202fen\u202fde-la\u202fdurci\u202fr\u00e9siste\u202fcorrosion\u202fet\u202fd\u2019adaptation,\u202fconvient\u202fpour\u202fdes param\u00e8tres industriels\u202fet\u202fr\u00e9sidentiels.<\/li>\n<li>\n<h2>Flux d'air fort\u00a0:<\/h2>\n<p>\u202fAir\u202fVolume\u202fGamme\u202fde\u202f204\u202f\u00e0\u202f2,200\u202fm\u00b3\/H\u202fet\u202fstatique\u202f\u00e0\u202f\u00e0\u202f690\u202fPA\u202fprovide\u202fcouverture\u202fd\u2019exception.<\/li>\n<li>\n<h2>Op\u00e9ration de calme\u00a0:<\/h2>\n<p>\u202f\u00c9quilibr\u00e9\u202fi laipulseur\u202fconception\u202fconserve\u202fbruit\u202fas\u202fdeux\u202fas\u202f26\u202f\u2013\u202f69\u202fdb\u202fd\u00e9pendant\u202fde\u202fde\u202fde\u202fd\u00e9sp\u00e9c\u00e8s.<\/li>\n<li>\n<h2>Compact\u202fet\u202ffiable\u00a0:<\/h2>\n<p>\u202fInt\u00e9gr\u00e9e\u202fmoteur,\u202fipleur,\u202fet\u202fconduite\u202fsyst\u00e8me\u202fmaintenance\u202fet\u202fla perte\u202fla perte.<\/li>\n<li>\n<h2>Installation flexible\u00a0:<\/h2>\n<p>\u202fDisponible\u202fin\u202fconduit\u202ftaille\u202fde\u202f\u03c6100\u202f\u00e0\u202f\u03c6315\u202fmm\u202fpour\u202f\u00e0\u202f\u00e0\u202fdes\u202f\u2019\u2019\u2019\u2019\u2019\u2019 industrielle\u2019.<\/li>\n<li>\n<h2>Faible entretien\u00a0:<\/h2>\n<p>\u202fStream\u00e9\u202fstructure\u202fpour\u202fd'installation\u202frapide\u202fet\u202ffacile\u202fnettoyage\u202fdur\u00e9e de service longue.<\/li>\n<\/ul>\n<hr \/>","protected":false},"featured_media":4765,"comment_status":"open","ping_status":"closed","template":"","meta":{"_acf_changed":false},"product_brand":[],"product_cat":[27],"product_tag":[],"class_list":{"0":"post-4744","1":"product","2":"type-product","3":"status-publish","4":"has-post-thumbnail","6":"product_cat-inline-duct-fan","8":"first","9":"instock","10":"taxable","11":"shipping-taxable","12":"purchasable","13":"product-type-variable","14":"has-default-attributes"},"acf":[],"_links":{"self":[{"href":"https:\/\/www.ecvents.com\/fr\/wp-json\/wp\/v2\/product\/4744","targetHints":{"allow":["GET"]}}],"collection":[{"href":"https:\/\/www.ecvents.com\/fr\/wp-json\/wp\/v2\/product"}],"about":[{"href":"https:\/\/www.ecvents.com\/fr\/wp-json\/wp\/v2\/types\/product"}],"replies":[{"embeddable":true,"href":"https:\/\/www.ecvents.com\/fr\/wp-json\/wp\/v2\/comments?post=4744"}],"wp:featuredmedia":[{"embeddable":true,"href":"https:\/\/www.ecvents.com\/fr\/wp-json\/wp\/v2\/media\/4765"}],"wp:attachment":[{"href":"https:\/\/www.ecvents.com\/fr\/wp-json\/wp\/v2\/media?parent=4744"}],"wp:term":[{"taxonomy":"product_brand","embeddable":true,"href":"https:\/\/www.ecvents.com\/fr\/wp-json\/wp\/v2\/product_brand?post=4744"},{"taxonomy":"product_cat","embeddable":true,"href":"https:\/\/www.ecvents.com\/fr\/wp-json\/wp\/v2\/product_cat?post=4744"},{"taxonomy":"product_tag","embeddable":true,"href":"https:\/\/www.ecvents.com\/fr\/wp-json\/wp\/v2\/product_tag?post=4744"}],"curies":[{"name":"WP","href":"https:\/\/api.w.org\/{rel}","templated":true}]}}