{"id":4757,"date":"2026-03-19T06:04:09","date_gmt":"2026-03-19T11:04:09","guid":{"rendered":"https:\/\/www.ecvents.com\/?post_type=product&#038;p=4757"},"modified":"2026-03-19T06:04:59","modified_gmt":"2026-03-19T11:04:59","slug":"ventilateur-en-ligne-de-salle-de-culture","status":"publish","type":"product","link":"https:\/\/www.ecvents.com\/fr\/product\/ventilateur-en-ligne-de-salle-de-culture\/","title":{"rendered":"Ventilateur en ligne de salle de culture"},"content":{"rendered":"<div class=\"someee\">\n<h2><strong>D\u00e9bit d'air intelligent. force silencieuse. Construit pour un contr\u00f4le de pr\u00e9cision.<\/strong><\/h2>\n<p>le\u00a0<strong>Grow\u202fRoom\u202fInline\u202fFan<\/strong>\u00a0est con\u00e7u pour les producteurs qui comprennent que le flux d'air parfait n'est pas seulement une question de mouvement, mais qu'il s'agit d'un \u00e9quilibre. Silencieux, coh\u00e9rent et efficace, il maintient votre environnement de culture stable, en prot\u00e9geant les rendements tout en conservant l'\u00e9nergie et l'espace.<\/p>\n<p>Au c\u0153ur du syst\u00e8me se trouve une pr\u00e9cision\u00a0<strong>DC\u202fVariable\u2011Fr\u00e9quence\u202fmoteur<\/strong>, une conception triphas\u00e9e, \u00e0 six p\u00f4les et sans balais, qui fonctionne plus froide et plus silencieuse que les moteurs AC traditionnels.\u00a0<strong>50\u202f%\u202fPuissance<\/strong>. soutenu par\u00a0<strong>NMB\u202fDouble\u202fBalleings<\/strong>, il est con\u00e7u pour des performances continues et sans fatigue pendant de longs cycles de service.<\/p>\n<p>le\u00a0<strong>Caisson tout en m\u00e9tal<\/strong>\u00a0Am\u00e9liore la stabilit\u00e9, le refroidissement et le blindage \u00e9lectromagn\u00e9tique. \u00c0 l'int\u00e9rieur, les lames a\u00e9rodynamiques, inspir\u00e9es de la conception du compresseur d'avion, g\u00e9n\u00e8rent une pression \u00e9lev\u00e9e et un flux d'air concentr\u00e9 pour un contr\u00f4le climatique pr\u00e9cis. C'est un pouvoir qui semble contr\u00f4l\u00e9, pas chaotique.<\/p>\n<p>Malgr\u00e9 cette force, le Grow\u202fRoom\u202fInline\u202fFan\u202fop\u00e8re\u202f dans un silence de pr\u00e8s. Le corps du ventilateur est envelopp\u00e9\u00a0<strong>Acier lamin\u00e9 \u00e0 froid<\/strong>\u00a0avec\u00a0<strong>Isolation\u202facoustique\u202fr\u00e9sistante au feu<\/strong>, et le conduit int\u00e9gr\u00e9 est enferm\u00e9 dans un\u00a0<strong>Chambre d'absorption sonore<\/strong>. Combin\u00e9 \u00e0 des montures anti-vibration, il permet un fonctionnement silencieux et m\u00eame sous-\u00e9lev\u00e9.<\/p>\n<p>l'int\u00e9gr\u00e9\u00a0<strong>Syst\u00e8me de contr\u00f4le intelligent<\/strong>\u00a0Surveille et ajuste la vitesse du ventilateur, fournit\u00a0<strong>D\u00e9marrage progressif<\/strong>, et prot\u00e8ge contre\u202fsurcharge,\u202fsurchauffe,\u202fet\u202fmoteur\u202fverrouill\u00e9. Cela\u202faussi\u202fcomprend\u202fa\u202f<strong>10\u202fV\u202fDC\u202fSortie<\/strong>\u202fpour\u202fpwm\u202fou\u202f0\u202f\u2013\u202f10\u202fv\u202fcontr\u00f4les,\u202fdes capteurs de temp\u00e9rature,\u202fet\u202fautomatisation\u202f. Compatible avec une large gamme de contr\u00f4leurs \u2014 des panneaux muraux et des t\u00e9l\u00e9commandes sans fil aux r\u00e9gulateurs environnementaux professionnels\u202f\u2014\u202fles ventilateurs s'adaptent parfaitement \u00e0 toute\u202fconfiguration de Smart\u00a0Grow.<\/p>\n<p>Avec IPX4\u202fimperm\u00e9abilis\u00e9\u202fprotection et un bo\u00eetier enti\u00e8rement\u202fisol\u00e9 en acier, ce n'est pas une ventilation\u202f-\u202fsi-stitulative,\u202fintelligente\u202fair\u202fde\u202fne jamais\u202f \u2018il ne manque pas\u2019 un beat.<\/p>\n<\/div>\n<hr \/>\n<p>Dimensions (unit\u00e9 : mm) :<\/p>\n<div class=\"scroll-table-wrapper\">\n<div class=\"scroll-table\">\n<table id=\"tablepress-50\" class=\"tablepress tablepress-id-50\">\n<thead>\n<tr class=\"row-1\">\n\t<th class=\"column-1\">mannequin<\/th><th class=\"column-2\">A<\/th><th class=\"column-3\">B<\/th><th class=\"column-4\">C<\/th><th class=\"column-5\">D<\/th><th class=\"column-6\">E<\/th><th class=\"column-7\">F<\/th>\n<\/tr>\n<\/thead>\n<tbody class=\"row-striping row-hover\">\n<tr class=\"row-2\">\n\t<td class=\"column-1\">SE-A150<\/td><td class=\"column-2\">469<\/td><td class=\"column-3\">547<\/td><td class=\"column-4\">\u03a6148<\/td><td class=\"column-5\">\u03a6243<\/td><td class=\"column-6\">123<\/td><td class=\"column-7\">4-\u03c610<\/td>\n<\/tr>\n<tr class=\"row-3\">\n\t<td class=\"column-1\">SE-A200<\/td><td class=\"column-2\">619<\/td><td class=\"column-3\">699<\/td><td class=\"column-4\">\u03a6198<\/td><td class=\"column-5\">\u03a6304<\/td><td class=\"column-6\">174<\/td><td class=\"column-7\">4-\u03c610<\/td>\n<\/tr>\n<tr class=\"row-4\">\n\t<td class=\"column-1\">SE-A250<\/td><td class=\"column-2\">769<\/td><td class=\"column-3\">859<\/td><td class=\"column-4\">\u03a6248<\/td><td class=\"column-5\">\u03a6353<\/td><td class=\"column-6\">221<\/td><td class=\"column-7\">4-\u03c610<\/td>\n<\/tr>\n<tr class=\"row-5\">\n\t<td class=\"column-1\">SE-A315<\/td><td class=\"column-2\">848<\/td><td class=\"column-3\">940<\/td><td class=\"column-4\">\u03a6313<\/td><td class=\"column-5\">\u03a6415<\/td><td class=\"column-6\">269<\/td><td class=\"column-7\">4-\u03c610<\/td>\n<\/tr>\n<tr class=\"row-6\">\n\t<td class=\"column-1\">SE-A355<\/td><td class=\"column-2\">907<\/td><td class=\"column-3\">1000<\/td><td class=\"column-4\">\u03a6353<\/td><td class=\"column-5\">\u03a6453<\/td><td class=\"column-6\">270<\/td><td class=\"column-7\">4-\u03c610<\/td>\n<\/tr>\n<\/tbody>\n<\/table>\n<!-- #tablepress-50 from cache --><\/div>\n<\/div>\n<div><\/div>\n<div class=\"woocb\"><a class=\"wocb\" href=\"http:\/\/www.beiaole.com\/wp-content\/uploads\/2025\/08\/d3.14.1.pdf\" target=\"_blank\" rel=\"noopener\">se former<\/a><\/div>\n<div><\/div>\n<p><img loading=\"lazy\" decoding=\"async\" class=\"aligncenter wp-image-16645 size-large\" src=\"http:\/\/www.beiaole.com\/wp-content\/uploads\/2025\/08\/s3.14-1024x361.png\" alt=\"Grow Room Inline Fan-size\" width=\"1024\" height=\"361\" data-no-translation=\"\" \/><br \/>\nPerformance\u00a0:<\/p>\n<div class=\"scroll-table-wrapper\">\n<div class=\"scroll-table\">\n<table id=\"tablepress-51\" class=\"tablepress tablepress-id-51 tbody-has-connected-cells\">\n<thead>\n<tr class=\"row-1\">\n\t<th class=\"column-1\">mannequin<\/th><th class=\"column-2\">Tension (V)<\/th><th class=\"column-3\">Fr\u00e9quence (Hz)<\/th><th class=\"column-4\">embrayage<\/th><th class=\"column-5\">Vitesse (tr\/min)<\/th><th class=\"column-6\">D\u00e9bit d'air (m\u00b3\/h)<\/th><th class=\"column-7\">Pression statique (PA)<\/th><th class=\"column-8\">Bruit (DB)<\/th><th class=\"column-9\">Taille du conduit (mm)<\/th><th class=\"column-10\">N.W(kg)<\/th><th class=\"column-11\">Classement \u00e9tanche<\/th>\n<\/tr>\n<\/thead>\n<tbody class=\"row-striping row-hover\">\n<tr class=\"row-2\">\n\t<td class=\"column-1\">SE-A150<\/td><td class=\"column-2\">110~120VAC<br \/>\n220~240VAC<\/td><td class=\"column-3\">50\/60<\/td><td class=\"column-4\">40<\/td><td class=\"column-5\">5000<\/td><td class=\"column-6\">594<\/td><td class=\"column-7\">500<\/td><td class=\"column-8\">50<\/td><td class=\"column-9\">\u03a6150\/6 pouces<\/td><td class=\"column-10\">5.0<\/td><td class=\"column-11\">IPX4<\/td>\n<\/tr>\n<tr class=\"row-3\">\n\t<td class=\"column-1\">SE-A200<\/td><td class=\"column-2\">110~120VAC<br \/>\n220~240VAC<\/td><td class=\"column-3\">50\/60<\/td><td class=\"column-4\">75<\/td><td class=\"column-5\">3800<\/td><td class=\"column-6\">1205<\/td><td class=\"column-7\">520<\/td><td class=\"column-8\">51<\/td><td class=\"column-9\">\u03a6200\/8 pouces<\/td><td class=\"column-10\">7.5<\/td><td class=\"column-11\">IPX4<\/td>\n<\/tr>\n<tr class=\"row-4\">\n\t<td class=\"column-1\">SE-A250<\/td><td class=\"column-2\">110~120VAC<br \/>\n220~240VAC<\/td><td class=\"column-3\">50\/60<\/td><td class=\"column-4\">150<\/td><td class=\"column-5\">3200<\/td><td class=\"column-6\">1808<\/td><td class=\"column-7\">510<\/td><td class=\"column-8\">55<\/td><td class=\"column-9\">\u03a6250\/10 pouces<\/td><td class=\"column-10\">13.0<\/td><td class=\"column-11\">IPX4<\/td>\n<\/tr>\n<tr class=\"row-5\">\n\t<td rowspan=\"2\" class=\"column-1\">SE-A315<\/td><td class=\"column-2\">110~120VAC<\/td><td class=\"column-3\">50\/60<\/td><td class=\"column-4\">260<\/td><td class=\"column-5\">2800<\/td><td class=\"column-6\">2787<\/td><td class=\"column-7\">598<\/td><td class=\"column-8\">60<\/td><td class=\"column-9\">\u03a6315\/12 pouces<\/td><td class=\"column-10\">21.0<\/td><td class=\"column-11\">IPX4<\/td>\n<\/tr>\n<tr class=\"row-6\">\n\t<td class=\"column-2\">220~240VAC<\/td><td class=\"column-3\">50\/60<\/td><td class=\"column-4\">320<\/td><td class=\"column-5\">3000<\/td><td class=\"column-6\">2987<\/td><td class=\"column-7\">677<\/td><td class=\"column-8\">62<\/td><td class=\"column-9\">\u03a6315\/12 pouces<\/td><td class=\"column-10\">21.0<\/td><td class=\"column-11\">IPX4<\/td>\n<\/tr>\n<tr class=\"row-7\">\n\t<td class=\"column-1\">SE-A355<\/td><td class=\"column-2\">110~120VAC<br \/>\n220~240VAC<\/td><td class=\"column-3\">50\/60<\/td><td class=\"column-4\">550<\/td><td class=\"column-5\">3000<\/td><td class=\"column-6\">4357<\/td><td class=\"column-7\">716<\/td><td class=\"column-8\">70<\/td><td class=\"column-9\">\u03a6355\/14 pouces<\/td><td class=\"column-10\">26.3<\/td><td class=\"column-11\">IPX4<\/td>\n<\/tr>\n<\/tbody>\n<\/table>\n<!-- #tablepress-51 from cache --><\/div>\n<\/div>\n<div><\/div>\n<div class=\"woocb\"><a class=\"wocb\" href=\"http:\/\/www.beiaole.com\/wp-content\/uploads\/2025\/08\/d3.14.2.pdf\" target=\"_blank\" rel=\"noopener\">se former<\/a><\/div>\n<div><\/div>\n<p><img loading=\"lazy\" decoding=\"async\" class=\"aligncenter wp-image-17285 size-large\" src=\"http:\/\/www.beiaole.com\/wp-content\/uploads\/2025\/08\/x3.15-1024x531.png\" alt=\"Grow Room Inline Fan-q1\" width=\"1024\" height=\"531\" data-no-translation=\"\" \/><\/p>","protected":false},"excerpt":{"rendered":"<ul>\n<li>\n<h2>Moteur \u00e0 haute efficacit\u00e9 et sans balais\u00a0:<\/h2>\n<p>\u202f3\u2011phase,\u202f6\u202fdc\u202fDC\u202fvariable\u2011fr\u00e9quence\u202fdelivers\u202fconsommation\u202fdou\u202fd\u2019\u00e9nergie\u202fminimale\u202fet\u202f50\u202f%\u202fd\u2019\u00e9nergie\u202futilisation.<\/li>\n<li>\n<h2>NMB\u202fDouble\u202fBearings\u00a0:<\/h2>\n<p>\u202fS'assurer\u202fsmooth,\u202ffaible\u2011frottement\u202fop\u00e9ration\u202fet\u202f\u00e0 long terme\u202fdelabilit\u202fsous\u202fcontinu.<\/li>\n<li>\n<h2>Syst\u00e8me a\u00e9rodynamique de lame\u00a0:<\/h2>\n<p>\u202fDesign\u202fdesign\u202fdessinage\u202fdessin\u00e9e\u202fcr\u00e9e\u202fcr\u00e9e\u202fconsomm\u00e9e,\u202f\u00e0 haute pression\u202fd\u00e9bit d\u2019air\u202fpour\u202fefficace\u202fventilation.<\/li>\n<li>\n<h2>Op\u00e9ration de Whisper-Quiet\u00a0:<\/h2>\n<p>\u202fr\u00e9sistant\u202facoustique\u202finsulation\u202fet\u202fanti\u2011vibrations\u202fr\u00e9duire\u202fbruit\u202f\u00e0\u202fas\u202f\u00e0\u202fas\u202fdb.<\/li>\n<li>\n<h2>Contr\u00f4le intelligent de la vitesse\u00a0:<\/h2>\n<p>\u202fController\u202fbuilt\u202fin\u202fsmart\u202favec\u202fdouce\u202fd\u00e9marr\u00e9,\u202fpwm,\u202fet\u202f0\u201310\u202fv\u202fsignal\u202f.<\/li>\n<li>\n<h2>Automatisation\u202fpr\u00eat\u00a0:<\/h2>\n<p>\u202fSupports\u202ftemp\u00e9rature\u202fet\u202fcapteurs\u202fd\u2019humidit\u00e9\u202fcontre les murs\u202fdigitals\u202fdigitales\u2019et\u202fles\u202fde\u202fdes applications\u202flike\u202fxiaoheihe\u202f(Black\u202fbox).<\/li>\n<li>\n<h2>Rugged\u202fTout\u2011M\u00e9tal\u202fbuild\u00a0:<\/h2>\n<p>\u202fHousing\u202fenrob\u00e9s-enroul\u00e9s froids\u202fat\u00e9\u202fpour\u202fde\u202fd\u2019eau\u202fet\u202fconditions de durabilit\u00e9\u202fdurabilit\u00e9\u202fdurabilit\u00e9\u202fdurabilit\u00e9\u202fdurable\u2019.<\/li>\n<li>\n<h2>Livraison puissante\u00a0air\u00a0\u00a0:<\/h2>\n<p>\u202fAirflow\u202f range\u202fdrom\u202f594\u202fm\u00b3\/h\u202fto\u202f4,357\u202fm\u00b3\/h\u202fet\u202fstatique\u202fde\u202fup\u202f\u00e0\u202f716\u202fPA\u202fpour\u202fla couverture maximale.<\/li>\n<li>\n<h2>Protection compl\u00e8te\u00a0:<\/h2>\n<p>\u202fSauvegarder\u202fcontre\u202fsurge,\u202fla surchauffe,\u202fet\u202fmoteur\u202fverrouiller\u202ftout\u202fconserver\u202fperfectionnable\u202fperformance.<\/li>\n<\/ul>\n<hr \/>","protected":false},"featured_media":4791,"comment_status":"open","ping_status":"closed","template":"","meta":{"_acf_changed":false},"product_brand":[],"product_cat":[27],"product_tag":[],"class_list":{"0":"post-4757","1":"product","2":"type-product","3":"status-publish","4":"has-post-thumbnail","6":"product_cat-inline-duct-fan","8":"first","9":"instock","10":"taxable","11":"shipping-taxable","12":"purchasable","13":"product-type-variable","14":"has-default-attributes"},"acf":[],"_links":{"self":[{"href":"https:\/\/www.ecvents.com\/fr\/wp-json\/wp\/v2\/product\/4757","targetHints":{"allow":["GET"]}}],"collection":[{"href":"https:\/\/www.ecvents.com\/fr\/wp-json\/wp\/v2\/product"}],"about":[{"href":"https:\/\/www.ecvents.com\/fr\/wp-json\/wp\/v2\/types\/product"}],"replies":[{"embeddable":true,"href":"https:\/\/www.ecvents.com\/fr\/wp-json\/wp\/v2\/comments?post=4757"}],"wp:featuredmedia":[{"embeddable":true,"href":"https:\/\/www.ecvents.com\/fr\/wp-json\/wp\/v2\/media\/4791"}],"wp:attachment":[{"href":"https:\/\/www.ecvents.com\/fr\/wp-json\/wp\/v2\/media?parent=4757"}],"wp:term":[{"taxonomy":"product_brand","embeddable":true,"href":"https:\/\/www.ecvents.com\/fr\/wp-json\/wp\/v2\/product_brand?post=4757"},{"taxonomy":"product_cat","embeddable":true,"href":"https:\/\/www.ecvents.com\/fr\/wp-json\/wp\/v2\/product_cat?post=4757"},{"taxonomy":"product_tag","embeddable":true,"href":"https:\/\/www.ecvents.com\/fr\/wp-json\/wp\/v2\/product_tag?post=4757"}],"curies":[{"name":"WP","href":"https:\/\/api.w.org\/{rel}","templated":true}]}}