{"id":4771,"date":"2026-03-19T06:04:34","date_gmt":"2026-03-19T11:04:34","guid":{"rendered":"https:\/\/www.ecvents.com\/?post_type=product&#038;p=4771"},"modified":"2026-03-19T06:05:00","modified_gmt":"2026-03-19T11:05:00","slug":"boite-de-filtration-dair","status":"publish","type":"product","link":"https:\/\/www.ecvents.com\/fr\/product\/boite-de-filtration-dair\/","title":{"rendered":"Bo\u00eete de filtration d'air"},"content":{"rendered":"<div class=\"someee\">\n<h2><strong>Air pur. flux r\u00e9gulier. Con\u00e7u pour les espaces quotidiens.<\/strong><\/h2>\n<p>le\u00a0<strong>Bo\u00eete de filtration d'air<\/strong>\u00a0Prend en douceur ce qui compte le plus : un air pur et respirant. Compact mais puissant, il combine\u00a0<strong>Trois couches de filtration<\/strong>\u00a0Pour tout \u00e9liminer, de la poussi\u00e8re visible aux particules invisibles, en donnant aux maisons, aux bureaux et aux espaces de travail un air plus l\u00e9ger, plus frais et plus facile \u00e0 respirer.<\/p>\n<p>\u00e7a commence par le\u00a0<strong>Filtre principal<\/strong>, construit avec une conception multiple et une grande capacit\u00e9 de r\u00e9tention de poussi\u00e8re pour capturer les cheveux, les peluches et d'autres grosses particules a\u00e9roport\u00e9es avant qu'elles ne p\u00e9n\u00e8trent dans le syst\u00e8me. Ensuite, le\u00a0<strong>Filtre carbon\u00e9 activ\u00e9\u202f<\/strong>\u00a0Absorbe les odeurs et les gaz nocifs avec du carbone granulaire de haute qualit\u00e9, neutralisant les odeurs de tous les jours qui s'accumulent dans des environnements ferm\u00e9s.<\/p>\n<p>Enfin, le\u00a0<strong>Filtre HEPA-Haute-Efficience<\/strong>\u00a0Purification au niveau microscopique. Capable d'\u00e9liminer les particules aussi petites que\u00a0<strong>PM\u202f2,5<\/strong>\u00a0et capturer\u00a0<strong>99\u202f%\u202fde\u202ffine\u202fdust,\u202fpollen,\u202fet\u202fbact\u00e9ries<\/strong>, il compl\u00e8te un cycle d'air propre qui rafra\u00eechit chaque respiration.<\/p>\n<p>Chaque\u202fstage\u202fjoue\u202fits\u202fpartie\u202f\u00e0 construire\u202fun\u202fcontinu,\u202f\u00e9quilibr\u00e9\u202fair\u202fa\u202fd\u2019une\u202fminimale\u202fr\u00e9sistance\u202f(<strong>Perte\u202f taux\u202f\u2266\u202f0,3\u202f%<\/strong>).\u202f Disponible\u202fin\u202fmultiple\u202fdisponibles\u202fde\u202f100\u202fmm\u202f\u00e0\u202f250\u202fmm,\u202fcomptes\u202fsansa\u202fdoubled\u202fde nouveaux syst\u00e8mes de ventilation ou de ventilation.\u202f L\u00e9ger, durable,\u202fet\u202f\u00e0\u202f\u00e0\u202fentretenir,\u202fla\u202fair\u202fbo\u00eete\u202fest\u202fefficient\u202fsolution\u202fpour\u202ftout\u202fenfois\u202fd\u2019air\u202fdemande\u202fde\u202fde\u202fde\u202f\u2019a\u202fde\u202fde-demande\u202fdemande\u202fde\u202fde-la-demande\u202fde-la-demande\u202fde\u202fa\u202fde-la-de-consommation\u202fa\u202fd\u2019air.<\/p>\n<\/div>\n<hr \/>\n<p>Performance\u00a0:<\/p>\n<div class=\"scroll-table-wrapper\">\n<div class=\"scroll-table\">\n<table id=\"tablepress-52\" class=\"tablepress tablepress-id-52\">\n<thead>\n<tr class=\"row-1\">\n\t<th class=\"column-1\">mannequin<\/th><th class=\"column-2\">Taille du conduit (mm)<\/th><th class=\"column-3\">Dimensions (L\u00d7W\u00d7H) (mm)<\/th><th class=\"column-4\">Taille du filtre principal<br \/>\n(mm)<\/th><th class=\"column-5\">Taille du filtre \u00e0 charbon actif (mm)<\/th><th class=\"column-6\">Taille du filtre HEPA \u00e0 haute efficacit\u00e9 (mm)<\/th><th class=\"column-7\">Taux de perte de volume d'air<\/th><th class=\"column-8\">N.M (kg)<\/th>\n<\/tr>\n<\/thead>\n<tbody class=\"row-striping row-hover\">\n<tr class=\"row-2\">\n\t<td class=\"column-1\">GLX-100<\/td><td class=\"column-2\">\u03c6100<\/td><td class=\"column-3\">300x200\u00d7200<\/td><td class=\"column-4\">295x170\u00d710<\/td><td class=\"column-5\">295x170\u00d720<\/td><td class=\"column-6\">295x170x50<\/td><td class=\"column-7\">0.3<\/td><td class=\"column-8\">5.2<\/td>\n<\/tr>\n<tr class=\"row-3\">\n\t<td class=\"column-1\">GLX-150<\/td><td class=\"column-2\">\u03c6150<\/td><td class=\"column-3\">300x200\u00d7200<\/td><td class=\"column-4\">295x170x10<\/td><td class=\"column-5\">295x170\u00d720<\/td><td class=\"column-6\">295\u00d7170x50<\/td><td class=\"column-7\">0.3<\/td><td class=\"column-8\">5.1<\/td>\n<\/tr>\n<tr class=\"row-4\">\n\t<td class=\"column-1\">GLX-200<\/td><td class=\"column-2\">\u03c6200<\/td><td class=\"column-3\">430x300x300<\/td><td class=\"column-4\">425\u00d7270x20<\/td><td class=\"column-5\">425x270x20<\/td><td class=\"column-6\">425\u00d7270\u00d750<\/td><td class=\"column-7\">0.3<\/td><td class=\"column-8\">11<\/td>\n<\/tr>\n<tr class=\"row-5\">\n\t<td class=\"column-1\">GLX-250<\/td><td class=\"column-2\">\u03a6250<\/td><td class=\"column-3\">430x300x300<\/td><td class=\"column-4\">425\u00d7270x20<\/td><td class=\"column-5\">425x270x20<\/td><td class=\"column-6\">425x270x50<\/td><td class=\"column-7\">0.3<\/td><td class=\"column-8\">11.5<\/td>\n<\/tr>\n<\/tbody>\n<\/table>\n<!-- #tablepress-52 from cache --><\/div>\n<\/div>\n<div><\/div>\n<div class=\"woocb\"><a class=\"wocb\" href=\"http:\/\/www.beiaole.com\/wp-content\/uploads\/2025\/08\/d3.15.pdf\" target=\"_blank\" rel=\"noopener\">se former<\/a><\/div>\n<div><\/div>","protected":false},"excerpt":{"rendered":"<ul>\n<li>\n<h2>Filtration en trois \u00e9tapes\u00a0:<\/h2>\n<p>\u202fPrimaire,\u202fActiv\u00e9\u202fCarbone,\u202fet\u202fFiltres\u202fHepa\u202fTravail\u202fTogether\u202fPour capturer\u202fet\u202fneutraliser\u202fImpuret\u00e9s.<\/li>\n<li>\n<h2>Haute\u202ffiltration\u202fefficacit\u00e9 :<\/h2>\n<p>\u202fEnl\u00e8ve\u202fplus\u202f9\u202f%\u202fde\u202fparticules,\u202fpm\u202f2,\u202fpollen,\u202fet\u202fbact\u00e9rienne\u202fpour\u202fair\u202fair.<\/li>\n<li>\n<h2>Odeur\u202fet\u202fgaz\u202fabsorption :<\/h2>\n<p>\u202factiv\u00e9\u202fcarbone\u202f\u00e9limine\u202f\u00e9limine\u202fdrs\u202fet\u202fcontenteurs\u202fd\u2019une\u202fd\u2019atmosph\u00e8re\u202fd\u2019une\u202fconsommation.<\/li>\n<li>\n<h2>Grande\u202fcapacit\u00e9 de conservation de la poussi\u00e8re\u00a0:<\/h2>\n<p>\u202fFiltre\u202fmulti\u2011pli\u00e9\u202fprimaire\u202fcaptures\u202fdes\u202fdesbris\u202fplus\u202fsans\u202fou\u202fr\u00e9duit\u202fou\u202fou-r\u00e9duisant\u202f.<\/li>\n<li>\n<h2>R\u00e9sistance \u00e0 faible air-air\u00a0:<\/h2>\n<p>\u202fOptimized\u202fDesign\u202fAssures\u202fSteady\u202fVentilation\u202f(air\u202fvolume\u202floss\u202f\u2266\u202f0.3\u202f%).<\/li>\n<li>\n<h2>Construction durable :<\/h2>\n<p>\u202fhousing\u202fm\u00e9tal\u202fet\u202ffort\u202fdragone\u202fet\u202ffiltres\u202fd\u2019appoint\u202findustrial\u202fou\u202fde\u202fde\u202fde\u202fde\u202fde\u202fou-d\u2019applications\u202findentielles\u202fd\u2019une industrie.<\/li>\n<li>\n<h2>Compact\u202fet\u202ffacile\u202f\u00e0\u202fd'installer\u00a0:<\/h2>\n<p>\u202fFits\u202fDuct\u202fSizes\u202f\u03c6\u202f100\u202f\u2013\u202f250\u202fmm\u202fpour\u202fflexible\u202fInt\u00e9gration\u202fdans\u202fHVAC\u202fet\u202fdes\u202fsyst\u00e8mes.<\/li>\n<li>\n<h2>Entretien rapide\u00a0:<\/h2>\n<p>\u202f\u00c9l\u00e9ments\u202ffiltre\u202fd\u00e9fendables\u202fr\u00e9parables\u202fet\u202fnettoyants\u202fsimple\u202fet\u202fsans outil.<\/li>\n<\/ul>\n<hr \/>","protected":false},"featured_media":4792,"comment_status":"open","ping_status":"closed","template":"","meta":{"_acf_changed":false},"product_brand":[],"product_cat":[72,27],"product_tag":[],"class_list":{"0":"post-4771","1":"product","2":"type-product","3":"status-publish","4":"has-post-thumbnail","6":"product_cat-filter","7":"product_cat-inline-duct-fan","9":"first","10":"instock","11":"taxable","12":"shipping-taxable","13":"purchasable","14":"product-type-variable","15":"has-default-attributes"},"acf":[],"_links":{"self":[{"href":"https:\/\/www.ecvents.com\/fr\/wp-json\/wp\/v2\/product\/4771","targetHints":{"allow":["GET"]}}],"collection":[{"href":"https:\/\/www.ecvents.com\/fr\/wp-json\/wp\/v2\/product"}],"about":[{"href":"https:\/\/www.ecvents.com\/fr\/wp-json\/wp\/v2\/types\/product"}],"replies":[{"embeddable":true,"href":"https:\/\/www.ecvents.com\/fr\/wp-json\/wp\/v2\/comments?post=4771"}],"wp:featuredmedia":[{"embeddable":true,"href":"https:\/\/www.ecvents.com\/fr\/wp-json\/wp\/v2\/media\/4792"}],"wp:attachment":[{"href":"https:\/\/www.ecvents.com\/fr\/wp-json\/wp\/v2\/media?parent=4771"}],"wp:term":[{"taxonomy":"product_brand","embeddable":true,"href":"https:\/\/www.ecvents.com\/fr\/wp-json\/wp\/v2\/product_brand?post=4771"},{"taxonomy":"product_cat","embeddable":true,"href":"https:\/\/www.ecvents.com\/fr\/wp-json\/wp\/v2\/product_cat?post=4771"},{"taxonomy":"product_tag","embeddable":true,"href":"https:\/\/www.ecvents.com\/fr\/wp-json\/wp\/v2\/product_tag?post=4771"}],"curies":[{"name":"WP","href":"https:\/\/api.w.org\/{rel}","templated":true}]}}