{"id":4776,"date":"2026-03-19T06:04:35","date_gmt":"2026-03-19T11:04:35","guid":{"rendered":"https:\/\/www.ecvents.com\/?post_type=product&#038;p=4776"},"modified":"2026-03-19T06:05:00","modified_gmt":"2026-03-19T11:05:00","slug":"ventilateur-dechappement-de","status":"publish","type":"product","link":"https:\/\/www.ecvents.com\/fr\/product\/ventilateur-dechappement-de\/","title":{"rendered":"Ventilateur d'\u00e9chappement de"},"content":{"rendered":"<div class=\"someee\">\n<h2><strong>Fra\u00eecheur tranquille. Conception fiable. Con\u00e7u pour un confort d'air quotidien.<\/strong><\/h2>\n<p>le\u00a0<strong>Fan de plafond\u202f\u00c9chappement\u202f<\/strong>\u00a0est l'un de ces d\u00e9tails silencieux qui rendent une pi\u00e8ce instantan\u00e9ment plus confortable. Il \u00e9limine l'humidit\u00e9, les odeurs et l'air vici\u00e9 avec un flux d'air doux et efficace, laissant derri\u00e8re vous un confort frais et respirant que vous pouvez ressentir mais \u00e0 peine entendre.<\/p>\n<p>En son c\u0153ur est un\u00a0<strong>\u00c9conomie d'\u00e9nergie\u202fTout\u2011cuivre\u202fmoteur<\/strong>\u00a0jumel\u00e9 avec\u00a0<strong>Roulements de boules de haute qualit\u00e9<\/strong>\u00a0Pour la stabilit\u00e9 et la long\u00e9vit\u00e9. La structure a\u00e9rodynamique du conduit d'air fait circuler l'air de mani\u00e8re efficace et silencieuse, en maintenant des performances constantes sans hochet ou vibration. Il est con\u00e7u pour fonctionner en arri\u00e8re-plan - fiable, silencieux et \u00e9tonnamment efficace.<\/p>\n<p>L\u00e9ger et polyvalent, le\u00a0<strong>Conception compacte-plut\u00f4t en plastique<\/strong>\u00a0Se fond facilement dans les cuisines, les salles de bain, les bureaux et autres espaces quotidiens. Fabriqu\u00e9 \u00e0 partir de mat\u00e9riaux de haute qualit\u00e9, le ventilateur est r\u00e9sistant \u00e0 la chaleur, \u00e0 l'humidit\u00e9 et \u00e0 la pression.<\/p>\n<p>L'installation est simple et discr\u00e8te\u00a0:\u202f le\u00a0<strong>Mince,\u202fcorps raffin\u00e9<\/strong>\u00a0S'adapte parfaitement aux plafonds sans perturber la d\u00e9coration int\u00e9rieure. L'entretien est sans effort.\u202f\u2014\u202fLe panneau se soul\u00e8ve pour un nettoyage rapide, en le ressortant comme une\u2011nouvelle\u202fperformance en quelques secondes.<\/p>\n<p>Le ventilateur silencieux, durable et fiable, est le genre de mise \u00e0 niveau qui rend chaque espace int\u00e9rieur un peu meilleur - un flux d'air r\u00e9gulier et un confort durable con\u00e7u pour suivre le rythme de la vie quotidienne.<\/p>\n<\/div>\n<hr \/>\n<p>Dimensions (unit\u00e9 : mm) :<\/p>\n<div class=\"scroll-table-wrapper\">\n<div class=\"scroll-table\">\n<table id=\"tablepress-38\" class=\"tablepress tablepress-id-38\">\n<thead>\n<tr class=\"row-1\">\n\t<th class=\"column-1\">mannequin<\/th><th class=\"column-2\">A<\/th><th class=\"column-3\">B<\/th><th class=\"column-4\">C<\/th><th class=\"column-5\">D<\/th><th class=\"column-6\">\u03c6e<\/th>\n<\/tr>\n<\/thead>\n<tbody class=\"row-striping row-hover\">\n<tr class=\"row-2\">\n\t<td class=\"column-1\">BPT10-20-12SL<\/td><td class=\"column-2\">200<\/td><td class=\"column-3\">209<\/td><td class=\"column-4\">240<\/td><td class=\"column-5\">30<\/td><td class=\"column-6\">100<\/td>\n<\/tr>\n<tr class=\"row-3\">\n\t<td class=\"column-1\">BPT10-23-155L<\/td><td class=\"column-2\">230<\/td><td class=\"column-3\">238<\/td><td class=\"column-4\">270<\/td><td class=\"column-5\">30<\/td><td class=\"column-6\">100<\/td>\n<\/tr>\n<tr class=\"row-4\">\n\t<td class=\"column-1\">BPT10-25-175L<\/td><td class=\"column-2\">250<\/td><td class=\"column-3\">275<\/td><td class=\"column-4\">310<\/td><td class=\"column-5\">30<\/td><td class=\"column-6\">100<\/td>\n<\/tr>\n<tr class=\"row-5\">\n\t<td class=\"column-1\">BPT10-28-215L<\/td><td class=\"column-2\">275<\/td><td class=\"column-3\">279<\/td><td class=\"column-4\">320<\/td><td class=\"column-5\">30<\/td><td class=\"column-6\">95<\/td>\n<\/tr>\n<tr class=\"row-6\">\n\t<td class=\"column-1\">BPT10-30-30SL<\/td><td class=\"column-2\">300<\/td><td class=\"column-3\">301<\/td><td class=\"column-4\">340<\/td><td class=\"column-5\">30<\/td><td class=\"column-6\">100<\/td>\n<\/tr>\n<tr class=\"row-7\">\n\t<td class=\"column-1\">BPT10-34-40SL<\/td><td class=\"column-2\">340<\/td><td class=\"column-3\">343<\/td><td class=\"column-4\">400<\/td><td class=\"column-5\">30<\/td><td class=\"column-6\">100<\/td>\n<\/tr>\n<tr class=\"row-8\">\n\t<td class=\"column-1\">BPT15-34-50SL<\/td><td class=\"column-2\">340<\/td><td class=\"column-3\">340<\/td><td class=\"column-4\">400<\/td><td class=\"column-5\">30<\/td><td class=\"column-6\">150<\/td>\n<\/tr>\n<\/tbody>\n<\/table>\n<\/div>\n<\/div>\n<div><\/div>\n<div class=\"woocb\"><a class=\"wocb\" href=\"http:\/\/www.beiaole.com\/wp-content\/uploads\/2025\/08\/d3.8.1.pdf\" target=\"_blank\" rel=\"noopener\">se former<\/a><\/div>\n<div><\/div>\n<p><img loading=\"lazy\" decoding=\"async\" class=\"aligncenter wp-image-17118 size-full\" src=\"http:\/\/www.beiaole.com\/wp-content\/uploads\/2025\/08\/s3.8.png\" alt=\"Ceiling Exhaust Fan-size\" width=\"896\" height=\"945\" data-no-translation=\"\" \/><br \/>\nPerformance\u00a0:<\/p>\n<div class=\"scroll-table-wrapper\">\n<div class=\"scroll-table\">\n<table id=\"tablepress-39\" class=\"tablepress tablepress-id-39\">\n<thead>\n<tr class=\"row-1\">\n\t<th class=\"column-1\">mannequin<\/th><th class=\"column-2\">Tension (V)<\/th><th class=\"column-3\">Puissance(W)<\/th><th class=\"column-4\">D\u00e9bit d'air (m\u00b3\/h)<\/th><th class=\"column-5\">Pression statique (PA)<\/th><th class=\"column-6\">Bruit (DB)<\/th><th class=\"column-7\">G.W (kg)<\/th><th class=\"column-8\">Taille du trou (mm)<\/th><th class=\"column-9\">Taille du panneau (mm)<\/th><th class=\"column-10\">Taille du conduit (mm)<\/th><th class=\"column-11\">Bo\u00eete\/pi\u00e8ce<\/th>\n<\/tr>\n<\/thead>\n<tbody class=\"row-striping row-hover\">\n<tr class=\"row-2\">\n\t<td class=\"column-1\">BPT10 - 20 - 12SL<\/td><td class=\"column-2\">220<\/td><td class=\"column-3\">30<\/td><td class=\"column-4\">120<\/td><td class=\"column-5\">65<\/td><td class=\"column-6\">42<\/td><td class=\"column-7\">1.4<\/td><td class=\"column-8\">200*200<\/td><td class=\"column-9\">245*245<\/td><td class=\"column-10\">100<\/td><td class=\"column-11\">8<\/td>\n<\/tr>\n<tr class=\"row-3\">\n\t<td class=\"column-1\">BPT10 - 23 - 15SL<\/td><td class=\"column-2\">220<\/td><td class=\"column-3\">40<\/td><td class=\"column-4\">150<\/td><td class=\"column-5\">65<\/td><td class=\"column-6\">42<\/td><td class=\"column-7\">1.4<\/td><td class=\"column-8\">230*230<\/td><td class=\"column-9\">270*270<\/td><td class=\"column-10\">100<\/td><td class=\"column-11\">8<\/td>\n<\/tr>\n<tr class=\"row-4\">\n\t<td class=\"column-1\">BPT10 - 25 - 17SL<\/td><td class=\"column-2\">220<\/td><td class=\"column-3\">40<\/td><td class=\"column-4\">170<\/td><td class=\"column-5\">95<\/td><td class=\"column-6\">41<\/td><td class=\"column-7\">1.7<\/td><td class=\"column-8\">250*250<\/td><td class=\"column-9\">304*304<\/td><td class=\"column-10\">100<\/td><td class=\"column-11\">8<\/td>\n<\/tr>\n<tr class=\"row-5\">\n\t<td class=\"column-1\">BPT10 - 28 - 21SL<\/td><td class=\"column-2\">220<\/td><td class=\"column-3\">34<\/td><td class=\"column-4\">210<\/td><td class=\"column-5\">165<\/td><td class=\"column-6\">43<\/td><td class=\"column-7\">1.8<\/td><td class=\"column-8\">280*280<\/td><td class=\"column-9\">320*320<\/td><td class=\"column-10\">100<\/td><td class=\"column-11\">8<\/td>\n<\/tr>\n<tr class=\"row-6\">\n\t<td class=\"column-1\">BPT10 - 30 - 30SL<\/td><td class=\"column-2\">220<\/td><td class=\"column-3\">45<\/td><td class=\"column-4\">300<\/td><td class=\"column-5\">200<\/td><td class=\"column-6\">45<\/td><td class=\"column-7\">2.1<\/td><td class=\"column-8\">300*300<\/td><td class=\"column-9\">335*335<\/td><td class=\"column-10\">100<\/td><td class=\"column-11\">8<\/td>\n<\/tr>\n<tr class=\"row-7\">\n\t<td class=\"column-1\">BPT10 - 34 - 40SL<\/td><td class=\"column-2\">220<\/td><td class=\"column-3\">45<\/td><td class=\"column-4\">400<\/td><td class=\"column-5\">205<\/td><td class=\"column-6\">46<\/td><td class=\"column-7\">2.2<\/td><td class=\"column-8\">340*340<\/td><td class=\"column-9\">400*400<\/td><td class=\"column-10\">100<\/td><td class=\"column-11\">4<\/td>\n<\/tr>\n<tr class=\"row-8\">\n\t<td class=\"column-1\">BPT15 - 34 - 50SL<\/td><td class=\"column-2\">220<\/td><td class=\"column-3\">50<\/td><td class=\"column-4\">500<\/td><td class=\"column-5\">210<\/td><td class=\"column-6\">47<\/td><td class=\"column-7\">2.2<\/td><td class=\"column-8\">340*340<\/td><td class=\"column-9\">400*400<\/td><td class=\"column-10\">150<\/td><td class=\"column-11\">4<\/td>\n<\/tr>\n<\/tbody>\n<\/table>\n<\/div>\n<\/div>\n<div><\/div>\n<div class=\"woocb\"><a class=\"wocb\" href=\"http:\/\/www.beiaole.com\/wp-content\/uploads\/2025\/09\/d3.8.2.pdf\" target=\"_blank\" rel=\"noopener\">se former<\/a><\/div>\n<div><\/div>","protected":false},"excerpt":{"rendered":"<ul>\n<li>\n<h2>Performance \u00e9nerg\u00e9tique\u2011efficace :<\/h2>\n<p>\u202fTout\u2011cuivre\u202fmoteur\u202favec\u202fpr\u00e9cisions\u202fball\u202fporte\u202fsoins\u202fsilencieuses,\u202fstable\u202fd'op\u00e9ration\u202fdes ann\u00e9es.<\/li>\n<li>\n<h2>Syst\u00e8me de flux d'air doux\u00a0:<\/h2>\n<p>\u202fbien\u2011structur\u00e9\u202fair\u202fd\u00e9mouve\u202fair\u202flibre\u202fd\u2019a\u202fd\u2019bruit\u202fet\u202fbruit minimal.<\/li>\n<li>\n<h2>Bo\u00eetier durable-abs :<\/h2>\n<p>\u202ffort,\u202fdifficile,\u202fet\u202fcorrosion\u2011r\u00e9sistant\u202fmat\u00e9riel\u202fsupporte\u202f\u00e0\u202fd\u2019humidit\u00e9\u202fet\u202fchaleur.<\/li>\n<li>\n<h2>Compact\u202ffit-fit\u00a0:<\/h2>\n<p>\u202fSlim\u202fProfil\u202fMounts\u202fFLUSH\u202fFOR\u202fA\u202fpropre,\u202fnon-agressif\u202faspect\u202f\u00e0\u202fan\u202fan.<\/li>\n<li>\n<h2>Op\u00e9ration \u00e0 faible bruit :<\/h2>\n<p>\u202fWhisper\u2011Level\u202fson\u202fsortie\u202ffait\u202fit\u202fid\u00e9al\u202fpour\u202fdes salles de bain,\u202fdeskitchens,\u202fet\u202fles bureaux.<\/li>\n<li>\n<h2>Facilit\u00e9 d'entretien\u00a0:<\/h2>\n<p>\u202fPour\u202fpour\u202fd\u00e9monter\u202ffacial\u202fpour\u202fasy\u202fnettoyage\u202fet\u202facc\u00e8s\u202fsans outils.<\/li>\n<li>\n<h2>Plage de mod\u00e8les polyvalentes\u00a0:<\/h2>\n<p>\u202fDisponible\u202fin\u202fdisponibles\u202ftailles\u202f(\u03c695\u202f\u2013\u202f150\u202fmm)\u202fpour\u202fdiff\u00e9rent\u202flayouts\u202fdiff\u00e9rents\u202fdes-demandes\u202fdiff\u00e9rents.<\/li>\n<\/ul>\n<hr \/>","protected":false},"featured_media":4793,"comment_status":"open","ping_status":"closed","template":"","meta":{"_acf_changed":false},"product_brand":[],"product_cat":[28],"product_tag":[],"class_list":{"0":"post-4776","1":"product","2":"type-product","3":"status-publish","4":"has-post-thumbnail","6":"product_cat-exhaust-fan","8":"first","9":"outofstock","10":"taxable","11":"shipping-taxable","12":"purchasable","13":"product-type-variable"},"acf":[],"_links":{"self":[{"href":"https:\/\/www.ecvents.com\/fr\/wp-json\/wp\/v2\/product\/4776","targetHints":{"allow":["GET"]}}],"collection":[{"href":"https:\/\/www.ecvents.com\/fr\/wp-json\/wp\/v2\/product"}],"about":[{"href":"https:\/\/www.ecvents.com\/fr\/wp-json\/wp\/v2\/types\/product"}],"replies":[{"embeddable":true,"href":"https:\/\/www.ecvents.com\/fr\/wp-json\/wp\/v2\/comments?post=4776"}],"wp:featuredmedia":[{"embeddable":true,"href":"https:\/\/www.ecvents.com\/fr\/wp-json\/wp\/v2\/media\/4793"}],"wp:attachment":[{"href":"https:\/\/www.ecvents.com\/fr\/wp-json\/wp\/v2\/media?parent=4776"}],"wp:term":[{"taxonomy":"product_brand","embeddable":true,"href":"https:\/\/www.ecvents.com\/fr\/wp-json\/wp\/v2\/product_brand?post=4776"},{"taxonomy":"product_cat","embeddable":true,"href":"https:\/\/www.ecvents.com\/fr\/wp-json\/wp\/v2\/product_cat?post=4776"},{"taxonomy":"product_tag","embeddable":true,"href":"https:\/\/www.ecvents.com\/fr\/wp-json\/wp\/v2\/product_tag?post=4776"}],"curies":[{"name":"WP","href":"https:\/\/api.w.org\/{rel}","templated":true}]}}