{"id":4784,"date":"2026-03-19T06:04:36","date_gmt":"2026-03-19T11:04:36","guid":{"rendered":"https:\/\/www.ecvents.com\/?post_type=product&#038;p=4784"},"modified":"2026-03-19T06:04:58","modified_gmt":"2026-03-19T11:04:58","slug":"ventilateur-dechappement-de-plafond-bpt-10-23s","status":"publish","type":"product","link":"https:\/\/www.ecvents.com\/fr\/product\/ventilateur-dechappement-de-plafond-bpt-10-23s\/","title":{"rendered":"Ventilateur d'extraction de plafond (BPT-10-23S)"},"content":{"rendered":"<div class=\"someee\">\n<h2><strong>D\u00e9bit d'air silencieux. Confort durable. Con\u00e7u pour les espaces quotidiens.<\/strong><\/h2>\n<p>le\u00a0<strong>Plafond\u202f\u00c9chappement\u202fFAN\u202f(BPT\u201110\u201123S)<\/strong>\u00a0est l'un de ces \u00e9l\u00e9ments essentiels qui am\u00e9liore simplement une pi\u00e8ce sans attirer l'attention. Il maintient l'air frais, l'humidit\u00e9 faible et les espaces plus confortables.<\/p>\n<p>A l'int\u00e9rieur, un\u00a0<strong>Tout\u2011\u00c9conomie-\u00c9nergie\u202fmoteur<\/strong>\u00a0jumel\u00e9 avec\u00a0<strong>Roulements de boules de haute qualit\u00e9<\/strong>\u00a0Assure une performance stable et efficace. Le conduit d'air et le ch\u00e2ssis soigneusement con\u00e7us fonctionnent ensemble pour minimiser la r\u00e9sistance et les vibrations, offrant un flux d'air r\u00e9gulier avec une pr\u00e9cision faible. Allumez-le une fois, et cela fonctionne simplement\u202f\u2014\u202f silencieuse, fiable et coh\u00e9rente jour apr\u00e8s jour.<\/p>\n<p>fabriqu\u00e9 \u00e0 partir de\u00a0<strong>Plastique de qualit\u00e9 sup\u00e9rieure<\/strong>, le ventilateur est l\u00e9ger mais robuste, con\u00e7u pour r\u00e9sister \u00e0 la rouille, \u00e0 l'humidit\u00e9 et \u00e0 la d\u00e9formation. son\u00a0<strong>Profil mince et compact<\/strong>\u00a0S'int\u00e8gre dans des espaces de plafond \u00e9troits pour une installation propre et sans couture qui s'int\u00e8gre sans effort aux int\u00e9rieurs modernes.<\/p>\n<p>La maintenance est d'une simplicit\u00e9 rafra\u00eechissante : le panneau avant\u202fd\u00e9tach\u00e9\u202fpour\u202fun\u202frapide\u202feffeuscript,\u202fnettoyage\u202fet\u202fmaintenance\u202fet\u202fles tracas.\u202f avec\u202f\u00e0\u202f\u00e0\u202fde\u202fde\u202fd\u202fd\u202fd\u202fd\u202fd\u202fd\u202fd\u202fd\u202fd\u2019op\u00e9ration\u202f(environ\u202f41\u202fdb),\u202fit garde\u202fair\u202fcirculant\u202ftilent\u202fet\u202fefficacement\u202fdans\u202fles domiciles,\u202fles bureaux,\u202fet\u202fcommercial\u202fcomme.<\/p>\n<p>\u00c9l\u00e9gant, efficace et construit pour le dernier,\u202fle\u202fle-plateau\u202fd\u2019\u00e9chappement\u202ffan\u202f(BPT\u201123)\u202fd\u00e9livers\u202fa\u00e9ro-propre\u202fet\u202fconfiance\u202fdur.<\/p>\n<\/div>\n<hr \/>\n<p>Dimensions (unit\u00e9 : mm) :<\/p>\n<div class=\"scroll-table-wrapper\">\n<div class=\"scroll-table\">\n<table id=\"tablepress-40\" class=\"tablepress tablepress-id-40\">\n<thead>\n<tr class=\"row-1\">\n\t<th class=\"column-1\">mannequin<\/th><th class=\"column-2\">A<\/th><th class=\"column-3\">B<\/th><th class=\"column-4\">C<\/th><th class=\"column-5\">D<\/th><th class=\"column-6\">E<\/th><th class=\"column-7\">F<\/th><th class=\"column-8\">\u03c6d<\/th><th class=\"column-9\">Taille du trou (mm)<\/th>\n<\/tr>\n<\/thead>\n<tbody class=\"row-striping row-hover\">\n<tr class=\"row-2\">\n\t<td class=\"column-1\">BPT-10-23<\/td><td class=\"column-2\">300<\/td><td class=\"column-3\">300<\/td><td class=\"column-4\">100<\/td><td class=\"column-5\">200<\/td><td class=\"column-6\">270<\/td><td class=\"column-7\">300<\/td><td class=\"column-8\">100<\/td><td class=\"column-9\">300x300<\/td>\n<\/tr>\n<\/tbody>\n<\/table>\n<!-- #tablepress-40 from cache --><\/div>\n<\/div>\n<div><\/div>\n<div class=\"woocb\"><a class=\"wocb\" href=\"http:\/\/www.beiaole.com\/wp-content\/uploads\/2025\/08\/d3.9.1.pdf\" target=\"_blank\" rel=\"noopener\">se former<\/a><\/div>\n<div><\/div>\n<p><img loading=\"lazy\" decoding=\"async\" class=\"aligncenter wp-image-17138 size-large\" src=\"http:\/\/www.beiaole.com\/wp-content\/uploads\/2025\/08\/s3.10-625x1024.png\" alt=\"Ceiling Exhaust Fan(BPT-10-23S)-size\" width=\"625\" height=\"1024\" data-no-translation=\"\" \/><br \/>\nPerformance\u00a0:<\/p>\n<div class=\"scroll-table-wrapper\">\n<div class=\"scroll-table\">\n<table id=\"tablepress-41\" class=\"tablepress tablepress-id-41\">\n<thead>\n<tr class=\"row-1\">\n\t<th class=\"column-1\">mannequin<\/th><th class=\"column-2\">Tension (V)\/Fr\u00e9quence (Hz)<\/th><th class=\"column-3\">Puissance(W)<\/th><th class=\"column-4\">D\u00e9bit d'air (m\u00b3\/h)<\/th><th class=\"column-5\">Pression statique (PA)<\/th><th class=\"column-6\">Bruit(DA(a))<\/th><th class=\"column-7\">G.W (kg)<\/th><th class=\"column-8\">Taille de conduit (\u03c6mm)<\/th><th class=\"column-9\">Taille du panneau (mm)<\/th>\n<\/tr>\n<\/thead>\n<tbody class=\"row-striping row-hover\">\n<tr class=\"row-2\">\n\t<td class=\"column-1\">BPT-10-23<\/td><td class=\"column-2\">200V~50Hz<\/td><td class=\"column-3\">30<\/td><td class=\"column-4\">250<\/td><td class=\"column-5\">150<\/td><td class=\"column-6\">41<\/td><td class=\"column-7\">2.1<\/td><td class=\"column-8\">100<\/td><td class=\"column-9\">300x300<\/td>\n<\/tr>\n<\/tbody>\n<\/table>\n<!-- #tablepress-41 from cache --><\/div>\n<\/div>\n<div><\/div>\n<div class=\"woocb\"><a class=\"wocb\" href=\"http:\/\/www.beiaole.com\/wp-content\/uploads\/2025\/08\/d3.9.2.pdf\" target=\"_blank\" rel=\"noopener\">se former<\/a><\/div>\n<div><\/div>","protected":false},"excerpt":{"rendered":"<ul>\n<li>\n<h2>Moteur en cuivre efficace et efficace :<\/h2>\n<p>\u202fDelivers\u202fstand\u202f250\u202fm\u00b3\/h\u202fairflow\u202favec\u202fjust\u202f30\u202fw\u202fde\u202fconsommation\u202fd'\u00e9nergie.<\/li>\n<li>\n<h2>Op\u00e9ration \u00e0 faible bruit :<\/h2>\n<p>\u202f\u00c9quilibr\u00e9\u202fImeller\u202fet\u202fenferm\u00e9\u202fconception\u202fconserver\u202fle niveau\u202fsonne\u202f\u00e0\u202fun\u202fdentle\u202f41\u202fdb(a).<\/li>\n<li>\n<h2>Construction durable :<\/h2>\n<p>\u202fR\u00e9sistant\u202fcorrosion,\u202fdiffamation\u202fconsommation\u202fconsommation\u202fconsommation\u202fcorrosion,\u202fet\u202fd\u2019humidit\u00e9\u202fheure.<\/li>\n<li>\n<h2>Compact\u202fet\u202fslim\u202fform\u00e9\u00a0:<\/h2>\n<p>\u202fFits\u202fPanneaux\u202fa\u202f300\u202f\u00d7\u202f300\u202fmm,\u202fid\u00e9al\u202fpour\u202fdessins\u202fet\u202fdesigns\u202fmodernes.<\/li>\n<li>\n<h2>Entretien simple\u00a0:<\/h2>\n<p>\u202fPour\u202fpour\u202fd\u00e9montage\u202ffront\u202fpour\u202ffacile\u202fnettoyant\u202fsans\u202fou\u202fou\u202fcomplexe\u202f.<\/li>\n<li>\n<h2>Fiable\u202fperformance\u00a0:<\/h2>\n<p>\u202fStable\u202fAirflow\u202fof\u202f250\u202fm\u00b3\/H\u202fAT\u202f150\u202fPA\u202fPressure\u202ffournit\u202fflow\u202fair\u202fflow\u202fpour les salles de bain\u202fet\u202fkitchens.<\/li>\n<li>\n<h2>Construction l\u00e9g\u00e8re\u00a0:<\/h2>\n<p>\u202fat\u202fjuste\u202f2,1\u202fkg,\u202finstallation\u202fest\u202fs\u00fbr,\u202fsimple,\u202fet\u202frapide.<\/li>\n<\/ul>\n<hr \/>","protected":false},"featured_media":4794,"comment_status":"open","ping_status":"closed","template":"","meta":{"_acf_changed":false},"product_brand":[],"product_cat":[28],"product_tag":[],"class_list":{"0":"post-4784","1":"product","2":"type-product","3":"status-publish","4":"has-post-thumbnail","6":"product_cat-exhaust-fan","8":"first","9":"outofstock","10":"taxable","11":"shipping-taxable","12":"purchasable","13":"product-type-simple"},"acf":[],"_links":{"self":[{"href":"https:\/\/www.ecvents.com\/fr\/wp-json\/wp\/v2\/product\/4784","targetHints":{"allow":["GET"]}}],"collection":[{"href":"https:\/\/www.ecvents.com\/fr\/wp-json\/wp\/v2\/product"}],"about":[{"href":"https:\/\/www.ecvents.com\/fr\/wp-json\/wp\/v2\/types\/product"}],"replies":[{"embeddable":true,"href":"https:\/\/www.ecvents.com\/fr\/wp-json\/wp\/v2\/comments?post=4784"}],"wp:featuredmedia":[{"embeddable":true,"href":"https:\/\/www.ecvents.com\/fr\/wp-json\/wp\/v2\/media\/4794"}],"wp:attachment":[{"href":"https:\/\/www.ecvents.com\/fr\/wp-json\/wp\/v2\/media?parent=4784"}],"wp:term":[{"taxonomy":"product_brand","embeddable":true,"href":"https:\/\/www.ecvents.com\/fr\/wp-json\/wp\/v2\/product_brand?post=4784"},{"taxonomy":"product_cat","embeddable":true,"href":"https:\/\/www.ecvents.com\/fr\/wp-json\/wp\/v2\/product_cat?post=4784"},{"taxonomy":"product_tag","embeddable":true,"href":"https:\/\/www.ecvents.com\/fr\/wp-json\/wp\/v2\/product_tag?post=4784"}],"curies":[{"name":"WP","href":"https:\/\/api.w.org\/{rel}","templated":true}]}}