{"id":4785,"date":"2026-03-19T06:04:36","date_gmt":"2026-03-19T11:04:36","guid":{"rendered":"https:\/\/www.ecvents.com\/?post_type=product&#038;p=4785"},"modified":"2026-03-19T06:05:27","modified_gmt":"2026-03-19T11:05:27","slug":"ventilateur-de-salle-de-bain-mural","status":"publish","type":"product","link":"https:\/\/www.ecvents.com\/fr\/product\/ventilateur-de-salle-de-bain-mural\/","title":{"rendered":"Ventilateur de salle de bain mural"},"content":{"rendered":"<div class=\"someee\">\n<h2><strong>Performances silencieuse Fra\u00eecheur r\u00e9guli\u00e8re. Con\u00e7u pour le confort de tous les jours.<\/strong><\/h2>\n<p>le\u00a0<strong>Mur\u202fMont\u00e9\u202fFan de salle de bain<\/strong>\u00a0est l'un de ces \u00e9l\u00e9ments essentiels qui rendent un espace plus l\u00e9ger sans attirer l'attention sur lui-m\u00eame. Il \u00e9limine efficacement la vapeur apr\u00e8s les douches, \u00e9limine les odeurs et maintient l'air propre et sec, ce qui devient rapidement indispensable une fois que vous l'avez.<\/p>\n<p>\u00c0 la base, il y a un\u00a0<strong>Moteur \u00e9conome en \u00e9nergie tout en cuivre<\/strong>\u00a0soutenu par\u00a0<strong>Roulements \u00e0 billes de haute qualit\u00e9<\/strong>, Con\u00e7u pour une stabilit\u00e9 durable et un fonctionnement fluide et silencieux. La conception int\u00e9gr\u00e9e des conduits d'air minimise la r\u00e9sistance et les vibrations, cr\u00e9ant un flux d'air stable mais puissant et doux.<\/p>\n<p>enti\u00e8rement fabriqu\u00e9 \u00e0 partir de\u00a0<strong>ABS de qualit\u00e9 sup\u00e9rieure en plastique<\/strong>, le ventilateur est l\u00e9ger, antirouille et parfaitement adapt\u00e9 aux conditions humides. Sa forme mince et compacte s'adapte parfaitement aux murs ou aux plafonds, se fondant dans n'importe quelle salle de bain ou buanderie. Il r\u00e9siste \u00e0 la corrosion, \u00e0 la d\u00e9coloration et \u00e0 la d\u00e9formation m\u00eame en cas d'utilisation continue.<\/p>\n<p>La maintenance ne pourrait pas \u00eatre plus facile - un simple essuyage rapide le maintient impeccable et fonctionne sans probl\u00e8me. Avec des performances \u00e0 faible bruit autour\u00a0<strong>39\u202f\u2013\u202f43\u202fDB<\/strong>, il offre une ventilation fiable sans perturber votre tranquillit\u00e9 et votre calme.<\/p>\n<p>Simple, efficace et con\u00e7u pour le confort, le mur-fan de salle de bain\u202fn'exige jamais l'attention - il ne fait que garder l'air frais en mouvement, afin que vous puissiez vous d\u00e9tendre et respirer facilement.<\/p>\n<\/div>\n<hr \/>\n<p>Dimensions (unit\u00e9 : mm) :<\/p>\n<div class=\"scroll-table-wrapper\">\n<div class=\"scroll-table\">\n<table id=\"tablepress-42\" class=\"tablepress tablepress-id-42\">\n<thead>\n<tr class=\"row-1\">\n\t<th class=\"column-1\">mannequin<\/th><th class=\"column-2\">A<\/th><th class=\"column-3\">B<\/th><th class=\"column-4\">C<\/th><th class=\"column-5\">D<\/th><th class=\"column-6\">E<\/th>\n<\/tr>\n<\/thead>\n<tbody class=\"row-striping row-hover\">\n<tr class=\"row-2\">\n\t<td class=\"column-1\">APC10-S-N<\/td><td class=\"column-2\">150<\/td><td class=\"column-3\">150<\/td><td class=\"column-4\">97<\/td><td class=\"column-5\">85<\/td><td class=\"column-6\">16<\/td>\n<\/tr>\n<tr class=\"row-3\">\n\t<td class=\"column-1\">APC15-2S-N<\/td><td class=\"column-2\">200<\/td><td class=\"column-3\">200<\/td><td class=\"column-4\">145<\/td><td class=\"column-5\">88<\/td><td class=\"column-6\">16<\/td>\n<\/tr>\n<tr class=\"row-4\">\n\t<td class=\"column-1\">APC20-3S-N<\/td><td class=\"column-2\">252<\/td><td class=\"column-3\">252<\/td><td class=\"column-4\">179<\/td><td class=\"column-5\">98<\/td><td class=\"column-6\">16<\/td>\n<\/tr>\n<\/tbody>\n<\/table>\n<!-- #tablepress-42 from cache --><\/div>\n<\/div>\n<div><\/div>\n<div class=\"woocb\"><a class=\"wocb\" href=\"http:\/\/www.beiaole.com\/wp-content\/uploads\/2025\/08\/d3.10.1.pdf\" target=\"_blank\" rel=\"noopener\">se former<\/a><\/div>\n<div><\/div>\n<p><img loading=\"lazy\" decoding=\"async\" class=\"aligncenter wp-image-17182 size-large\" src=\"http:\/\/www.beiaole.com\/wp-content\/uploads\/2025\/08\/s3.11-549x1024.png\" alt=\"Wall Mounted Bathroom Fan-size\" width=\"549\" height=\"1024\" data-no-translation=\"\" \/><br \/>\nPerformance\u00a0:<\/p>\n<div class=\"scroll-table-wrapper\">\n<div class=\"scroll-table\">\n<table id=\"tablepress-43\" class=\"tablepress tablepress-id-43\">\n<thead>\n<tr class=\"row-1\">\n\t<th class=\"column-1\">mannequin<\/th><th class=\"column-2\">Taille (mm)<\/th><th class=\"column-3\">Tension (V)<\/th><th class=\"column-4\">Fr\u00e9quence (Hz)<\/th><th class=\"column-5\">Puissance(W)<\/th><th class=\"column-6\">D\u00e9bit d'air (m\u00b3\/min)<\/th><th class=\"column-7\">Bruit (dB(a))<\/th>\n<\/tr>\n<\/thead>\n<tbody class=\"row-striping row-hover\">\n<tr class=\"row-2\">\n\t<td class=\"column-1\">APC10-S-N<\/td><td class=\"column-2\">100<\/td><td class=\"column-3\">220<\/td><td class=\"column-4\">50<\/td><td class=\"column-5\">9<\/td><td class=\"column-6\">1.5<\/td><td class=\"column-7\">39<\/td>\n<\/tr>\n<tr class=\"row-3\">\n\t<td class=\"column-1\">APC15-2S-N<\/td><td class=\"column-2\">150<\/td><td class=\"column-3\">220<\/td><td class=\"column-4\">50<\/td><td class=\"column-5\">16<\/td><td class=\"column-6\">3.0<\/td><td class=\"column-7\">39<\/td>\n<\/tr>\n<tr class=\"row-4\">\n\t<td class=\"column-1\">APC20-3S-N<\/td><td class=\"column-2\">200<\/td><td class=\"column-3\">220<\/td><td class=\"column-4\">50<\/td><td class=\"column-5\">18<\/td><td class=\"column-6\">4.2<\/td><td class=\"column-7\">43<\/td>\n<\/tr>\n<\/tbody>\n<\/table>\n<!-- #tablepress-43 from cache --><\/div>\n<\/div>\n<div><\/div>\n<div class=\"woocb\"><a class=\"wocb\" href=\"http:\/\/www.beiaole.com\/wp-content\/uploads\/2025\/08\/d3.10.2.pdf\" target=\"_blank\" rel=\"noopener\">se former<\/a><\/div>\n<div><\/div>","protected":false},"excerpt":{"rendered":"<ul>\n<li>\n<h2>Moteur en cuivre efficace et efficace :<\/h2>\n<p>\u202fPure\u202fcuivre\u202fde\u202fmoteur\u202favec\u202fball\u202fboules\u202fincurses\u202fperformances\u202fet\u202fd\u202fop\u00e9ratoires.<\/li>\n<li>\n<h2>Syst\u00e8me de flux d'air doux\u00a0:<\/h2>\n<p>\u202fInt\u00e9gr\u00e9e\u202fChassis\u202fet\u202fAir\u202fDuct\u202fR\u00e9duction\u202fR\u00e9sistance\u202fet\u202fDistribution\u202fSilent\u202fYet\u202fVentilation.<\/li>\n<li>\n<h2>Construction durable\u202fabs :<\/h2>\n<p>\u202fdifficile de \u202fd\u2019apaisement et de r\u00e9sistance \u00e0 la corrosion\u202fcorrosion\u202fr\u00e9siste\u202f\u00e0 la chaleur,\u202fl\u2019humidit\u00e9,\u202fet\u202fd\u00e9formation\u202ftemps.<\/li>\n<li>\n<h2>Op\u00e9ration \u00e0 faible bruit :<\/h2>\n<p>\u202fop\u00e8re\u202fat\u202fjust\u202f39\u202f\u2013\u202f43\u202fdb(a)\u202fpour\u202fdes\u202fde-bains\u202fou\u202fenvironnements\u202fde\u202fou\u202fd\u2019un\u202fd\u2019\u0153uvre\u202fd\u2019un\u202fd\u2019environnement.<\/li>\n<li>\n<h2>Conception compacte\u00a0:<\/h2>\n<p>\u202fFits\u202fneatly\u202fon\u202fwalls\u202fou\u202fplats\u202f\u2014\u202fparfect\u202fpour\u202fpetits\u202fappartements\u202fou\u202ffamille\u202fsalles de bain.<\/li>\n<li>\n<h2>Nettoyage facile et maintenance\u00a0:<\/h2>\n<p>\u202fSmooth\u202fSurface\u202fWipes\u202fClean\u202fen\u202fseconds\u202fpour\u202f\u00e0 long terme\u202ffra\u00eeche\u202fperformance.<\/li>\n<li>\n<h2>Options multiples\u00a0:<\/h2>\n<p>\u202fDisponible\u202fin\u202f100\u202fmm,\u202f150\u202fmm,\u202fet\u202f200\u202fmm\u202fdiam\u00e8tres\u202fpour faire correspondre\u202fdiff\u00e9rent\u202fvolumes.<\/li>\n<\/ul>\n<hr \/>","protected":false},"featured_media":4819,"comment_status":"open","ping_status":"closed","template":"","meta":{"_acf_changed":false},"product_brand":[],"product_cat":[28],"product_tag":[],"class_list":{"0":"post-4785","1":"product","2":"type-product","3":"status-publish","4":"has-post-thumbnail","6":"product_cat-exhaust-fan","8":"first","9":"outofstock","10":"taxable","11":"shipping-taxable","12":"purchasable","13":"product-type-variable"},"acf":[],"_links":{"self":[{"href":"https:\/\/www.ecvents.com\/fr\/wp-json\/wp\/v2\/product\/4785","targetHints":{"allow":["GET"]}}],"collection":[{"href":"https:\/\/www.ecvents.com\/fr\/wp-json\/wp\/v2\/product"}],"about":[{"href":"https:\/\/www.ecvents.com\/fr\/wp-json\/wp\/v2\/types\/product"}],"replies":[{"embeddable":true,"href":"https:\/\/www.ecvents.com\/fr\/wp-json\/wp\/v2\/comments?post=4785"}],"wp:featuredmedia":[{"embeddable":true,"href":"https:\/\/www.ecvents.com\/fr\/wp-json\/wp\/v2\/media\/4819"}],"wp:attachment":[{"href":"https:\/\/www.ecvents.com\/fr\/wp-json\/wp\/v2\/media?parent=4785"}],"wp:term":[{"taxonomy":"product_brand","embeddable":true,"href":"https:\/\/www.ecvents.com\/fr\/wp-json\/wp\/v2\/product_brand?post=4785"},{"taxonomy":"product_cat","embeddable":true,"href":"https:\/\/www.ecvents.com\/fr\/wp-json\/wp\/v2\/product_cat?post=4785"},{"taxonomy":"product_tag","embeddable":true,"href":"https:\/\/www.ecvents.com\/fr\/wp-json\/wp\/v2\/product_tag?post=4785"}],"curies":[{"name":"WP","href":"https:\/\/api.w.org\/{rel}","templated":true}]}}