{"id":4789,"date":"2026-03-19T06:04:37","date_gmt":"2026-03-19T11:04:37","guid":{"rendered":"https:\/\/www.ecvents.com\/?post_type=product&#038;p=4789"},"modified":"2026-03-19T06:05:14","modified_gmt":"2026-03-19T11:05:14","slug":"ventilateur-de-plafond-en-panneau-dalun","status":"publish","type":"product","link":"https:\/\/www.ecvents.com\/fr\/product\/ventilateur-de-plafond-en-panneau-dalun\/","title":{"rendered":"Ventilateur de plafond en panneau d'alun"},"content":{"rendered":"<div class=\"someee\">\n<h2><strong>Puissance compacte. Fiabilit\u00e9 silencieuse. Con\u00e7u pour le confort de tous les jours.<\/strong><\/h2>\n<p>le\u00a0<strong>Fan d'un ancien<\/strong>\u00a0Offre un flux d'air silencieux et efficace dans une forme compacte et discr\u00e8te.\u202f\u2014\u202f Id\u00e9al pour les espaces qui exigent un confort sans compromis. Con\u00e7u pour se fondre dans les plafonds, il maintient l'air en douceur tout en conservant une esth\u00e9tique propre et moderne qui convient aux int\u00e9rieurs r\u00e9sidentiels et commerciaux.<\/p>\n<p>\u00c0 la base, il y a un\u00a0<strong>tout-cuivre, moteur \u00e9conome en \u00e9nergie<\/strong>\u00a0soutenu par\u00a0<strong>Roulements de boules de haute qualit\u00e9<\/strong>, assurer une stabilit\u00e9 durable et des performances \u00e0 faible bruit. Le ch\u00e2ssis a\u00e9rodynamique et la structure du conduit d'air sont con\u00e7us pour fonctionner en harmonie, r\u00e9duire les vibrations, maintenir un flux d'air r\u00e9gulier et prolonger la dur\u00e9e de vie du produit, m\u00eame en cas d'utilisation continue.<\/p>\n<p>Fabriqu\u00e9 \u00e0 partir de haute r\u00e9sistance\u00a0<strong>ABS\u202fplastique<\/strong>, le ventilateur est l\u00e9ger mais remarquablement durable. R\u00e9siste \u00e0 la rouille, \u00e0 la corrosion et \u00e0 la d\u00e9formation, il convient parfaitement aux environnements humides tels que les cuisines et les salles de bains. Le panneau \u00e9l\u00e9gant 300\u202f\u00d7\u202f300\u202fmm compl\u00e8te l'architecture moderne, tandis que l'installation facile permet un montage rapide directement dans les plafonds ou les grilles de ventilation.<\/p>\n<p>Simple \u00e0 entretenir et construit pour durer, le FAN associe la fonctionnalit\u00e9 \u00e0 l'\u00e9l\u00e9gance subtile.<\/p>\n<\/div>\n<hr \/>\n<p>Dimensions (unit\u00e9 : mm) :<\/p>\n<div class=\"scroll-table-wrapper\">\n<div class=\"scroll-table\">\n<table id=\"tablepress-44\" class=\"tablepress tablepress-id-44\">\n<thead>\n<tr class=\"row-1\">\n\t<th class=\"column-1\">mannequin<\/th><th class=\"column-2\">A<\/th><th class=\"column-3\">B<\/th><th class=\"column-4\">C<\/th><th class=\"column-5\">\u03c6d<\/th><th class=\"column-6\">D<\/th><th class=\"column-7\">E<\/th>\n<\/tr>\n<\/thead>\n<tbody class=\"row-striping row-hover\">\n<tr class=\"row-2\">\n\t<td class=\"column-1\">BPT10-23<\/td><td class=\"column-2\">300<\/td><td class=\"column-3\">300<\/td><td class=\"column-4\">100<\/td><td class=\"column-5\">98<\/td><td class=\"column-6\">363<\/td><td class=\"column-7\">237<\/td>\n<\/tr>\n<\/tbody>\n<\/table>\n<!-- #tablepress-44 from cache --><\/div>\n<\/div>\n<div><\/div>\n<div class=\"woocb\"><a class=\"wocb\" href=\"http:\/\/www.beiaole.com\/wp-content\/uploads\/2025\/08\/d3.11.1.pdf\" target=\"_blank\" rel=\"noopener\">se former<\/a><\/div>\n<div><\/div>\n<p><img loading=\"lazy\" decoding=\"async\" class=\"aligncenter wp-image-17200 size-large\" src=\"http:\/\/www.beiaole.com\/wp-content\/uploads\/2025\/08\/s3.12-653x1024.png\" alt=\"Alum Panel Ceiling Fan-size\" width=\"653\" height=\"1024\" data-no-translation=\"\" \/><br \/>\nPerformance\u00a0:<\/p>\n<div class=\"scroll-table-wrapper\">\n<div class=\"scroll-table\">\n<table id=\"tablepress-45\" class=\"tablepress tablepress-id-45\">\n<thead>\n<tr class=\"row-1\">\n\t<th class=\"column-1\">mannequin<\/th><th class=\"column-2\">Tension (V)\/Fr\u00e9quence (Hz)<\/th><th class=\"column-3\">Puissance(W)<\/th><th class=\"column-4\">D\u00e9bit d'air (m\u00b3\/h)<\/th><th class=\"column-5\">Pression statique (PA)<\/th><th class=\"column-6\">Bruit (dB(a))<\/th><th class=\"column-7\">g.w(kg)<\/th><th class=\"column-8\">Taille du conduit<br \/>\n(\u03c6mm)<\/th><th class=\"column-9\">Taille du panneau (mm)<\/th><th class=\"column-10\">Taille du trou (mm)<\/th>\n<\/tr>\n<\/thead>\n<tbody class=\"row-striping row-hover\">\n<tr class=\"row-2\">\n\t<td class=\"column-1\">BPT-10-23<\/td><td class=\"column-2\">200V~50Hz<\/td><td class=\"column-3\">30<\/td><td class=\"column-4\">180<\/td><td class=\"column-5\">98<\/td><td class=\"column-6\">42<\/td><td class=\"column-7\">2.1<\/td><td class=\"column-8\">100<\/td><td class=\"column-9\">300x300<\/td><td class=\"column-10\">300x300<\/td>\n<\/tr>\n<\/tbody>\n<\/table>\n<!-- #tablepress-45 from cache --><\/div>\n<\/div>\n<div><\/div>\n<div class=\"woocb\"><a class=\"wocb\" href=\"http:\/\/www.beiaole.com\/wp-content\/uploads\/2025\/08\/d3.11.2.pdf\" target=\"_blank\" rel=\"noopener\">se former<\/a><\/div>\n<div><\/div>","protected":false},"excerpt":{"rendered":"<ul>\n<li>\n<h2>Moteur \u00e9conome en \u00e9nergie :<\/h2>\n<p>\u202fTout\u2011cuivre\u202fcore\u202fmoteur\u202fd\u00e9livr\u00e9s\u202fstable\u202fventilation\u202fen\u202fconservant\u202fpuissance\u202futilisation\u202flow\u202f(30\u202fw).<\/li>\n<li>\n<h2>Flux d'air r\u00e9gulier\u00a0:<\/h2>\n<p>\u202fAir\u202fvolume\u202fde\u202f<strong>180\u202fm\u00b3\/h<\/strong>\u202fet\u202fd\u202fde\u202fde\u202fde\u202fde\u202fde\u202f<strong>98\u202fPa<\/strong>\u202fS'assurer\u202fforte,\u202fconsiste-conformit\u00e9.<\/li>\n<li>\n<h2>Op\u00e9ration \u00e0 faible bruit :<\/h2>\n<p>\u202fTransime\u202fcourir\u202fat\u202f<strong>42\u202fdb(a)<\/strong>\u202fGarde\u202fl'espace\u202fpaisible\u202f\u2014\u202fparfait\u202fpour\u202fles bureaux\u202fou\u202fdes bureaux.<\/li>\n<li>\n<h2>Construction durable\u202fabs :<\/h2>\n<p>sans antirouille,\u202fr\u00e9sistant aux chocs,\u202fet\u202fcon\u00e7ues\u202fpour\u202fr\u00e9sister\u202fet\u202fdes fluctuations\u202fd'humidit\u00e9\u202fet\u202fd'humidit\u00e9.<\/li>\n<li>\n<h2>Conception compacte\u00a0:<\/h2>\n<p>\u202fFits\u202fFleurs\u202fdans\u202fde standard\u202f<strong>300\u202f\u00d7\u202f300\u202fmm<\/strong>\u202fPanneaux\u202fet\u202fcorrespondances\u202fa\u202f<strong>100\u202fmm\u202fDuduc\u202fTaille<\/strong>\u202fpour\u202ffacilit\u00e9\u202fint\u00e9gration.<\/li>\n<li>\n<h2>Facilit\u00e9 d'entretien\u00a0:<\/h2>\n<p>\u202fSurface\u202fet\u202faccessible\u202fdurface\u202fdresse\u202fnettoyage\u202fsimple et sans outil.<\/li>\n<li>\n<h2>Construction l\u00e9g\u00e8re\u00a0:<\/h2>\n<p>\u202fat\u202fjuste\u202f2,1\u202fkg,\u202finstallation\u202fest\u202fsimple,\u202fs\u00fbr,\u202fet\u202frapide.<\/li>\n<\/ul>\n<hr \/>","protected":false},"featured_media":4820,"comment_status":"open","ping_status":"closed","template":"","meta":{"_acf_changed":false},"product_brand":[],"product_cat":[28],"product_tag":[],"class_list":{"0":"post-4789","1":"product","2":"type-product","3":"status-publish","4":"has-post-thumbnail","6":"product_cat-exhaust-fan","8":"first","9":"outofstock","10":"taxable","11":"shipping-taxable","12":"purchasable","13":"product-type-simple"},"acf":[],"_links":{"self":[{"href":"https:\/\/www.ecvents.com\/fr\/wp-json\/wp\/v2\/product\/4789","targetHints":{"allow":["GET"]}}],"collection":[{"href":"https:\/\/www.ecvents.com\/fr\/wp-json\/wp\/v2\/product"}],"about":[{"href":"https:\/\/www.ecvents.com\/fr\/wp-json\/wp\/v2\/types\/product"}],"replies":[{"embeddable":true,"href":"https:\/\/www.ecvents.com\/fr\/wp-json\/wp\/v2\/comments?post=4789"}],"wp:featuredmedia":[{"embeddable":true,"href":"https:\/\/www.ecvents.com\/fr\/wp-json\/wp\/v2\/media\/4820"}],"wp:attachment":[{"href":"https:\/\/www.ecvents.com\/fr\/wp-json\/wp\/v2\/media?parent=4789"}],"wp:term":[{"taxonomy":"product_brand","embeddable":true,"href":"https:\/\/www.ecvents.com\/fr\/wp-json\/wp\/v2\/product_brand?post=4789"},{"taxonomy":"product_cat","embeddable":true,"href":"https:\/\/www.ecvents.com\/fr\/wp-json\/wp\/v2\/product_cat?post=4789"},{"taxonomy":"product_tag","embeddable":true,"href":"https:\/\/www.ecvents.com\/fr\/wp-json\/wp\/v2\/product_tag?post=4789"}],"curies":[{"name":"WP","href":"https:\/\/api.w.org\/{rel}","templated":true}]}}