{"id":4790,"date":"2026-03-19T06:04:37","date_gmt":"2026-03-19T11:04:37","guid":{"rendered":"https:\/\/www.ecvents.com\/?post_type=product&#038;p=4790"},"modified":"2026-03-19T06:05:27","modified_gmt":"2026-03-19T11:05:27","slug":"rideau-dair-dascenseur","status":"publish","type":"product","link":"https:\/\/www.ecvents.com\/fr\/product\/rideau-dair-dascenseur\/","title":{"rendered":"rideau d'air d'ascenseur"},"content":{"rendered":"<div class=\"someee\">\n<h2><strong>L'air frais. Confort calme. Con\u00e7u pour les ascenseurs modernes.<\/strong><\/h2>\n<p>le\u00a0<strong>Ascenseur\u202fair\u202frideau<\/strong>\u00a0est con\u00e7u avec des personnes \u2013 et non seulement des machines \u2013 \u00e0 l'esprit. Il cr\u00e9e une sensation imm\u00e9diate de confort au moment o\u00f9 les portes se ferment, gardant l'air dans la cabine fra\u00eeche, fra\u00eeche et agr\u00e9ablement \u00e9quilibr\u00e9e sans h\u00e9sitation.<\/p>\n<p>A\u00a0<strong>Capteur int\u00e9gr\u00e9-induction-induction-humaine<\/strong>\u00a0Rend le fonctionnement sans effort et automatique. Le ventilateur s'active d\u00e8s que les passagers entrent et, apr\u00e8s quelques instants d'inactivit\u00e9, s'arr\u00eate doucement. Cette conception intelligente \u00e9conomise de l'\u00e9nergie, \u00e9limine le gaspillage et s'assure que le syst\u00e8me fonctionne uniquement en cas de besoin.<\/p>\n<p>Le confort est dans les d\u00e9tails. le\u00a0<strong>15\u00a0degr\u00e9s\u202f\u201c angle d'or \u201d\u202f<\/strong>\u00a0Dirige une brise douce et uniforme sur le visage, conservant une atmosph\u00e8re rafra\u00eechissante et naturelle sans courants d'air brutaux ni d\u00e9s\u00e9quilibre de temp\u00e9rature.<\/p>\n<p>\u00c0 l'int\u00e9rieur, le ventilateur est con\u00e7u pour une force silencieuse.\u00a0<strong>Roulements en acier de pr\u00e9cision<\/strong>\u00a0sont pr\u00e9lubrifi\u00e9s pour une longue dur\u00e9e de vie et une usure minimale, garantissant que le m\u00eame bourdonnement silencieux que vous entendez aujourd'hui retentira tout aussi doucement \u00e0 partir de maintenant.<\/p>\n<p>Compact, efficace et automatique, le rideau d'air\u202fair\u202f remodel\u00e9 les petits espaces avec un confort subtil\u202f\u2014\u202f une touche de finition \u00e9l\u00e9gante que les passagers appr\u00e9cient \u00e0 chaque trajet.<\/p>\n<\/div>\n<hr \/>\n<p>Performance\u00a0:<\/p>\n<div class=\"scroll-table-wrapper\">\n<div class=\"scroll-table\">\n<table id=\"tablepress-53\" class=\"tablepress tablepress-id-53\">\n<thead>\n<tr class=\"row-1\">\n\t<th class=\"column-1\">mannequin<\/th><th class=\"column-2\">Dimensions (mm)<\/th><th class=\"column-3\">Tension (V)<\/th><th class=\"column-4\">Fr\u00e9quence (Hz)<\/th><th class=\"column-5\">Puissance(W)<\/th><th class=\"column-6\">Vitesse (m\/s)<\/th><th class=\"column-7\">D\u00e9bit d'air (m\u00b3\/h)<\/th><th class=\"column-8\">Bruit (DB)<\/th><th class=\"column-9\">Poids (kg)<\/th>\n<\/tr>\n<\/thead>\n<tbody class=\"row-striping row-hover\">\n<tr class=\"row-2\">\n\t<td class=\"column-1\">FM-125-08DT<br \/>\n(interrupteur \u00e0 cl\u00e9)<\/td><td class=\"column-2\">800x146x173<\/td><td class=\"column-3\">220<\/td><td class=\"column-4\">50<\/td><td class=\"column-5\">80<\/td><td class=\"column-6\">7.5<\/td><td class=\"column-7\">860<\/td><td class=\"column-8\">\u226449<\/td><td class=\"column-9\">5<\/td>\n<\/tr>\n<tr class=\"row-3\">\n\t<td class=\"column-1\"> FM-125-08DT<br \/>\n(interrupteur inductif)<\/td><td class=\"column-2\">800\u00d7146x173<\/td><td class=\"column-3\">220<\/td><td class=\"column-4\">50<\/td><td class=\"column-5\">80<\/td><td class=\"column-6\">7.5<\/td><td class=\"column-7\">860<\/td><td class=\"column-8\">\u226449<\/td><td class=\"column-9\">5<\/td>\n<\/tr>\n<\/tbody>\n<\/table>\n<!-- #tablepress-53 from cache --><\/div>\n<\/div>\n<div><\/div>\n<div class=\"woocb\"><a class=\"wocb\" href=\"http:\/\/www.beiaole.com\/wp-content\/uploads\/2025\/10\/d4.1.pdf\" target=\"_blank\" rel=\"noopener\">se former<\/a><\/div>\n<div><\/div>","protected":false},"excerpt":{"rendered":"<ul>\n<li>\n<h2>Contr\u00f4le automatique-induction\u00a0:<\/h2>\n<p>\u202fLe corps\u2011human\u202fd\u00e9marrages\u202fles\u202ffans\u202fsoon\u202fas\u202fd\u2019entr\u00e9e\u202fet\u202farr\u00eats\u202fd\u2019entr\u00e9e\u202fd\u2019entr\u00e9e\u202fd\u2019\u00e9nergie\u202fd\u2019\u00e9nergie\u202fd\u2019\u00e9nergie.<\/li>\n<li>\n<h2>angle parfait\u00a0air\u00a0:<\/h2>\n<p>\u202f15\u00a0degr\u00e9s\u00a0\u202f\u00a0\u201cAngle\u00a0de\u00a0l'or\u201d\u00a0\u202fDesign\u00a0\u202fDe-Livings\u202fDe-sous-tireur-naturel\u00a0de\u00a0flux d'air\u00a0qui rafra\u00eechit\u00a0sans\u00a0les\u00a0projets.<\/li>\n<li>\n<h2>Deux\u202fcontr\u00f4les\u202foptions\u00a0:<\/h2>\n<p>\u202fDisponible\u202favec\u202fmanuel\u202fkey\u202fswitch\u202fou\u202ffully\u202fautomatique\u202finductif\u202fcapteur\u202fpour\u202fde\u202ffonction.<\/li>\n<li>\n<h2>Calme\u202fperformance\u00a0:<\/h2>\n<p>\u202fNiveaux\u202fniveaux\u202fas\u202fbas\u202fas\u202f49\u202fdb\u202fblend\u202fde\u202fd\u2019un\u202fso\u202fd\u2019ambiant\u202fd\u2019ambiant\u202fd\u2019un\u202f\u00e9leveur.<\/li>\n<li>\n<h2>M\u00e9canique durable\u00a0:<\/h2>\n<p>\u202f Acier\u202fPoursirs\u202fet\u202fVibration\u202fMotor\u202fRun\u202fSomoothly\u202fet\u202fDe-sur-les-ann\u00e9es\u202fd\u2019une utilisation quotidienne.<\/li>\n<li>\n<h2>Conception compacte\u00a0:<\/h2>\n<p>\u202f slim\u202fcorps\u202f(800\u202f\u00d7\u202f146\u202f\u00d7\u202f173\u202fmm)\u202fconvient\u202ffacilement\u202fdans\u202fdes\u202fcanopes\u202fou\u202f\u00e0\u202fdes structures\u202fd\u2019ascenseur.<\/li>\n<li>\n<h2>Efficacit\u00e9 \u00e9nerg\u00e9tique-\u00e9conomie\u00a0:<\/h2>\n<p>\u202fdessins\u202fjuste\u202f80\u202fw\u202fde\u202fpuissance\u202faussi\u202fdiffuser\u202fd\u2019airflow\u202f\u00e0\u202f860\u202fm\u00b3\/h\u202f\u00e0\u202f7,5\u202fm\/s.<\/li>\n<\/ul>\n<hr \/>","protected":false},"featured_media":4821,"comment_status":"open","ping_status":"closed","template":"","meta":{"_acf_changed":false},"product_brand":[],"product_cat":[65],"product_tag":[],"class_list":{"0":"post-4790","1":"product","2":"type-product","3":"status-publish","4":"has-post-thumbnail","6":"product_cat-air-curtain","8":"first","9":"instock","10":"taxable","11":"shipping-taxable","12":"purchasable","13":"product-type-variable","14":"has-default-attributes"},"acf":[],"_links":{"self":[{"href":"https:\/\/www.ecvents.com\/fr\/wp-json\/wp\/v2\/product\/4790","targetHints":{"allow":["GET"]}}],"collection":[{"href":"https:\/\/www.ecvents.com\/fr\/wp-json\/wp\/v2\/product"}],"about":[{"href":"https:\/\/www.ecvents.com\/fr\/wp-json\/wp\/v2\/types\/product"}],"replies":[{"embeddable":true,"href":"https:\/\/www.ecvents.com\/fr\/wp-json\/wp\/v2\/comments?post=4790"}],"wp:featuredmedia":[{"embeddable":true,"href":"https:\/\/www.ecvents.com\/fr\/wp-json\/wp\/v2\/media\/4821"}],"wp:attachment":[{"href":"https:\/\/www.ecvents.com\/fr\/wp-json\/wp\/v2\/media?parent=4790"}],"wp:term":[{"taxonomy":"product_brand","embeddable":true,"href":"https:\/\/www.ecvents.com\/fr\/wp-json\/wp\/v2\/product_brand?post=4790"},{"taxonomy":"product_cat","embeddable":true,"href":"https:\/\/www.ecvents.com\/fr\/wp-json\/wp\/v2\/product_cat?post=4790"},{"taxonomy":"product_tag","embeddable":true,"href":"https:\/\/www.ecvents.com\/fr\/wp-json\/wp\/v2\/product_tag?post=4790"}],"curies":[{"name":"WP","href":"https:\/\/api.w.org\/{rel}","templated":true}]}}