{"id":4797,"date":"2026-03-19T06:05:03","date_gmt":"2026-03-19T11:05:03","guid":{"rendered":"https:\/\/www.ecvents.com\/?post_type=product&#038;p=4797"},"modified":"2026-03-19T06:05:51","modified_gmt":"2026-03-19T11:05:51","slug":"serie-b-de-rideau-dair-a-flux-croise","status":"publish","type":"product","link":"https:\/\/www.ecvents.com\/fr\/product\/serie-b-de-rideau-dair-a-flux-croise\/","title":{"rendered":"S\u00e9rie B de rideau d'air \u00e0 flux crois\u00e9"},"content":{"rendered":"<div class=\"someee\">\n<h2><strong>Flux d'air fluide. force silencieuse. Con\u00e7u pour le confort de tous les jours.<\/strong><\/h2>\n<p>le\u00a0<strong>S\u00e9rie de flux transversaux-air\u202fB<\/strong>\u00a0est fait pour les espaces que vous utilisez le plus : zones d'accueil, restaurants, magasins et bureaux qui m\u00e9ritent un air plus pur et une atmosph\u00e8re plus stable. Il ne demande pas d'attention, il fonctionne simplement tranquillement en arri\u00e8re-plan, gardant l'air d\u00e9gag\u00e9, \u00e9quilibr\u00e9 et confortable \u00e0 chaque fois qu'une porte s'ouvre.<\/p>\n<p>Lorsqu'il est allum\u00e9, le flux d'air est naturel et uniforme. le\u00a0<strong>Roue de haute pr\u00e9cision\u202fabs\u202fcroissance\u2011roue<\/strong>\u00a0et\u00a0<strong>Moteur en cuivre pur<\/strong>\u00a0Cr\u00e9ez une barri\u00e8re lisse de l'air en mouvement \u00e0\u00a0<strong>9\u202f\u2013\u202f11\u202fm\/s<\/strong>. Il aide votre syst\u00e8me de climatisation \u00e0 rester efficace tout en bloquant la poussi\u00e8re, les insectes et les odeurs ind\u00e9sirables. Le r\u00e9sultat est une pi\u00e8ce plus fra\u00eeche qui se sent mieux dans l'habitation - une temp\u00e9rature stable, une consommation d'\u00e9nergie r\u00e9duite et un air plus pur.<\/p>\n<p>Construit pour l'endurance et l'\u00e9l\u00e9gance tranquille, la B\u202fSeries dispose d'un\u00a0<strong>Coquille tout en m\u00e9tal<\/strong>\u00a0Avec des contours raffin\u00e9s et une finition durable qui r\u00e9siste \u00e0 l'usure et \u00e0 la corrosion. \u00c0 l'int\u00e9rieur, le syst\u00e8me a \u00e9t\u00e9 test\u00e9 pour plus\u00a0<strong>8\u00a0000\u00a0heures\u00a0de\u00a0op\u00e9ration continue<\/strong>, c'est donc le genre d'\u00e9quipement que vous installez une fois et sur lequel vous comptez depuis des ann\u00e9es.<\/p>\n<p>Le contr\u00f4le est intuitif : un\u00a0<strong>Commutateur \u00e0 s\u00e9lecteur \u00e0 deux vitesses<\/strong>\u00a0Vous permet de r\u00e9gler le flux d'air en fonction de votre environnement, tandis que le\u00a0<strong>Guide-Air\u202fAir\u202fBarre<\/strong>\u00a0Fine\u2011tunes direction du vent avec une simple touche. Chaque aspect semble simple et pratique, puissant en cas de besoin, doux lorsqu'il est pr\u00e9f\u00e9r\u00e9.<\/p>\n<p>Efficace, durable et discr\u00e8tement fiable, la s\u00e9rie \u00e0 air\u2011air\u202fb\u202fb\u202fb\u202fb\u202fa-b\u202fa-b\u202f apporte une sorte de satisfaction subtile, le confort d\u2019un air propre et bien g\u00e9r\u00e9, fourni sans effort.<\/p>\n<\/div>\n<hr \/>\n<p>Performance\u00a0:<\/p>\n<div class=\"scroll-table-wrapper\">\n<div class=\"scroll-table\">\n<table id=\"tablepress-55\" class=\"tablepress tablepress-id-55\">\n<thead>\n<tr class=\"row-1\">\n\t<th class=\"column-1\">mannequin<\/th><th class=\"column-2\">Dimensions (mm)<\/th><th class=\"column-3\">Tension (V)<\/th><th class=\"column-4\">Fr\u00e9quence (Hz)<\/th><th class=\"column-5\">Puissance(W)<\/th><th class=\"column-6\">Vitesse (m\/s)<\/th><th class=\"column-7\">D\u00e9bit d'air (m\u00b3\/h)<\/th><th class=\"column-8\">Bruit (DB)<\/th><th class=\"column-9\">Poids (kg)<\/th>\n<\/tr>\n<\/thead>\n<tbody class=\"row-striping row-hover\">\n<tr class=\"row-2\">\n\t<td class=\"column-1\">FM-4009<\/td><td class=\"column-2\">900x175\u00d7210<\/td><td class=\"column-3\">220<\/td><td class=\"column-4\">50<\/td><td class=\"column-5\">160<\/td><td class=\"column-6\">9-11<\/td><td class=\"column-7\">1630<\/td><td class=\"column-8\">53<\/td><td class=\"column-9\">10.5<\/td>\n<\/tr>\n<tr class=\"row-3\">\n\t<td class=\"column-1\">FM-4010<\/td><td class=\"column-2\">1000x175x210<\/td><td class=\"column-3\">220<\/td><td class=\"column-4\">50<\/td><td class=\"column-5\">185<\/td><td class=\"column-6\">9-11<\/td><td class=\"column-7\">1910<\/td><td class=\"column-8\">54<\/td><td class=\"column-9\">11.5<\/td>\n<\/tr>\n<tr class=\"row-4\">\n\t<td class=\"column-1\">FM-4012<\/td><td class=\"column-2\">1200x175\u00d7210<\/td><td class=\"column-3\">220<\/td><td class=\"column-4\">50<\/td><td class=\"column-5\">220<\/td><td class=\"column-6\">9-11<\/td><td class=\"column-7\">2500<\/td><td class=\"column-8\">54<\/td><td class=\"column-9\">13<\/td>\n<\/tr>\n<tr class=\"row-5\">\n\t<td class=\"column-1\">FM-4015<\/td><td class=\"column-2\">1500x175x210<\/td><td class=\"column-3\">220<\/td><td class=\"column-4\">50<\/td><td class=\"column-5\">260<\/td><td class=\"column-6\">9-11<\/td><td class=\"column-7\">3580<\/td><td class=\"column-8\">55<\/td><td class=\"column-9\">15.7<\/td>\n<\/tr>\n<tr class=\"row-6\">\n\t<td class=\"column-1\">FM-4018<\/td><td class=\"column-2\">1800\u00d7175\u00d7210<\/td><td class=\"column-3\">220<\/td><td class=\"column-4\">50<\/td><td class=\"column-5\">320<\/td><td class=\"column-6\">9-11<\/td><td class=\"column-7\">3900<\/td><td class=\"column-8\">56<\/td><td class=\"column-9\">18<\/td>\n<\/tr>\n<tr class=\"row-7\">\n\t<td class=\"column-1\">FM-4020<\/td><td class=\"column-2\">2000x175x210<\/td><td class=\"column-3\">220<\/td><td class=\"column-4\">50<\/td><td class=\"column-5\">350<\/td><td class=\"column-6\">9-11<\/td><td class=\"column-7\">4280<\/td><td class=\"column-8\">56<\/td><td class=\"column-9\">19.1<\/td>\n<\/tr>\n<\/tbody>\n<\/table>\n<!-- #tablepress-55 from cache --><\/div>\n<\/div>\n<div><\/div>\n<div class=\"woocb\"><a class=\"wocb\" href=\"http:\/\/www.beiaole.com\/wp-content\/uploads\/2025\/09\/d4.3.pdf\" target=\"_blank\" rel=\"noopener\">se former<\/a><\/div>\n<div><\/div>","protected":false},"excerpt":{"rendered":"<ul>\n<li>\n<h2>Barri\u00e8re d'air stable\u00a0:<\/h2>\n<p>\u202fDelivers\u202funiformes\u202fairflow\u202fat\u202f9\u202f\u2013\u202f11\u202fm\/s\u202f\u00e0\u202fs\u00e9parer\u202fint\u00e9rieur\u202fet\u202fd'ext\u00e9rieur\u202fdoudoit.<\/li>\n<li>\n<h2>Performance \u00e9nerg\u00e9tique\u2011efficace :<\/h2>\n<p>\u202fam\u00e9liore\u202fd\u202fd'efficacit\u00e9\u202fd'HVAC\u202fen\u202fen\u202fr\u00e9duisant\u202fde\u202fla perte\u202fet\u202fconservant\u202fair\u202fconditionn\u00e9\u202f\u00e0 l'int\u00e9rieur.<\/li>\n<li>\n<h2>Op\u00e9ration de calme\u00a0:<\/h2>\n<p>\u202fNiveaux \u00e0 faible bruit\u202fde\u202f53\u202f\u2013\u202f56\u202fdb\u202ffait\u202fi\u202fid\u00e9al\u202fpour\u202fdes espaces,\u202fles bureaux,\u202fet\u202fles espaces de d\u00e9tail.<\/li>\n<li>\n<h2>Durable\u202fTout\u2011M\u00e9tal\u202fhousing :<\/h2>\n<p>\u202f\u00c9l\u00e9gant\u202fenduit de poudre\u202ffini\u202fr\u00e9siste\u202frouille\u202fet\u202fusure\u202fpour\u202f\u00e0 long terme\u202futilisation.<\/li>\n<li>\n<h2>Roue de haute pr\u00e9cision-croissance\u00a0:<\/h2>\n<p>\u202fabs\u202fImeller\u202fet\u202fpure\u202fdropper\u202fmoteur\u202fd\u00e9livrant\u202fstable\u202fairflow\u202favec\u202fmoins\u202fvibrations.<\/li>\n<li>\n<h2>Contr\u00f4le \u00e0 double vitesse\u00a0:<\/h2>\n<p>\u202fSimple\u202fdeux\u2011switch\u202fpour\u202fmanuel\u202fajustage\u202fd\u2019ajustement.<\/li>\n<li>\n<h2>Guide-barre r\u00e9glable-air-guide\u00a0:<\/h2>\n<p>\u202fFacilit\u00e9\u202fair\u202fair\u202faum\u00f4ne\u202fpour\u202fparfait\u202fcouverture\u202fet\u202fconfort.<\/li>\n<li>\n<h2>Fiabilit\u00e9 \u00e0 longue dur\u00e9e de vie\u00a0:<\/h2>\n<p>\u202fContinu\u202fOp\u00e9ration\u202fTest\u00e9\u202fPour\u202fPlus\u202f8\u00a0000\u202fheures\u202fSans\u202fperformance\u202fDoss.<\/li>\n<\/ul>\n<hr \/>","protected":false},"featured_media":4822,"comment_status":"open","ping_status":"closed","template":"","meta":{"_acf_changed":false},"product_brand":[],"product_cat":[65],"product_tag":[],"class_list":{"0":"post-4797","1":"product","2":"type-product","3":"status-publish","4":"has-post-thumbnail","6":"product_cat-air-curtain","8":"first","9":"instock","10":"taxable","11":"shipping-taxable","12":"purchasable","13":"product-type-variable","14":"has-default-attributes"},"acf":[],"_links":{"self":[{"href":"https:\/\/www.ecvents.com\/fr\/wp-json\/wp\/v2\/product\/4797","targetHints":{"allow":["GET"]}}],"collection":[{"href":"https:\/\/www.ecvents.com\/fr\/wp-json\/wp\/v2\/product"}],"about":[{"href":"https:\/\/www.ecvents.com\/fr\/wp-json\/wp\/v2\/types\/product"}],"replies":[{"embeddable":true,"href":"https:\/\/www.ecvents.com\/fr\/wp-json\/wp\/v2\/comments?post=4797"}],"wp:featuredmedia":[{"embeddable":true,"href":"https:\/\/www.ecvents.com\/fr\/wp-json\/wp\/v2\/media\/4822"}],"wp:attachment":[{"href":"https:\/\/www.ecvents.com\/fr\/wp-json\/wp\/v2\/media?parent=4797"}],"wp:term":[{"taxonomy":"product_brand","embeddable":true,"href":"https:\/\/www.ecvents.com\/fr\/wp-json\/wp\/v2\/product_brand?post=4797"},{"taxonomy":"product_cat","embeddable":true,"href":"https:\/\/www.ecvents.com\/fr\/wp-json\/wp\/v2\/product_cat?post=4797"},{"taxonomy":"product_tag","embeddable":true,"href":"https:\/\/www.ecvents.com\/fr\/wp-json\/wp\/v2\/product_tag?post=4797"}],"curies":[{"name":"WP","href":"https:\/\/api.w.org\/{rel}","templated":true}]}}