{"id":4804,"date":"2026-03-19T06:05:04","date_gmt":"2026-03-19T11:05:04","guid":{"rendered":"https:\/\/www.ecvents.com\/?post_type=product&#038;p=4804"},"modified":"2026-03-19T06:05:51","modified_gmt":"2026-03-19T11:05:51","slug":"rideau-dair-centrifuge-x5-serie","status":"publish","type":"product","link":"https:\/\/www.ecvents.com\/fr\/product\/rideau-dair-centrifuge-x5-serie\/","title":{"rendered":"Rideau d'air centrifuge X5 s\u00e9rie"},"content":{"rendered":"<div class=\"someee\">\n<h2><strong>Puissance raffin\u00e9e. pr\u00e9cision tranquille. Construit pour les entr\u00e9es modernes.<\/strong><\/h2>\n<p>le\u00a0<strong>X5\u202fCentrifugeuse\u202fS\u00e9ries\u202fAir\u202fRideau<\/strong>\u00a0Conjugue \u00e9l\u00e9gance et fiabilit\u00e9, une conception raffin\u00e9e qui compl\u00e8te les espaces modernes tout en offrant un flux d'air fiable et performant au quotidien. Con\u00e7u pour l'esth\u00e9tique et l'endurance, il s'int\u00e8gre parfaitement aux entr\u00e9es o\u00f9 la fonction et le style doivent coexister.<\/p>\n<p>le\u00a0<strong>Tout\u2011corps en m\u00e9tal<\/strong>\u00a0Semble solide et sophistiqu\u00e9, avec une entr\u00e9e d'air avant et une sortie inf\u00e9rieure qui maintiennent un aspect \u00e9pur\u00e9 et minimaliste. Les d\u00e9tails subtils et la finition lisse le rendent \u00e0 la maison dans n'importe quel d\u00e9cor.<\/p>\n<p>Flexibilit\u00e9\u202fest\u202fconstruit. le\u00a0<strong>Guide-Air\u202fAir\u202fBarre<\/strong>\u00a0Permet d'affiner manuellement le sens du flux d'air pour une couverture optimale, tandis que\u00a0<strong>Param\u00e8tres doubles-vitesses<\/strong>\u00a0(High\u202f\/\u202flow)\u202fPermettre aux utilisateurs d'\u00e9quilibrer le flux d'air et le bruit pour les conditions ou les saisons changeantes.<\/p>\n<p>\u00c0 l'int\u00e9rieur, l'ing\u00e9nierie de pr\u00e9cision brille. le\u00a0<strong>Centrifuge\u202fUltra\u2011Imeller<\/strong>\u00a0Fonctionne en harmonie avec un\u00a0<strong>Moteur \u00e0 haute vitesse\u202fpure\u202fdifficile<\/strong>, g\u00e9n\u00e9rant un flux d'air puissant mais soyeux. Test\u00e9 pour plus\u00a0<strong>8\u00a0000\u00a0heures\u00a0de\u00a0op\u00e9ration continue<\/strong>, il est con\u00e7u pour une utilisation quotidienne dans des environnements commerciaux et exigeants.<\/p>\n<p>La X5\u202fSeries associe l'\u00e9l\u00e9gance \u00e0 l'endurance-\u202f-\u202fun interpr\u00e8te silencieux et confiant qui prot\u00e8ge le confort et l'efficacit\u00e9 int\u00e9rieur tout en pr\u00e9servant les lignes \u00e9pur\u00e9es d'une entr\u00e9e moderne.<\/p>\n<\/div>\n<hr \/>\n<p>Performance\u00a0:<\/p>\n<div class=\"scroll-table-wrapper\">\n<div class=\"scroll-table\">\n<table id=\"tablepress-56\" class=\"tablepress tablepress-id-56\">\n<thead>\n<tr class=\"row-1\">\n\t<th class=\"column-1\">mannequin<\/th><th class=\"column-2\">Dimensions (mm)<\/th><th class=\"column-3\">Tension (V)<\/th><th class=\"column-4\">Fr\u00e9quence (Hz)<\/th><th class=\"column-5\">Puissance(W)<\/th><th class=\"column-6\">Vitesse (m\/s)<\/th><th class=\"column-7\">D\u00e9bit d'air (m\u00b3\/h)<\/th><th class=\"column-8\">Bruit (DB)<\/th><th class=\"column-9\">Poids (kg)<\/th>\n<\/tr>\n<\/thead>\n<tbody class=\"row-striping row-hover\">\n<tr class=\"row-2\">\n\t<td class=\"column-1\">FM-4509-L\/Y<\/td><td class=\"column-2\">900x215\u00d7230<\/td><td class=\"column-3\">220<\/td><td class=\"column-4\">50<\/td><td class=\"column-5\">230<\/td><td class=\"column-6\">16-18<\/td><td class=\"column-7\">1100<\/td><td class=\"column-8\">50<\/td><td class=\"column-9\">13<\/td>\n<\/tr>\n<tr class=\"row-3\">\n\t<td class=\"column-1\">FM-4512-L\/Y<\/td><td class=\"column-2\">1200x215\u00d7230<\/td><td class=\"column-3\">220<\/td><td class=\"column-4\">50<\/td><td class=\"column-5\">290<\/td><td class=\"column-6\">16-18<\/td><td class=\"column-7\">1500<\/td><td class=\"column-8\">52<\/td><td class=\"column-9\">15.5<\/td>\n<\/tr>\n<tr class=\"row-4\">\n\t<td class=\"column-1\">FM-4515-L\/Y<\/td><td class=\"column-2\">1500\u00d7215x230<\/td><td class=\"column-3\">220<\/td><td class=\"column-4\">50<\/td><td class=\"column-5\">380<\/td><td class=\"column-6\">16-18<\/td><td class=\"column-7\">1900<\/td><td class=\"column-8\">53<\/td><td class=\"column-9\">20<\/td>\n<\/tr>\n<tr class=\"row-5\">\n\t<td class=\"column-1\">FM-4518-L\/Y<\/td><td class=\"column-2\">1800x215\u00d7230<\/td><td class=\"column-3\">220<\/td><td class=\"column-4\">50<\/td><td class=\"column-5\">450<\/td><td class=\"column-6\">16-18<\/td><td class=\"column-7\">2280<\/td><td class=\"column-8\">54<\/td><td class=\"column-9\">23.5<\/td>\n<\/tr>\n<\/tbody>\n<\/table>\n<!-- #tablepress-56 from cache --><\/div>\n<\/div>\n<div><\/div>\n<div class=\"woocb\"><a class=\"wocb\" href=\"http:\/\/www.beiaole.com\/wp-content\/uploads\/2025\/09\/d4.4.pdf\" target=\"_blank\" rel=\"noopener\">se former<\/a><\/div>\n<div><\/div>","protected":false},"excerpt":{"rendered":"<ul>\n<li>\n<h2>Construction \u00e9l\u00e9gante en m\u00e9tal :<\/h2>\n<p>\u202fInt\u00e9rieur enduit\u202fdurable\u202fenduit\u202fd\u2019acier\u202fcorps\u202favec\u202fd\u2019fini\u202ffinish\u202fd\u2019articles\u202fd\u2019finale\u202fd\u2019un\u202fcontemporain\u202fcontinue.<\/li>\n<li>\n<h2>Double-air\u202finlet\u202f\/\u202fdesign\u202fdesign\u00a0:<\/h2>\n<p>\u202fFront\u202fAccueil\u202fet\u202fD\u00e9charge\u202fCr\u00e9er\u202fOptimized\u202fAirFlow\u202fpour\u202fHigh\u202fPerformance\u202fet\u202fStream\u00e9\u202fApparence.<\/li>\n<li>\n<h2>Guide-barre r\u00e9glable-air-guide\u00a0:<\/h2>\n<p>\u202fManually\u202fSet\u202fair\u202fdirection\u202fpour\u202fparfait\u202fcouverture\u202fet\u202f\u00e9nergie\u202fd'efficacit\u00e9\u202fdans\u202fdiff\u00e9rent.<\/li>\n<li>\n<h2>Options de vitesse \u00e9lev\u00e9e\/\u202ffaible-faible\u00a0:<\/h2>\n<p>\u202fSimple\u202fdeux\u2011speed\u202fControl\u202flets\u202fvous\u202fs\u00e9lectionnez\u202fdeux\u202fd\u2019op\u00e9rations maximales\u202fairflow\u202fou\u202fquiet\u202f.<\/li>\n<li>\n<h2>Roue fiable\u202fcentrifugeuse\u202f:<\/h2>\n<p>\u202fUltra\u2011fin\u202f\u00e9quilibr\u00e9\u202ffan\u202flames\u202fd\u00e9livrance\u202funiforme,\u202fturbulence\u2011air\u202fa\u202f16\u202f\u2013\u202f18\u202fm\/s.<\/li>\n<li>\n<h2>Moteur longue dur\u00e9e de vie\u202fpur\u202fd\u00e9li\u00e9 :<\/h2>\n<p>\u202fElle-moteur\u202f\u00e0 grande vitesse\u202fassure\u202fEffectif\u202fPuissance\u202fDelivation\u202fet\u202fdoubl\u00e9e\u202fde\u202fdou\u00e9\u202f(sur\u202f8\u00a0000\u202fheures).<\/li>\n<li>\n<h2>Calme\u202fperformance\u00a0:<\/h2>\n<p>\u202fNoise\u202fOutput\u202fkept\u202fdt\u202fd\u202fdB\u202fdB\u202fdB\u202fpour\u202findoor\u202fd\u2019un\u202fd\u2019int\u00e9rieur\u202fconfort.<\/li>\n<li>\n<h2>Configurations multiples\u00a0dur\u00e9e\u00a0:<\/h2>\n<p>\u202fdisponible\u202fin\u202f900\u202f\u202fmm\u202f\u2013\u202f\u202f1,800\u202f\u202fMM\u202fmod\u00e8les\u202f\u00e0\u202ffit\u202fdif\u202fd\u2019espaces\u202fde\u202fd\u2019espaces\u202fet\u202fespaces.<\/li>\n<\/ul>\n<hr \/>","protected":false},"featured_media":4832,"comment_status":"open","ping_status":"closed","template":"","meta":{"_acf_changed":false},"product_brand":[],"product_cat":[65],"product_tag":[],"class_list":{"0":"post-4804","1":"product","2":"type-product","3":"status-publish","4":"has-post-thumbnail","6":"product_cat-air-curtain","8":"first","9":"instock","10":"taxable","11":"shipping-taxable","12":"purchasable","13":"product-type-variable","14":"has-default-attributes"},"acf":[],"_links":{"self":[{"href":"https:\/\/www.ecvents.com\/fr\/wp-json\/wp\/v2\/product\/4804","targetHints":{"allow":["GET"]}}],"collection":[{"href":"https:\/\/www.ecvents.com\/fr\/wp-json\/wp\/v2\/product"}],"about":[{"href":"https:\/\/www.ecvents.com\/fr\/wp-json\/wp\/v2\/types\/product"}],"replies":[{"embeddable":true,"href":"https:\/\/www.ecvents.com\/fr\/wp-json\/wp\/v2\/comments?post=4804"}],"wp:featuredmedia":[{"embeddable":true,"href":"https:\/\/www.ecvents.com\/fr\/wp-json\/wp\/v2\/media\/4832"}],"wp:attachment":[{"href":"https:\/\/www.ecvents.com\/fr\/wp-json\/wp\/v2\/media?parent=4804"}],"wp:term":[{"taxonomy":"product_brand","embeddable":true,"href":"https:\/\/www.ecvents.com\/fr\/wp-json\/wp\/v2\/product_brand?post=4804"},{"taxonomy":"product_cat","embeddable":true,"href":"https:\/\/www.ecvents.com\/fr\/wp-json\/wp\/v2\/product_cat?post=4804"},{"taxonomy":"product_tag","embeddable":true,"href":"https:\/\/www.ecvents.com\/fr\/wp-json\/wp\/v2\/product_tag?post=4804"}],"curies":[{"name":"WP","href":"https:\/\/api.w.org\/{rel}","templated":true}]}}