{"id":4809,"date":"2026-03-19T06:05:04","date_gmt":"2026-03-19T11:05:04","guid":{"rendered":"https:\/\/www.ecvents.com\/?post_type=product&#038;p=4809"},"modified":"2026-03-19T06:06:20","modified_gmt":"2026-03-19T11:06:20","slug":"rideau-dair-chauffant","status":"publish","type":"product","link":"https:\/\/www.ecvents.com\/fr\/product\/rideau-dair-chauffant\/","title":{"rendered":"rideau d'air chauffant"},"content":{"rendered":"<div class=\"someee\">\n<h2><strong>chaleur instantan\u00e9e. S\u00e9curit\u00e9 silencieuse. Con\u00e7u pour le confort de tous les jours.<\/strong><\/h2>\n<p>le\u00a0<strong>Chauffage\u202fAir\u202fRideau<\/strong>\u00a0Transforme les portes froides en entr\u00e9es chaleureuses et accueillantes. Con\u00e7u pour le confort et l'efficacit\u00e9, il offre une chaleur douce et uniforme tout en conservant une pr\u00e9sence tranquille et un style raffin\u00e9, parfait pour les boutiques, les lobbys et les all\u00e9es tr\u00e8s fr\u00e9quent\u00e9es qui n\u00e9cessitent une chaleur sans distraction.<\/p>\n<p>L'op\u00e9ration est sans effort. un\u00a0<strong>Contr\u00f4leur \u00e0 distance infrarouge complet<\/strong>\u00a0Vous permet de r\u00e9gler les modes, la vitesse du ventilateur ou les r\u00e9glages de la minuterie depuis n'importe o\u00f9 dans la pi\u00e8ce, sans aucune interruption, simplement un confort.<\/p>\n<p>le syst\u00e8me\u00a0<strong>\u00c9l\u00e9ment de chauffage \u00e0 haut rendement<\/strong>\u00a0R\u00e9chauffe l'air de mani\u00e8re uniforme et s\u00fbre, \u00e9liminant les flammes nues tout en optimisant la consommation d'\u00e9nergie. le\u00a0<strong>Conception de chauffage par admission d'air<\/strong>\u00a0Assure une mont\u00e9e en temp\u00e9rature puissante et une faible r\u00e9sistance \u00e0 la sortie, produisant un flux d'air doux et naturel qui se sent confortable et non forc\u00e9.<\/p>\n<p>La s\u00e9curit\u00e9 est int\u00e9gr\u00e9e dans chaque d\u00e9tail. un\u00a0<strong>60\u2011Deuxi\u00e8me\u202fCool\u202fDessin<\/strong>\u00a0Abaisse doucement la temp\u00e9rature interne apr\u00e8s l'arr\u00eat, prolongeant la dur\u00e9e de vie du moteur tout en emp\u00eachant l'accumulation de chaleur r\u00e9siduelle.\u00a0<strong>Trois niveaux de temp\u00e9rature<\/strong>\u00a0s'adapter aux changements saisonniers et aux syst\u00e8mes de protection multiples, y compris un\u00a0<strong>Sonde de surchauffe<\/strong>,\u00a0<strong>Protecteur sensible \u00e0 la pression<\/strong>, et\u00a0<strong>Tube de fusible<\/strong>\u00a0\u2014 Assurer une performance s\u00fbre heure apr\u00e8s heure.<\/p>\n<p>le\u00a0<strong>Moteur silencieux<\/strong>\u00a0et\u00a0<strong>Grande roue \u00e0 vent<\/strong>\u00a0Fournir une forte circulation thermique avec une r\u00e9sistance minimale, en gardant les niveaux de bruit aussi bas que\u202f<strong>55\u202f\u2013\u202f60\u202fDB<\/strong>. Chaque composant est con\u00e7u pour la long\u00e9vit\u00e9, la stabilit\u00e9 et la tranquillit\u00e9 d'esprit.<\/p>\n<p>Compact, silencieux et puissant, le rideau de chauffage-air r\u00e9chauffe naturellement les espaces, en gardant le confort l\u00e0 o\u00f9 vous le souhaitez et le froid \u00e0 leur place.<\/p>\n<\/div>\n<hr \/>\n<p>Performance\u00a0:<\/p>\n<div class=\"scroll-table-wrapper\">\n<div class=\"scroll-table\">\n<table id=\"tablepress-57\" class=\"tablepress tablepress-id-57\">\n<thead>\n<tr class=\"row-1\">\n\t<th class=\"column-1\">mannequin<\/th><th class=\"column-2\">Dimensions (mm)<\/th><th class=\"column-3\">Tension (V)<\/th><th class=\"column-4\">Fr\u00e9quence (Hz)<\/th><th class=\"column-5\">Puissance(W)<br \/>\n  H-L<\/th><th class=\"column-6\">Puissance PTC (kW)<br \/>\nH-M-L<\/th><th class=\"column-7\">Vitesse (m\/s)<br \/>\nH-L<\/th><th class=\"column-8\">D\u00e9bit d'air (m\u00b3\/h)<\/th><th class=\"column-9\">Tem(k)<\/th><th class=\"column-10\">Bruit (DB)<\/th><th class=\"column-11\">Poids (kg)<\/th>\n<\/tr>\n<\/thead>\n<tbody class=\"row-striping row-hover\">\n<tr class=\"row-2\">\n\t<td class=\"column-1\">RM-1209-D\/Y<\/td><td class=\"column-2\">900\u00d7170x205<\/td><td class=\"column-3\">380\/220<\/td><td class=\"column-4\">50<\/td><td class=\"column-5\">160-110<\/td><td class=\"column-6\">6-4-2<\/td><td class=\"column-7\">8.0-6.5<\/td><td class=\"column-8\">1000<\/td><td class=\"column-9\">34-45<\/td><td class=\"column-10\"><55<\/td><td class=\"column-11\">12<\/td>\n<\/tr>\n<tr class=\"row-3\">\n\t<td class=\"column-1\">RM-1212-D\/Y<\/td><td class=\"column-2\">1200x170x205<\/td><td class=\"column-3\">380\/220<\/td><td class=\"column-4\">50<\/td><td class=\"column-5\">220-150<\/td><td class=\"column-6\">8-6-4<\/td><td class=\"column-7\">8.0-6.5<\/td><td class=\"column-8\">1200<\/td><td class=\"column-9\">35-45<\/td><td class=\"column-10\"><57<\/td><td class=\"column-11\">15.5<\/td>\n<\/tr>\n<tr class=\"row-4\">\n\t<td class=\"column-1\">RM-1215-D\/Y<\/td><td class=\"column-2\">1500x170x205<\/td><td class=\"column-3\">380\/220<\/td><td class=\"column-4\">50<\/td><td class=\"column-5\">260-180<\/td><td class=\"column-6\">10-8-6<\/td><td class=\"column-7\">8.0-6.5<\/td><td class=\"column-8\">1400<\/td><td class=\"column-9\">35-45<\/td><td class=\"column-10\"><58<\/td><td class=\"column-11\">19<\/td>\n<\/tr>\n<tr class=\"row-5\">\n\t<td class=\"column-1\">RM-1218-D\/Y<\/td><td class=\"column-2\">1800x170x205<\/td><td class=\"column-3\">380\/220<\/td><td class=\"column-4\">50<\/td><td class=\"column-5\">320-250<\/td><td class=\"column-6\">12-10-8<\/td><td class=\"column-7\">8.0-6.5<\/td><td class=\"column-8\">1600<\/td><td class=\"column-9\">35-45<\/td><td class=\"column-10\"><60<\/td><td class=\"column-11\">22.5<\/td>\n<\/tr>\n<\/tbody>\n<\/table>\n<!-- #tablepress-57 from cache --><\/div>\n<\/div>\n<div><\/div>\n<div class=\"woocb\"><a class=\"wocb\" href=\"http:\/\/www.beiaole.com\/wp-content\/uploads\/2025\/09\/d4.5.pdf\" target=\"_blank\" rel=\"noopener\">se former<\/a><\/div>\n<div><\/div>","protected":false},"excerpt":{"rendered":"<ul>\n<li>\n<h2>Chauffage \u00e0 haut rendement-efficacit\u00e9-PTC\u00a0:<\/h2>\n<p>\u202fRapide,\u202fm\u00eame\u202fchaud\u202fsans\u202fouver\u202fflammes\u202fou\u202fd'oxyg\u00e8ne\u202fpour\u202flongue,\u202fs\u00fbr\u202futilisation.<\/li>\n<li>\n<h2>Contr\u00f4le \u00e0 distance intelligent\u00a0:<\/h2>\n<p>\u202fInfrarouge\u202fsyst\u00e8me\u202ffournit\u202facc\u00e8s\u202f\u00e0\u202f\u00e0\u202f\u00e0\u202f\u00e0\u202f\u00e0\u202f\u00e0\u202fassure\u202f\u00e0\u202f\u2019s\u2019il est facile d\u2019acc\u00e9der \u00e0 la vitesse,\u202fde\u202fet\u202fde\u202fde\u202fn\u2019importe\u202fde\u202fn\u2019importe\u202f.<\/li>\n<li>\n<h2>Param\u00e8tres de temp\u00e9rature \u00e0 trois niveaux\u00a0:<\/h2>\n<p>\u202f8\u202f\u2013\u202f6\u202f\u2013\u202f4\u202fkw\u202foptions\u202fadapt\u202f\u00e0\u202fsaisonni\u00e8re\u202fou\u202fdemandes environnementales.<\/li>\n<li>\n<h2>Syst\u00e8me int\u00e9gr\u00e9 de s\u00e9curit\u00e9\u00a0:<\/h2>\n<p>\u202fSur-la-protection\u202fTemp\u00e9rature\u202fD\u00e9cape,\u202fla pression\u202ftube,\u202f60\u202fDelassance\u202fde-la-delay\u202fde\u202fde\u202fde\u202fde-la-s\u00e9curit\u00e9\u202fd\u2019une\u202fd\u2019une\u202fd\u2019une\u202fd\u2019une\u202fd\u2019une\u202fd\u2019une\u202fs\u00e9curit\u00e9\u202fd\u2019une\u202fd\u2019une\u202fd\u2019urgence\u202fd\u2019une\u202fd\u2019une\u202fd\u2019urgence\ufffd\ufffd.<\/li>\n<li>\n<h2>Op\u00e9ration de calme\u00a0:<\/h2>\n<p>\u202fDesign\u202fet\u202fa\u00e9rodynamique\u202ffan\u202fconserver\u202fbruit\u202fa\u00e9rodynamique\u202fdb\u202fpour\u202fconfortable,\u202fperformance.<\/li>\n<li>\n<h2>Performance d'\u00e9conomie d'\u00e9nergie\u00a0:<\/h2>\n<p>\u202f\u00c9quilibr\u00e9\u202fairstream\u202fconception\u202fet\u202fPTC\u202fcore\u202fmaximiser\u202fefficacit\u00e9\u202fet\u202fminimiser\u202fd\u00e9couverte.<\/li>\n<li>\n<h2>Capacit\u00e9 de flux d'air \u00e9lev\u00e9\u00a0:<\/h2>\n<p>\u202fAir\u202fVitesse\u202fde\u202f8\u202f\u2013\u202f6,5\u202fm\/s\u202fet\u202fair\u202fvolume\u202f\u00e0\u202f1,600\u202fm\u00b3\/H\u202fmaintenance\u202feffective\u202f\u00e0 la r\u00e9tention\u202facross\u202fd'air\u202fd\u202fd'entretenions.<\/li>\n<li>\n<h2>Construction durable :<\/h2>\n<p>\u202fM\u00e9tal\u202fcorps\u202favec\u202fcorrosion\u2011r\u00e9sistant\u202ffinish\u202fdrost\u202fet\u202fdurable\u202fd\u2019apparence.<\/li>\n<\/ul>\n<hr \/>","protected":false},"featured_media":4833,"comment_status":"open","ping_status":"closed","template":"","meta":{"_acf_changed":false},"product_brand":[],"product_cat":[65],"product_tag":[],"class_list":{"0":"post-4809","1":"product","2":"type-product","3":"status-publish","4":"has-post-thumbnail","6":"product_cat-air-curtain","8":"first","9":"instock","10":"sale","11":"taxable","12":"shipping-taxable","13":"purchasable","14":"product-type-variable","15":"has-default-attributes"},"acf":[],"_links":{"self":[{"href":"https:\/\/www.ecvents.com\/fr\/wp-json\/wp\/v2\/product\/4809","targetHints":{"allow":["GET"]}}],"collection":[{"href":"https:\/\/www.ecvents.com\/fr\/wp-json\/wp\/v2\/product"}],"about":[{"href":"https:\/\/www.ecvents.com\/fr\/wp-json\/wp\/v2\/types\/product"}],"replies":[{"embeddable":true,"href":"https:\/\/www.ecvents.com\/fr\/wp-json\/wp\/v2\/comments?post=4809"}],"wp:featuredmedia":[{"embeddable":true,"href":"https:\/\/www.ecvents.com\/fr\/wp-json\/wp\/v2\/media\/4833"}],"wp:attachment":[{"href":"https:\/\/www.ecvents.com\/fr\/wp-json\/wp\/v2\/media?parent=4809"}],"wp:term":[{"taxonomy":"product_brand","embeddable":true,"href":"https:\/\/www.ecvents.com\/fr\/wp-json\/wp\/v2\/product_brand?post=4809"},{"taxonomy":"product_cat","embeddable":true,"href":"https:\/\/www.ecvents.com\/fr\/wp-json\/wp\/v2\/product_cat?post=4809"},{"taxonomy":"product_tag","embeddable":true,"href":"https:\/\/www.ecvents.com\/fr\/wp-json\/wp\/v2\/product_tag?post=4809"}],"curies":[{"name":"WP","href":"https:\/\/api.w.org\/{rel}","templated":true}]}}