{"id":4814,"date":"2026-03-19T06:05:05","date_gmt":"2026-03-19T11:05:05","guid":{"rendered":"https:\/\/www.ecvents.com\/?post_type=product&#038;p=4814"},"modified":"2026-03-19T06:06:20","modified_gmt":"2026-03-19T11:06:20","slug":"rideau-dair-de-chauffage-haute-puissance","status":"publish","type":"product","link":"https:\/\/www.ecvents.com\/fr\/product\/rideau-dair-de-chauffage-haute-puissance\/","title":{"rendered":"Rideau d'air chauffant (haute puissance)"},"content":{"rendered":"<div class=\"someee\">\n<h2><strong>Chaleur rapide. Puissance s\u00fbre. Con\u00e7u pour les hivers rigoureux.<\/strong><\/h2>\n<p>le\u00a0<strong>Chauffage\u202fair\u202frurtain\u202f(haute\u202fpuissance)<\/strong>\u00a0est con\u00e7u pour les espaces qui exigent un soulagement instantan\u00e9 du froid, les boutiques, les ateliers et les entr\u00e9es tr\u00e8s fr\u00e9quent\u00e9es o\u00f9 chaque porte ouverte apporte un froid. Il remplit les pi\u00e8ces d'une chaleur douce et uniforme qui semble naturelle, en gardant un confort stable m\u00eame les jours les plus froids.<\/p>\n<p>\u00c0 la base, il y a un\u00a0<strong>Roue \u00e9olienne en m\u00e9tal robuste<\/strong>\u00a0Con\u00e7u pour la force et l'\u00e9quilibre. Il produit un flux d'air laminaire constant qui r\u00e9partit la chaleur uniform\u00e9ment \u00e0 travers l'ouverture. Con\u00e7u pour fonctionner en continu, il r\u00e9siste \u00e0 la d\u00e9formation et \u00e0 l'usure.\u202f Un composant fiable que vous pouvez oublier car il fonctionne simplement.<\/p>\n<p>Le contr\u00f4le est sans effort. un\u00a0<strong>Commutateur \u00e0 deux vitesses<\/strong>\u00a0Permet un r\u00e9glage instantan\u00e9 entre le d\u00e9bit d'air \u00e9lev\u00e9 et faible pour un contr\u00f4le de temp\u00e9rature de pr\u00e9cision. Boutons simples, aucune interface complexe.\u202f\u2014\u202f Un confort rapide, chaque fois que vous en avez besoin.<\/p>\n<p>Le chauffage provient d'un intelligent\u00a0<strong>PTC\u202f(coefficient positif\u202ftemp\u00e9rature\u202f)\u202f<\/strong>, qui produit une chaleur rapide et stable sans flammes nues ni d\u00e9pl\u00e9tion en oxyg\u00e8ne. L'unit\u00e9 chauffe de mani\u00e8re s\u00fbre et uniforme, augmentant la temp\u00e9rature int\u00e9rieure sans cette sensation s\u00e8che et br\u00fbl\u00e9e. Dispositifs de s\u00e9curit\u00e9 int\u00e9gr\u00e9s\u202f\u2014\u202fun\u202fcontr\u00f4leur de temp\u00e9rature\u202f,\u202fla pression\u202fsensible\u202fdiffuseur,\u202ffuse\u202ftube,\u202fd\u202fdelay\u202ffunction\u202f\u2014\u202fassure la tranquillit\u00e9 d'esprit sous une utilisation prolong\u00e9e.<\/p>\n<p>le\u00a0<strong>Structure de la tige de chauffage et de la tige de chauffage<\/strong>\u00a0Cela signifie \u00e9galement une efficacit\u00e9 durable : la perte de r\u00e9sistance reste faible, la production de chaleur reste constante et la consommation d'\u00e9nergie reste optimis\u00e9e. Le r\u00e9sultat est une performance fiable et silencieuse qui maintient l'air chaud \u00e0 l'endroit o\u00f9 il appartient.\n<\/div>\n<hr \/>\n<p>Performance\u00a0:<\/p>\n<div class=\"scroll-table-wrapper\">\n<div class=\"scroll-table\">\n<table id=\"tablepress-58\" class=\"tablepress tablepress-id-58\">\n<thead>\n<tr class=\"row-1\">\n\t<th class=\"column-1\">mannequin<\/th><th class=\"column-2\">Dimensions (mm)<\/th><th class=\"column-3\">Tension (V)<\/th><th class=\"column-4\">Fr\u00e9quence (Hz)<\/th><th class=\"column-5\">Puissance(W)<br \/>\n  H-L<\/th><th class=\"column-6\">Puissance PTC (kW)<br \/>\nH-M-L<\/th><th class=\"column-7\">Vitesse (m\/s)<br \/>\nH-L<\/th><th class=\"column-8\">D\u00e9bit d'air (m\u00b3\/h)<\/th><th class=\"column-9\">Tem(k)<\/th><th class=\"column-10\">Bruit (DB)<\/th><th class=\"column-11\">Poids (kg)<\/th>\n<\/tr>\n<\/thead>\n<tbody class=\"row-striping row-hover\">\n<tr class=\"row-2\">\n\t<td class=\"column-1\">RM-1209-D\/Y (puissance \u00e9lev\u00e9e)<\/td><td class=\"column-2\">900x170x205<\/td><td class=\"column-3\">380<\/td><td class=\"column-4\">50<\/td><td class=\"column-5\">160-110<\/td><td class=\"column-6\">12<\/td><td class=\"column-7\">7.5-6.0<\/td><td class=\"column-8\">1200-1000<\/td><td class=\"column-9\">80-65<\/td><td class=\"column-10\"><61<\/td><td class=\"column-11\">12<\/td>\n<\/tr>\n<tr class=\"row-3\">\n\t<td class=\"column-1\">RM-1212-D\/Y (puissance \u00e9lev\u00e9e)<\/td><td class=\"column-2\">1200x170x205<\/td><td class=\"column-3\">380<\/td><td class=\"column-4\">50<\/td><td class=\"column-5\">220-150<\/td><td class=\"column-6\">16<\/td><td class=\"column-7\">7.5-6.0<\/td><td class=\"column-8\">1200-1400<\/td><td class=\"column-9\">80-65<\/td><td class=\"column-10\"><62<\/td><td class=\"column-11\">15.5<\/td>\n<\/tr>\n<tr class=\"row-4\">\n\t<td class=\"column-1\">RM-1215-D\/Y (puissance \u00e9lev\u00e9e)<\/td><td class=\"column-2\">1500\u00d7170x205<\/td><td class=\"column-3\">380<\/td><td class=\"column-4\">50<\/td><td class=\"column-5\">260-180<\/td><td class=\"column-6\">20<\/td><td class=\"column-7\">7.5-6.0<\/td><td class=\"column-8\">1400-1600<\/td><td class=\"column-9\">80-65<\/td><td class=\"column-10\"><63<\/td><td class=\"column-11\">19<\/td>\n<\/tr>\n<tr class=\"row-5\">\n\t<td class=\"column-1\">RM-1218-D\/Y (puissance \u00e9lev\u00e9e)<\/td><td class=\"column-2\">1800x170\u00d7205<\/td><td class=\"column-3\">380<\/td><td class=\"column-4\">50<\/td><td class=\"column-5\">320-250<\/td><td class=\"column-6\">25<\/td><td class=\"column-7\">7.5-6.0<\/td><td class=\"column-8\">1600-1800<\/td><td class=\"column-9\">80-65<\/td><td class=\"column-10\"><64<\/td><td class=\"column-11\">22.5<\/td>\n<\/tr>\n<\/tbody>\n<\/table>\n<!-- #tablepress-58 from cache --><\/div>\n<\/div>\n<div><\/div>\n<div class=\"woocb\"><a class=\"wocb\" href=\"http:\/\/www.beiaole.com\/wp-content\/uploads\/2025\/09\/d4.6.pdf\" target=\"_blank\" rel=\"noopener\">se former<\/a><\/div>\n<div><\/div>","protected":false},"excerpt":{"rendered":"<ul>\n<li>\n<h2>Chauffage \u00e0 haut rendement-efficacit\u00e9-PTC\u00a0:<\/h2>\n<p>\u202frapide,\u202fs\u00fbr\u202fchaleur\u202fg\u00e9n\u00e9ration\u202fsans\u202fflammes\u202fou\u202fd'oxyg\u00e8ne\u202fdepletion\u202fpour\u202fconsiste\u202fd\u2019un confort.<\/li>\n<li>\n<h2>Syst\u00e8me puissant de flux d'air\u00a0:<\/h2>\n<p>\u202fdurable\u202fm\u00e9tal\u202f\u00e9olienne\u202fdistribution\u202fsmooth,\u202f\u00e9quilibr\u00e9\u202fair\u202fdistribution\u202fat\u202f7,5\u202f\u2013\u202f6\u202fm\/s.<\/li>\n<li>\n<h2>Sortie thermique forte\u00a0:<\/h2>\n<p>\u202fMod\u00e8les\u202fProduire\u202fPTC\u202fChauffage\u202fPouvoir\u202fde\u202f12\u202f\u00e0\u202f25\u202fKW,\u202fRapidement\u202fRaisance\u202fTemp\u00e9rature.<\/li>\n<li>\n<h2>Construction robuste-tout-m\u00e9tal\u00a0:<\/h2>\n<p>\u202fgalvanis\u00e9\u202fet\u202fenduit\u202facier\u202fcorps\u202fr\u00e9siste\u202frouille,\u202fd'humidit\u00e9,\u202fet\u202fcontinual\u202futilisation\u202fdans\u202fpublic\u202fet\u202fconfigurations industrielles.<\/li>\n<li>\n<h2>Contr\u00f4le simple \u00e0 double vitesse\u00a0:<\/h2>\n<p>\u202fM\u00e9canique\u202fdeux\u2011switch\u202fpour\u202ffacile\u202fmanuel\u202fd'ajustement\u202fd'entre\u202fhaute\u202fet\u202fdes\u202fmodes.<\/li>\n<li>\n<h2>S\u00e9curit\u00e9\u202fsyst\u00e8me de protection\u00a0:<\/h2>\n<p>\u202fcomprend\u202fcapteur\u202fcapteur,\u202fprotecteur\u202fde temp\u00e9rature\u202ffuse\u202ftube,\u202fet\u202fdiff\u00e9rent\u202fferm.\u202fpour\u202fassure\u202fd\u2019op\u00e9ration.<\/li>\n<li>\n<h2>Op\u00e9ration de calme\u00a0:<\/h2>\n<p>\u202fNiveaux\u202fniveaux\u202fmoins\u202f64\u202fdb\u202ffournir\u202fpuissant\u202fperformance\u202fsans\u202fperformance.<\/li>\n<li>\n<h2>Performance \u00e9nerg\u00e9tique\u202fefficace :<\/h2>\n<p>\u202fPTC\u202fROD\u202fdesign\u202fpr\u00e9vient\u202fthermique\u202fd\u00e9cay\u202fpour\u202f\u00e0 long terme\u202fd\u2019efficacit\u00e9\u202fet\u202fmouve\u202fpouvez.<\/li>\n<li>\n<h2>Options multiples\u00a0:<\/h2>\n<p>\u202fDisponible\u202fin\u202f900\u202fmm,\u202f1,200\u202fmm,\u202f1,500\u202fmm,\u202fet\u202f1,800\u202fmm\u202flongues\u202f\u00e0\u202f\u00e9galer\u202fdiff\u00e9rente\u202fdiff\u00e9rentes\u202fdonnes-de\u202fdiff\u00e9rentes\u202fdiff\u00e9rentes\u202fdiff\u00e9rentes\u202fdiff\u00e9rentes.<\/li>\n<\/ul>\n<hr \/>","protected":false},"featured_media":4852,"comment_status":"open","ping_status":"closed","template":"","meta":{"_acf_changed":false},"product_brand":[],"product_cat":[65],"product_tag":[],"class_list":{"0":"post-4814","1":"product","2":"type-product","3":"status-publish","4":"has-post-thumbnail","6":"product_cat-air-curtain","8":"first","9":"outofstock","10":"taxable","11":"shipping-taxable","12":"purchasable","13":"product-type-variable"},"acf":[],"_links":{"self":[{"href":"https:\/\/www.ecvents.com\/fr\/wp-json\/wp\/v2\/product\/4814","targetHints":{"allow":["GET"]}}],"collection":[{"href":"https:\/\/www.ecvents.com\/fr\/wp-json\/wp\/v2\/product"}],"about":[{"href":"https:\/\/www.ecvents.com\/fr\/wp-json\/wp\/v2\/types\/product"}],"replies":[{"embeddable":true,"href":"https:\/\/www.ecvents.com\/fr\/wp-json\/wp\/v2\/comments?post=4814"}],"wp:featuredmedia":[{"embeddable":true,"href":"https:\/\/www.ecvents.com\/fr\/wp-json\/wp\/v2\/media\/4852"}],"wp:attachment":[{"href":"https:\/\/www.ecvents.com\/fr\/wp-json\/wp\/v2\/media?parent=4814"}],"wp:term":[{"taxonomy":"product_brand","embeddable":true,"href":"https:\/\/www.ecvents.com\/fr\/wp-json\/wp\/v2\/product_brand?post=4814"},{"taxonomy":"product_cat","embeddable":true,"href":"https:\/\/www.ecvents.com\/fr\/wp-json\/wp\/v2\/product_cat?post=4814"},{"taxonomy":"product_tag","embeddable":true,"href":"https:\/\/www.ecvents.com\/fr\/wp-json\/wp\/v2\/product_tag?post=4814"}],"curies":[{"name":"WP","href":"https:\/\/api.w.org\/{rel}","templated":true}]}}