{"id":4823,"date":"2026-03-19T06:05:30","date_gmt":"2026-03-19T11:05:30","guid":{"rendered":"https:\/\/www.ecvents.com\/?post_type=product&#038;p=4823"},"modified":"2026-03-19T06:06:20","modified_gmt":"2026-03-19T11:06:20","slug":"rideau-dair-industriel","status":"publish","type":"product","link":"https:\/\/www.ecvents.com\/fr\/product\/rideau-dair-industriel\/","title":{"rendered":"Rideau d'air industriel"},"content":{"rendered":"<div class=\"someee\">\n<h2><strong>Bouclier puissant. pr\u00e9cision technique. Con\u00e7u pour la performance industrielle.<\/strong><\/h2>\n<p>le\u00a0<strong>Industriel\u202fair\u202frideau<\/strong>\u00a0Cr\u00e9e un mur d'air invisible con\u00e7u pour s\u00e9parer les environnements de mani\u00e8re efficace et \u00e9conomique. Offrant des vitesses d'air jusqu'\u00e0 30\u00a0m\/s, il emp\u00eache la perte de temp\u00e9rature, bloque la poussi\u00e8re et les insectes, et maintient des conditions int\u00e9rieures propres et stables dans les grandes ouvertures d'usine ou d'entrep\u00f4t.<\/p>\n<p>construit \u00e0 partir de\u00a0<strong>Acier rev\u00eatu de poudre<\/strong>\u00a0Avec un cadre renforc\u00e9 et rivet\u00e9, il r\u00e9siste \u00e0 la corrosion, aux vibrations et \u00e0 la d\u00e9formation en utilisation continue. le\u00a0<strong>Roue centrifuge galvanis\u00e9e \u00e0 chaud<\/strong>\u00a0Assure l'\u00e9quilibre m\u00e9canique et la fiabilit\u00e9 \u00e0 long terme, tandis qu'un\u00a0<strong>Moteur \u00e0 noyau en cuivre pur<\/strong>\u00a0Conduit un flux d'air r\u00e9gulier pendant plus de 8\u00a0000\u00a0heures d'op\u00e9ration test\u00e9e.<\/p>\n<p>Malgr\u00e9 sa production, le syst\u00e8me reste stable et contr\u00f4l\u00e9. G\u00e9om\u00e9trie de gaine interne optimis\u00e9e canalise le flux d'air sur toute la largeur de sortie, r\u00e9duisant la turbulence et maintient le bruit dans les limites de 70\u00a0\u2013\u00a0\u202f73\u00a0dB. La consommation d'\u00e9nergie reste faible par rapport aux performances gr\u00e2ce \u00e0 l'espacement des ventilateurs de pr\u00e9cision et \u00e0 la gestion efficace du flux d'air.<\/p>\n<p>Flexible \u00e0 installer et simple \u00e0 utiliser, chaque unit\u00e9 comprend un\u00a0<strong>Commande \u00e0 double vitesse-cl\u00e9<\/strong>\u00a0(avec t\u00e9l\u00e9commande optionnelle) pour un r\u00e9glage rapide entre la vitesse basse et la vitesse \u00e9lev\u00e9e. Disponible dans les mod\u00e8les de\u202f900\u202f\u00e0\u202f2000\u202fmm\u202fen longueur, la\u202fdifficile\u202fair\u202fd'un\u202fd'air\u202fd'une\u202fd'une\u202fd'porte\u202fd'porte\u202fd'porte\u202fd'porte\u202fd'porte-surfaces\u202fet\u202fd'ex\u00e9cution.<\/p>\n<\/div>\n<hr \/>\n<p>Performance\u00a0:<\/p>\n<div class=\"scroll-table-wrapper\">\n<div class=\"scroll-table\">\n<table id=\"tablepress-59\" class=\"tablepress tablepress-id-59\">\n<thead>\n<tr class=\"row-1\">\n\t<th class=\"column-1\">mannequin<\/th><th class=\"column-2\">Dimensions (mm)<\/th><th class=\"column-3\">Tension (V)<\/th><th class=\"column-4\">Fr\u00e9quence (Hz)<\/th><th class=\"column-5\">Puissance(W)<\/th><th class=\"column-6\">Vitesse (m\/s)<\/th><th class=\"column-7\">D\u00e9bit d'air (m\u00b3\/h)<\/th><th class=\"column-8\">Bruit (DB)<\/th><th class=\"column-9\">Poids (kg)<\/th>\n<\/tr>\n<\/thead>\n<tbody class=\"row-striping row-hover\">\n<tr class=\"row-2\">\n\t<td class=\"column-1\">FM-6509<\/td><td class=\"column-2\">900\u00d7352x306<\/td><td class=\"column-3\">380<\/td><td class=\"column-4\">50<\/td><td class=\"column-5\">1350<\/td><td class=\"column-6\">30<\/td><td class=\"column-7\">4510<\/td><td class=\"column-8\">70<\/td><td class=\"column-9\">35<\/td>\n<\/tr>\n<tr class=\"row-3\">\n\t<td class=\"column-1\">FM-6512<\/td><td class=\"column-2\">1200x352x306<\/td><td class=\"column-3\">380<\/td><td class=\"column-4\">50<\/td><td class=\"column-5\">2100<\/td><td class=\"column-6\">30<\/td><td class=\"column-7\">6760<\/td><td class=\"column-8\">71<\/td><td class=\"column-9\">50<\/td>\n<\/tr>\n<tr class=\"row-4\">\n\t<td class=\"column-1\">FM-6515<\/td><td class=\"column-2\">1500x352x306<\/td><td class=\"column-3\">380<\/td><td class=\"column-4\">50<\/td><td class=\"column-5\">2700<\/td><td class=\"column-6\">30<\/td><td class=\"column-7\">9000<\/td><td class=\"column-8\">72<\/td><td class=\"column-9\">64<\/td>\n<\/tr>\n<tr class=\"row-5\">\n\t<td class=\"column-1\">FM-6518<\/td><td class=\"column-2\">1800x352x306<\/td><td class=\"column-3\">380<\/td><td class=\"column-4\">50<\/td><td class=\"column-5\">2900<\/td><td class=\"column-6\">30<\/td><td class=\"column-7\">10000<\/td><td class=\"column-8\">73<\/td><td class=\"column-9\">67<\/td>\n<\/tr>\n<tr class=\"row-6\">\n\t<td class=\"column-1\">FM-6520<\/td><td class=\"column-2\">2000\u00d7352x306<\/td><td class=\"column-3\">380<\/td><td class=\"column-4\">50<\/td><td class=\"column-5\">3400<\/td><td class=\"column-6\">30<\/td><td class=\"column-7\">11200<\/td><td class=\"column-8\">71<\/td><td class=\"column-9\">78<\/td>\n<\/tr>\n<\/tbody>\n<\/table>\n<!-- #tablepress-59 from cache --><\/div>\n<\/div>\n<div><\/div>\n<div class=\"woocb\"><a class=\"wocb\" href=\"http:\/\/www.beiaole.com\/wp-content\/uploads\/2025\/09\/d4.7.pdf\" target=\"_blank\" rel=\"noopener\">se former<\/a><\/div>\n<div><\/div>","protected":false},"excerpt":{"rendered":"<ul>\n<li>\n<h2>Barri\u00e8re \u00e0 haute vitesse-air-air\u00a0:<\/h2>\n<p>\u202fG\u00e9n\u00e8re\u202fair\u202fspeed\u202fup\u202f\u00e0\u202f30\u202fm\/s\u202fto\u202fs\u00e9parer\u202fint\u00e9rieure\u202fet\u202fde plein air\u202fd\u2019int\u00e9rieur\u202fd\u2019ext\u00e9rieur\u202fd\u2019ext\u00e9rieur\u202fd\u2019ext\u00e9rieur\u202fd\u2019ext\u00e9rieur\u202fd\u2019ext\u00e9rieur\u202fd\u2019ext\u00e9rieur\u202fd\u2019un peu.<\/li>\n<li>\n<h2>Structure en acier durable :<\/h2>\n<p>\u202fPoudre\u2011spray\u00e9,\u202f\u00e0 l'\u00e9preuve\u2011corps\u202fcorps avec\u202fdurci\u202fdrivet\u202fcorrosion\u202fcorrosion\u202fet\u202fd\u00e9formation.<\/li>\n<li>\n<h2>Impulseur centrifuge efficace :<\/h2>\n<p>\u202fHot\u2011Dip\u202fGalvanized\u202fAcier\u202fFAN\u202fAssure\u202f\u00e0 long terme\u202fm\u00e9canique\u202fet\u202fd\u2019\u00e9quilibration\u202fet\u202fla fiabilit\u00e9.<\/li>\n<li>\n<h2>Moteur haute performance\u00a0:<\/h2>\n<p>\u202fPure\u202fcuivre\u202fcore\u202fmoteur\u202ftest\u00e9\u202fpour\u202f8\u00a0000\u202f+\u202fheures\u202fd'op\u00e9rations continues\u202fsans\u202fd\u00e9faut.<\/li>\n<li>\n<h2>Calme\u202fet\u202fd'op\u00e9rations :<\/h2>\n<p>\u202foptimized\u202fair\u202fducts\u202fr\u00e9duire\u202fnoise\u202f(\u2248\u202f70\u202f\u2013\u202f73\u202fdb)\u202fen\u202fmaintenant\u202fsteady\u202fairflow.<\/li>\n<li>\n<h2>Options de contr\u00f4le pratiques\u00a0:<\/h2>\n<p>\u202fkey\u202fswitch\u202fwith\u202fdel\u202fspeed\u202fparam\u00e8tres\u202fet\u202foptionnel\u202fde\u202fcontre\u202fpour\u202fde\u202fde\u202fd\u2019op\u00e9ration\u202fflexible.<\/li>\n<li>\n<h2>Conception efficace de l'\u00e9nergie\u00a0:<\/h2>\n<p>\u202fGensible\u202fOutlet\u202fet\u202fpr\u00e9cision\u202ffan\u202fespace\u202ffournir\u202fmaximum\u202fd'air\u202favec\u202fdes\u202f\u00e9lectrique\u202f\u00e9lectrique\u202f.<\/li>\n<li>\n<h2>Options multiples\u00a0:<\/h2>\n<p>\u202fDisponible\u202fin\u202f900\u202f\u2013\u202f2000\u202fmm\u202flengths\u202fto\u202ffit\u202fdoorways\u202fde\u202ftout\u202findustriel\u202fdifficile.<\/li>\n<\/ul>\n<hr \/>","protected":false},"featured_media":4853,"comment_status":"open","ping_status":"closed","template":"","meta":{"_acf_changed":false},"product_brand":[],"product_cat":[65],"product_tag":[],"class_list":{"0":"post-4823","1":"product","2":"type-product","3":"status-publish","4":"has-post-thumbnail","6":"product_cat-air-curtain","8":"first","9":"instock","10":"taxable","11":"shipping-taxable","12":"purchasable","13":"product-type-variable","14":"has-default-attributes"},"acf":[],"_links":{"self":[{"href":"https:\/\/www.ecvents.com\/fr\/wp-json\/wp\/v2\/product\/4823","targetHints":{"allow":["GET"]}}],"collection":[{"href":"https:\/\/www.ecvents.com\/fr\/wp-json\/wp\/v2\/product"}],"about":[{"href":"https:\/\/www.ecvents.com\/fr\/wp-json\/wp\/v2\/types\/product"}],"replies":[{"embeddable":true,"href":"https:\/\/www.ecvents.com\/fr\/wp-json\/wp\/v2\/comments?post=4823"}],"wp:featuredmedia":[{"embeddable":true,"href":"https:\/\/www.ecvents.com\/fr\/wp-json\/wp\/v2\/media\/4853"}],"wp:attachment":[{"href":"https:\/\/www.ecvents.com\/fr\/wp-json\/wp\/v2\/media?parent=4823"}],"wp:term":[{"taxonomy":"product_brand","embeddable":true,"href":"https:\/\/www.ecvents.com\/fr\/wp-json\/wp\/v2\/product_brand?post=4823"},{"taxonomy":"product_cat","embeddable":true,"href":"https:\/\/www.ecvents.com\/fr\/wp-json\/wp\/v2\/product_cat?post=4823"},{"taxonomy":"product_tag","embeddable":true,"href":"https:\/\/www.ecvents.com\/fr\/wp-json\/wp\/v2\/product_tag?post=4823"}],"curies":[{"name":"WP","href":"https:\/\/api.w.org\/{rel}","templated":true}]}}