{"id":4829,"date":"2026-03-19T06:05:30","date_gmt":"2026-03-19T11:05:30","guid":{"rendered":"https:\/\/www.ecvents.com\/?post_type=product&#038;p=4829"},"modified":"2026-03-19T06:06:20","modified_gmt":"2026-03-19T11:06:20","slug":"rideau-dair-industriel-de-plafond","status":"publish","type":"product","link":"https:\/\/www.ecvents.com\/fr\/product\/rideau-dair-industriel-de-plafond\/","title":{"rendered":"Rideau d'air industriel de plafond"},"content":{"rendered":"<div class=\"someee\">\n<h2><strong>Conception sans couture. force silencieuse. Con\u00e7u pour les espaces modernes.<\/strong><\/h2>\n<p>le\u00a0<strong>Plafond\u202fAir\u202fAir\u202fIndustrial\u202fRideau<\/strong>\u00a0Offre une s\u00e9paration d'air haute performance sous une forme \u00e9l\u00e9gante et int\u00e9gr\u00e9e au plafond. Con\u00e7u pour des environnements commerciaux et industriels o\u00f9 l'esth\u00e9tique et la performance doivent coexister, elle associe un flux d'air solide et \u00e9quilibr\u00e9 \u00e0 une finition architecturale \u00e9l\u00e9gante qui s'int\u00e8gre parfaitement dans n'importe quel environnement int\u00e9rieur.<\/p>\n<p>A\u00a0<strong>Syst\u00e8me de ventilateur centrifuge de pr\u00e9cision<\/strong>\u00a0Entraine des vitesses d'air de 16\u202f\u2013\u202f18\u202fm\/s\u202f et d\u00e9livre jusqu'\u00e0\u202f1\u00a0900\u00a0m\u00b3\/h\u202f de flux d'air, formant une barri\u00e8re stable qui stabilise la temp\u00e9rature, bloque la poussi\u00e8re et am\u00e9liore l'efficacit\u00e9 de la ventilation. Le bruit reste faible (environ 49\u202f\u2013\u202f52\u202fdB) gr\u00e2ce aux turbines optimis\u00e9es a\u00e9rodynamiques et \u00e0 un ensemble de moteurs raffin\u00e9s con\u00e7u pour un fonctionnement prolong\u00e9 et silencieux.<\/p>\n<p>l'unit\u00e9\u00a0<strong>Ch\u00e2ssis tout m\u00e9tal<\/strong>\u00a0associe un corps en acier galvanis\u00e9 avec soit un\u00a0<strong>Acier au carbone pulv\u00e9ris\u00e9 en poudre<\/strong>\u00a0ou\u00a0<strong>Panneau avant en acier inoxydable<\/strong>. Les deux options r\u00e9sistent \u00e0 la rouille, \u00e0 la chaleur et \u00e0 la corrosion tout en respectant les normes de r\u00e9sistance au feu. son\u00a0<strong>Architecture de montage au plafond<\/strong>\u00a0Permet une installation \u00e0 ras ou une installation suspendue, en maintenant une simplicit\u00e9 visuelle et un acc\u00e8s simple pour le nettoyage ou l'entretien.<\/p>\n<p>le\u00a0<strong>Moteur \u00e9conome en \u00e9nergie<\/strong>\u00a0Fournit un flux d'air constant en service continu tout en minimisant la consommation, id\u00e9ale pour les installations soucieuses de l'\u00e9nergie ax\u00e9es sur la durabilit\u00e9 et le confort.\n<\/div>\n<hr \/>\n<p>Performance\u00a0:<\/p>\n<div class=\"scroll-table-wrapper\">\n<div class=\"scroll-table\">\n<table id=\"tablepress-60\" class=\"tablepress tablepress-id-60\">\n<thead>\n<tr class=\"row-1\">\n\t<th class=\"column-1\">mannequin<\/th><th class=\"column-2\">Dimensions (mm)<\/th><th class=\"column-3\">Tension (V)<\/th><th class=\"column-4\">Fr\u00e9quence (Hz)<\/th><th class=\"column-5\">Puissance(W)<\/th><th class=\"column-6\">Vitesse (m\/s)<\/th><th class=\"column-7\">D\u00e9bit d'air (m\u00b3\/h)<\/th><th class=\"column-8\">Bruit (DB)<\/th><th class=\"column-9\">Poids (kg)<\/th>\n<\/tr>\n<\/thead>\n<tbody class=\"row-striping row-hover\">\n<tr class=\"row-2\">\n\t<td class=\"column-1\">FM-3509CS (panneau pulv\u00e9ris\u00e9)<\/td><td class=\"column-2\">900\u00d7320x235<\/td><td class=\"column-3\">220<\/td><td class=\"column-4\">50\/60<\/td><td class=\"column-5\">230<\/td><td class=\"column-6\">16-18<\/td><td class=\"column-7\">1100<\/td><td class=\"column-8\">49<\/td><td class=\"column-9\">17<\/td>\n<\/tr>\n<tr class=\"row-3\">\n\t<td class=\"column-1\">FM-3512CS (panneau pulv\u00e9ris\u00e9)<\/td><td class=\"column-2\">1200\u00d7320x235<\/td><td class=\"column-3\">220<\/td><td class=\"column-4\">50\/60<\/td><td class=\"column-5\">290<\/td><td class=\"column-6\">16-18<\/td><td class=\"column-7\">1500<\/td><td class=\"column-8\">50<\/td><td class=\"column-9\">22<\/td>\n<\/tr>\n<tr class=\"row-4\">\n\t<td class=\"column-1\">FM-3515CS (panneau pulv\u00e9ris\u00e9)<\/td><td class=\"column-2\">1500x320x235<\/td><td class=\"column-3\">220<\/td><td class=\"column-4\">50\/60<\/td><td class=\"column-5\">380<\/td><td class=\"column-6\">16-18<\/td><td class=\"column-7\">1900<\/td><td class=\"column-8\">52<\/td><td class=\"column-9\">27<\/td>\n<\/tr>\n<tr class=\"row-5\">\n\t<td class=\"column-1\">FM-4009CS (panneau en acier inoxydable)<\/td><td class=\"column-2\">900x320x235<\/td><td class=\"column-3\">220<\/td><td class=\"column-4\">50\/60<\/td><td class=\"column-5\">230<\/td><td class=\"column-6\">16-18<\/td><td class=\"column-7\">1100<\/td><td class=\"column-8\">49<\/td><td class=\"column-9\">17<\/td>\n<\/tr>\n<tr class=\"row-6\">\n\t<td class=\"column-1\">FM-4012CS (panneau en acier inoxydable)<\/td><td class=\"column-2\">1200x320x235<\/td><td class=\"column-3\">220<\/td><td class=\"column-4\">50\/60<\/td><td class=\"column-5\">290<\/td><td class=\"column-6\">16-18<\/td><td class=\"column-7\">1500<\/td><td class=\"column-8\">50<\/td><td class=\"column-9\">22<\/td>\n<\/tr>\n<tr class=\"row-7\">\n\t<td class=\"column-1\">FM-4015CS (panneau en acier inoxydable)<\/td><td class=\"column-2\">1500x320x235<\/td><td class=\"column-3\">220<\/td><td class=\"column-4\">50\/60<\/td><td class=\"column-5\">380<\/td><td class=\"column-6\">16-18<\/td><td class=\"column-7\">1900<\/td><td class=\"column-8\">52<\/td><td class=\"column-9\">27<\/td>\n<\/tr>\n<\/tbody>\n<\/table>\n<!-- #tablepress-60 from cache --><\/div>\n<\/div>\n<div><\/div>\n<div class=\"woocb\"><a class=\"wocb\" href=\"http:\/\/www.beiaole.com\/wp-content\/uploads\/2025\/09\/d4.8.pdf\" target=\"_blank\" rel=\"noopener\">se former<\/a><\/div>\n<div><\/div>","protected":false},"excerpt":{"rendered":"<ul>\n<li>\n<h2>Int\u00e9gration \u00e9l\u00e9gante du plafond\u00a0:<\/h2>\n<p>\u202fCon\u00e7u\u202fpour\u202fflush\u202fmontant\u202fou\u202fsuspension\u202finstallation,\u202fcr\u00e9er\u202fune\u202fminimale\u202fenfichable.<\/li>\n<li>\n<h2>Durable\u202fTout\u2011Construction en m\u00e9tal :<\/h2>\n<p>\u202fGalvanis\u00e9\u202facier\u202fcorps\u202fet\u202finox\u2011en\u202fen\u202fen\u202f\u00e0\u202fen\u202f\u00e0\u202f\u00e0\u202f\u00e0\u202f\u00e0\u202f\u00e0\u202f\u00e0\u202f\u00e0\u202f\u00e0\u202f\u00e0\u202f\u00e0\u202f\u00e0\u202f\u00e0\u202f\u00e0\u202f\u00e0\u202f\u00e0\u202f\u00e0\u202f\u00e0\u202f\u00e0\u202f\u00e0\u202f\u00e0\u202f\u00e0\u202f\u00e0\u202f\u00e0\u202f\u00e0\u202f\u00e0\u202f\u00e0\u202f.<\/li>\n<li>\n<h2>Haute\u202fAir\u202fPerformance\u00a0:<\/h2>\n<p>\u202fDelivers\u202fair\u202fVelocity\u202fof\u202f16\u202f\u2013\u202f18\u202fm\/s\u202fet\u202fd'airflow\u202fup\u202f\u00e0\u202f1,900\u202fm\u00b3\/h\u202fpour\u202feffective\u202fair\u202fs\u00e9paration.<\/li>\n<li>\n<h2>Calme\u202fet\u202fd\u00e9licieux\u202foperation :<\/h2>\n<p>\u202fEt moteur\u202fet\u202fconception\u202fconception\u202fd\u2019\u00e9lan\u202fconception\u202fniveau\u202fdeux\u202fd\u2019 (\u2248\u202f49\u202f\u2013\u202f52\u202fdb).<\/li>\n<li>\n<h2>Panneau r\u00e9sistant au feu\u00a0:<\/h2>\n<p>\u202fSurface\u202fMat\u00e9riaux\u202fconforme\u202favec\u202fles normes\u202fet\u202fd\u2019entretien\u202fminimale\u202fd\u2019entretien.<\/li>\n<li>\n<h2>Doubles options de panneau\u00a0:<\/h2>\n<p>\u202fChoisir\u202fentre\u202fdiff\u00e9rent\u202fdiffus\u00e9\u202fcarbone\u202facier\u202fou\u202finox\u202fpour\u202fdes\u202fdes\u202fconceptions\u202fdiff\u00e9rents.<\/li>\n<li>\n<h2>Moteur \u00e9conome en \u00e9nergie :<\/h2>\n<p>\u202fFournit\u202ffort\u202fair\u202fpression\u202favec\u202ffaible\u202fpuisconsommation\u202f(230\u202f\u2013\u202f380\u202fw).<\/li>\n<li>\n<h2>Entretien facile\u00a0:<\/h2>\n<p>\u202faccessible\u202fsurface\u202fet\u202fdroite\u202fmontage\u202fsimplicite\u202fnettoyage\u202fet\u202fservice.<\/li>\n<\/ul>\n<hr \/>","protected":false},"featured_media":4854,"comment_status":"open","ping_status":"closed","template":"","meta":{"_acf_changed":false},"product_brand":[],"product_cat":[65],"product_tag":[],"class_list":{"0":"post-4829","1":"product","2":"type-product","3":"status-publish","4":"has-post-thumbnail","6":"product_cat-air-curtain","8":"first","9":"outofstock","10":"taxable","11":"shipping-taxable","12":"purchasable","13":"product-type-variable"},"acf":[],"_links":{"self":[{"href":"https:\/\/www.ecvents.com\/fr\/wp-json\/wp\/v2\/product\/4829","targetHints":{"allow":["GET"]}}],"collection":[{"href":"https:\/\/www.ecvents.com\/fr\/wp-json\/wp\/v2\/product"}],"about":[{"href":"https:\/\/www.ecvents.com\/fr\/wp-json\/wp\/v2\/types\/product"}],"replies":[{"embeddable":true,"href":"https:\/\/www.ecvents.com\/fr\/wp-json\/wp\/v2\/comments?post=4829"}],"wp:featuredmedia":[{"embeddable":true,"href":"https:\/\/www.ecvents.com\/fr\/wp-json\/wp\/v2\/media\/4854"}],"wp:attachment":[{"href":"https:\/\/www.ecvents.com\/fr\/wp-json\/wp\/v2\/media?parent=4829"}],"wp:term":[{"taxonomy":"product_brand","embeddable":true,"href":"https:\/\/www.ecvents.com\/fr\/wp-json\/wp\/v2\/product_brand?post=4829"},{"taxonomy":"product_cat","embeddable":true,"href":"https:\/\/www.ecvents.com\/fr\/wp-json\/wp\/v2\/product_cat?post=4829"},{"taxonomy":"product_tag","embeddable":true,"href":"https:\/\/www.ecvents.com\/fr\/wp-json\/wp\/v2\/product_tag?post=4829"}],"curies":[{"name":"WP","href":"https:\/\/api.w.org\/{rel}","templated":true}]}}