{"id":4843,"date":"2026-03-19T06:05:55","date_gmt":"2026-03-19T11:05:55","guid":{"rendered":"https:\/\/www.ecvents.com\/?post_type=product&#038;p=4843"},"modified":"2026-03-19T06:06:47","modified_gmt":"2026-03-19T11:06:47","slug":"rideau-dair-de-stockage-froid","status":"publish","type":"product","link":"https:\/\/www.ecvents.com\/fr\/product\/rideau-dair-de-stockage-froid\/","title":{"rendered":"Rideau d'air de stockage froid"},"content":{"rendered":"<div class=\"someee\">\n<h2><strong>Contr\u00f4le thermique. force silencieuse. Con\u00e7u pour la pr\u00e9cision de la cha\u00eene froide.<\/strong><\/h2>\n<p>le\u00a0<strong>Ride-de-m\u00e9lange \u00e0 froid<\/strong>\u00a0Forme une barri\u00e8re silencieuse et invisible qui prot\u00e8ge les zones \u00e0 temp\u00e9rature contr\u00f4l\u00e9e tout en conservant l'\u00e9nergie. Con\u00e7u sp\u00e9cifiquement pour les chambres froides, les cong\u00e9lateurs et les installations de traitement, il stabilise la s\u00e9paration de l'air entre les environnements int\u00e9rieurs et ext\u00e9rieurs, ce qui retient le froid \u00e0 leur place et r\u00e9duisent la charge du compresseur jour apr\u00e8s jour.<\/p>\n<p>A\u00a0<strong>Ventilateur centrifuge \u00e0 grande vitesse<\/strong>\u00a0G\u00e9n\u00e8re un flux d'air dense et uniforme atteignant 20\u00a0m\/s, pr\u00e9servant l'int\u00e9grit\u00e9 de la temp\u00e9rature \u00e0 travers les portes ouvertes. le\u00a0<strong>Roue \u00e0 spirale avant<\/strong>\u00a0et la conception de la volute accord\u00e9e maintient une pression \u00e9quilibr\u00e9e avec un minimum de turbulences, assurant un fonctionnement puissant mais silencieux \u00e0 environ 70\u00a0dB.<\/p>\n<p>La structure est enti\u00e8rement\u00a0<strong>M\u00e9tal de qualit\u00e9 industrielle<\/strong>\u2014Disponible en acier inoxydable ou couleur, pour r\u00e9sister \u00e0 la corrosion, aux vibrations et \u00e0 la condensation dans des conditions continues \u00e0 basse temp\u00e9rature. A l'int\u00e9rieur, un\u00a0<strong>Ensemble de moteur durable<\/strong>\u00a0\u00c9valu\u00e9 pour une op\u00e9ration de 8\u00a0000\u00a0heures d'op\u00e9ration, qui permet de g\u00e9n\u00e9rer des performances constantes, tandis qu'un\u202f<strong>Classe de protection IP44<\/strong>\u202fGarde les composants \u00e0 l'abri de l'humidit\u00e9 et du froid.<\/p>\n<p>En minimisant les \u00e9changes thermiques, l'unit\u00e9 r\u00e9duit la consommation d'\u00e9nergie et prolonge la dur\u00e9e de vie des \u00e9quipements de r\u00e9frig\u00e9ration, petits ajustements qui se traduisent par des \u00e9conomies substantielles \u00e0 long terme dans chaque op\u00e9ration de la cha\u00eene froide.\n<\/p><\/div>\n<hr \/>\n<p>Performance\u00a0:<\/p>\n<div class=\"scroll-table-wrapper\">\n<div class=\"scroll-table\">\n<table id=\"tablepress-61\" class=\"tablepress tablepress-id-61\">\n<thead>\n<tr class=\"row-1\">\n\t<th class=\"column-1\">mannequin<\/th><th class=\"column-2\">Dimensions (mm)<\/th><th colspan=\"2\" class=\"column-3\">Taille de la t\u00eate (mm)<\/th><th class=\"column-5\">Vitesse (m\/s)<\/th><th class=\"column-6\">Tension (V)<\/th><th class=\"column-7\">D\u00e9bit d'air (m\u00b3\/h)<\/th><th class=\"column-8\">Bruit (DB)<\/th><th class=\"column-9\">Puissance (kW)<\/th><th class=\"column-10\">Poids (kg)<\/th>\n<\/tr>\n<\/thead>\n<tbody class=\"row-striping row-hover\">\n<tr class=\"row-2\">\n\t<td class=\"column-1\"><\/td><td class=\"column-2\">(l-h-h)<\/td><td class=\"column-3\">  0,75\u00a0kW de t\u00eate<br \/>\n  (l-h-h)<\/td><td class=\"column-4\"> 1,1 kW t\u00eate<br \/>\n (l-h-h)<\/td><td class=\"column-5\"><\/td><td class=\"column-6\"><\/td><td class=\"column-7\"><\/td><td class=\"column-8\"><\/td><td class=\"column-9\"><\/td><td class=\"column-10\"><\/td>\n<\/tr>\n<tr class=\"row-3\">\n\t<td class=\"column-1\">LKFM-25-09<\/td><td class=\"column-2\">900\u00d7305\u00d7170<\/td><td class=\"column-3\">382x364\u00d7426<\/td><td class=\"column-4\">382x414\u00d7426<\/td><td class=\"column-5\">20<\/td><td class=\"column-6\">380\/220<\/td><td class=\"column-7\">1250<\/td><td class=\"column-8\">70<\/td><td class=\"column-9\">0.75\/1.1<\/td><td class=\"column-10\">25<\/td>\n<\/tr>\n<tr class=\"row-4\">\n\t<td class=\"column-1\">LKFM-25-12<\/td><td class=\"column-2\">1200\u00d7305x170<\/td><td class=\"column-3\">382x364\u00d7426<\/td><td class=\"column-4\">382x414x426<\/td><td class=\"column-5\">19<\/td><td class=\"column-6\">380\/220<\/td><td class=\"column-7\">1250<\/td><td class=\"column-8\">70<\/td><td class=\"column-9\">0.75\/1.1<\/td><td class=\"column-10\">27<\/td>\n<\/tr>\n<tr class=\"row-5\">\n\t<td class=\"column-1\">LKFM-25-15<\/td><td class=\"column-2\">1500x305x170<\/td><td class=\"column-3\">382x364x426<\/td><td class=\"column-4\">382x414\u00d7426<\/td><td class=\"column-5\">18<\/td><td class=\"column-6\">380\/220<\/td><td class=\"column-7\">1400<\/td><td class=\"column-8\">70<\/td><td class=\"column-9\">0.75\/1.1<\/td><td class=\"column-10\">29<\/td>\n<\/tr>\n<tr class=\"row-6\">\n\t<td class=\"column-1\">LKFM-25-18<\/td><td class=\"column-2\">1800x305x170<\/td><td class=\"column-3\">382x364x426<\/td><td class=\"column-4\">382x414\u00d7426<\/td><td class=\"column-5\">17<\/td><td class=\"column-6\">380\/220<\/td><td class=\"column-7\">1650<\/td><td class=\"column-8\">70<\/td><td class=\"column-9\">0.75\/1.1<\/td><td class=\"column-10\">31.5<\/td>\n<\/tr>\n<tr class=\"row-7\">\n\t<td class=\"column-1\">LKFM-25-20<\/td><td class=\"column-2\">2000x305x170<\/td><td class=\"column-3\">382x364x426<\/td><td class=\"column-4\">382x414\u00d7426<\/td><td class=\"column-5\">16.5<\/td><td class=\"column-6\">380\/220<\/td><td class=\"column-7\">1850<\/td><td class=\"column-8\">70<\/td><td class=\"column-9\">0.75\/1.1<\/td><td class=\"column-10\">33.5<\/td>\n<\/tr>\n<tr class=\"row-8\">\n\t<td class=\"column-1\">LKFM-25-22<\/td><td class=\"column-2\">2200\u00d7305\u00d7170<\/td><td class=\"column-3\">382x364x426<\/td><td class=\"column-4\">382\u00d7414x426<\/td><td class=\"column-5\">15.5<\/td><td class=\"column-6\">380\/220<\/td><td class=\"column-7\">2050<\/td><td class=\"column-8\">70<\/td><td class=\"column-9\">0.75\/1.1<\/td><td class=\"column-10\">35.5<\/td>\n<\/tr>\n<tr class=\"row-9\">\n\t<td class=\"column-1\">LKFM-25-24<\/td><td class=\"column-2\">2400x305\u00d7170<\/td><td class=\"column-3\">382x364\u00d7426<\/td><td class=\"column-4\">382x414x426<\/td><td class=\"column-5\">15<\/td><td class=\"column-6\">380\/220<\/td><td class=\"column-7\">2250<\/td><td class=\"column-8\">70<\/td><td class=\"column-9\">0.75\/1.1<\/td><td class=\"column-10\">37.5<\/td>\n<\/tr>\n<\/tbody>\n<\/table>\n<!-- #tablepress-61 from cache --><\/div>\n<\/div>\n<div><\/div>\n<div class=\"woocb\"><a class=\"wocb\" href=\"http:\/\/www.beiaole.com\/wp-content\/uploads\/2025\/10\/d4.9.pdf\" target=\"_blank\" rel=\"noopener\">se former<\/a><\/div>\n<div><\/div>","protected":false},"excerpt":{"rendered":"<ul>\n<li>\n<h2>Barri\u00e8re de pr\u00e9cision<\/h2>\n<p>\u202fCentrifuge\u202ffan\u202fcr\u00e9e\u202fun\u202fdense,\u202funiforme\u202fair\u202fcrurtain\u202f\u00e0 la temp\u00e9rature\u202f\u00e020\u202fm\/s\u202fpour\u202fde\u202fde\u202fs\u00e9paration\u202feffective\u202feffective.<\/li>\n<li>\n<h2>Construction en m\u00e9tal durable :<\/h2>\n<p>\u202fInox\u202for\u202fcoated\u202fhousing\u202fseat\u202fsoft\u202fcorrosion\u202fet\u202fconditions\u202fin\u202fd\u2019humide\u202fet\u202fconditionne-de\u202fd\u2019humide\u202fd\u2019inox\u202fd\u2019acier.<\/li>\n<li>\n<h2>Performance continue de devoir\u00a0:<\/h2>\n<p>\u202fmoteur\u202ftest\u00e9\u202fpour\u202fplus\u202f8\u00a0000\u202fheures\u202fd\u2019op\u00e9ration\u202fpour\u202f\u00e0 long terme\u202findustrie\u202fdelabilit.<\/li>\n<li>\n<h2>Op\u00e9ration de calme\u00a0:<\/h2>\n<p>\u202fForward\u2011Curved\u202fImpeller\u202fet\u202faccord\u00e9\u202fvolute\u202fconception\u202fmaintenance\u202f\u00e0 faible\u202fbruit\u202f(\u224870\u202fdB).<\/li>\n<li>\n<h2>Efficacit\u00e9 \u00e9nerg\u00e9tique\u00a0:<\/h2>\n<p>\u202fAir\u202fRideau\u202fr\u00e9duit\u202f\u00e9change thermique\u202fdiminnant\u202fcompresseur\u202fet\u202fcoupure\u202fd\u2019\u00e9nergie\u202futilisation\u202fdans\u202fdes\u202fd\u2019applications\u202fd\u2019entreposage\u202fd\u2019\u00e9nergie.<\/li>\n<li>\n<h2>Large\u202fdiff\u00e9rent\u202fde tailles\u00a0:<\/h2>\n<p>\u202fMod\u00e8les\u202fvariants\u202fde\u202f900\u202f\u00e0\u202f2400\u202fMM\u202ffit\u202fdivers\u202fporte\u202fwidths\u202fet\u202fdrigines\u202fdifficiles.<\/li>\n<li>\n<h2>Protection r\u00e9siliente\u00a0:<\/h2>\n<p>\u202fGalvanis\u00e9\u202fFan\u202fShell\u202fet\u202fIP44\u202f\u00c9tangable\u202fRatiguant\u202fConditions d'humidit\u00e9, de basse temp\u00e9rature.<\/li>\n<li>\n<h2>Flux d'air stable\u00a0:<\/h2>\n<p>\u202fUniforme\u202fair\u202fdistribution\u202femp\u00eache\u202fla condensation\u202fet\u202flimite\u202fla poussi\u00e8re\u202fet\u202fles zones d'entr\u00e9e\u202ffroid.<\/li>\n<\/ul>\n<hr \/>","protected":false},"featured_media":4855,"comment_status":"open","ping_status":"closed","template":"","meta":{"_acf_changed":false},"product_brand":[],"product_cat":[65],"product_tag":[],"class_list":{"0":"post-4843","1":"product","2":"type-product","3":"status-publish","4":"has-post-thumbnail","6":"product_cat-air-curtain","8":"first","9":"instock","10":"taxable","11":"shipping-taxable","12":"purchasable","13":"product-type-variable","14":"has-default-attributes"},"acf":[],"_links":{"self":[{"href":"https:\/\/www.ecvents.com\/fr\/wp-json\/wp\/v2\/product\/4843","targetHints":{"allow":["GET"]}}],"collection":[{"href":"https:\/\/www.ecvents.com\/fr\/wp-json\/wp\/v2\/product"}],"about":[{"href":"https:\/\/www.ecvents.com\/fr\/wp-json\/wp\/v2\/types\/product"}],"replies":[{"embeddable":true,"href":"https:\/\/www.ecvents.com\/fr\/wp-json\/wp\/v2\/comments?post=4843"}],"wp:featuredmedia":[{"embeddable":true,"href":"https:\/\/www.ecvents.com\/fr\/wp-json\/wp\/v2\/media\/4855"}],"wp:attachment":[{"href":"https:\/\/www.ecvents.com\/fr\/wp-json\/wp\/v2\/media?parent=4843"}],"wp:term":[{"taxonomy":"product_brand","embeddable":true,"href":"https:\/\/www.ecvents.com\/fr\/wp-json\/wp\/v2\/product_brand?post=4843"},{"taxonomy":"product_cat","embeddable":true,"href":"https:\/\/www.ecvents.com\/fr\/wp-json\/wp\/v2\/product_cat?post=4843"},{"taxonomy":"product_tag","embeddable":true,"href":"https:\/\/www.ecvents.com\/fr\/wp-json\/wp\/v2\/product_tag?post=4843"}],"curies":[{"name":"WP","href":"https:\/\/api.w.org\/{rel}","templated":true}]}}