{"id":4851,"date":"2026-03-19T06:05:56","date_gmt":"2026-03-19T11:05:56","guid":{"rendered":"https:\/\/www.ecvents.com\/?post_type=product&#038;p=4851"},"modified":"2026-03-19T06:06:47","modified_gmt":"2026-03-19T11:06:47","slug":"deshumidificateur-portable","status":"publish","type":"product","link":"https:\/\/www.ecvents.com\/fr\/product\/deshumidificateur-portable\/","title":{"rendered":"D\u00e9shumidificateur portable"},"content":{"rendered":"<div class=\"someee\">\n<h2><strong>Puissance fiable. Contr\u00f4le intelligent. Con\u00e7u pour des environnements exigeants.<\/strong><\/h2>\n<p>le\u00a0<strong>D\u00e9shumidificateur portable<\/strong>\u00a0Il est con\u00e7u pour \u00e9liminer l'humidit\u00e9 rapidement et efficacement l\u00e0 o\u00f9 l'humidit\u00e9 devient un probl\u00e8me : entrep\u00f4ts, ateliers, archives et applications de s\u00e9chage de finition qui exigent des performances continues. Derri\u00e8re son ch\u00e2ssis compact, il y a la pr\u00e9cision de la commande \u00e9lectronique, la r\u00e9sistance des composants industriels et la simplicit\u00e9 de la conception v\u00e9ritable de plug-and-run.<\/p>\n<p>Au fond, un\u00a0<strong>Syst\u00e8me de micro-ordinateur intelligent<\/strong>\u00a0Surveille la temp\u00e9rature et l'humidit\u00e9 en temps r\u00e9el, en r\u00e9gulant les conditions avec une pr\u00e9cision de 1\u202f%.\u00a0<strong>D\u00e9givrage automatique<\/strong>\u00a0Assure un fonctionnement coh\u00e9rent dans les zones \u00e0 basse temp\u00e9rature, tandis qu'un\u00a0<strong>Programmable 24 heures sur 24<\/strong>\u00a0Active les arr\u00eats programm\u00e9s pour plus d'efficacit\u00e9 pendant les heures non surveill\u00e9es. le\u00a0<strong>Interface LCD<\/strong>\u00a0Fournit des donn\u00e9es claires et exploitables en un coup d'\u0153il : humidit\u00e9, temp\u00e9rature et \u00e9tat du syst\u00e8me.<\/p>\n<p>Chaque \u00e9l\u00e9ment est construit pour l'endurance. un\u00a0<strong>Ch\u00e2ssis en acier rev\u00eatu de poudre<\/strong>\u00a0Garde les composants internes, tandis que\u00a0<strong>Roulettes industrielles<\/strong>\u00a0Faites le d\u00e9placement sans effort sur des sols accident\u00e9s. A l'int\u00e9rieur, un\u00a0<strong>Compresseur rotatif de qualit\u00e9 sup\u00e9rieure<\/strong>\u00a0et\u00a0<strong>Syst\u00e8me de ventilateur centrifuge<\/strong>\u00a0G\u00e9n\u00e9rez un flux d'air fort avec une r\u00e9duction des vibrations et un faible bruit, en maintenant des taux d'extraction \u00e9lev\u00e9s dans les plages de temp\u00e9rature. Le drainage continu par un raccord de tuyau direct prend en charge le service sans arr\u00eat.<\/p>\n<p>l'un et\u00a0<strong>spot publicitaire<\/strong>\u00a0et\u00a0<strong>Configurations industrielles<\/strong>\u00a0Partagez la m\u00eame philosophie de conception : durabilit\u00e9, pr\u00e9cision et facilit\u00e9 de service. Chaque unit\u00e9 est prot\u00e9g\u00e9e par des circuits autodiagnostiques qui identifient instantan\u00e9ment les d\u00e9fauts, minimisant les temps d'arr\u00eat et r\u00e9duisant les efforts de maintenance.\n<\/div>\n<hr \/>\n<p>Performance\u00a0:<\/p>\n<h2 class=\"woocommerce-loop-product__title\" style=\"text-align: center;\">spot publicitaire<\/h2>\n<p><img loading=\"lazy\" decoding=\"async\" class=\"size-medium wp-image-16327 aligncenter\" src=\"http:\/\/www.beiaole.com\/wp-content\/uploads\/2025\/08\/3-e1755167554774-300x300.png\" alt=\"Portable Induatrial Dehumidifier\" width=\"300\" height=\"300\" data-no-translation=\"\" \/><\/p>\n<div class=\"scroll-table-wrapper\">\n<div class=\"scroll-table\">\n<table id=\"tablepress-63\" class=\"tablepress tablepress-id-63\">\n<thead>\n<tr class=\"row-1\">\n\t<th class=\"column-1\">mannequin<\/th><th class=\"column-2\">YDA-870EB<\/th><th class=\"column-3\">YDA-890EB<\/th><th class=\"column-4\">YDA-8138EB<\/th><th class=\"column-5\">YDA-8158EB<\/th>\n<\/tr>\n<\/thead>\n<tbody class=\"row-striping row-hover\">\n<tr class=\"row-2\">\n\t<td class=\"column-1\">Plage de r\u00e9glage de l'humidit\u00e9<\/td><td class=\"column-2\">10%\uff5e99%RH<\/td><td class=\"column-3\">10%\uff5e99%RH<\/td><td class=\"column-4\">10%\uff5e99%RH<\/td><td class=\"column-5\">10%~99%RH<\/td>\n<\/tr>\n<tr class=\"row-3\">\n\t<td class=\"column-1\">Pr\u00e9cision du contr\u00f4le de l'<\/td><td class=\"column-2\">\u00b13%RH<\/td><td class=\"column-3\">\u00b13%RH<\/td><td class=\"column-4\">\u00b13%RH<\/td><td class=\"column-5\">\u00b13%RH<\/td>\n<\/tr>\n<tr class=\"row-4\">\n\t<td class=\"column-1\">Tension (V-Hz)<\/td><td class=\"column-2\">220V~50Hz<\/td><td class=\"column-3\">220V~50Hz<\/td><td class=\"column-4\">220V~50Hz<\/td><td class=\"column-5\">220V~50Hz<\/td>\n<\/tr>\n<tr class=\"row-5\">\n\t<td class=\"column-1\">Capacit\u00e9 de d\u00e9shumidification (27\u00a0\u2103\/601TP3\u00a0TRH)<\/td><td class=\"column-2\">1,75 kg\/h<\/td><td class=\"column-3\">1,9 kg\/h<\/td><td class=\"column-4\">2,45 kg\/h<\/td><td class=\"column-5\">3,75 kg\/h<\/td>\n<\/tr>\n<tr class=\"row-6\">\n\t<td class=\"column-1\">Capacit\u00e9 de d\u00e9shumidification (30\u00a0\u2103\/801TP3\u00a0TRH)<\/td><td class=\"column-2\">70L\/j<\/td><td class=\"column-3\">90L\/j<\/td><td class=\"column-4\">110L\/j<\/td><td class=\"column-5\">158L\/j<\/td>\n<\/tr>\n<tr class=\"row-7\">\n\t<td class=\"column-1\">Capacit\u00e9 de d\u00e9shumidification (35\u00a0\u2103\/901TP3\u00a0TRH)<\/td><td class=\"column-2\">90L\/j<\/td><td class=\"column-3\">115L\/j<\/td><td class=\"column-4\">138L\/j<\/td><td class=\"column-5\">180L\/j<\/td>\n<\/tr>\n<tr class=\"row-8\">\n\t<td class=\"column-1\">Puissance (27\u00a0\u2103\/601TP3\u00a0TRH)<\/td><td class=\"column-2\">830w<\/td><td class=\"column-3\">860w<\/td><td class=\"column-4\">1000W<\/td><td class=\"column-5\">1550W<\/td>\n<\/tr>\n<tr class=\"row-9\">\n\t<td class=\"column-1\">Puissance de temp\u00e9rature \u00e9lev\u00e9e (30\u2103\/80%RH)<\/td><td class=\"column-2\">950w<\/td><td class=\"column-3\">1050W<\/td><td class=\"column-4\">1300W<\/td><td class=\"column-5\">1900w<\/td>\n<\/tr>\n<tr class=\"row-10\">\n\t<td class=\"column-1\">Puissance maximale (35\u00a0\u2103\u00a0901\u00a0TP3\u00a0TRH)<\/td><td class=\"column-2\">1180W<\/td><td class=\"column-3\">1250W<\/td><td class=\"column-4\">1550W<\/td><td class=\"column-5\">2200W<\/td>\n<\/tr>\n<tr class=\"row-11\">\n\t<td class=\"column-1\">circulation d'air<\/td><td class=\"column-2\">350m\u00b3\/h<\/td><td class=\"column-3\">550m\u00b3\/h<\/td><td class=\"column-4\">650m\u00b3\/h<\/td><td class=\"column-5\">900m\u00b3\/h<\/td>\n<\/tr>\n<tr class=\"row-12\">\n\t<td class=\"column-1\">r\u00e9frig\u00e9rant<\/td><td class=\"column-2\">r22<\/td><td class=\"column-3\">r22<\/td><td class=\"column-4\">r22<\/td><td class=\"column-5\">r22<\/td>\n<\/tr>\n<tr class=\"row-13\">\n\t<td class=\"column-1\">Classe de protection contre les chocs \u00e9lectriques<\/td><td class=\"column-2\">Classe \u2170<\/td><td class=\"column-3\">Classe \u2170<\/td><td class=\"column-4\">Classe \u2170<\/td><td class=\"column-5\">Classe \u2170<\/td>\n<\/tr>\n<tr class=\"row-14\">\n\t<td class=\"column-1\">Mode de drainage<\/td><td class=\"column-2\">Vidange de la conduite d'eau<\/td><td class=\"column-3\">Vidange de la conduite d'eau<\/td><td class=\"column-4\">Vidange de la conduite d'eau<\/td><td class=\"column-5\">Vidange de la conduite d'eau<\/td>\n<\/tr>\n<tr class=\"row-15\">\n\t<td class=\"column-1\">dimensions<br \/>\n(longueur x largeur x hauteur)<\/td><td class=\"column-2\">480*365*885mm<\/td><td class=\"column-3\">480*435*950mm<\/td><td class=\"column-4\">480*435*950mm<\/td><td class=\"column-5\">550*435*1080mm<\/td>\n<\/tr>\n<tr class=\"row-16\">\n\t<td class=\"column-1\">pesant<\/td><td class=\"column-2\">40 kg<\/td><td class=\"column-3\">45 kg<\/td><td class=\"column-4\">50kg<\/td><td class=\"column-5\">68 kg<\/td>\n<\/tr>\n<tr class=\"row-17\">\n\t<td class=\"column-1\">Domaine d'application<\/td><td class=\"column-2\">70-90m\u00b2<\/td><td class=\"column-3\">90-110m\u00b2<\/td><td class=\"column-4\">130-150m\u00b2<\/td><td class=\"column-5\">150-180\u00b2<\/td>\n<\/tr>\n<\/tbody>\n<\/table>\n<!-- #tablepress-63 from cache --><\/div>\n<\/div>\n<div><\/div>\n<div class=\"woocb\"><a class=\"wocb\" href=\"http:\/\/www.beiaole.com\/wp-content\/uploads\/2025\/09\/d5.2.1.pdf\" target=\"_blank\" rel=\"noopener\">se former<\/a><\/div>\n<div><\/div>\n<h2 class=\"woocommerce-loop-product__title\" style=\"text-align: center;\">industriel<\/h2>\n<p><img loading=\"lazy\" decoding=\"async\" class=\"size-medium wp-image-16328 aligncenter\" src=\"http:\/\/www.beiaole.com\/wp-content\/uploads\/2025\/08\/2-e1755167471248-300x300.png\" alt=\"Portable Induatrial Dehumidifier\" width=\"300\" height=\"300\" data-no-translation=\"\" \/><\/p>\n<div class=\"scroll-table-wrapper\">\n<div class=\"scroll-table\">\n<table id=\"tablepress-64\" class=\"tablepress tablepress-id-64\">\n<thead>\n<tr class=\"row-1\">\n\t<th class=\"column-1\">mannequin<\/th><th class=\"column-2\">CF6.8DT<\/th><th class=\"column-3\">CF7.5KT<\/th><th class=\"column-4\">CF8.8KT<\/th><th class=\"column-5\">CF10KT<\/th><th class=\"column-6\">CF12KT<\/th>\n<\/tr>\n<\/thead>\n<tbody class=\"row-striping row-hover\">\n<tr class=\"row-2\">\n\t<td class=\"column-1\">Plage de r\u00e9glage de l'humidit\u00e9<\/td><td class=\"column-2\">10%~98%RH<\/td><td class=\"column-3\">10%\uff5e98%RH<\/td><td class=\"column-4\">10%\uff5e98%RH<\/td><td class=\"column-5\">10%\uff5e98%RH<\/td><td class=\"column-6\">10%~98%RH<\/td>\n<\/tr>\n<tr class=\"row-3\">\n\t<td class=\"column-1\">Pr\u00e9cision du contr\u00f4le de l'<\/td><td class=\"column-2\">\u00b13%RH<\/td><td class=\"column-3\">\u00b13%RH<\/td><td class=\"column-4\">\u00b13%RH<\/td><td class=\"column-5\">\u00b13%RH<\/td><td class=\"column-6\">\u00b13%RH<\/td>\n<\/tr>\n<tr class=\"row-4\">\n\t<td class=\"column-1\">Tension (V-Hz)<\/td><td class=\"column-2\">220V~50Hz<\/td><td class=\"column-3\">380V 3N~50Hz<\/td><td class=\"column-4\">380V 3N~50Hz<\/td><td class=\"column-5\">380V 3N~50Hz<\/td><td class=\"column-6\">380V 3N~50Hz<\/td>\n<\/tr>\n<tr class=\"row-5\">\n\t<td class=\"column-1\">Capacit\u00e9 de d\u00e9shumidification (27\u00a0\u2103\/601TP3\u00a0TRH)<\/td><td class=\"column-2\">4,0 kg\/h<\/td><td class=\"column-3\">4,3 kg\/h<\/td><td class=\"column-4\">5,0 kg\/h<\/td><td class=\"column-5\">6,0 kg\/h<\/td><td class=\"column-6\">6,8 kg\/h<\/td>\n<\/tr>\n<tr class=\"row-6\">\n\t<td class=\"column-1\">Capacit\u00e9 de d\u00e9shumidification (30\u00a0\u2103\/801TP3\u00a0TRH)<\/td><td class=\"column-2\">6,8 kg\/h<\/td><td class=\"column-3\">7,5 kg\/h<\/td><td class=\"column-4\">8,8 kg\/h<\/td><td class=\"column-5\">10kg\/h<\/td><td class=\"column-6\">12kg\/h<\/td>\n<\/tr>\n<tr class=\"row-7\">\n\t<td class=\"column-1\">Capacit\u00e9 de d\u00e9shumidification (35\u00a0\u2103\/901TP3\u00a0TRH)<\/td><td class=\"column-2\">8,5 kg\/h<\/td><td class=\"column-3\">9,0 kg\/h<\/td><td class=\"column-4\">11kg\/h<\/td><td class=\"column-5\">13kg\/h<\/td><td class=\"column-6\">14,5 kg\/h<\/td>\n<\/tr>\n<tr class=\"row-8\">\n\t<td class=\"column-1\">Puissance (27\u00a0\u2103\/601TP3\u00a0TRH)<\/td><td class=\"column-2\">1900w<\/td><td class=\"column-3\">2200W<\/td><td class=\"column-4\">2500W<\/td><td class=\"column-5\">2650W<\/td><td class=\"column-6\">3200W<\/td>\n<\/tr>\n<tr class=\"row-9\">\n\t<td class=\"column-1\">Puissance de temp\u00e9rature \u00e9lev\u00e9e (30\u2103\/80%RH)<\/td><td class=\"column-2\">2300W<\/td><td class=\"column-3\">2700W<\/td><td class=\"column-4\">3150W<\/td><td class=\"column-5\">3400W<\/td><td class=\"column-6\">4000W<\/td>\n<\/tr>\n<tr class=\"row-10\">\n\t<td class=\"column-1\">Puissance maximale (35\u00a0\u2103\u00a0901\u00a0TP3\u00a0TRH)<\/td><td class=\"column-2\">2900W<\/td><td class=\"column-3\">3300W<\/td><td class=\"column-4\">3800W<\/td><td class=\"column-5\">4150W<\/td><td class=\"column-6\">5000W<\/td>\n<\/tr>\n<tr class=\"row-11\">\n\t<td class=\"column-1\">circulation d'air<\/td><td class=\"column-2\">1200m\u00b3\/h<\/td><td class=\"column-3\">1200m\u00b3\/h<\/td><td class=\"column-4\">1300m\u00b3\/h<\/td><td class=\"column-5\">1800m\u00b3\/h<\/td><td class=\"column-6\">2000m\u00b3\/h<\/td>\n<\/tr>\n<tr class=\"row-12\">\n\t<td class=\"column-1\">r\u00e9frig\u00e9rant<\/td><td class=\"column-2\">r22<\/td><td class=\"column-3\">r22<\/td><td class=\"column-4\">r22<\/td><td class=\"column-5\">r22<\/td><td class=\"column-6\">r410a<\/td>\n<\/tr>\n<tr class=\"row-13\">\n\t<td class=\"column-1\">Classe de protection contre les chocs \u00e9lectriques<\/td><td class=\"column-2\">Classe \u2170<\/td><td class=\"column-3\">Classe \u2170<\/td><td class=\"column-4\">Classe \u2170<\/td><td class=\"column-5\">Classe \u2170<\/td><td class=\"column-6\">Classe \u2170<\/td>\n<\/tr>\n<tr class=\"row-14\">\n\t<td class=\"column-1\">Mode de drainage<\/td><td class=\"column-2\">Vidange de la conduite d'eau<\/td><td class=\"column-3\">Vidange de la conduite d'eau<\/td><td class=\"column-4\">Vidange de la conduite d'eau<\/td><td class=\"column-5\">Vidange de la conduite d'eau<\/td><td class=\"column-6\">Vidange de la conduite d'eau<\/td>\n<\/tr>\n<tr class=\"row-15\">\n\t<td class=\"column-1\">dimensions<br \/>\n(longueur x largeur x hauteur)<\/td><td class=\"column-2\">615*405*1550mm<\/td><td class=\"column-3\">615*405*1550mm<\/td><td class=\"column-4\">600*405*1660mm<\/td><td class=\"column-5\">763*472*1680mm<\/td><td class=\"column-6\">763*472*1680mm<\/td>\n<\/tr>\n<tr class=\"row-16\">\n\t<td class=\"column-1\">pesant<\/td><td class=\"column-2\">84 kg<\/td><td class=\"column-3\">88 kg<\/td><td class=\"column-4\">98 kg<\/td><td class=\"column-5\">128kg<\/td><td class=\"column-6\">125kg<\/td>\n<\/tr>\n<tr class=\"row-17\">\n\t<td class=\"column-1\">Domaine d'application<\/td><td class=\"column-2\">200-250m\u00b2<\/td><td class=\"column-3\">200-250m\u00b2<\/td><td class=\"column-4\">200-300m\u00b2<\/td><td class=\"column-5\">300-350m\u00b2<\/td><td class=\"column-6\">300-380m\u00b2<\/td>\n<\/tr>\n<\/tbody>\n<\/table>\n<!-- #tablepress-64 from cache --><\/div>\n<\/div>\n<div><\/div>\n<div class=\"woocb\"><a class=\"wocb\" href=\"http:\/\/www.beiaole.com\/wp-content\/uploads\/2025\/09\/d5.2.2.pdf\" target=\"_blank\" rel=\"noopener\">se former<\/a><\/div>\n<div><\/div>","protected":false},"excerpt":{"rendered":"<ul>\n<li>\n<h2>Contr\u00f4le intelligent\u202fmicro-ordinateurs\u00a0:<\/h2>\n<p>\u202fEmpreinte\u202fet\u202fd\u2019humidit\u00e9\u202fautomatique\u202fet\u202fd\u2019humiditation\u202favec\u202fd\u2019ajustement\u202fd\u2019in\u202f%\u202fpr\u00e9cise.<\/li>\n<li>\n<h2>Affichage en temps r\u00e9el\u202fLCD-LCD\u00a0:<\/h2>\n<p>\u202f montre\u202ftemp\u00e9rature,\u202fhumidit\u00e9,\u202fet\u202fd'op\u00e9rer\u202f\u00e9tat\u202fclairment\u202fpour\u202fsimple\u202fsupervision.<\/li>\n<li>\n<h2>Large\u202fd\u2019humidit\u00e9\u202fdifficile :<\/h2>\n<p>\u202f10\u202f\u2013\u202f98\u202f%\u202fRH\u202frange\u202f\u202f\u00b1\u202f%\u202frh\u202fcontr\u00f4le\u202fdiff\u00e9rent\u202fdiff\u00e9rent\u202fdiff\u00e9rents\u202fenvironnements.<\/li>\n<li>\n<h2>Syst\u00e8me automatique de d\u00e9givrage\u00a0:<\/h2>\n<p>\u202fPr\u00e9vente\u202fFrost\u202fBuildup\u202fto\u202fmaintenance\u202fstable\u202foperation\u202fdans-les applications \u00e0 basse temp\u00e9rature.<\/li>\n<li>\n<h2>Programmable\u202ftimer\u00a0:<\/h2>\n<p>\u202f1\u2011\u00e0\u201124\u202fheure\u202ftimer\u202fautorise\u202fd\u2019horaire\u202fd\u2019arr\u00eat\u202fpour\u202funned\u202fd\u2019utilisation\u202fet\u202fd\u2019\u00e9conomies.<\/li>\n<li>\n<h2>Fonction de diagnostic automatique\u00a0:<\/h2>\n<p>\u202fB\u00e2ti\u2011en\u202ferreur\u202fd\u00e9tection\u202fet\u202fdisplay\u202fpour\u202fles probl\u00e8mes de d\u00e9p\u00eaches\u202fet\u202fd\u00e9sactiv\u00e9s minimes.<\/li>\n<li>\n<h2>Drainage continu\u00a0:<\/h2>\n<p>\u202fEau\u202fpipe\u202fdrain\u202fsupporte\u202fon\u2011arr\u00eat\u202fop\u00e9ration\u202fsans\u202fmanuel\u202fd\u2019intervention.<\/li>\n<li>\n<h2>Mobilit\u00e9 durable\u00a0:<\/h2>\n<p>\u202fIndustrial\u202fSteel\u202fChassis\u202fet\u202fHeavy\u2011Duty\u202fCarte\u202fCompiner\u202fStabilit\u00e9\u202favec\u202fasy\u202fdel\u00e2che.<\/li>\n<li>\n<h2>Syst\u00e8me d'air-performances hautes performances\u00a0:<\/h2>\n<p>\u202fCentrifugeuse\u202ffan\u202fd\u00e9livers\u202ffort\u202fd\u00e9bit d'air\u202favec\u202f\u00e0 faible\u202fbruit\u202fpour\u202fefficient\u202fd\u2019humidit\u00e9\u202fd\u2019\u00e9vacuation.<\/li>\n<li>\n<h2>Compresseur premium\u00a0:<\/h2>\n<p>\u202fCompresseur\u202fInternational\u202fGrape\u202fAssure\u202fLong\u202fService\u202fVie\u202fet\u202fConsiste\u202fDe-Humidifier\u202fPuissance.<\/li>\n<\/ul>\n<hr \/>","protected":false},"featured_media":4882,"comment_status":"open","ping_status":"closed","template":"","meta":{"_acf_changed":false},"product_brand":[],"product_cat":[64],"product_tag":[],"class_list":{"0":"post-4851","1":"product","2":"type-product","3":"status-publish","4":"has-post-thumbnail","6":"product_cat-dehumidifier-series","8":"first","9":"outofstock","10":"taxable","11":"shipping-taxable","12":"purchasable","13":"product-type-variable"},"acf":[],"_links":{"self":[{"href":"https:\/\/www.ecvents.com\/fr\/wp-json\/wp\/v2\/product\/4851","targetHints":{"allow":["GET"]}}],"collection":[{"href":"https:\/\/www.ecvents.com\/fr\/wp-json\/wp\/v2\/product"}],"about":[{"href":"https:\/\/www.ecvents.com\/fr\/wp-json\/wp\/v2\/types\/product"}],"replies":[{"embeddable":true,"href":"https:\/\/www.ecvents.com\/fr\/wp-json\/wp\/v2\/comments?post=4851"}],"wp:featuredmedia":[{"embeddable":true,"href":"https:\/\/www.ecvents.com\/fr\/wp-json\/wp\/v2\/media\/4882"}],"wp:attachment":[{"href":"https:\/\/www.ecvents.com\/fr\/wp-json\/wp\/v2\/media?parent=4851"}],"wp:term":[{"taxonomy":"product_brand","embeddable":true,"href":"https:\/\/www.ecvents.com\/fr\/wp-json\/wp\/v2\/product_brand?post=4851"},{"taxonomy":"product_cat","embeddable":true,"href":"https:\/\/www.ecvents.com\/fr\/wp-json\/wp\/v2\/product_cat?post=4851"},{"taxonomy":"product_tag","embeddable":true,"href":"https:\/\/www.ecvents.com\/fr\/wp-json\/wp\/v2\/product_tag?post=4851"}],"curies":[{"name":"WP","href":"https:\/\/api.w.org\/{rel}","templated":true}]}}