{"id":4870,"date":"2026-03-19T06:06:24","date_gmt":"2026-03-19T11:06:24","guid":{"rendered":"https:\/\/www.ecvents.com\/?post_type=product&#038;p=4870"},"modified":"2026-03-19T06:06:45","modified_gmt":"2026-03-19T11:06:45","slug":"chambre-simple-hrv-vt501-wifi-2","status":"publish","type":"product","link":"https:\/\/www.ecvents.com\/fr\/product\/chambre-simple-hrv-vt501-wifi-2\/","title":{"rendered":"Chambre simple VHR VT501-WIFI"},"content":{"rendered":"<div class=\"someee\">\n<h2><strong>Fra\u00eecheur calme.\u202f Contr\u00f4le intelligent.\u202f Con\u00e7u pour un confort sans effort.<\/strong><\/h2>\n<p>le\u00a0<strong>Chambre simple\u202fHRV\u202fVT501\u2011WiFi<\/strong>\u00a0Transforme tranquillement l'air int\u00e9rieur sans attirer l'attention sur lui-m\u00eame. Vous ne l'entendez pas fonctionner - vous remarquez simplement que l'air est bien : frais, \u00e9quilibr\u00e9 et naturellement confortable, comme une fen\u00eatre ouverte par une journ\u00e9e parfaite.<\/p>\n<p>cach\u00e9 dans son cadre compact, un\u00a0<strong>Noyau de r\u00e9cup\u00e9ration de chaleur en c\u00e9ramique<\/strong>\u00a0\u00c9change continuellement d'\u00e9nergie entre l'air entrant et sortant. Il conserve la chaleur en hiver, \u00e9limine la chaleur excessive en \u00e9t\u00e9 et soulage la charge de travail sur les syst\u00e8mes CVC, tout en maintenant un environnement stable et confortable toute l'ann\u00e9e.<\/p>\n<p>La qualit\u00e9 de l'air est affin\u00e9e gr\u00e2ce \u00e0 un\u00a0<strong>R\u00e9seau \u00e0 double filtre<\/strong>\u00a0Combinant un\u00a0<strong>Filtre HEPA<\/strong>\u00a0qui capture des particules aussi petites que 0,3\u202f\u03bcm\u202f et un\u00a0<strong>Couche de carbone activ\u00e9<\/strong>\u00a0qui absorbe les odeurs et les COV. L'air est naturellement propre, jamais artificiel ou trop trait\u00e9.<\/p>\n<p>Fonctionnant presque silencieusement, le syst\u00e8me d\u00e9livre jusqu'\u00e0 60\u00a0\u202f\u00a0m\u00b3\/h\u00a0de flux d'air \u00e0 seulement\u00a08,5\u00a0W de puissance. Le contr\u00f4le est simple et pr\u00e9cis gr\u00e2ce\u00a0<strong>WiFi et l'application Tuya<\/strong>, Fournir un acc\u00e8s complet aux param\u00e8tres de vitesse, aux horaires et \u00e0 la surveillance de la qualit\u00e9 de l'air directement depuis votre t\u00e9l\u00e9phone.<\/p>\n<p>Con\u00e7u pour la long\u00e9vit\u00e9, le VT501\u2011WiFi utilise un\u00a0<strong>Noyau en c\u00e9ramique r\u00e9sistant \u00e0 la corrosion<\/strong>\u00a0\u00e0 l'int\u00e9rieur d'\u00a0<strong>Corps en ABS haute r\u00e9sistance<\/strong>, assurer la fiabilit\u00e9 \u00e0 long terme dans des conditions humides ou variables. L'entretien est simple : les filtres et le noyau en c\u00e9ramique peuvent \u00eatre remplac\u00e9s ou nettoy\u00e9s en quelques minutes sans outils.<\/p>\n<\/div>\n<hr \/>\n<p>Dimensions (unit\u00e9 : mm) :<\/p>\n<div class=\"scroll-table-wrapper\">\n<div class=\"scroll-table\">[ Tableau \u201c74\u201d introuvable \/]<br \/>\n<\/div>\n<\/div>\n<div><\/div>\n<div><a class=\"wocb\" href=\"https:\/\/www.beiaole.com\/wp-content\/uploads\/2025\/12\/VT501-table1.pdf\" target=\"_blank\" rel=\"noopener\">se former<\/a><\/div>\n<div><\/div>\n<div><img loading=\"lazy\" decoding=\"async\" class=\"aligncenter wp-image-21029 size-full\" src=\"https:\/\/www.beiaole.com\/wp-content\/uploads\/2025\/12\/VT501-size.png\" alt=\"VT501-size\" width=\"1087\" height=\"197\" data-no-translation=\"\" \/><\/div>\n<div><\/div>\n<p>Performance\u00a0:<\/p>\n<div class=\"scroll-table-wrapper\">\n<div class=\"scroll-table\">[ Tableau \u201c75\u201d introuvable \/]<br \/>\n<\/div>\n<\/div>\n<div><\/div>\n<div class=\"woocb\"><a class=\"wocb\" href=\"https:\/\/www.beiaole.com\/wp-content\/uploads\/2025\/12\/VT501-table2.pdf\" target=\"_blank\" rel=\"noopener\">se former<\/a><\/div>\n<div><\/div>\n<div class=\"viddd\">\n<div class=\"lyte-wrapper\" style=\"width:560px;max-width:100%;margin:5px auto;\"><div class=\"lyMe\" id=\"WYL_jN-8IWCc7CA\"><div id=\"lyte_jN-8IWCc7CA\" data-src=\"https:\/\/www.ecvents.com\/wp-content\/plugins\/wp-youtube-lyte\/lyteCache.php?origThumbUrl=%2F%2Fi.ytimg.com%2Fvi%2FjN-8IWCc7CA%2Fhqdefault.jpg\" class=\"pL\"><div class=\"tC\"><div class=\"tT\"><\/div><\/div><div class=\"play\"><\/div><div class=\"ctrl\"><div class=\"Lctrl\"><\/div><div class=\"Rctrl\"><\/div><\/div><\/div><noscript><a href=\"https:\/\/youtu.be\/jN-8IWCc7CA\" rel=\"nofollow noopener\" target=\"_blank\"><img loading=\"lazy\" decoding=\"async\" src=\"https:\/\/www.ecvents.com\/wp-content\/plugins\/wp-youtube-lyte\/lyteCache.php?origThumbUrl=https%3A%2F%2Fi.ytimg.com%2Fvi%2FjN-8IWCc7CA%2F0.jpg\" alt=\"YouTube video thumbnail\" width=\"560\" height=\"295\" data-no-translation=\"\" \/><br \/>Lire cette vid\u00e9o sur YouTube<\/a><\/noscript><\/div><\/div><div class=\"lL\" style=\"max-width:100%;width:560px;margin:5px auto;\"><\/div><\/p>\n<\/div>\n<p><img loading=\"lazy\" decoding=\"async\" class=\"aligncenter wp-image-3772 size-full\" src=\"https:\/\/www.beiaole.com\/wp-content\/uploads\/2025\/12\/VT501m1.jpg\" alt=\"Single Room HRV VT501-Wifi1\" width=\"1000\" height=\"621\" data-no-translation=\"\" \/><\/p>\n<p><img loading=\"lazy\" decoding=\"async\" class=\"aligncenter wp-image-3773 size-full\" src=\"https:\/\/www.beiaole.com\/wp-content\/uploads\/2025\/12\/VT501m2.jpg\" alt=\"Single Room HRV VT501-Wifi2\" width=\"1000\" height=\"1457\" data-no-translation=\"\" \/><\/p>\n<p><img loading=\"lazy\" decoding=\"async\" class=\"aligncenter wp-image-3774 size-full\" src=\"https:\/\/www.beiaole.com\/wp-content\/uploads\/2025\/12\/VT501m3.jpg\" alt=\"Single Room HRV VT501-Wifi3\" width=\"1000\" height=\"1009\" data-no-translation=\"\" \/><\/p>\n<p><img loading=\"lazy\" decoding=\"async\" class=\"aligncenter wp-image-3775 size-full\" src=\"https:\/\/www.beiaole.com\/wp-content\/uploads\/2025\/12\/VT501m4.jpg\" alt=\"Single Room HRV VT501-Wifi4\" width=\"1000\" height=\"745\" data-no-translation=\"\" \/><\/p>\n<p><img loading=\"lazy\" decoding=\"async\" class=\"aligncenter wp-image-3776 size-full\" src=\"https:\/\/www.beiaole.com\/wp-content\/uploads\/2025\/12\/VT501m5.jpg\" alt=\"Single Room HRV VT501-Wifi5\" width=\"1000\" height=\"1039\" data-no-translation=\"\" \/><\/p>\n<p><img loading=\"lazy\" decoding=\"async\" class=\"aligncenter wp-image-22702 size-large\" src=\"https:\/\/www.beiaole.com\/wp-content\/uploads\/2025\/12\/VT501m6-569x1024.jpg\" alt=\"VT501m6\" width=\"569\" height=\"1024\" data-no-translation=\"\" \/><\/p>","protected":false},"excerpt":{"rendered":"<ul>\n<li>\n<h2>Efficacit\u00e9 \u00e9lev\u00e9e de la r\u00e9cup\u00e9ration de chaleur\u00a0:<\/h2>\n<p>\u202fCeramic\u202fCore\u202fRecovers\u202fup\u202f\u00e0\u202f90\u202f%\u202fd\u2019\u00e9nergie thermique\u202fd\u2019entre\u202fd\u2019\u00e9vasement\u202fet\u202fd\u2019apport\u202fpour\u202f\u2019saving\u202fyear\u202fsavings.<\/li>\n<li>\n<h2>Filtration en plusieurs \u00e9tapes\u00a0:<\/h2>\n<p>\u202fHepa\u202ffiltre\u202f\u00e9limine\u202fdust\u202fet\u202fpollen;\u202factiv\u00e9\u202fcarbone\u202fneutralize\u202fodors\u202fet\u202ffine\u202fpolluants.<\/li>\n<li>\n<h2>Op\u00e9ration ultra-silencieuse\u00a0:<\/h2>\n<p>\u202fSound\u202fLevels\u202fLow\u202fassez\u202fpour\u202fchambre\u202fet\u202fespaces\u202fd\u2019espaces\u2014juste\u202fa\u202fdoux\u202fhum.<\/li>\n<li>\n<h2>Contr\u00f4le WiFi\u202fSmart\u00a0:<\/h2>\n<p>\u202fTuya\u202fApp\u202fInt\u00e9gration\u202fEnables\u202fDe-Vitesse\u202fR\u00e9glage,\u202fData-temps\u2011Air\u2011Data\u202fData,\u202fData-temps\u202fR\u00e9al-Time\u2011Data\u202fData\u202fet\u202fDes-modes.<\/li>\n<li>\n<h2>Moteur \u00e9conome en \u00e9nergie :<\/h2>\n<p>\u202fconsommation\u202fdc\u202fdc\u202fconsommes\u202fconsommation\u202fdc\u202fdc\u202fdc\u202fconsommation\u202f2,5\u202f\u2013\u202f8,5\u202fw\u202fcontinue\u202fd\u2019op\u00e9ration.<\/li>\n<li>\n<h2>Flux d'air \u00e9quilibr\u00e9\u00a0:<\/h2>\n<p>\u202fQuatre\u202fVitesse\u202fParam\u00e8tres\u202fSupply\u202f20\u202f\u2013\u202f60\u202fm\u00b3\/H\u202favec\u202fconsistent\u202fet\u202fdistribution.<\/li>\n<li>\n<h2>Construction durable :<\/h2>\n<p>\u202fEchangeur\u202fc\u00e9ramique\u202fet\u202fd\u2019abs\u202fd\u2019\u00e9change\u202fcorrosion\u202fet\u202fd\u2019exposition \u00e0 long terme\u202fd\u2019humidit\u00e9.<\/li>\n<li>\n<h2>Entretien simple\u00a0:<\/h2>\n<p>\u202fOutil\u2011Free\u202fFilter\u202fAccess\u202fFait\u202fNettoyage\u202fet\u202fRemplacement\u202fFast\u202fet\u202fintuitif.<\/li>\n<\/ul>\n<hr \/>\n<div class=\"woodp\"><a class=\"wodp button\" href=\"https:\/\/www.beiaole.com\/wp-content\/uploads\/2025\/12\/VT501-t.pdf\" target=\"_blank\" rel=\"noopener\"><i class=\"fa-solid fa-file-pdf\"><\/i>catalogue<\/a><\/div>","protected":false},"featured_media":4884,"comment_status":"open","ping_status":"closed","template":"","meta":{"_acf_changed":false},"product_brand":[],"product_cat":[73],"product_tag":[],"class_list":{"0":"post-4870","1":"product","2":"type-product","3":"status-publish","4":"has-post-thumbnail","6":"product_cat-single-room-hrv-2","7":"pa_control-mode-remote-control","8":"pa_control-mode-wifi-control","10":"first","11":"outofstock","12":"sale","13":"taxable","14":"shipping-taxable","15":"product-type-variable","16":"has-default-attributes"},"acf":[],"_links":{"self":[{"href":"https:\/\/www.ecvents.com\/fr\/wp-json\/wp\/v2\/product\/4870","targetHints":{"allow":["GET"]}}],"collection":[{"href":"https:\/\/www.ecvents.com\/fr\/wp-json\/wp\/v2\/product"}],"about":[{"href":"https:\/\/www.ecvents.com\/fr\/wp-json\/wp\/v2\/types\/product"}],"replies":[{"embeddable":true,"href":"https:\/\/www.ecvents.com\/fr\/wp-json\/wp\/v2\/comments?post=4870"}],"wp:featuredmedia":[{"embeddable":true,"href":"https:\/\/www.ecvents.com\/fr\/wp-json\/wp\/v2\/media\/4884"}],"wp:attachment":[{"href":"https:\/\/www.ecvents.com\/fr\/wp-json\/wp\/v2\/media?parent=4870"}],"wp:term":[{"taxonomy":"product_brand","embeddable":true,"href":"https:\/\/www.ecvents.com\/fr\/wp-json\/wp\/v2\/product_brand?post=4870"},{"taxonomy":"product_cat","embeddable":true,"href":"https:\/\/www.ecvents.com\/fr\/wp-json\/wp\/v2\/product_cat?post=4870"},{"taxonomy":"product_tag","embeddable":true,"href":"https:\/\/www.ecvents.com\/fr\/wp-json\/wp\/v2\/product_tag?post=4870"}],"curies":[{"name":"WP","href":"https:\/\/api.w.org\/{rel}","templated":true}]}}