{"id":4871,"date":"2026-03-19T06:06:24","date_gmt":"2026-03-19T11:06:24","guid":{"rendered":"https:\/\/www.ecvents.com\/?post_type=product&#038;p=4871"},"modified":"2026-03-19T06:13:59","modified_gmt":"2026-03-19T11:13:59","slug":"filtres-a-carbone-air-hepa-a-trois-couches","status":"publish","type":"product","link":"https:\/\/www.ecvents.com\/fr\/product\/filtres-a-carbone-air-hepa-a-trois-couches\/","title":{"rendered":"Filtres \u00e0 carbone Air HEPA \u00e0 trois couches"},"content":{"rendered":"<div class=\"someee\">\n<h2><strong>Nettoyer les couches. Filtration intelligente. Con\u00e7u pour un flux d'air plus sain.<\/strong><\/h2>\n<p>le\u00a0<strong>Filtre \u00e0 trois couches\u202fHEPA\u202fcarbone\u202fpour\u202fde\u202fd\u2019ambiance\u202fet\u202fair\u202fr\u00e9cup\u00e9rateurs<\/strong>\u00a0est con\u00e7u pour faire de l'air pur une partie continue de la vie quotidienne. Combinant filtration avanc\u00e9e et r\u00e9cup\u00e9ration d'\u00e9nergie intelligente, il transforme la ventilation ordinaire en un syst\u00e8me d'air \u00e9quilibr\u00e9 et \u00e0 haute efficacit\u00e9 qui rafra\u00eechit, prot\u00e8ge et maintient.<\/p>\n<p>\u00c0 la base se trouve un\u00a0<strong>Filtre carbone-carbone \u00e0 trois \u00e9tapes<\/strong>\u00a0Con\u00e7u pour capturer les particules de PM2,5, les allerg\u00e8nes a\u00e9roport\u00e9s et les bact\u00e9ries aussi petites que 0,3\u202f\u03bcm. le\u00a0<strong>Couche activ\u00e9e\u2011carbone<\/strong>\u00a0Neutralise les odeurs et les compos\u00e9s volatils, tandis qu'un filtre primaire bloque la poussi\u00e8re et les d\u00e9bris plus importants pour maintenir la stabilit\u00e9 de l'air. Ensemble, ces filtres garantissent que chaque respiration a la clart\u00e9 de l'air purifi\u00e9 et confortable.<\/p>\n<p>Le syst\u00e8me s'int\u00e8gre parfaitement aux unit\u00e9s de ventilation intelligentes. \u00e0 travers ses\u00a0<strong>Contr\u00f4le bas\u00e9 sur les applications<\/strong>, Les utilisateurs peuvent ajuster les modes, surveiller les conditions int\u00e9rieures ou planifier le fonctionnement \u00e0 distance. Construit sur A\u202f<strong>Plaque de montage magn\u00e9tique<\/strong>, Les filtres peuvent \u00eatre remplac\u00e9s en quelques secondes, simplifiant la maintenance de routine.<\/p>\n<p>Chaque cycle s'adapte automatiquement aux conditions r\u00e9elles. l'unit\u00e9\u00a0<strong>Commutation entre\u202fd'extraction\u202fet\u202fsupply\u202fmodes\u202ftous\u202f65\u202fsecondes<\/strong>, maintenir un flux d'air \u00e9quilibr\u00e9 tout en a\u202f<strong>\u00c9changeur de chaleur en c\u00e9ramique<\/strong>\u00a0R\u00e9cup\u00e8re jusqu'\u00e0 90\u202f%\u202fd'\u00e9nergie thermique, ce qui garde les pi\u00e8ces au frais sans gaspiller de puissance de chauffage ou de refroidissement. Des mat\u00e9riaux durables, un fonctionnement silencieux et un profil compact en font un ajustement parfait pour les maisons, les bureaux et les projets de r\u00e9novation \u00e9co\u00e9nerg\u00e9tiques.<\/p>\n<\/div>\n<hr \/>","protected":false},"excerpt":{"rendered":"<ul>\n<li>\n<h2>Conception durable et accessible\u00a0:<\/h2>\n<p>\u202fRobuste\u202fmagn\u00e9tique\u202fFrame\u202fFaite\u202fFiltre\u202fchangement\u202fQuick\u202fet\u202fsans outil.<\/li>\n<li>\n<h2>Filtration \u00e0 trois couches :<\/h2>\n<p>\u202fPr\u00e9\u2011filtre,\u202flayer\u202fd\u2019Hepa\u202fet\u202factiv\u00e9\u202fd\u2019\u00e9l\u00e9ment\u202fd\u2019\u00e9l\u00e9ment\u202fdust\u202fdust\u202fd\u2019\u00e9l\u00e9ments\u202f\u2019 et\u202f\u2019 et\u202f\u2019odeurs\u2019,\u202fles\u202fvirus.<\/li>\n<li>\n<h2>Contr\u00f4le intelligent\u202fApp\u00a0:<\/h2>\n<p>\u202fd'un\u202fd'observation\u202fet\u202fd'ajustement\u202fd'a\u00e9ration\u202fmodes\u202fet\u202fd'int\u00e9rieur\u202fair\u202fconditions.<\/li>\n<li>\n<h2>Commutation automatique-mode\u00a0:<\/h2>\n<p>\u202falternant\u202fentre\u202fd'\u00e9puisement\u202fet\u202fd'avaler\u202ftout\u202f65\u202fsecondes\u202fpour\u202f\u00e9quilibr\u00e9\u202fair\u202fd'\u00e9change.<\/li>\n<li>\n<h2>R\u00e9cup\u00e9ration d'\u00e9nergie thermique\u00a0:<\/h2>\n<p>\u202fCeramic\u202fHeat\u202fEchanger\u202fRecovers\u202fThermal\u202fEnergy\u202fpour\u202fdes\u202fdessineurs\u202fet\u202fcooling\u202fcooling.<\/li>\n<li>\n<h2>Faible entretien-op\u00e9ration\u00a0:<\/h2>\n<p>\u202fFiltre\u202fRempla\u00e7age\u202fet\u202fnettoyage\u202fMinutes,\u202fSupporter\u202fContinue\u202fUtilisation.<\/li>\n<\/ul>\n<hr \/>","protected":false},"featured_media":4909,"comment_status":"open","ping_status":"closed","template":"","meta":{"_acf_changed":false},"product_brand":[],"product_cat":[72,73],"product_tag":[],"class_list":{"0":"post-4871","1":"product","2":"type-product","3":"status-publish","4":"has-post-thumbnail","6":"product_cat-filter","7":"product_cat-single-room-hrv-2","9":"first","10":"instock","11":"sale","12":"taxable","13":"shipping-taxable","14":"purchasable","15":"product-type-simple"},"acf":[],"_links":{"self":[{"href":"https:\/\/www.ecvents.com\/fr\/wp-json\/wp\/v2\/product\/4871","targetHints":{"allow":["GET"]}}],"collection":[{"href":"https:\/\/www.ecvents.com\/fr\/wp-json\/wp\/v2\/product"}],"about":[{"href":"https:\/\/www.ecvents.com\/fr\/wp-json\/wp\/v2\/types\/product"}],"replies":[{"embeddable":true,"href":"https:\/\/www.ecvents.com\/fr\/wp-json\/wp\/v2\/comments?post=4871"}],"wp:featuredmedia":[{"embeddable":true,"href":"https:\/\/www.ecvents.com\/fr\/wp-json\/wp\/v2\/media\/4909"}],"wp:attachment":[{"href":"https:\/\/www.ecvents.com\/fr\/wp-json\/wp\/v2\/media?parent=4871"}],"wp:term":[{"taxonomy":"product_brand","embeddable":true,"href":"https:\/\/www.ecvents.com\/fr\/wp-json\/wp\/v2\/product_brand?post=4871"},{"taxonomy":"product_cat","embeddable":true,"href":"https:\/\/www.ecvents.com\/fr\/wp-json\/wp\/v2\/product_cat?post=4871"},{"taxonomy":"product_tag","embeddable":true,"href":"https:\/\/www.ecvents.com\/fr\/wp-json\/wp\/v2\/product_tag?post=4871"}],"curies":[{"name":"WP","href":"https:\/\/api.w.org\/{rel}","templated":true}]}}