{"id":4876,"date":"2026-03-19T06:06:25","date_gmt":"2026-03-19T11:06:25","guid":{"rendered":"https:\/\/www.ecvents.com\/?post_type=product&#038;p=4876"},"modified":"2026-03-25T05:30:03","modified_gmt":"2026-03-25T10:30:03","slug":"vanne-dair-frais-avec-thermostat","status":"publish","type":"product","link":"https:\/\/www.ecvents.com\/fr\/product\/vanne-dair-frais-avec-thermostat\/","title":{"rendered":"Vanne d'air frais avec thermostat"},"content":{"rendered":"<h2 class=\"wp-block-heading\"><strong>Conception simple.\u202f Contr\u00f4le intelligent.\u202f Construit\u202ffor\u202fd'air sans effort\u202fair.<\/strong><\/h2>\n\n\n\n<p>le&nbsp;<strong>Frais\u202fair\u202fvalve\u202favec\u202fthermostat<\/strong>&nbsp;est un mode de r\u00e9alisation silencieux de la simplicit\u00e9 intelligente, un syst\u00e8me compact et auto-r\u00e9glant qui maintient l'air int\u00e9rieur frais tout en r\u00e9duisant les pertes d'\u00e9nergie. Pas de c\u00e2blage, pas de moteur, pas d'\u00e9lectricit\u00e9, juste un flux d'air naturel guid\u00e9 par une physique intelligente qui s'adapte automatiquement aux conditions ext\u00e9rieures.<\/p>\n\n\n\n<p>Au fond, un&nbsp;<strong>Thermostat m\u00e9canique<\/strong>&nbsp;D\u00e9tecte la temp\u00e9rature externe et ajuste le d\u00e9bit d'air en temps r\u00e9el. Lorsqu'elle d\u00e9passe les +10\u00a0\u00b0C, la vanne s'ouvre compl\u00e8tement pour fournir un flux d'air frais constant. Comme les temp\u00e9ratures tombent en dessous de\u202f\u20135\u202f\u00b0C, elles se ferment progressivement, emp\u00eachant les courants d'air froids et prot\u00e9geant la chaleur int\u00e9rieure. construit sur des pr\u00e9cisions&nbsp;<strong>M\u00e9canique d'expansion thermique<\/strong>, la conception fonctionne en continu sans bruit, \u00e9lectronique ou maintenance.<\/p>\n\n\n\n<p>Pour plus de flexibilit\u00e9, la valve peut \u00e9galement \u00eatre ferm\u00e9e manuellement, permettant un contr\u00f4le rapide et intuitif de la ventilation en cas de besoin. Compact, silencieux et compl\u00e8tement passif, il fournit de l'air frais de fond qui se sent sans effort jour et nuit.<\/p>\n\n\n\n<p>Id\u00e9al pour les maisons, les bureaux, les cuisines et les salles de r\u00e9union, le&nbsp;<strong>Frais\u202fair\u202fvalve\u202favec\u202fthermostat<\/strong>&nbsp;Offre un confort durable gr\u00e2ce \u00e0 une intelligence m\u00e9canique pure, un renouvellement de l'air qui se d\u00e9roule tranquillement.<\/p>\n\n\n\n<hr class=\"wp-block-separator has-alpha-channel-opacity\"\/>\n\n\n\n<figure class=\"wp-block-image aligncenter\"><img decoding=\"async\" src=\"https:\/\/www.beiaole.com\/wp-content\/uploads\/2025\/12\/FRESH-AIR-VALVE-WITH-THERMOSTAT-size1.png\" alt=\"FRESH-AIR-VALVE-WITH-THERMOSTAT-size1\" class=\"wp-image-21315\" data-no-translation=\"\"\/><\/figure>\n\n\n\n<figure class=\"wp-block-image aligncenter\"><img decoding=\"async\" src=\"https:\/\/www.beiaole.com\/wp-content\/uploads\/2025\/12\/FRESH-AIR-VALVE-WITH-THERMOSTAT-size2.png\" alt=\"FRESH-AIR-VALVE-WITH-THERMOSTAT-size2\" class=\"wp-image-21316\" data-no-translation=\"\"\/><\/figure>\n\n\n\n<p>Dimensions (unit\u00e9 : mm) :<\/p>\n\n\n\n<figure class=\"wp-block-table\"><table><thead><tr><th>Taille du conduit<\/th><th>Longueur de conduit extensible<\/th><th>D\u00e9bit d'air maximum autoris\u00e9<\/th><th>niveau sonore<\/th><th>Domaine d'application<\/th><\/tr><\/thead><tbody><tr><td>100mm<\/td><td>250 \u2013 500 mm<\/td><td>30\u00a0m\u00b3\/h<\/td><td>20 \u2013 35dB<\/td><td>10m\u00b2<\/td><\/tr><\/tbody><\/table><\/figure>\n\n\n<div class=\"someee\">\u00a0<\/div>\n<p>\u00a0<\/p>","protected":false},"excerpt":{"rendered":"<ul>\n<li>\n<h2>R\u00e9gulation automatique\u202fthermique\u00a0:<\/h2>\n<p>Int\u00e9gr\u00e9\u202fm\u00e9canique\u202fthermostat\u202fouvre\u202fet\u202fferme\u202fbas\u00e9\u202fon\u202fdes fluctuations de temp\u00e9rature ext\u00e9rieure.<\/li>\n<li>\n<h2>Op\u00e9rations d'\u00e9conomie d'\u00e9nergie\u00a0:<\/h2>\n<p>s'ouvre\u202fabove\u202f+10\u202f\u00b0C\u202fpour\u202ffra\u00eeche\u202fair\u202fintense\u202fet\u202ffermelle\u202f\u00e0\u202f\u00e0\u202f\u00e0\u202fde\u202fde\u202f\u2019indoor\u202f\u202f\u2019\u00e9lectrique\u202f\u2019\u2019\u2019\u2019\u2019\u2019\u2019\u2019\u2019\u2019\u2019\u2019\u2019\u2019.<\/li>\n<li>\n<h2>Ajustement manuel\u00a0:<\/h2>\n<p>Autorise les pr\u00e9f\u00e9rences de ventilation personnelles par l'utilisateur.<\/li>\n<li>\n<h2>Fonction silencieuse\u00a0:<\/h2>\n<p>Fonctionne\u202f\u00e0\u202f20\u202f\u2013\u202f35\u202fdb,\u202fs\u00e9curisant\u202fsilencieux\u202fperformance\u202fpour\u202fchambre\u202fet\u202fles bureaux.<\/li>\n<li>\n<h2>\u00c9change r\u00e9gulier d'air\u00a0\u00a0:<\/h2>\n<p>fournit\u202f\u00e0\u202f\u00e0\u202f30\u202fm\u00b3\/h\u202fde\u202fnef\u202fd\u2019air\u202f\u00e0\u202f\u00e0\u202f\u00e0\u202f\u2019250\u202f\u2013\u202f500\u202fmm\u202f long.<\/li>\n<li>\n<h2>Conception sans entretien\u00a0\u00a0:<\/h2>\n<p>enti\u00e8rement\u202fm\u00e9canique\u202fsyst\u00e8me\u202fn\u00e9cesselle\u202fnon\u202ffiltres,\u202fmoteurs,\u202fou\u202fd'entretien.<\/li>\n<li>\n<h2>Compatibilit\u00e9 standard\u00a0:<\/h2>\n<p>Convient aux\u202f\u00d8100\u202fmm\u202fconduits\u202fpour\u202fl'int\u00e9gration\u202fd'in\u202fd'a\u00e9ration\u202fexistant\u202fd\u2019r\u00e9seaux.<\/li>\n<\/ul>\n<hr \/>\n<div class=\"woodp\"><a class=\"wodp button\" href=\"https:\/\/www.beiaole.com\/wp-content\/uploads\/2025\/12\/FRESH-AIR-VALVE-WITH-THERMOSTAT-t.pdf\" target=\"_blank\" rel=\"noopener\"><i class=\"fa-solid fa-file-pdf\"><\/i>catalogue<\/a><\/div>","protected":false},"featured_media":4902,"comment_status":"open","ping_status":"closed","template":"","meta":{"_acf_changed":false},"product_brand":[],"product_cat":[73],"product_tag":[],"class_list":{"0":"post-4876","1":"product","2":"type-product","3":"status-publish","4":"has-post-thumbnail","6":"product_cat-single-room-hrv-2","8":"first","9":"instock","10":"sale","11":"taxable","12":"shipping-taxable","13":"purchasable","14":"product-type-simple"},"acf":[],"_links":{"self":[{"href":"https:\/\/www.ecvents.com\/fr\/wp-json\/wp\/v2\/product\/4876","targetHints":{"allow":["GET"]}}],"collection":[{"href":"https:\/\/www.ecvents.com\/fr\/wp-json\/wp\/v2\/product"}],"about":[{"href":"https:\/\/www.ecvents.com\/fr\/wp-json\/wp\/v2\/types\/product"}],"replies":[{"embeddable":true,"href":"https:\/\/www.ecvents.com\/fr\/wp-json\/wp\/v2\/comments?post=4876"}],"wp:featuredmedia":[{"embeddable":true,"href":"https:\/\/www.ecvents.com\/fr\/wp-json\/wp\/v2\/media\/4902"}],"wp:attachment":[{"href":"https:\/\/www.ecvents.com\/fr\/wp-json\/wp\/v2\/media?parent=4876"}],"wp:term":[{"taxonomy":"product_brand","embeddable":true,"href":"https:\/\/www.ecvents.com\/fr\/wp-json\/wp\/v2\/product_brand?post=4876"},{"taxonomy":"product_cat","embeddable":true,"href":"https:\/\/www.ecvents.com\/fr\/wp-json\/wp\/v2\/product_cat?post=4876"},{"taxonomy":"product_tag","embeddable":true,"href":"https:\/\/www.ecvents.com\/fr\/wp-json\/wp\/v2\/product_tag?post=4876"}],"curies":[{"name":"WP","href":"https:\/\/api.w.org\/{rel}","templated":true}]}}