{"id":4877,"date":"2026-03-19T06:06:25","date_gmt":"2026-03-19T11:06:25","guid":{"rendered":"https:\/\/www.ecvents.com\/?post_type=product&#038;p=4877"},"modified":"2026-03-19T06:13:59","modified_gmt":"2026-03-19T11:13:59","slug":"ventilateur-de-recuperation-de-chaleur-vt100-2","status":"publish","type":"product","link":"https:\/\/www.ecvents.com\/fr\/product\/ventilateur-de-recuperation-de-chaleur-vt100-2\/","title":{"rendered":"Ventilateur de r\u00e9cup\u00e9ration de chaleur VT100"},"content":{"rendered":"<div class=\"someee\">\n<h2><strong>\u00c9quilibre calme.\u202f Air frais.\u202f Construit pour la vie quotidienne.<\/strong><\/h2>\n<p>le\u00a0<strong>VT100\u202fChauffage\u202fr\u00e9cup\u00e9ration\u202fventilateur<\/strong>\u00a0est une pi\u00e8ce compacte d'ing\u00e9nierie qui transforme tranquillement le confort int\u00e9rieur. Travaillant en silence en arri\u00e8re-plan, il maintient l'air frais, les temp\u00e9ratures \u00e9quilibr\u00e9es et la consommation d'\u00e9nergie naturellement faible, une mise \u00e0 niveau invisible qui rend chaque espace plus agr\u00e9able sans jamais exiger d'attention.<\/p>\n<p>Au centre se trouve un\u00a0<strong>Module d'\u00e9change de chaleur en c\u00e9ramique \u00e0 haute efficacit\u00e9<\/strong>\u00a0Cela transf\u00e8re l'\u00e9nergie thermique entre les flux d'air sortants et entrants. En hiver, l'air frais entre dans le temps pr\u00e9chauff\u00e9, l'exc\u00e8s de chaleur reste \u00e0 l'abri pendant que l'air frais circule. Le r\u00e9sultat est une ventilation douce et \u00e9quilibr\u00e9e \u00e0 chaque saison, offrant un confort sans sacrifier l'\u00e9nergie d\u00e9j\u00e0 investie dans le chauffage ou le refroidissement.<\/p>\n<p>propuls\u00e9 par un\u00a0<strong>EC\u202f(Electronically\u202fcommutated)\u202fmoteur<\/strong>, le VT100 fournit un flux d'air silencieux de 20\u00a0\u202f\u00e0\u00a050\u00a0\u202fm\u00b3\/h\u202fd'une puissance de\u00a02,5\u00a0\u202f\u2013\u00a0\u202f\u00a0w\u00a0de\u00a0. M\u00eame sur son r\u00e9glage de sommeil doux, il maintient un \u00e9change d'air continu adapt\u00e9 aux chambres, aux \u00e9tudes ou \u00e0 d'autres environnements calmes.<\/p>\n<p>L'installation est rapide. le\u00a0<strong>Corps compact et l\u00e9ger<\/strong>\u00a0Se monte proprement sur les murs int\u00e9rieurs, ce qui le rend id\u00e9al pour les appartements, les bureaux \u00e0 domicile ou les petits espaces commerciaux o\u00f9 les syst\u00e8mes \u00e0 conduits plus grands ne sont pas possibles. un\u00a0<strong>Pr\u00e9\u2011filtre lavable<\/strong>\u00a0Pi\u00e8ge la poussi\u00e8re et les particules plus grosses, assurant que l'air reste clair tout en simplifiant l'entretien - enlever, rincer, remplacer, termin\u00e9.<\/p>\n<\/div>\n<hr \/>\n<p>Dimensions (unit\u00e9 : mm) :<\/p>\n<div class=\"lightbox-container\"><img loading=\"lazy\" decoding=\"async\" class=\"aligncenter wp-image-21313 size-full\" src=\"https:\/\/www.beiaole.com\/wp-content\/uploads\/2025\/12\/VT100-size.png\" alt=\"VT100-size\" width=\"852\" height=\"261\" data-no-translation=\"\" \/><\/div>\n<p>Performance\u00a0:<\/p>\n<div class=\"scroll-table-wrapper\">\n<div class=\"scroll-table\">[ Tableau \u201c77\u201d introuvable \/]<br \/>\n<\/div>\n<\/div>\n<div class=\"woocb\"><a class=\"wocb\" href=\"https:\/\/www.beiaole.com\/wp-content\/uploads\/2025\/12\/VT100-table.pdf\" target=\"_blank\" rel=\"noopener\">se former<\/a><\/div>","protected":false},"excerpt":{"rendered":"<ul>\n<li>\n<h2>Efficacit\u00e9 \u00e9lev\u00e9e de la r\u00e9cup\u00e9ration de chaleur\u00a0:<\/h2>\n<p>\u202fCeramic\u202fCore\u202fRecover\u202fup\u202fto\u202f90\u202f%\u202fd\u2019\u00e9nergie\u202f\u00e9chauffe\u202fpour\u202fun\u2011\u2019\u2019confort\u2019d\u2019ann\u00e9e\u202fet\u202f\u00e9conomisation.<\/li>\n<li>\n<h2>Op\u00e9ration ultra-silencieuse\u00a0:<\/h2>\n<p>\u202fDelivers\u202f\u00e0 faible bruit\u202fEC\u202fmoteur\u202f\u00e9gards\u202fsans\u202fde\u202fid\u00e9al\u202fpour\u202fles chambres\u202fet\u202fles\u202fd\u2019\u00e9tudes\u202fd\u2019une chambre\u202f\u00e0\u202f\u00e0\u202fdes\u202fd\u2019\u00e9tudes\u202fd\u2019entrerelles\u202fd\u2019une chambre\u202f\u00e0\u202fde\u202f\u2019de\u202f\u2019de\u202f\u2019de\u202f\u2019de\u202f\u2019.<\/li>\n<li>\n<h2>Conception efficace en \u00e9nergie\u00a0:<\/h2>\n<p>\u202fConsumes\u202fjust\u202f2,5\u202f\u2013\u202f3,8\u202fw\u202fen\u202fmaintenance\u202fd'air\u202fde\u202f20\u202f\u00e0\u202f50\u202fm\u00b3\/h.<\/li>\n<li>\n<h2>Compact\u202fet\u202fl\u00e9ger :<\/h2>\n<p>\u202fSlim\u202fProfil\u202ffits\u202feasly\u202fon\u202fwalls\u202fou\u202fconfined\u202fespaces\u202finadaptable\u202fpour\u202fles unit\u00e9s de ventilation\u202fplus grandes.<\/li>\n<li>\n<h2>Construction durable :<\/h2>\n<p>\u202fEchangeur\u202fcorrosion\u2011r\u00e9sistant\u202fCeramic\u202fEtag\u00e8re\u202fet\u202fd\u2019abs\u202fd\u2019apporter\u202f\u00e0 long terme\u202fdelabs.<\/li>\n<li>\n<h2>Protection pr\u00e9\u2011filtre-protection :<\/h2>\n<p>\u202fDust\u202fDust\u202fDust\u202fDust\u202fDust\u202fDust\u202fDust\u202fet\u202fdiffus\u202fd\u2019air\u202fet\u202fd\u2019\u00e9coulement.<\/li>\n<li>\n<h2>Contr\u00f4le de l'utilisateur simple\u00a0:<\/h2>\n<p>\u202ftrois\u202ffan\u202fvitesse\u202fplus\u202fdormeur\u202fmode\u202fautoriser\u202ffacile\u202f\u00e0\u202fconditions quotidiennes.<\/li>\n<li>\n<h2>Faible entretien\u00a0:<\/h2>\n<p>\u202fTool\u2011Free\u202fFilter\u202fnettoyage\u202fpour\u202frapide,\u202fconvenient\u202f\u00e0 l\u2019entretien.<\/li>\n<\/ul>\n<hr \/>","protected":false},"featured_media":4903,"comment_status":"open","ping_status":"closed","template":"","meta":{"_acf_changed":false},"product_brand":[],"product_cat":[73],"product_tag":[],"class_list":{"0":"post-4877","1":"product","2":"type-product","3":"status-publish","4":"has-post-thumbnail","6":"product_cat-single-room-hrv-2","7":"pa_control-mode-remote-control","8":"pa_control-mode-wifi-control","10":"first","11":"instock","12":"taxable","13":"shipping-taxable","14":"purchasable","15":"product-type-variable","16":"has-default-attributes"},"acf":[],"_links":{"self":[{"href":"https:\/\/www.ecvents.com\/fr\/wp-json\/wp\/v2\/product\/4877","targetHints":{"allow":["GET"]}}],"collection":[{"href":"https:\/\/www.ecvents.com\/fr\/wp-json\/wp\/v2\/product"}],"about":[{"href":"https:\/\/www.ecvents.com\/fr\/wp-json\/wp\/v2\/types\/product"}],"replies":[{"embeddable":true,"href":"https:\/\/www.ecvents.com\/fr\/wp-json\/wp\/v2\/comments?post=4877"}],"wp:featuredmedia":[{"embeddable":true,"href":"https:\/\/www.ecvents.com\/fr\/wp-json\/wp\/v2\/media\/4903"}],"wp:attachment":[{"href":"https:\/\/www.ecvents.com\/fr\/wp-json\/wp\/v2\/media?parent=4877"}],"wp:term":[{"taxonomy":"product_brand","embeddable":true,"href":"https:\/\/www.ecvents.com\/fr\/wp-json\/wp\/v2\/product_brand?post=4877"},{"taxonomy":"product_cat","embeddable":true,"href":"https:\/\/www.ecvents.com\/fr\/wp-json\/wp\/v2\/product_cat?post=4877"},{"taxonomy":"product_tag","embeddable":true,"href":"https:\/\/www.ecvents.com\/fr\/wp-json\/wp\/v2\/product_tag?post=4877"}],"curies":[{"name":"WP","href":"https:\/\/api.w.org\/{rel}","templated":true}]}}