{"id":669,"date":"2022-05-06T17:39:29","date_gmt":"2022-05-06T17:39:29","guid":{"rendered":"https:\/\/startersites.io\/blocksy\/gadgets\/?post_type=product&#038;p=669"},"modified":"2026-01-08T04:22:17","modified_gmt":"2026-01-08T09:22:17","slug":"chambre-simple-hrv-vt501-wifi","status":"publish","type":"product","link":"https:\/\/www.ecvents.com\/fr\/product\/chambre-simple-hrv-vt501-wifi\/","title":{"rendered":"KCVENTS VT501-Ventilation \u00e0 distance ou WiFi Ventilation de la chambre murale Ventilateur d'air frais mural avec filtre HEPA en c\u00e9ramique Syst\u00e8me de ventilation 6 pouces"},"content":{"rendered":"<h4 class=\"mcb-wrap-background-overlay\">Dimensions (unit\u00e9:mm):<\/h4>\n<h4 class=\"mcb-wrap-background-overlay\"><img loading=\"lazy\" decoding=\"async\" class=\"alignnone wp-image-4156 size-full\" src=\"https:\/\/www.ecvents.com\/wp-content\/uploads\/2022\/05\/KCVENTS-VT501-Product-Size-Diagram-\u2013-Panel-220\u00d7240-mm-Duct-Length-200\u2013500-mm.png\" alt=\"Product size drawing of the KCVENTS VT501 single-room heat recovery ventilator showing a 220\u00d7240 mm front panel and two duct length options: 200 mm and 500 mm.\" width=\"1326\" height=\"375\" srcset=\"https:\/\/www.ecvents.com\/wp-content\/uploads\/2022\/05\/KCVENTS-VT501-Product-Size-Diagram-\u2013-Panel-220\u00d7240-mm-Duct-Length-200\u2013500-mm.png 1326w, https:\/\/www.ecvents.com\/wp-content\/uploads\/2022\/05\/KCVENTS-VT501-Product-Size-Diagram-\u2013-Panel-220\u00d7240-mm-Duct-Length-200\u2013500-mm-300x85.png 300w, https:\/\/www.ecvents.com\/wp-content\/uploads\/2022\/05\/KCVENTS-VT501-Product-Size-Diagram-\u2013-Panel-220\u00d7240-mm-Duct-Length-200\u2013500-mm-1024x290.png 1024w, https:\/\/www.ecvents.com\/wp-content\/uploads\/2022\/05\/KCVENTS-VT501-Product-Size-Diagram-\u2013-Panel-220\u00d7240-mm-Duct-Length-200\u2013500-mm-768x217.png 768w, https:\/\/www.ecvents.com\/wp-content\/uploads\/2022\/05\/KCVENTS-VT501-Product-Size-Diagram-\u2013-Panel-220\u00d7240-mm-Duct-Length-200\u2013500-mm-18x5.png 18w, https:\/\/www.ecvents.com\/wp-content\/uploads\/2022\/05\/KCVENTS-VT501-Product-Size-Diagram-\u2013-Panel-220\u00d7240-mm-Duct-Length-200\u2013500-mm-500x141.png 500w\" sizes=\"auto, (max-width: 1326px) 100vw, 1326px\" data-no-translation=\"\" \/><\/h4>\n<table>\n<thead>\n<tr id=\"thblue\">\n<th>Diam\u00e8tre Unit\u00e9<\/th>\n<th>tube ext\u00e9rieur<\/th>\n<th>Diam\u00e8tre\/\u00e9paisseur de paroi<\/th>\n<th>Tube d'installation (peut \u00eatre coup\u00e9)<\/th>\n<th>Couverture int\u00e9rieure<\/th>\n<\/tr>\n<\/thead>\n<tbody>\n<tr>\n<td>160 mm<\/td>\n<td>163 mm<\/td>\n<td>Standard :250 mm \u2013 500 mm<\/td>\n<td>250 mm \u00e0 500 mm<\/td>\n<td>242 mm x 242 mm<\/td>\n<\/tr>\n<\/tbody>\n<\/table>\n<div class=\"column mcb-column mcb-item-juqkkdtft one laptop-one tablet-one mobile-one column_column vb-item\">\n<div class=\"mcb-column-inner mfn-module-wrapper mcb-column-inner-juqkkdtft mcb-item-column-inner\">\n<div class=\"column_attr mfn-inline-editor clearfix\">\n<h4>Tableau des param\u00e8tres\u00a0:<\/h4>\n<table>\n<tbody>\n<tr id=\"thblue\">\n<th>allure<\/th>\n<th>sommeil<\/th>\n<th>\u2160<\/th>\n<th>\u2161<\/th>\n<th>\u2162<\/th>\n<\/tr>\n<tr>\n<td>tension<\/td>\n<td colspan=\"5\">12VDC ou 100 \u2013 240V 50 \u2013 60Hz<\/td>\n<\/tr>\n<tr>\n<td>Puissance totale du ventilateur (W)<\/td>\n<td>2.5<\/td>\n<td>3.0<\/td>\n<td>4.5<\/td>\n<td>8.5<\/td>\n<\/tr>\n<tr>\n<td>Courant de ventilateur (A)<\/td>\n<td>0.025<\/td>\n<td>0.030<\/td>\n<td>0.045<\/td>\n<td>0.070<\/td>\n<\/tr>\n<tr>\n<td>D\u00e9bit d'air (m\u00b3\/h)<\/td>\n<td>20<\/td>\n<td>48<\/td>\n<td>54<\/td>\n<td>60<\/td>\n<\/tr>\n<tr>\n<td>Vitesse (tr\/min)<\/td>\n<td>630<\/td>\n<td>1100<\/td>\n<td>1600<\/td>\n<td>2200<\/td>\n<\/tr>\n<tr>\n<td>Temp\u00e9rature de l'air transport\u00e9<\/td>\n<td colspan=\"5\">-20\u00b0C(-4\u00b0F) \u00e0 +50\u00b0C(122\u00b0F)<\/td>\n<\/tr>\n<tr>\n<td>Efficacit\u00e9 des \u00e9changes de chaleur<\/td>\n<td colspan=\"5\">Jusqu'\u00e0 90%<\/td>\n<\/tr>\n<tr>\n<td>Noyau d'\u00e9changeur de chaleur<\/td>\n<td colspan=\"5\">c\u00e9ramique<\/td>\n<\/tr>\n<\/tbody>\n<\/table>\n<h4>\u00a0Sp\u00e9cifications :<\/h4>\n<table class=\"min-w-full\">\n<tbody>\n<tr>\n<td class=\"px-3 py-2\" data-sentry-component=\"TableCellComponent\" data-sentry-source-file=\"table.tsx\"><strong>Style de conception<\/strong><\/td>\n<td class=\"px-3 py-2\" data-sentry-component=\"TableCellComponent\" data-sentry-source-file=\"table.tsx\">moderne<\/td>\n<td class=\"px-3 py-2\" data-sentry-component=\"TableCellComponent\" data-sentry-source-file=\"table.tsx\"><strong>Lieu d'origine<\/strong><\/td>\n<td class=\"px-3 py-2\" data-sentry-component=\"TableCellComponent\" data-sentry-source-file=\"table.tsx\">Guangdong, Chine<\/td>\n<\/tr>\n<tr>\n<td class=\"px-3 py-2\" data-sentry-component=\"TableCellComponent\" data-sentry-source-file=\"table.tsx\"><strong>nom de marque<\/strong><\/td>\n<td class=\"px-3 py-2\" data-sentry-component=\"TableCellComponent\" data-sentry-source-file=\"table.tsx\">kcvents<\/td>\n<td class=\"px-3 py-2\" data-sentry-component=\"TableCellComponent\" data-sentry-source-file=\"table.tsx\"><strong>num\u00e9ro de mod\u00e8le<\/strong><\/td>\n<td class=\"px-3 py-2\" data-sentry-component=\"TableCellComponent\" data-sentry-source-file=\"table.tsx\">VT501<\/td>\n<\/tr>\n<tr>\n<td class=\"px-3 py-2\" data-sentry-component=\"TableCellComponent\" data-sentry-source-file=\"table.tsx\"><strong>nom du produit<\/strong><\/td>\n<td class=\"px-3 py-2\" data-sentry-component=\"TableCellComponent\" data-sentry-source-file=\"table.tsx\">Ventilateur de r\u00e9cup\u00e9ration de chaleur d'une seule pi\u00e8ce<\/td>\n<td class=\"px-3 py-2\" data-sentry-component=\"TableCellComponent\" data-sentry-source-file=\"table.tsx\"><strong>mati\u00e8re<\/strong><\/td>\n<td class=\"px-3 py-2\" data-sentry-component=\"TableCellComponent\" data-sentry-source-file=\"table.tsx\">abs<\/td>\n<\/tr>\n<tr>\n<td class=\"px-3 py-2\" data-sentry-component=\"TableCellComponent\" data-sentry-source-file=\"table.tsx\"><strong>alimentation<\/strong><\/td>\n<td class=\"px-3 py-2\" data-sentry-component=\"TableCellComponent\" data-sentry-source-file=\"table.tsx\">100~240V 50\/60Hz<\/td>\n<td class=\"px-3 py-2\" data-sentry-component=\"TableCellComponent\" data-sentry-source-file=\"table.tsx\"><strong>fonction<\/strong><\/td>\n<td class=\"px-3 py-2\" data-sentry-component=\"TableCellComponent\" data-sentry-source-file=\"table.tsx\">R\u00e9cup\u00e9ration de chaleur<\/td>\n<\/tr>\n<tr>\n<td class=\"px-3 py-2\" data-sentry-component=\"TableCellComponent\" data-sentry-source-file=\"table.tsx\"><strong>installation<\/strong><\/td>\n<td class=\"px-3 py-2\" data-sentry-component=\"TableCellComponent\" data-sentry-source-file=\"table.tsx\">Installation murale<\/td>\n<td class=\"px-3 py-2\" data-sentry-component=\"TableCellComponent\" data-sentry-source-file=\"table.tsx\"><strong>certificat<\/strong><\/td>\n<td class=\"px-3 py-2\" data-sentry-component=\"TableCellComponent\" data-sentry-source-file=\"table.tsx\">CE, SAA<\/td>\n<\/tr>\n<tr>\n<td class=\"px-3 py-2\" data-sentry-component=\"TableCellComponent\" data-sentry-source-file=\"table.tsx\"><strong>figure<\/strong><\/td>\n<td class=\"px-3 py-2\" data-sentry-component=\"TableCellComponent\" data-sentry-source-file=\"table.tsx\">\u00e9conomie d'\u00e9nergie<\/td>\n<td class=\"px-3 py-2\" data-sentry-component=\"TableCellComponent\" data-sentry-source-file=\"table.tsx\"><strong>\u00e9paisseur<\/strong><\/td>\n<td class=\"px-3 py-2\" data-sentry-component=\"TableCellComponent\" data-sentry-source-file=\"table.tsx\">\u00e9paisseur de paroi 20-45cm<\/td>\n<\/tr>\n<tr>\n<td class=\"px-3 py-2\" data-sentry-component=\"TableCellComponent\" data-sentry-source-file=\"table.tsx\"><strong>colorier<\/strong><\/td>\n<td class=\"px-3 py-2\" data-sentry-component=\"TableCellComponent\" data-sentry-source-file=\"table.tsx\">blanc<\/td>\n<td class=\"px-3 py-2\" data-sentry-component=\"TableCellComponent\" data-sentry-source-file=\"table.tsx\"><strong>\u00e9changeur de chaleur<\/strong><\/td>\n<td class=\"px-3 py-2\" data-sentry-component=\"TableCellComponent\" data-sentry-source-file=\"table.tsx\">c\u00e9ramique<\/td>\n<\/tr>\n<\/tbody>\n<\/table>\n<div class=\"button_align align_center\">\n<div class=\"column mcb-column mcb-item-bvrppphfe one laptop-one tablet-one mobile-one column_column vb-item\">\n<div class=\"mcb-column-inner mfn-module-wrapper mcb-column-inner-bvrppphfe mcb-item-column-inner\">\n<div class=\"column_attr mfn-inline-editor clearfix\"><div class=\"lyte-wrapper\" style=\"width:560px;max-width:100%;margin:5px auto;\"><div class=\"lyMe\" id=\"WYL_jN-8IWCc7CA\"><div id=\"lyte_jN-8IWCc7CA\" data-src=\"https:\/\/www.ecvents.com\/wp-content\/plugins\/wp-youtube-lyte\/lyteCache.php?origThumbUrl=%2F%2Fi.ytimg.com%2Fvi%2FjN-8IWCc7CA%2Fhqdefault.jpg\" class=\"pL\"><div class=\"tC\"><div class=\"tT\"><\/div><\/div><div class=\"play\"><\/div><div class=\"ctrl\"><div class=\"Lctrl\"><\/div><div class=\"Rctrl\"><\/div><\/div><\/div><noscript><a href=\"https:\/\/youtu.be\/jN-8IWCc7CA\" rel=\"nofollow noopener\" target=\"_blank\"><img loading=\"lazy\" decoding=\"async\" src=\"https:\/\/www.ecvents.com\/wp-content\/plugins\/wp-youtube-lyte\/lyteCache.php?origThumbUrl=https%3A%2F%2Fi.ytimg.com%2Fvi%2FjN-8IWCc7CA%2F0.jpg\" alt=\"YouTube video thumbnail\" width=\"560\" height=\"295\" data-no-translation=\"\" \/><br \/>Lire cette vid\u00e9o sur YouTube<\/a><\/noscript><\/div><\/div><div class=\"lL\" style=\"max-width:100%;width:560px;margin:5px auto;\"><\/div><\/div>\n<\/div>\n<\/div>\n<div class=\"column mcb-column mcb-item-juqkkdtft one laptop-one tablet-one mobile-one column_column vb-item\">\n<div class=\"mcb-column-inner mfn-module-wrapper mcb-column-inner-juqkkdtft mcb-item-column-inner\">\n<div class=\"column_attr mfn-inline-editor clearfix\">\n<p><strong>Titre du produit : Ventilateur intelligent de r\u00e9cup\u00e9ration de chaleur mural VT501 avec filtration WiFi et HEPA<\/strong><\/p>\n<p><strong>Respirez plus propre, vivez mieux<\/strong><br \/>\nTransformez votre qualit\u00e9 d'air int\u00e9rieur avec le KCVENTS VT501. Con\u00e7u pour les maisons modernes, ce ventilateur de r\u00e9cup\u00e9ration de chaleur (HRV) d'une seule pi\u00e8ce remplace l'air int\u00e9rieur pollu\u00e9 et pollu\u00e9 par de l'air ext\u00e9rieur frais et filtr\u00e9 tout en conservant la temp\u00e9rature de votre pi\u00e8ce.<\/p>\n<p><img loading=\"lazy\" decoding=\"async\" class=\"alignnone size-medium wp-image-3807\" src=\"https:\/\/www.ecvents.com\/wp-content\/uploads\/2022\/05\/S6917d1fed2bd4259a13a9507fedddf9b7-206x300.webp\" alt=\"\" width=\"206\" height=\"300\" srcset=\"https:\/\/www.ecvents.com\/wp-content\/uploads\/2022\/05\/S6917d1fed2bd4259a13a9507fedddf9b7-206x300.webp 206w, https:\/\/www.ecvents.com\/wp-content\/uploads\/2022\/05\/S6917d1fed2bd4259a13a9507fedddf9b7-500x729.webp 500w, https:\/\/www.ecvents.com\/wp-content\/uploads\/2022\/05\/S6917d1fed2bd4259a13a9507fedddf9b7-703x1024.webp 703w, https:\/\/www.ecvents.com\/wp-content\/uploads\/2022\/05\/S6917d1fed2bd4259a13a9507fedddf9b7-600x874.webp 600w, https:\/\/www.ecvents.com\/wp-content\/uploads\/2022\/05\/S6917d1fed2bd4259a13a9507fedddf9b7.webp 750w\" sizes=\"auto, (max-width: 206px) 100vw, 206px\" data-no-translation=\"\" \/><\/p>\n<p><strong>Efficacit\u00e9 maximale, co\u00fbt minimum<\/strong><br \/>\nAu c\u0153ur du VT501 se trouve un noyau d'\u00e9changeur de chaleur en c\u00e9ramique de haute technologie. Il r\u00e9cup\u00e8re jusqu'\u00e0\u00a0<strong>90% d'\u00e9nergie thermique<\/strong>, ce qui signifie que vous ne perdez pas de chaleur lorsque vous ventilez en hiver. avec une puissance de travail entre\u00a0<strong>2W et 6W<\/strong>, il est incroyablement \u00e9conome en \u00e9nergie.<\/p>\n<p><img loading=\"lazy\" decoding=\"async\" class=\"alignnone size-medium wp-image-3809\" src=\"https:\/\/www.ecvents.com\/wp-content\/uploads\/2022\/05\/Sbd7e9cc2e8ec48c7bb53e6c581a7e3ffz-298x300.webp\" alt=\"\" width=\"298\" height=\"300\" srcset=\"https:\/\/www.ecvents.com\/wp-content\/uploads\/2022\/05\/Sbd7e9cc2e8ec48c7bb53e6c581a7e3ffz-298x300.webp 298w, https:\/\/www.ecvents.com\/wp-content\/uploads\/2022\/05\/Sbd7e9cc2e8ec48c7bb53e6c581a7e3ffz-500x504.webp 500w, https:\/\/www.ecvents.com\/wp-content\/uploads\/2022\/05\/Sbd7e9cc2e8ec48c7bb53e6c581a7e3ffz-150x150.webp 150w, https:\/\/www.ecvents.com\/wp-content\/uploads\/2022\/05\/Sbd7e9cc2e8ec48c7bb53e6c581a7e3ffz-600x605.webp 600w, https:\/\/www.ecvents.com\/wp-content\/uploads\/2022\/05\/Sbd7e9cc2e8ec48c7bb53e6c581a7e3ffz-100x100.webp 100w, https:\/\/www.ecvents.com\/wp-content\/uploads\/2022\/05\/Sbd7e9cc2e8ec48c7bb53e6c581a7e3ffz.webp 750w\" sizes=\"auto, (max-width: 298px) 100vw, 298px\" data-no-translation=\"\" \/><\/p>\n<p><strong>Technologie intelligente pour une maison saine<\/strong><br \/>\nPourquoi deviner la qualit\u00e9 de votre air ? le\u00a0<strong>Mod\u00e8le VT501-WF<\/strong>\u00a0se connecte de mani\u00e8re transparente \u00e0 la\u00a0<strong>Application de Tuya<\/strong>, vous permettant de surveiller les niveaux de CO\u2082 en temps r\u00e9el et de contr\u00f4ler l'appareil depuis votre smartphone. Que vous ayez besoin d'\u00e9liminer les odeurs, de r\u00e9duire l'humidit\u00e9 ou de filtrer les allerg\u00e8nes, vous avez un contr\u00f4le total via le Wi-Fi ou la t\u00e9l\u00e9commande incluse.<\/p>\n<p><img loading=\"lazy\" decoding=\"async\" class=\"alignnone size-medium wp-image-3828\" src=\"https:\/\/www.ecvents.com\/wp-content\/uploads\/2022\/05\/vt501-\u4e09\u6a21\u5f0f-300x166.jpg\" alt=\"\" width=\"300\" height=\"166\" srcset=\"https:\/\/www.ecvents.com\/wp-content\/uploads\/2022\/05\/vt501-\u4e09\u6a21\u5f0f-300x166.jpg 300w, https:\/\/www.ecvents.com\/wp-content\/uploads\/2022\/05\/vt501-\u4e09\u6a21\u5f0f-500x276.jpg 500w, https:\/\/www.ecvents.com\/wp-content\/uploads\/2022\/05\/vt501-\u4e09\u6a21\u5f0f-1024x565.jpg 1024w, https:\/\/www.ecvents.com\/wp-content\/uploads\/2022\/05\/vt501-\u4e09\u6a21\u5f0f-768x424.jpg 768w, https:\/\/www.ecvents.com\/wp-content\/uploads\/2022\/05\/vt501-\u4e09\u6a21\u5f0f-600x331.jpg 600w, https:\/\/www.ecvents.com\/wp-content\/uploads\/2022\/05\/vt501-\u4e09\u6a21\u5f0f.jpg 1392w\" sizes=\"auto, (max-width: 300px) 100vw, 300px\" data-no-translation=\"\" \/><\/p>\n<p><strong>Performances silencieuses<\/strong><br \/>\nProfitez de l'air frais sans le bruit. gr\u00e2ce \u00e0 son avance\u00a0<strong>Moteur sans balais<\/strong>\u00a0et conception scell\u00e9e, le VT501 fonctionne \u00e0 un maximum de\u00a0<strong>30dB<\/strong>. C'est le compl\u00e9ment parfait aux chambres, aux cr\u00e8ches ou aux bureaux \u00e0 domicile o\u00f9 le silence est dor\u00e9.<\/p>\n<p><img loading=\"lazy\" decoding=\"async\" class=\"alignnone size-medium wp-image-3816\" src=\"https:\/\/www.ecvents.com\/wp-content\/uploads\/2022\/05\/vt501-\u9759\u97f3\u7761\u7720-300x224.webp\" alt=\"\" width=\"300\" height=\"224\" srcset=\"https:\/\/www.ecvents.com\/wp-content\/uploads\/2022\/05\/vt501-\u9759\u97f3\u7761\u7720-300x224.webp 300w, https:\/\/www.ecvents.com\/wp-content\/uploads\/2022\/05\/vt501-\u9759\u97f3\u7761\u7720-500x373.webp 500w, https:\/\/www.ecvents.com\/wp-content\/uploads\/2022\/05\/vt501-\u9759\u97f3\u7761\u7720-600x447.webp 600w, https:\/\/www.ecvents.com\/wp-content\/uploads\/2022\/05\/vt501-\u9759\u97f3\u7761\u7720.webp 750w\" sizes=\"auto, (max-width: 300px) 100vw, 300px\" data-no-translation=\"\" \/><\/p>\n<p><strong>Installation sans tracas (aucun conduit complexe requis)<\/strong><br \/>\nContrairement aux syst\u00e8mes de ventilation centraux traditionnels, le KCVENTS VT501 est con\u00e7u pour une installation facile \u00e0 trou unique. Il n'y a pas besoin de coureurs de plafond ou de conduits professionnels co\u00fbteux. Percez simplement un trou \u00e0 travers un mur ext\u00e9rieur, ins\u00e9rez le conduit t\u00e9lescopique, montez l'unit\u00e9 et branchez-le. C'est la solution de bricolage id\u00e9ale pour am\u00e9liorer la qualit\u00e9 de l'air de votre pi\u00e8ce en quelques minutes.<\/p>\n<p><img loading=\"lazy\" decoding=\"async\" class=\"alignnone size-medium wp-image-3826\" src=\"https:\/\/www.ecvents.com\/wp-content\/uploads\/2022\/05\/Haec0125c2fd14ec7b8198a16821a5acbv-300x300.webp\" alt=\"\" width=\"300\" height=\"300\" srcset=\"https:\/\/www.ecvents.com\/wp-content\/uploads\/2022\/05\/Haec0125c2fd14ec7b8198a16821a5acbv-300x300.webp 300w, https:\/\/www.ecvents.com\/wp-content\/uploads\/2022\/05\/Haec0125c2fd14ec7b8198a16821a5acbv-500x500.webp 500w, https:\/\/www.ecvents.com\/wp-content\/uploads\/2022\/05\/Haec0125c2fd14ec7b8198a16821a5acbv-150x150.webp 150w, https:\/\/www.ecvents.com\/wp-content\/uploads\/2022\/05\/Haec0125c2fd14ec7b8198a16821a5acbv-768x768.webp 768w, https:\/\/www.ecvents.com\/wp-content\/uploads\/2022\/05\/Haec0125c2fd14ec7b8198a16821a5acbv-600x600.webp 600w, https:\/\/www.ecvents.com\/wp-content\/uploads\/2022\/05\/Haec0125c2fd14ec7b8198a16821a5acbv-100x100.webp 100w, https:\/\/www.ecvents.com\/wp-content\/uploads\/2022\/05\/Haec0125c2fd14ec7b8198a16821a5acbv.webp 1001w\" sizes=\"auto, (max-width: 300px) 100vw, 300px\" data-no-translation=\"\" \/><\/p>\n<p><strong>Principales caract\u00e9ristiques :<\/strong><\/p>\n<ul>\n<li><strong>3 modes de ventilation :<\/strong>\u00a0Mode air frais, mode d'\u00e9chappement et mode cycle 65S.<\/li>\n<li><strong>Filtration sup\u00e9rieure :<\/strong>\u00a0Les filtres combin\u00e9s HEPA et charbon actif \u00e9liminent les particules et les odeurs.<\/li>\n<li><strong>Puissant flux d'air\u00a0:<\/strong>\u00a028 cfm \u00e0 35 cfm.<\/li>\n<li><strong>Faible entretien :<\/strong>\u00a0Noyau en c\u00e9ramique facile \u00e0 nettoyer et filtres accessibles.<\/li>\n<li><strong>Forfait complet\u00a0:<\/strong>\u00a0Comprend un kit de montage, une t\u00e9l\u00e9commande et une garantie de 36 mois pour une tranquillit\u00e9 d'esprit.<\/li>\n<\/ul>\n<p>KCVENTS Les VRC r\u00e9sidentielles sont le meilleur choix pour a\u00e9rer les maisons ou les lieux de travail. Ces unit\u00e9s sont con\u00e7ues pour fournir de l'air frais dans le b\u00e2timent tout en \u00e9puisant une quantit\u00e9 \u00e9gale d'air vici\u00e9 vers l'ext\u00e9rieur. Pendant la saison de chauffage, KCVENTS Ventilateurs de r\u00e9cup\u00e9ration de chaleur (VRCS) remplace l'air vici\u00e9 par l'air frais dans les maisons et les entreprises, aidant \u00e0 pr\u00e9venir l'accumulation d'humidit\u00e9, les moisissures toxiques et la pourriture.<\/p>\n<p>&nbsp;<\/p>\n<p><img loading=\"lazy\" decoding=\"async\" class=\"alignnone size-medium wp-image-3808\" src=\"https:\/\/www.ecvents.com\/wp-content\/uploads\/2022\/05\/S94788fd13e3a4be8baa96211f292aef3j-300x300.webp\" alt=\"\" width=\"300\" height=\"300\" srcset=\"https:\/\/www.ecvents.com\/wp-content\/uploads\/2022\/05\/S94788fd13e3a4be8baa96211f292aef3j-300x300.webp 300w, https:\/\/www.ecvents.com\/wp-content\/uploads\/2022\/05\/S94788fd13e3a4be8baa96211f292aef3j-500x500.webp 500w, https:\/\/www.ecvents.com\/wp-content\/uploads\/2022\/05\/S94788fd13e3a4be8baa96211f292aef3j-150x150.webp 150w, https:\/\/www.ecvents.com\/wp-content\/uploads\/2022\/05\/S94788fd13e3a4be8baa96211f292aef3j-768x768.webp 768w, https:\/\/www.ecvents.com\/wp-content\/uploads\/2022\/05\/S94788fd13e3a4be8baa96211f292aef3j-600x600.webp 600w, https:\/\/www.ecvents.com\/wp-content\/uploads\/2022\/05\/S94788fd13e3a4be8baa96211f292aef3j-100x100.webp 100w, https:\/\/www.ecvents.com\/wp-content\/uploads\/2022\/05\/S94788fd13e3a4be8baa96211f292aef3j.webp 1000w\" sizes=\"auto, (max-width: 300px) 100vw, 300px\" data-no-translation=\"\" \/><img loading=\"lazy\" decoding=\"async\" class=\"alignnone size-medium wp-image-3829\" src=\"https:\/\/www.ecvents.com\/wp-content\/uploads\/2022\/05\/S96b33c9e87b844f28da187cc39456a16f-167x300.webp\" alt=\"\" width=\"167\" height=\"300\" srcset=\"https:\/\/www.ecvents.com\/wp-content\/uploads\/2022\/05\/S96b33c9e87b844f28da187cc39456a16f-167x300.webp 167w, https:\/\/www.ecvents.com\/wp-content\/uploads\/2022\/05\/S96b33c9e87b844f28da187cc39456a16f-500x899.webp 500w, https:\/\/www.ecvents.com\/wp-content\/uploads\/2022\/05\/S96b33c9e87b844f28da187cc39456a16f-569x1024.webp 569w, https:\/\/www.ecvents.com\/wp-content\/uploads\/2022\/05\/S96b33c9e87b844f28da187cc39456a16f-768x1381.webp 768w, https:\/\/www.ecvents.com\/wp-content\/uploads\/2022\/05\/S96b33c9e87b844f28da187cc39456a16f-854x1536.webp 854w, https:\/\/www.ecvents.com\/wp-content\/uploads\/2022\/05\/S96b33c9e87b844f28da187cc39456a16f-600x1079.webp 600w, https:\/\/www.ecvents.com\/wp-content\/uploads\/2022\/05\/S96b33c9e87b844f28da187cc39456a16f.webp 1001w\" sizes=\"auto, (max-width: 167px) 100vw, 167px\" data-no-translation=\"\" \/><\/p>\n<h4>Certificat\uff1a<\/h4>\n<p><img loading=\"lazy\" decoding=\"async\" class=\"alignnone size-medium wp-image-4175\" src=\"https:\/\/www.ecvents.com\/wp-content\/uploads\/2022\/05\/KCvents-VT501-Heat-Recovery-Ventilation-Device-Wall-Mounted-Room-Fresh-Air-Fan-Certificate1-213x300.jpeg\" alt=\"RED Declaration of Conformity certificate for heat recovery ventilator (models VT501, VT501S, VT502, etc.)\" width=\"213\" height=\"300\" srcset=\"https:\/\/www.ecvents.com\/wp-content\/uploads\/2022\/05\/KCvents-VT501-Heat-Recovery-Ventilation-Device-Wall-Mounted-Room-Fresh-Air-Fan-Certificate1-213x300.jpeg 213w, https:\/\/www.ecvents.com\/wp-content\/uploads\/2022\/05\/KCvents-VT501-Heat-Recovery-Ventilation-Device-Wall-Mounted-Room-Fresh-Air-Fan-Certificate1-9x12.jpeg 9w, https:\/\/www.ecvents.com\/wp-content\/uploads\/2022\/05\/KCvents-VT501-Heat-Recovery-Ventilation-Device-Wall-Mounted-Room-Fresh-Air-Fan-Certificate1-500x704.jpeg 500w, https:\/\/www.ecvents.com\/wp-content\/uploads\/2022\/05\/KCvents-VT501-Heat-Recovery-Ventilation-Device-Wall-Mounted-Room-Fresh-Air-Fan-Certificate1.jpeg 599w\" sizes=\"auto, (max-width: 213px) 100vw, 213px\" data-no-translation=\"\" \/> <img loading=\"lazy\" decoding=\"async\" class=\"alignnone size-medium wp-image-4176\" src=\"https:\/\/www.ecvents.com\/wp-content\/uploads\/2022\/05\/KCvents-VT501-Heat-Recovery-Ventilation-Device-Wall-Mounted-Room-Fresh-Air-Fan-Certificate2-218x300.jpeg\" alt=\"CE Certificate of Conformity for heat recovery ventilator (models VT501-WF, VT150, etc.)\" width=\"218\" height=\"300\" srcset=\"https:\/\/www.ecvents.com\/wp-content\/uploads\/2022\/05\/KCvents-VT501-Heat-Recovery-Ventilation-Device-Wall-Mounted-Room-Fresh-Air-Fan-Certificate2-218x300.jpeg 218w, https:\/\/www.ecvents.com\/wp-content\/uploads\/2022\/05\/KCvents-VT501-Heat-Recovery-Ventilation-Device-Wall-Mounted-Room-Fresh-Air-Fan-Certificate2-9x12.jpeg 9w, https:\/\/www.ecvents.com\/wp-content\/uploads\/2022\/05\/KCvents-VT501-Heat-Recovery-Ventilation-Device-Wall-Mounted-Room-Fresh-Air-Fan-Certificate2-500x688.jpeg 500w, https:\/\/www.ecvents.com\/wp-content\/uploads\/2022\/05\/KCvents-VT501-Heat-Recovery-Ventilation-Device-Wall-Mounted-Room-Fresh-Air-Fan-Certificate2.jpeg 595w\" sizes=\"auto, (max-width: 218px) 100vw, 218px\" data-no-translation=\"\" \/><\/p>\n<p>&nbsp;<\/p>\n<\/div>\n<\/div>\n<\/div>\n<\/div>\n<\/div>\n<\/div>\n<\/div>","protected":false},"excerpt":{"rendered":"<p><strong>Am\u00e9liorez votre pi\u00e8ce \u00e0 un \u00e9cosyst\u00e8me d'air frais.<\/strong><br \/>\nLa s\u00e9rie VT501 \u00e9change en permanence de l'air int\u00e9rieur p\u00e9rim\u00e9 avec de l'air ext\u00e9rieur frais sans perdre de chaleur. Choisissez entre le\u00a0<strong>T\u00e9l\u00e9commande standard<\/strong>\u00a0mod\u00e8le ou le\u00a0<strong>Wi-Fi intelligent<\/strong>\u00a0mod\u00e8le adapt\u00e9 \u00e0 vos besoins.<\/p>\n<ul>\n<li><strong>90% R\u00e9cup\u00e9ration de chaleur :<\/strong>\u00a0Le noyau en c\u00e9ramique \u00e9conomise de l'\u00e9nergie, vous gardant au chaud en hiver.<\/li>\n<li><strong>Options de contr\u00f4le intelligent\u00a0:<\/strong>\n<ul>\n<li><em>Mod\u00e8le WiFi :<\/em>\u00a0Contr\u00f4le de l'application Tuya, surveillance et automatisation du CO\u2082.<\/li>\n<li><em>Mod\u00e8le distant\u00a0:<\/em>\u00a0T\u00e9l\u00e9commande IR facile \u00e0 utiliser incluse.<\/li>\n<\/ul>\n<\/li>\n<li><strong>Double filtration :<\/strong>\u00a0Les filtres HEPA + carbone bloquent le pollen, la poussi\u00e8re et les odeurs ext\u00e9rieures.<\/li>\n<li><strong>Chuchoter silencieux\u00a0:<\/strong>\u00a0Le moteur \u00e0 courant continu sans balais fonctionne sous\u00a0<strong>30dB<\/strong>\u00a0pour un sommeil non perturb\u00e9.<\/li>\n<li><strong>Installation facile de bricolage\u00a0:<\/strong>\u00a0Aucun travail de conduit n'est n\u00e9cessaire, juste un seul trou \u00e0 travers le mur.<\/li>\n<\/ul>\n<p><a class=\"button button_right button_size_2\" title=\"\" href=\"https:\/\/www.kcvents.com\/wp-content\/uploads\/2025\/07\/VT501.pdf\" target=\"_blank\" rel=\"noopener\"><span class=\"button_label\">catalogue<\/span><\/a><\/p>","protected":false},"featured_media":781,"comment_status":"open","ping_status":"closed","template":"","meta":{"_acf_changed":false},"product_brand":[],"product_cat":[25],"product_tag":[],"class_list":{"0":"post-669","1":"product","2":"type-product","3":"status-publish","4":"has-post-thumbnail","6":"product_cat-single-room-hrv","7":"pa_control-mode-remote-control","8":"pa_control-mode-wifi-control","10":"first","11":"instock","12":"sale","13":"taxable","14":"shipping-taxable","15":"purchasable","16":"product-type-variable","17":"has-default-attributes"},"acf":[],"_links":{"self":[{"href":"https:\/\/www.ecvents.com\/fr\/wp-json\/wp\/v2\/product\/669","targetHints":{"allow":["GET"]}}],"collection":[{"href":"https:\/\/www.ecvents.com\/fr\/wp-json\/wp\/v2\/product"}],"about":[{"href":"https:\/\/www.ecvents.com\/fr\/wp-json\/wp\/v2\/types\/product"}],"replies":[{"embeddable":true,"href":"https:\/\/www.ecvents.com\/fr\/wp-json\/wp\/v2\/comments?post=669"}],"wp:featuredmedia":[{"embeddable":true,"href":"https:\/\/www.ecvents.com\/fr\/wp-json\/wp\/v2\/media\/781"}],"wp:attachment":[{"href":"https:\/\/www.ecvents.com\/fr\/wp-json\/wp\/v2\/media?parent=669"}],"wp:term":[{"taxonomy":"product_brand","embeddable":true,"href":"https:\/\/www.ecvents.com\/fr\/wp-json\/wp\/v2\/product_brand?post=669"},{"taxonomy":"product_cat","embeddable":true,"href":"https:\/\/www.ecvents.com\/fr\/wp-json\/wp\/v2\/product_cat?post=669"},{"taxonomy":"product_tag","embeddable":true,"href":"https:\/\/www.ecvents.com\/fr\/wp-json\/wp\/v2\/product_tag?post=669"}],"curies":[{"name":"WP","href":"https:\/\/api.w.org\/{rel}","templated":true}]}}