{"id":972,"date":"2025-08-21T07:59:38","date_gmt":"2025-08-21T07:59:38","guid":{"rendered":"https:\/\/ecvents.com\/?post_type=product&#038;p=972"},"modified":"2025-10-29T02:10:43","modified_gmt":"2025-10-29T07:10:43","slug":"ventilateur-dechappement-de-lobturateur","status":"publish","type":"product","link":"https:\/\/www.ecvents.com\/fr\/product\/ventilateur-dechappement-de-lobturateur\/","title":{"rendered":"Ventilateur d'\u00e9chappement de l'obturateur"},"content":{"rendered":"<div class=\"column mcb-column mcb-item-ef2dc8aa4 one laptop-one tablet-one mobile-one column_column vb-item\">\n<div class=\"mcb-column-inner mfn-module-wrapper mcb-column-inner-ef2dc8aa4 mcb-item-column-inner\">\n<div class=\"column_attr mfn-inline-editor clearfix\">\n<div class=\"mcb-wrap-background-overlay\">Tableau des param\u00e8tres\u00a0:<\/div>\n<div class=\"column mcb-column mcb-item-ef2dc8aa4 one laptop-one tablet-one mobile-one column_column vb-item\">\n<div class=\"mcb-column-inner mfn-module-wrapper mcb-column-inner-ef2dc8aa4 mcb-item-column-inner\">\n<div class=\"column_attr mfn-inline-editor clearfix\">\n<table class=\"w-fit min-w-(--thread-content-width)\" data-start=\"254\" data-end=\"2568\">\n<thead data-start=\"254\" data-end=\"431\">\n<tr data-start=\"254\" data-end=\"431\">\n<th data-start=\"254\" data-end=\"278\" data-col-size=\"sm\"><strong data-start=\"256\" data-end=\"273\">sp\u00e9cification<\/strong><\/th>\n<th data-start=\"278\" data-end=\"431\" data-col-size=\"md\"><strong data-start=\"280\" data-end=\"291\">d\u00e9tails<\/strong><\/th>\n<\/tr>\n<\/thead>\n<tbody data-start=\"610\" data-end=\"2568\">\n<tr data-start=\"610\" data-end=\"787\">\n<td data-start=\"610\" data-end=\"634\" data-col-size=\"sm\"><strong data-start=\"612\" data-end=\"624\">taille de l'\u00e9vent<\/strong><\/td>\n<td data-col-size=\"md\" data-start=\"634\" data-end=\"787\">16 pouces (40,6 cm)<\/td>\n<\/tr>\n<tr data-start=\"788\" data-end=\"965\">\n<td data-start=\"788\" data-end=\"812\" data-col-size=\"sm\"><strong data-start=\"790\" data-end=\"812\">Dimensions globales<\/strong><\/td>\n<td data-start=\"812\" data-end=\"965\" data-col-size=\"md\">19,09\u2033 \u00d7 19,09\u2033 \u00d7 7,72\u2033 (48,5 \u00d7 48,5 \u00d7 19,6 cm)<\/td>\n<\/tr>\n<tr data-start=\"966\" data-end=\"1144\">\n<td data-start=\"966\" data-end=\"990\" data-col-size=\"sm\"><strong data-start=\"968\" data-end=\"990\">Taille du trou de montage<\/strong><\/td>\n<td data-start=\"990\" data-end=\"1144\" data-col-size=\"md\">Environ 16,92\u2033 \u00d7 16,92\u2033 (43 \u00d7 43 cm)<\/td>\n<\/tr>\n<tr data-start=\"1145\" data-end=\"1322\">\n<td data-start=\"1145\" data-end=\"1169\" data-col-size=\"sm\"><strong data-start=\"1147\" data-end=\"1167\">Capacit\u00e9 de circulation d'air<\/strong><\/td>\n<td data-start=\"1169\" data-end=\"1322\" data-col-size=\"md\">2\u00a0560\u00a0cfm (ventilation \u00e0 haut rendement)<\/td>\n<\/tr>\n<tr data-start=\"1323\" data-end=\"1501\">\n<td data-start=\"1323\" data-end=\"1347\" data-col-size=\"sm\"><strong data-start=\"1325\" data-end=\"1344\">pression statique<\/strong><\/td>\n<td data-col-size=\"md\" data-start=\"1347\" data-end=\"1501\">25,9 mm-H\u2082O (environ 96 Pa)<\/td>\n<\/tr>\n<tr data-start=\"1502\" data-end=\"1678\">\n<td data-start=\"1502\" data-end=\"1526\" data-col-size=\"sm\"><strong data-start=\"1504\" data-end=\"1519\">niveau sonore<\/strong><\/td>\n<td data-start=\"1526\" data-end=\"1678\" data-col-size=\"md\">G\u00e9n\u00e9ralement 70 dBA (varie entre 67 et 70 dBA entre les sources)<\/td>\n<\/tr>\n<tr data-start=\"1679\" data-end=\"1856\">\n<td data-start=\"1679\" data-end=\"1703\" data-col-size=\"sm\"><strong data-start=\"1681\" data-end=\"1700\">Conduire et contr\u00f4ler<\/strong><\/td>\n<td data-start=\"1703\" data-end=\"1856\" data-col-size=\"md\">Modulation intelligente PWM, 10 vitesses (certains mod\u00e8les \u00e0 8 vitesses), avec fonction de m\u00e9moire<\/td>\n<\/tr>\n<tr data-start=\"1857\" data-end=\"2034\">\n<td data-start=\"1857\" data-end=\"1881\" data-col-size=\"sm\"><strong data-start=\"1859\" data-end=\"1873\">type de moteur<\/strong><\/td>\n<td data-start=\"1881\" data-end=\"2034\" data-col-size=\"md\">Moteur \u00e9co\u00e9nerg\u00e9tique EC (commut\u00e9 \u00e9lectroniquement), faible bruit, rendement \u00e9lev\u00e9<\/td>\n<\/tr>\n<tr data-start=\"2035\" data-end=\"2212\">\n<td data-start=\"2035\" data-end=\"2059\" data-col-size=\"sm\"><strong data-start=\"2037\" data-end=\"2056\">Puissance \/ Courant<\/strong><\/td>\n<td data-start=\"2059\" data-end=\"2212\" data-col-size=\"md\">100 W \/ 1,5 A (100\u2013240 V CA, 50\/60 Hz)<\/td>\n<\/tr>\n<tr data-start=\"2213\" data-end=\"2390\">\n<td data-start=\"2213\" data-end=\"2238\" data-col-size=\"sm\"><strong data-start=\"2215\" data-end=\"2238\">Roulements et dur\u00e9e de vie<\/strong><\/td>\n<td data-start=\"2238\" data-end=\"2390\" data-col-size=\"md\">Double roulement \u00e0 billes, dur\u00e9e de vie L10 de 67\u00a0000\u00a0heures<\/td>\n<\/tr>\n<tr data-start=\"2391\" data-end=\"2568\">\n<td data-start=\"2391\" data-end=\"2415\" data-col-size=\"sm\"><strong data-start=\"2393\" data-end=\"2415\">Protection contre les entr\u00e9es<\/strong><\/td>\n<td data-start=\"2415\" data-end=\"2568\" data-col-size=\"md\">IP-44, class\u00e9s, r\u00e9sistants \u00e0 la poussi\u00e8re et \u00e0 l'eau; conception structurelle r\u00e9sistante \u00e0 la corrosion<\/td>\n<\/tr>\n<\/tbody>\n<\/table>\n<\/div>\n<\/div>\n<\/div>\n<\/div>\n<\/div>\n<\/div>\n<div class=\"column mcb-column mcb-item-95b6ace20 one laptop-one tablet-one mobile-one column_column vb-item\">\n<div class=\"mcb-column-inner mfn-module-wrapper mcb-column-inner-95b6ace20 mcb-item-column-inner\">\n<div class=\"column_attr mfn-inline-editor clearfix\">\n<div class=\"button_align align_center\"><a class=\"button button_right button_size_2\" title=\"\" href=\"mailto:info@kcvents.com\" target=\"_blank\" rel=\"noopener\"><i class=\"icon-direction\" aria-hidden=\"true\"><\/i><span class=\"button_label\">\u8be2\u95ee<\/span><\/a><\/div>\n<\/div>\n<\/div>\n<\/div>","protected":false},"excerpt":{"rendered":"<h2>Ventilateur d'\u00e9chappement de l'obturateur<\/h2>\n<hr \/>\n<ol>\n<li>Ventilateur d'\u00e9chappement de volet 16 pouces avec contr\u00f4leur \u00e0 10 vitesses, moteur EC - ventilation murale et refroidissement pour cabanons, greniers, ateliers et serre.<\/li>\n<li>Ventilation efficace : la conception du ventilateur \u00e0 obturateur \u00e0 haut d\u00e9bit \u00e9limine rapidement la chaleur, l'humidit\u00e9 et les odeurs gr\u00e2ce au d\u00e9bit d'air de 2\u00a0560\u00a0cm3.<\/li>\n<li>Construction en m\u00e9tal durable : les volets en acier r\u00e9sistant \u00e0 la corrosion et les lames en aluminium assurent la long\u00e9vit\u00e9.<\/li>\n<li>Fonctionnement fluide et silencieux : le moteur EC avec PWM offre des performances silencieuses (~70 dBA).<\/li>\n<li>\u00c9conomie d'\u00e9nergie et smart-ready : moteur EC + PWM pour plus d'efficacit\u00e9; compatible UIS-Plateforme pour une int\u00e9gration intelligente.<\/li>\n<li>Pr\u00e9cise et polyvalente : contr\u00f4leur manuel \u00e0 10 vitesses avec m\u00e9moire pour environnements sur mesure.<\/li>\n<li>Conception de qualit\u00e9 commerciale : IP-44, roulements \u00e0 double billes, dur\u00e9e de vie de 67 000 heures pour des applications exigeantes.<\/li>\n<\/ol>\n<p><a class=\"button button_right button_size_2\" title=\"\" href=\"mailto:info@kcvents.com\" target=\"_blank\" rel=\"noopener\"><i class=\"icon-direction\" aria-hidden=\"true\"><\/i><span class=\"button_label\">observation<\/span><\/a>\u00a0 \u00a0 <a class=\"button button_right button_size_2\" title=\"\" href=\"https:\/\/www.kcvents.com\/portfolio-item\/ec-motor-shutter-exhaust-fan\" target=\"_blank\" rel=\"noopener\"><i class=\"icon-acrobat\" aria-hidden=\"true\"><\/i><span class=\"button_label\">catalogue<\/span><\/a><\/p>","protected":false},"featured_media":976,"comment_status":"open","ping_status":"closed","template":"","meta":{"_acf_changed":false},"product_brand":[],"product_cat":[28],"product_tag":[],"class_list":{"0":"post-972","1":"product","2":"type-product","3":"status-publish","4":"has-post-thumbnail","6":"product_cat-exhaust-fan","8":"first","9":"instock","10":"taxable","11":"shipping-taxable","12":"purchasable","13":"product-type-simple"},"acf":[],"_links":{"self":[{"href":"https:\/\/www.ecvents.com\/fr\/wp-json\/wp\/v2\/product\/972","targetHints":{"allow":["GET"]}}],"collection":[{"href":"https:\/\/www.ecvents.com\/fr\/wp-json\/wp\/v2\/product"}],"about":[{"href":"https:\/\/www.ecvents.com\/fr\/wp-json\/wp\/v2\/types\/product"}],"replies":[{"embeddable":true,"href":"https:\/\/www.ecvents.com\/fr\/wp-json\/wp\/v2\/comments?post=972"}],"wp:featuredmedia":[{"embeddable":true,"href":"https:\/\/www.ecvents.com\/fr\/wp-json\/wp\/v2\/media\/976"}],"wp:attachment":[{"href":"https:\/\/www.ecvents.com\/fr\/wp-json\/wp\/v2\/media?parent=972"}],"wp:term":[{"taxonomy":"product_brand","embeddable":true,"href":"https:\/\/www.ecvents.com\/fr\/wp-json\/wp\/v2\/product_brand?post=972"},{"taxonomy":"product_cat","embeddable":true,"href":"https:\/\/www.ecvents.com\/fr\/wp-json\/wp\/v2\/product_cat?post=972"},{"taxonomy":"product_tag","embeddable":true,"href":"https:\/\/www.ecvents.com\/fr\/wp-json\/wp\/v2\/product_tag?post=972"}],"curies":[{"name":"WP","href":"https:\/\/api.w.org\/{rel}","templated":true}]}}