{"id":239,"date":"2022-05-04T14:09:56","date_gmt":"2022-05-04T14:09:56","guid":{"rendered":"https:\/\/startersites.io\/blocksy\/gadgets\/?post_type=product&#038;p=239"},"modified":"2026-02-06T04:52:51","modified_gmt":"2026-02-06T09:52:51","slug":"ventilatore-ec-in-linea-con-termoigrometrico","status":"publish","type":"product","link":"https:\/\/www.ecvents.com\/it\/product\/ventilatore-ec-in-linea-con-termoigrometrico\/","title":{"rendered":"Ventola in linea EC con velocit\u00e0 continua"},"content":{"rendered":"<div class=\"column mcb-column mcb-item-fb0f6563c one laptop-one tablet-one mobile-one column_video vb-item\">\n<div class=\"mcb-column-inner mfn-module-wrapper mcb-column-inner-fb0f6563c mcb-item-video-inner\">\n<div class=\"content_video iframe auto-wh\"><div class=\"lyte-wrapper\" style=\"width:560px;max-width:100%;margin:5px auto;\"><div class=\"lyMe qsa_\\&amp;enablejsapi\\=1\\&amp;origin\\=https:\/\/www.ecvents.com\" id=\"WYL_yY-lsTz0Fk4\"><div id=\"lyte_yY-lsTz0Fk4\" data-src=\"https:\/\/www.ecvents.com\/wp-content\/plugins\/wp-youtube-lyte\/lyteCache.php?origThumbUrl=%2F%2Fi.ytimg.com%2Fvi%2FyY-lsTz0Fk4%2Fhqdefault.jpg\" class=\"pL\"><div class=\"tC\"><div class=\"tT\"><\/div><\/div><div class=\"play\"><\/div><div class=\"ctrl\"><div class=\"Lctrl\"><\/div><div class=\"Rctrl\"><\/div><\/div><\/div><noscript><a href=\"https:\/\/youtu.be\/yY-lsTz0Fk4\" rel=\"nofollow noopener\" target=\"_blank\"><img loading=\"lazy\" decoding=\"async\" src=\"https:\/\/www.ecvents.com\/wp-content\/plugins\/wp-youtube-lyte\/lyteCache.php?origThumbUrl=https%3A%2F%2Fi.ytimg.com%2Fvi%2FyY-lsTz0Fk4%2F0.jpg\" alt=\"YouTube video thumbnail\" width=\"560\" height=\"295\" data-no-translation=\"\" \/><br \/>video di guarda questo su youtube<\/a><\/noscript><\/div><\/div><div class=\"lL\" style=\"max-width:100%;width:560px;margin:5px auto;\"><\/div><\/div>\n<\/div>\n<\/div>\n<div class=\"column mcb-column mcb-item-pdyqd734b one laptop-one tablet-one mobile-one column_column vb-item\">\n<div class=\"mcb-column-inner mfn-module-wrapper mcb-column-inner-pdyqd734b mcb-item-column-inner\">\n<div class=\"column_attr mfn-inline-editor clearfix\">\n<p>\uff08Terminale mobile: fai scorrere il foglio a destra per vedere di pi\u00f9\uff09<\/p>\n<div class=\"mcb-wrap-background-overlay\"><\/div>\n<div class=\"column mcb-column mcb-item-1f437567e one laptop-one tablet-one mobile-one column_video vb-item\">\n<div class=\"mcb-column-inner mfn-module-wrapper mcb-column-inner-1f437567e mcb-item-video-inner\">\n<div class=\"content_video iframe auto-wh\"><div class=\"lyte-wrapper\" style=\"width:560px;max-width:100%;margin:5px auto;\"><div class=\"lyMe qsa_\\&amp;enablejsapi\\=1\\&amp;origin\\=https:\/\/www.ecvents.com\" id=\"WYL_yY-lsTz0Fk4\"><div id=\"lyte_yY-lsTz0Fk4\" data-src=\"https:\/\/www.ecvents.com\/wp-content\/plugins\/wp-youtube-lyte\/lyteCache.php?origThumbUrl=%2F%2Fi.ytimg.com%2Fvi%2FyY-lsTz0Fk4%2Fhqdefault.jpg\" class=\"pL\"><div class=\"tC\"><div class=\"tT\"><\/div><\/div><div class=\"play\"><\/div><div class=\"ctrl\"><div class=\"Lctrl\"><\/div><div class=\"Rctrl\"><\/div><\/div><\/div><noscript><a href=\"https:\/\/youtu.be\/yY-lsTz0Fk4\" rel=\"nofollow noopener\" target=\"_blank\"><img loading=\"lazy\" decoding=\"async\" src=\"https:\/\/www.ecvents.com\/wp-content\/plugins\/wp-youtube-lyte\/lyteCache.php?origThumbUrl=https%3A%2F%2Fi.ytimg.com%2Fvi%2FyY-lsTz0Fk4%2F0.jpg\" alt=\"YouTube video thumbnail\" width=\"560\" height=\"295\" data-no-translation=\"\" \/><br \/>video di guarda questo su youtube<\/a><\/noscript><\/div><\/div><div class=\"lL\" style=\"max-width:100%;width:560px;margin:5px auto;\"><\/div><\/div>\n<\/div>\n<\/div>\n<div class=\"column mcb-column mcb-item-dt7roja3r one laptop-one tablet-one mobile-one column_column vb-item\">\n<div class=\"mcb-column-inner mfn-module-wrapper mcb-column-inner-dt7roja3r mcb-item-column-inner\">\n<div class=\"column_attr mfn-inline-editor clearfix\">\n<h4>Tabella del prodotto (pollici):<\/h4>\n<table>\n<thead>\n<tr>\n<th>modello<\/th>\n<th>Dimensioni (pollici)<\/th>\n<th>diametro<\/th>\n<th>\u00a0tensione<\/th>\n<th>Potenza (W)<\/th>\n<th>Velocit\u00e0 (rpm)<\/th>\n<th>Flusso d'aria (CFM)<\/th>\n<th>Rumore (dB)<\/th>\n<th>Lunghezza cavo di alimentazione<\/th>\n<th>Lunghezza del filo del ventilatore al controller<\/th>\n<\/tr>\n<\/thead>\n<tbody>\n<tr>\n<td>KC100 \u2013 m<\/td>\n<td>11.93*<em>7.95*<\/em>7.48<\/td>\n<td>4<\/td>\n<td>AC110 \u2013 240V 50\/60Hz<\/td>\n<td>30<\/td>\n<td>2700<\/td>\n<td>205<\/td>\n<td>28<\/td>\n<td>59.06<\/td>\n<td>98.43<\/td>\n<\/tr>\n<tr>\n<td>KC150 \u2013 m<\/td>\n<td>12.40*<em>8.89*<\/em>8.28<\/td>\n<td>6<\/td>\n<td>AC110 \u2013 240V 50\/60Hz<\/td>\n<td>50<\/td>\n<td>2500<\/td>\n<td>350<\/td>\n<td>32<\/td>\n<td>59.06<\/td>\n<td>98.43<\/td>\n<\/tr>\n<tr>\n<td>KC200 \u2013 m<\/td>\n<td>12.99*<em>9.92*<\/em>9.25<\/td>\n<td>8<\/td>\n<td>AC110 \u2013 240V 50\/60Hz<\/td>\n<td>70<\/td>\n<td>2300<\/td>\n<td>500<\/td>\n<td>40<\/td>\n<td>59.06<\/td>\n<td>98.43<\/td>\n<\/tr>\n<\/tbody>\n<\/table>\n<\/div>\n<\/div>\n<\/div>\n<h4>Curve:<\/h4>\n<p><img loading=\"lazy\" decoding=\"async\" class=\"alignnone size-full wp-image-2391\" src=\"https:\/\/www.kcvents.com\/wp-content\/uploads\/2025\/07\/%E6%9B%B2%E7%BA%BF%E5%9B%BEKC-A-M.jpg\" alt=\"\" width=\"1500\" height=\"770\" data-no-translation=\"\" \/><\/p>\n<h4>Altri colori: giallo e verde<\/h4>\n<p><img decoding=\"async\" class=\"scale-with-grid\" src=\"https:\/\/www.kcvents.com\/wp-content\/uploads\/2021\/10\/ECcolor.jpg\" alt=\"\" data-no-translation=\"\" \/><\/p>\n<p><img decoding=\"async\" class=\"scale-with-grid\" src=\"https:\/\/www.kcvents.com\/wp-content\/uploads\/2021\/12\/Duct-Fan-With-Controller_01.jpg\" alt=\"Duct-Fan-With-Controller\" data-no-translation=\"\" \/><br \/>\n<img decoding=\"async\" class=\"scale-with-grid\" src=\"https:\/\/www.kcvents.com\/wp-content\/uploads\/2021\/12\/Duct-Fan-With-Controller_02.jpg\" alt=\"Duct-Fan-With-Controller\" data-no-translation=\"\" \/><br \/>\n<img decoding=\"async\" class=\"scale-with-grid\" src=\"https:\/\/www.kcvents.com\/wp-content\/uploads\/2021\/12\/Duct-Fan-With-Controller_03.jpg\" alt=\"Duct-Fan-With-Controller\" data-no-translation=\"\" \/><\/p>\n<\/div>\n<\/div>\n<\/div>\n<div class=\"column mcb-column mcb-item-8eobft5hg one laptop-one tablet-one mobile-one column_button vb-item\">\n<div class=\"mcb-column-inner mfn-module-wrapper mcb-column-inner-8eobft5hg mcb-item-button-inner\">\n<div class=\"button_align align_center\"><a class=\"button button_right button_size_2\" title=\"\" href=\"mailto:info@kcvents.com\"><i class=\"icon-direction\" aria-hidden=\"true\"><\/i><span class=\"button_label\">domanda<\/span><\/a><\/div>\n<\/div>\n<\/div>","protected":false},"excerpt":{"rendered":"<ol>\n<li>Il design a flusso misto combinato con un motore DC o EC controllato da PWM consente prestazioni davvero silenziose ed efficienti dal punto di vista energetico con una regolazione continua della velocit\u00e0.<\/li>\n<li>Display intuitivo con velocit\u00e0 della ventola, regolazione della temperatura e dell'umidit\u00e0. Controllo intelligente con timer e sistema di allarme. I sensori di temperatura e umidit\u00e0 integrati consentono la regolazione automatica della velocit\u00e0 in base alle condizioni ambientali.<\/li>\n<li>Pu\u00f2 essere utilizzato in una variet\u00e0 di ambienti come la ventilazione idroponica della stanza di coltivazione, il riscaldamento\/raffreddamento a trasferimento, gli armadi AV di raffreddamento e l'estrazione degli odori.<\/li>\n<li>Il kit include una sonda per sensore cablata, una spina di alimentazione CA, due fascette per tubi e l'hardware di montaggio richiesto.<\/li>\n<\/ol>\n<p><a class=\"button button_right button_size_2\" title=\"\" href=\"mailto:info@kcvents.com\" target=\"_blank\" rel=\"noopener\"><i class=\"icon-direction\" aria-hidden=\"true\"><\/i><span class=\"button_label\">domanda<\/span><\/a>\u00a0<a class=\"button button_right button_size_2\" title=\"\" href=\"https:\/\/www.kcvents.com\/wp-content\/uploads\/2021\/12\/EC-inline-duct-fan.pdf\" target=\"_blank\" rel=\"noopener\"><i class=\"icon-acrobat\" aria-hidden=\"true\"><\/i><span class=\"button_label\">catalogo<\/span><\/a><\/p>","protected":false},"featured_media":962,"comment_status":"open","ping_status":"closed","template":"","meta":{"_acf_changed":false},"product_brand":[],"product_cat":[27],"product_tag":[],"class_list":{"0":"post-239","1":"product","2":"type-product","3":"status-publish","4":"has-post-thumbnail","6":"product_cat-inline-duct-fan","8":"first","9":"instock","10":"taxable","11":"shipping-taxable","12":"purchasable","13":"product-type-variable"},"acf":[],"_links":{"self":[{"href":"https:\/\/www.ecvents.com\/it\/wp-json\/wp\/v2\/product\/239","targetHints":{"allow":["GET"]}}],"collection":[{"href":"https:\/\/www.ecvents.com\/it\/wp-json\/wp\/v2\/product"}],"about":[{"href":"https:\/\/www.ecvents.com\/it\/wp-json\/wp\/v2\/types\/product"}],"replies":[{"embeddable":true,"href":"https:\/\/www.ecvents.com\/it\/wp-json\/wp\/v2\/comments?post=239"}],"wp:featuredmedia":[{"embeddable":true,"href":"https:\/\/www.ecvents.com\/it\/wp-json\/wp\/v2\/media\/962"}],"wp:attachment":[{"href":"https:\/\/www.ecvents.com\/it\/wp-json\/wp\/v2\/media?parent=239"}],"wp:term":[{"taxonomy":"product_brand","embeddable":true,"href":"https:\/\/www.ecvents.com\/it\/wp-json\/wp\/v2\/product_brand?post=239"},{"taxonomy":"product_cat","embeddable":true,"href":"https:\/\/www.ecvents.com\/it\/wp-json\/wp\/v2\/product_cat?post=239"},{"taxonomy":"product_tag","embeddable":true,"href":"https:\/\/www.ecvents.com\/it\/wp-json\/wp\/v2\/product_tag?post=239"}],"curies":[{"name":"WP","href":"https:\/\/api.w.org\/{rel}","templated":true}]}}