{"id":4600,"date":"2026-03-19T06:01:12","date_gmt":"2026-03-19T11:01:12","guid":{"rendered":"https:\/\/www.ecvents.com\/?post_type=product&#038;p=4600"},"modified":"2026-03-19T06:02:35","modified_gmt":"2026-03-19T11:02:35","slug":"deumidificatore-a-soffitto","status":"publish","type":"product","link":"https:\/\/www.ecvents.com\/it\/product\/deumidificatore-a-soffitto\/","title":{"rendered":"deumidificatore a soffitto"},"content":{"rendered":"<div class=\"someee\">\n<h2><strong>Equilibrio tranquillo. Comfort asciutto. Progettato per prestazioni nascoste.<\/strong><\/h2>\n<p>la\u00a0<strong>deumidificatore a soffitto<\/strong>\u00a0Porta il controllo invisibile al comfort interno. Montato discretamente sopra la testa, mantiene l'umidit\u00e0 sotto controllo, estraendo silenziosamente l'umidit\u00e0 in modo che ogni stanza sia pi\u00f9 leggera, fresca e pi\u00f9 facile da respirare. Nessuna intrusione, nessun disordine, solo un costante senso di aria calma che si muove tranquillamente sopra di te.<\/p>\n<p>la sua\u00a0<strong>Compressore rotativo compatto<\/strong>\u00a0Coppie con un sistema di flusso d'aria di precisione per fornire una deumidificazione stabile ed energeticamente intelligente. I condotti ottimizzati per il rumore e un gruppo ventilatore bilanciato riducono le vibrazioni, consentendo un funzionamento continuo con un minimo ingombro acustico. Dietro il suo comportamento silenzioso si cela un potere affidabile progettato per anni di servizio.<\/p>\n<p>L'unit\u00e0\u00a0<strong>Corpo in acciaio zincato<\/strong>\u00a0Doppio rivestimento per resistenza alla corrosione, mantenendo nel tempo l'integrit\u00e0 strutturale e una finitura pulita. dentro,\u00a0<strong>Tubi in rame e alette in alluminio<\/strong>\u00a0Gestire lo scambio di calore con efficienza e longevit\u00e0. un'\u00a0<strong>Camera a doppia ventilazione<\/strong>\u00a0Promuove il ciclo naturale dell'aria, sostituendo il ristagno umido con un flusso pulito e traspirante in tutto lo spazio.<\/p>\n<p>L'interazione \u00e8 intuitiva. la\u00a0<strong>Controllo touch-screen a 86 scatole<\/strong>\u00a0Regola le modalit\u00e0 istantaneamente mentre i sensori integrati monitorano i livelli di umidit\u00e0, temperatura, CO\u2082 e PM2.5: precisione automatica che non devi mai controllare.<\/p>\n<\/div>\n<hr \/>\n<p>Prestazioni:<\/p>\n<div class=\"scroll-table-wrapper\">\n<div class=\"scroll-table\">\n<table id=\"tablepress-62\" class=\"tablepress tablepress-id-62\">\n<thead>\n<tr class=\"row-1\">\n\t<th class=\"column-1\">modello<\/th><th class=\"column-2\">250 gxd<\/th><th class=\"column-3\">350 gxd<\/th><th class=\"column-4\">500 gxD<\/th><th class=\"column-5\">800 gxd<\/th>\n<\/tr>\n<\/thead>\n<tbody class=\"row-striping row-hover\">\n<tr class=\"row-2\">\n\t<td class=\"column-1\">tensione (V)<\/td><td class=\"column-2\">220<\/td><td class=\"column-3\">220<\/td><td class=\"column-4\">220<\/td><td class=\"column-5\">220<\/td>\n<\/tr>\n<tr class=\"row-3\">\n\t<td class=\"column-1\">Volume aria (m\u00b3\/h)<\/td><td class=\"column-2\">250<\/td><td class=\"column-3\">350<\/td><td class=\"column-4\">500<\/td><td class=\"column-5\">800<\/td>\n<\/tr>\n<tr class=\"row-4\">\n\t<td class=\"column-1\">Flusso d'aria(m\u00b3\/h)<\/td><td class=\"column-2\">0~120<\/td><td class=\"column-3\">0~160<\/td><td class=\"column-4\">0~220<\/td><td class=\"column-5\">0~380<\/td>\n<\/tr>\n<tr class=\"row-5\">\n\t<td class=\"column-1\">Capacit\u00e0 di deumidificazione (L\/giorno)<\/td><td class=\"column-2\">32<\/td><td class=\"column-3\">58<\/td><td class=\"column-4\">70<\/td><td class=\"column-5\">120<\/td>\n<\/tr>\n<tr class=\"row-6\">\n\t<td class=\"column-1\">Potenza(W)<\/td><td class=\"column-2\">580<\/td><td class=\"column-3\">720<\/td><td class=\"column-4\">850<\/td><td class=\"column-5\">1000<\/td>\n<\/tr>\n<tr class=\"row-7\">\n\t<td class=\"column-1\">Pressione statica esterna (PA)<\/td><td class=\"column-2\">80<\/td><td class=\"column-3\">90<\/td><td class=\"column-4\">100<\/td><td class=\"column-5\">120<\/td>\n<\/tr>\n<tr class=\"row-8\">\n\t<td class=\"column-1\">Rumore (dB)<\/td><td class=\"column-2\">38<\/td><td class=\"column-3\">40<\/td><td class=\"column-4\">45<\/td><td class=\"column-5\">65<\/td>\n<\/tr>\n<tr class=\"row-9\">\n\t<td class=\"column-1\">Peso (kg)<\/td><td class=\"column-2\">48<\/td><td class=\"column-3\">55<\/td><td class=\"column-4\">68<\/td><td class=\"column-5\">62<\/td>\n<\/tr>\n<tr class=\"row-10\">\n\t<td class=\"column-1\">Modalit\u00e0 di sbrinamento<\/td><td class=\"column-2\">automobile<\/td><td class=\"column-3\">automobile<\/td><td class=\"column-4\">automobile<\/td><td class=\"column-5\">automobile<\/td>\n<\/tr>\n<tr class=\"row-11\">\n\t<td class=\"column-1\">Modalit\u00e0 di controllo<\/td><td class=\"column-2\">86 - Schermo del tasto touch box<\/td><td class=\"column-3\">86 - Schermo del tasto touch box<\/td><td class=\"column-4\">86 - Schermo del tasto touch box<\/td><td class=\"column-5\">86 - Schermo del tasto touch box<\/td>\n<\/tr>\n<tr class=\"row-12\">\n\t<td class=\"column-1\">Modalit\u00e0 drenaggio<\/td><td class=\"column-2\">Drenaggio diretto tramite tubo flessibile<\/td><td class=\"column-3\">Drenaggio diretto tramite tubo flessibile<\/td><td class=\"column-4\">Drenaggio diretto tramite tubo flessibile<\/td><td class=\"column-5\">Drenaggio diretto tramite tubo flessibile<\/td>\n<\/tr>\n<tr class=\"row-13\">\n\t<td class=\"column-1\">Dimensioni uscita aria (mm)<\/td><td class=\"column-2\">0150<\/td><td class=\"column-3\">0150<\/td><td class=\"column-4\">0150<\/td><td class=\"column-5\">0200 (opzionale 0150)<\/td>\n<\/tr>\n<tr class=\"row-14\">\n\t<td class=\"column-1\">Dimensioni (mm)<br \/>\n(lunghezza x larghezza x altezza)<\/td><td class=\"column-2\">1100\u00d7680\u00d7300<\/td><td class=\"column-3\">1100\u00d7680\u00d7300<\/td><td class=\"column-4\">1100\u00d7680\u00d7300<\/td><td class=\"column-5\">1450\u00d71000\u00d7350<\/td>\n<\/tr>\n<\/tbody>\n<\/table>\n<!-- #tablepress-62 from cache --><\/div>\n<\/div>\n<div><\/div>\n<div class=\"woocb\"><a class=\"wocb\" href=\"http:\/\/www.beiaole.com\/wp-content\/uploads\/2025\/09\/d5.1.pdf\" target=\"_blank\" rel=\"noopener\">forma<\/a><\/div>\n<div><\/div>","protected":false},"excerpt":{"rendered":"<ul>\n<li>\n<h2>Potente\u202fDeumidificazione:<\/h2>\n<p>\u202fRimuove\u202f32\u202f\u2013\u202f120\u202fl\u202fdi\u202fMoisture\u202fper\u202fgiorno\u202fassolutamente\u202fflow d'aria\u202frangendo\u202fda\u202f250\u202fa\u202f800\u202fm\u00b3\/h.<\/li>\n<li>\n<h2>Basso\u202frumore\u202foperazione:<\/h2>\n<p>\u202fLivelli acustici\u202fas\u202fbassi\u202fas\u202f38\u202fdB\u202fcreate\u202fan\u202findisturbato\u202fambiente\u202fper\u202fvivente\u202fo\u202fdormire\u202f.<\/li>\n<li>\n<h2>Durevole\u202fCostruzione di metallo\u202f:<\/h2>\n<p>\u202fGalvanizzato\u202fAlloggiamento\u202fHousing\u202fcon\u202fprotettivo\u202fRivestimento\u202fResiste\u202fCorrosione\u202fe\u202fIndossa\u202fin\u202fumidi\u202fcondizioni.<\/li>\n<li>\n<h2>Scambio di calore efficiente:<\/h2>\n<p>\u202fpipi di rame\u202fe\u202falluminio\u202fpinne\u202fmassimizzare\u202ftermo\u202ftrasferimento\u202fe\u202fstabilit\u00e0\u2011lungo termine\u202fstabilit\u00e0.<\/li>\n<li>\n<h2>Sensori intelligenti\u202fambientali:<\/h2>\n<p>\u202fBuilt\u2011In\u202fCo\u2082,\u202fTemperatura,\u202fe\u202fPm2.5\u202fMonitoraggio\u202fper\u202fadattivo\u202fgestione\u202fgestione.<\/li>\n<li>\n<h2>Controllo facile da usare:<\/h2>\n<p>\u202f86\u2011box\u202ftouch\u202finterfaccia\u202fper\u202fmode\u202fselezione\u202fe\u202fsistema\u202ffeedback\u202fat\u202fa\u202fglance.<\/li>\n<li>\n<h2>Flessibile\u202fDrenaggio\u202fe\u202fDefrost:<\/h2>\n<p>\u202fAutomatic\u202fDefrost\u202fe\u202fDirect\u202fDose\u202fDrenaggio\u202f Semplifica\u202fManutenzione.<\/li>\n<li>\n<h2>Compatta\u202fDesign\u202fDesign:<\/h2>\n<p>\u202fultra\u2011sottile\u202fforma\u202ffattore\u202f(300\u2013350\u202fmm\u202faltezza)\u202fintegra\u202fsenza scintillante\u202fin\u202fceiling\u202fmoderni.<\/li>\n<\/ul>\n<hr \/>","protected":false},"featured_media":4631,"comment_status":"open","ping_status":"closed","template":"","meta":{"_acf_changed":false},"product_brand":[],"product_cat":[64],"product_tag":[],"class_list":{"0":"post-4600","1":"product","2":"type-product","3":"status-publish","4":"has-post-thumbnail","6":"product_cat-dehumidifier-series","8":"first","9":"outofstock","10":"taxable","11":"shipping-taxable","12":"purchasable","13":"product-type-variable"},"acf":[],"_links":{"self":[{"href":"https:\/\/www.ecvents.com\/it\/wp-json\/wp\/v2\/product\/4600","targetHints":{"allow":["GET"]}}],"collection":[{"href":"https:\/\/www.ecvents.com\/it\/wp-json\/wp\/v2\/product"}],"about":[{"href":"https:\/\/www.ecvents.com\/it\/wp-json\/wp\/v2\/types\/product"}],"replies":[{"embeddable":true,"href":"https:\/\/www.ecvents.com\/it\/wp-json\/wp\/v2\/comments?post=4600"}],"wp:featuredmedia":[{"embeddable":true,"href":"https:\/\/www.ecvents.com\/it\/wp-json\/wp\/v2\/media\/4631"}],"wp:attachment":[{"href":"https:\/\/www.ecvents.com\/it\/wp-json\/wp\/v2\/media?parent=4600"}],"wp:term":[{"taxonomy":"product_brand","embeddable":true,"href":"https:\/\/www.ecvents.com\/it\/wp-json\/wp\/v2\/product_brand?post=4600"},{"taxonomy":"product_cat","embeddable":true,"href":"https:\/\/www.ecvents.com\/it\/wp-json\/wp\/v2\/product_cat?post=4600"},{"taxonomy":"product_tag","embeddable":true,"href":"https:\/\/www.ecvents.com\/it\/wp-json\/wp\/v2\/product_tag?post=4600"}],"curies":[{"name":"WP","href":"https:\/\/api.w.org\/{rel}","templated":true}]}}