{"id":4604,"date":"2026-03-19T06:01:13","date_gmt":"2026-03-19T11:01:13","guid":{"rendered":"https:\/\/www.ecvents.com\/?post_type=product&#038;p=4604"},"modified":"2026-03-19T06:06:47","modified_gmt":"2026-03-19T11:06:47","slug":"ventilatore-a-scatola-in-linea-a-senso-unico","status":"publish","type":"product","link":"https:\/\/www.ecvents.com\/it\/product\/ventilatore-a-scatola-in-linea-a-senso-unico\/","title":{"rendered":"Ventilatore a scatola in linea a senso unico"},"content":{"rendered":"<div class=\"someee\">\n<h2><strong>Forza tranquilla. Flusso costante. Costruito per sistemi aerei del mondo reale.<\/strong><\/h2>\n<p>la\u00a0<strong>Ventilatore a scatola in linea a senso unico<\/strong>\u00a0\u00c8 progettato per un semplice scopo: ventilazione affidabile che funziona in modo silenzioso ed efficiente, ogni giorno. Alimentato da un motore all-rame durevole, fornisce un flusso d'aria costante mantenendo basso il consumo di energia. I cuscinetti a sfere di precisione e una struttura interna del condotto interno aerodinamico assicurano un funzionamento regolare e silenzioso senza vibrazioni o fatica. \u00c8 il tipo di performance che funziona semplicemente, spostamento dopo turno.<\/p>\n<p>Progettato per la resistenza, il\u00a0<strong>Armadio interamente in metallo<\/strong>\u00a0Resiste alla corrosione, alla deformazione e alla risonanza del rumore. Ogni pannello si sente solido e ben rifinito, costruito per ambienti che si aspettano stabilit\u00e0 a lungo termine ed estetica pulita. La sua raffinata costruzione rende la manutenzione minima e costante l'affidabilit\u00e0.<\/p>\n<p>Costruito per adattarsi, questo ventilatore si integra facilmente in un'ampia gamma di ambienti di ventilazione, dagli appartamenti residenziali ai soffitti degli uffici, ai negozi al dettaglio o alle strutture pubbliche. \u00c8 possibile collegare pi\u00f9 unit\u00e0 per estendere il flusso d'aria attraverso le zone, portando flessibilit\u00e0 scalabile a sistemi d'aria complessi. Nonostante la sua forma compatta, l'aerodinamica interna offre\u00a0<strong>Alta pressione statica<\/strong>\u00a0Per il movimento dell'aria a lunga distanza all'interno di spazi limitati.<\/p>\n<\/div>\n<hr \/>\n<p>Dimensioni (unit\u00e0: mm):<\/p>\n<div class=\"scroll-table-wrapper\">\n<div class=\"scroll-table\">\n<table id=\"tablepress-24\" class=\"tablepress tablepress-id-24\">\n<thead>\n<tr class=\"row-1\">\n\t<th class=\"column-1\">modello<\/th><th class=\"column-2\">L<\/th><th class=\"column-3\">L1<\/th><th class=\"column-4\">w<\/th><th class=\"column-5\">w1<\/th><th class=\"column-6\">H<\/th><th class=\"column-7\">h1<\/th><th class=\"column-8\">C<\/th>\n<\/tr>\n<\/thead>\n<tbody class=\"row-striping row-hover\">\n<tr class=\"row-2\">\n\t<td class=\"column-1\">DPT10-12B<\/td><td class=\"column-2\">462<\/td><td class=\"column-3\">388<\/td><td class=\"column-4\">240<\/td><td class=\"column-5\">180<\/td><td class=\"column-6\">200<\/td><td class=\"column-7\">45<\/td><td class=\"column-8\">\u03c696<\/td>\n<\/tr>\n<tr class=\"row-3\">\n\t<td class=\"column-1\">DPT10-24B<\/td><td class=\"column-2\">462<\/td><td class=\"column-3\">388<\/td><td class=\"column-4\">240<\/td><td class=\"column-5\">180<\/td><td class=\"column-6\">200<\/td><td class=\"column-7\">45<\/td><td class=\"column-8\">\u03c696<\/td>\n<\/tr>\n<tr class=\"row-4\">\n\t<td class=\"column-1\">DPT15-32B<\/td><td class=\"column-2\">488<\/td><td class=\"column-3\">388<\/td><td class=\"column-4\">240<\/td><td class=\"column-5\">186<\/td><td class=\"column-6\">238<\/td><td class=\"column-7\">40<\/td><td class=\"column-8\">\u03c6148<\/td>\n<\/tr>\n<tr class=\"row-5\">\n\t<td class=\"column-1\">DPT15-42B<\/td><td class=\"column-2\">540<\/td><td class=\"column-3\">440<\/td><td class=\"column-4\">270<\/td><td class=\"column-5\">210<\/td><td class=\"column-6\">280<\/td><td class=\"column-7\">51<\/td><td class=\"column-8\">\u03c6148<\/td>\n<\/tr>\n<tr class=\"row-6\">\n\t<td class=\"column-1\">DPT20-54B<\/td><td class=\"column-2\">562<\/td><td class=\"column-3\">470<\/td><td class=\"column-4\">340<\/td><td class=\"column-5\">270<\/td><td class=\"column-6\">282<\/td><td class=\"column-7\">52<\/td><td class=\"column-8\">\u03c6198<\/td>\n<\/tr>\n<tr class=\"row-7\">\n\t<td class=\"column-1\">DPT20-54C<\/td><td class=\"column-2\">632<\/td><td class=\"column-3\">540<\/td><td class=\"column-4\">370<\/td><td class=\"column-5\">270<\/td><td class=\"column-6\">320<\/td><td class=\"column-7\">71<\/td><td class=\"column-8\">\u03c6198<\/td>\n<\/tr>\n<tr class=\"row-8\">\n\t<td class=\"column-1\">DPT20-65B<\/td><td class=\"column-2\">662<\/td><td class=\"column-3\">570<\/td><td class=\"column-4\">401<\/td><td class=\"column-5\">300<\/td><td class=\"column-6\">365<\/td><td class=\"column-7\">94<\/td><td class=\"column-8\">\u03c6198<\/td>\n<\/tr>\n<tr class=\"row-9\">\n\t<td class=\"column-1\">DPT25-76B<\/td><td class=\"column-2\">662<\/td><td class=\"column-3\">570<\/td><td class=\"column-4\">401<\/td><td class=\"column-5\">300<\/td><td class=\"column-6\">365<\/td><td class=\"column-7\">94<\/td><td class=\"column-8\">\u03c6250<\/td>\n<\/tr>\n<tr class=\"row-10\">\n\t<td class=\"column-1\">DPT25-76C<\/td><td class=\"column-2\">732<\/td><td class=\"column-3\">640<\/td><td class=\"column-4\">401<\/td><td class=\"column-5\">340<\/td><td class=\"column-6\">380<\/td><td class=\"column-7\">61<\/td><td class=\"column-8\">\u03c6250<\/td>\n<\/tr>\n<tr class=\"row-11\">\n\t<td class=\"column-1\">DPT25-86B<\/td><td class=\"column-2\">732<\/td><td class=\"column-3\">640<\/td><td class=\"column-4\">401<\/td><td class=\"column-5\">340<\/td><td class=\"column-6\">380<\/td><td class=\"column-7\">61<\/td><td class=\"column-8\">\u03c6250<\/td>\n<\/tr>\n<\/tbody>\n<\/table>\n<!-- #tablepress-24 from cache --><\/div>\n<\/div>\n<div><\/div>\n<div class=\"woocb\"><a class=\"wocb\" href=\"http:\/\/www.beiaole.com\/wp-content\/uploads\/2025\/08\/d3.1.1.pdf\" target=\"_blank\" rel=\"noopener\">forma<\/a><\/div>\n<div><\/div>\n<p><img loading=\"lazy\" decoding=\"async\" class=\"aligncenter wp-image-16139 size-large\" src=\"http:\/\/www.beiaole.com\/wp-content\/uploads\/2025\/08\/s3.1-1024x464.png\" alt=\"Single Way Inline Box Fan-size\" width=\"1024\" height=\"464\" data-no-translation=\"\" \/><br \/>\nPrestazioni:<\/p>\n<div class=\"scroll-table-wrapper\">\n<div class=\"scroll-table\">\n<table id=\"tablepress-25\" class=\"tablepress tablepress-id-25\">\n<thead>\n<tr class=\"row-1\">\n\t<th class=\"column-1\">modello<\/th><th class=\"column-2\">Potenza(W)<\/th><th class=\"column-3\">tensione (V)<\/th><th class=\"column-4\">Frequenza(Hz)<\/th><th class=\"column-5\">Flusso d'aria(m\u00b3\/h)<\/th><th class=\"column-6\">Pressione statica(PA)<\/th><th class=\"column-7\">Rumore (dB)<\/th><th class=\"column-8\">Dimensione del condotto (mm)<\/th><th class=\"column-9\">Area di applicazione(m\u00b2)<\/th><th class=\"column-10\">N.M(kg)<\/th>\n<\/tr>\n<\/thead>\n<tbody class=\"row-striping row-hover\">\n<tr class=\"row-2\">\n\t<td class=\"column-1\">DPT10-12B<\/td><td class=\"column-2\">20<\/td><td class=\"column-3\">220<\/td><td class=\"column-4\">50<\/td><td class=\"column-5\">100<\/td><td class=\"column-6\">80<\/td><td class=\"column-7\">20<\/td><td class=\"column-8\">\u03c6100<\/td><td class=\"column-9\">4-8<\/td><td class=\"column-10\">6.1<\/td>\n<\/tr>\n<tr class=\"row-3\">\n\t<td class=\"column-1\">DPT10-24B<\/td><td class=\"column-2\">25\/20<\/td><td class=\"column-3\">220<\/td><td class=\"column-4\">50<\/td><td class=\"column-5\">200\/150<\/td><td class=\"column-6\">125\/100<\/td><td class=\"column-7\">23<\/td><td class=\"column-8\">\u03c6100<\/td><td class=\"column-9\">8-13<\/td><td class=\"column-10\">6.2<\/td>\n<\/tr>\n<tr class=\"row-4\">\n\t<td class=\"column-1\">DPT15-32B<\/td><td class=\"column-2\">50\/35<\/td><td class=\"column-3\">220<\/td><td class=\"column-4\">50<\/td><td class=\"column-5\">360\/250<\/td><td class=\"column-6\">160\/120<\/td><td class=\"column-7\">27<\/td><td class=\"column-8\">\u03c6150<\/td><td class=\"column-9\">20-25<\/td><td class=\"column-10\">7.4<\/td>\n<\/tr>\n<tr class=\"row-5\">\n\t<td class=\"column-1\">DPT15-42B<\/td><td class=\"column-2\">100\/95<\/td><td class=\"column-3\">220<\/td><td class=\"column-4\">50<\/td><td class=\"column-5\">500\/400<\/td><td class=\"column-6\">190\/165<\/td><td class=\"column-7\">29<\/td><td class=\"column-8\">\u03c6150<\/td><td class=\"column-9\">25-28<\/td><td class=\"column-10\">10<\/td>\n<\/tr>\n<tr class=\"row-6\">\n\t<td class=\"column-1\">DPT20-54B<\/td><td class=\"column-2\">110\/100<\/td><td class=\"column-3\">220<\/td><td class=\"column-4\">50<\/td><td class=\"column-5\">770\/600<\/td><td class=\"column-6\">200\/195<\/td><td class=\"column-7\">35<\/td><td class=\"column-8\">\u03c6200<\/td><td class=\"column-9\">28-40<\/td><td class=\"column-10\">11.4<\/td>\n<\/tr>\n<tr class=\"row-7\">\n\t<td class=\"column-1\">DPT20-54C<\/td><td class=\"column-2\">210\/180<\/td><td class=\"column-3\">220<\/td><td class=\"column-4\">50<\/td><td class=\"column-5\">920\/800<\/td><td class=\"column-6\">240\/220<\/td><td class=\"column-7\">37<\/td><td class=\"column-8\">\u03c6200<\/td><td class=\"column-9\">40-50<\/td><td class=\"column-10\">16<\/td>\n<\/tr>\n<tr class=\"row-8\">\n\t<td class=\"column-1\">DPT20-65B<\/td><td class=\"column-2\">280\/225<\/td><td class=\"column-3\">220<\/td><td class=\"column-4\">50<\/td><td class=\"column-5\">1200\/1000<\/td><td class=\"column-6\">360\/320<\/td><td class=\"column-7\">41<\/td><td class=\"column-8\">\u03c6200<\/td><td class=\"column-9\">58-75<\/td><td class=\"column-10\">19<\/td>\n<\/tr>\n<tr class=\"row-9\">\n\t<td class=\"column-1\">DPT25-76B<\/td><td class=\"column-2\">300\/280<\/td><td class=\"column-3\">220<\/td><td class=\"column-4\">50<\/td><td class=\"column-5\">1700\/1500<\/td><td class=\"column-6\">420\/410<\/td><td class=\"column-7\">43<\/td><td class=\"column-8\">\u03c6250<\/td><td class=\"column-9\">85-150<\/td><td class=\"column-10\">19.5<\/td>\n<\/tr>\n<tr class=\"row-10\">\n\t<td class=\"column-1\">DPT25-76C<\/td><td class=\"column-2\">320\/290<\/td><td class=\"column-3\">220<\/td><td class=\"column-4\">50<\/td><td class=\"column-5\">1900\/1800<\/td><td class=\"column-6\">430\/425<\/td><td class=\"column-7\">46<\/td><td class=\"column-8\">\u03c6250<\/td><td class=\"column-9\">210-240<\/td><td class=\"column-10\">23<\/td>\n<\/tr>\n<tr class=\"row-11\">\n\t<td class=\"column-1\">DPT25-86B<\/td><td class=\"column-2\">530\/500<\/td><td class=\"column-3\">220<\/td><td class=\"column-4\">50<\/td><td class=\"column-5\">2600\/2400<\/td><td class=\"column-6\">530\/510<\/td><td class=\"column-7\">46<\/td><td class=\"column-8\">\u03c6250<\/td><td class=\"column-9\">240-270<\/td><td class=\"column-10\">24<\/td>\n<\/tr>\n<\/tbody>\n<\/table>\n<!-- #tablepress-25 from cache --><\/div>\n<\/div>\n<div><\/div>\n<div class=\"woocb\"><a class=\"wocb\" href=\"http:\/\/www.beiaole.com\/wp-content\/uploads\/2025\/08\/d3.1.2.pdf\" target=\"_blank\" rel=\"noopener\">forma<\/a><\/div>\n<div><\/div>\n<p><img loading=\"lazy\" decoding=\"async\" class=\"aligncenter wp-image-17249 size-large\" src=\"http:\/\/www.beiaole.com\/wp-content\/uploads\/2025\/08\/x3.1-1024x312.jpg\" alt=\"Single Way Inline Box Fan-q1\" width=\"1024\" height=\"312\" data-no-translation=\"\" \/><\/p>","protected":false},"excerpt":{"rendered":"<ul>\n<li>\n<h2>Flusso d'aria efficiente\u202fUscita:<\/h2>\n<p>\u202ffornisce\u202f100\u202f\u2013\u202f2.600\u202fm\u00b3\/h\u202fdi\u202faria\u202fvolume\u202fcon\u202fstatico\u202fpressione\u202fup\u202fto\u202f530\u202fPA\u202fper\u202fcoerente\u202fconsegna\u202fattraverso\u202freti di condotto.<\/li>\n<li>\n<h2>Durevole\u202fMotore di core\u202fCopper:<\/h2>\n<p>\u202fEnergia\u2011efficiente\u202fdrive\u202fprogettato\u202fper\u202foperazione costante,\u202fcontinuo.<\/li>\n<li>\n<h2>Prestazioni a basso rumore:<\/h2>\n<p>\u202fImpegnatore ottimizzato\u202fe\u202fflow\u202fcanale\u202fmantieni\u202fLivelli\u202fsuono\u202fas\u202flow\u202fas\u202f20\u202f\u2013\u202f46\u202fdb.<\/li>\n<li>\n<h2>Cabinet di metallo:<\/h2>\n<p>\u202fprecisione\u2011steel\u202fstruttura\u202fresistente\u202fruggine,\u202fimpact,\u202fe\u202fvibrazione\u202fper\u202fstabilit\u00e0 a lungo termine.<\/li>\n<li>\n<h2>Fattore compatto\u202fForma:<\/h2>\n<p>\u202fSlim\u202fcorpo\u202fsi adatta\u202fin\u202fmacchina\u202fo\u202fstretto\u202fmeccanico\u202fspazi\u202fsenza\u202fsacrificare\u202fpressione\u202fo\u202fcopertura.<\/li>\n<li>\n<h2>Sistema flessibile\u202fIntegrazione:<\/h2>\n<p>\u202fcompatibile\u202fcon\u202faltre\u202ffan\u202finline\u202fper\u202fmodulare\u202fventilazione\u202fespansione\u202fattraverso\u202fmoltipli\u202fzone.<\/li>\n<li>\n<h2>Facile\u202fManutenzione:<\/h2>\n<p>\u202fDesign\u202faccessibile\u202fpanel\u202fsemplifica\u202fpulizia\u202fe\u202fispezioni\u202fservizio.<\/li>\n<\/ul>\n<hr \/>","protected":false},"featured_media":4645,"comment_status":"open","ping_status":"closed","template":"","meta":{"_acf_changed":false},"product_brand":[],"product_cat":[27],"product_tag":[],"class_list":{"0":"post-4604","1":"product","2":"type-product","3":"status-publish","4":"has-post-thumbnail","6":"product_cat-inline-duct-fan","8":"first","9":"instock","10":"taxable","11":"shipping-taxable","12":"purchasable","13":"product-type-variable","14":"has-default-attributes"},"acf":[],"_links":{"self":[{"href":"https:\/\/www.ecvents.com\/it\/wp-json\/wp\/v2\/product\/4604","targetHints":{"allow":["GET"]}}],"collection":[{"href":"https:\/\/www.ecvents.com\/it\/wp-json\/wp\/v2\/product"}],"about":[{"href":"https:\/\/www.ecvents.com\/it\/wp-json\/wp\/v2\/types\/product"}],"replies":[{"embeddable":true,"href":"https:\/\/www.ecvents.com\/it\/wp-json\/wp\/v2\/comments?post=4604"}],"wp:featuredmedia":[{"embeddable":true,"href":"https:\/\/www.ecvents.com\/it\/wp-json\/wp\/v2\/media\/4645"}],"wp:attachment":[{"href":"https:\/\/www.ecvents.com\/it\/wp-json\/wp\/v2\/media?parent=4604"}],"wp:term":[{"taxonomy":"product_brand","embeddable":true,"href":"https:\/\/www.ecvents.com\/it\/wp-json\/wp\/v2\/product_brand?post=4604"},{"taxonomy":"product_cat","embeddable":true,"href":"https:\/\/www.ecvents.com\/it\/wp-json\/wp\/v2\/product_cat?post=4604"},{"taxonomy":"product_tag","embeddable":true,"href":"https:\/\/www.ecvents.com\/it\/wp-json\/wp\/v2\/product_tag?post=4604"}],"curies":[{"name":"WP","href":"https:\/\/api.w.org\/{rel}","templated":true}]}}