{"id":4660,"date":"2026-03-19T06:02:09","date_gmt":"2026-03-19T11:02:09","guid":{"rendered":"https:\/\/www.ecvents.com\/?post_type=product&#038;p=4660"},"modified":"2026-03-19T06:02:35","modified_gmt":"2026-03-19T11:02:35","slug":"ventilatore-per-aria-fresca","status":"publish","type":"product","link":"https:\/\/www.ecvents.com\/it\/product\/ventilatore-per-aria-fresca\/","title":{"rendered":"Ventilatore per aria fresca"},"content":{"rendered":"<div class=\"someee\">\n<h2><strong>aria pulita. calma comfort. Progettato per la vita di tutti i giorni.<\/strong><\/h2>\n<p>la\u00a0<strong>Ventilatore per aria fresca<\/strong>\u00a0\u00e8 costruito attorno a un obiettivo: far sentire bene l'aria in cui vivi. Pulito, equilibrato e silenziosamente rinfrescante. Sotto il suo raffinato esterno, a\u00a0<strong>Motore in rame<\/strong>\u00a0E i cuscinetti a sfera di precisione offrono un flusso d'aria fluido ed efficiente che mantiene basso e comfort elevato.<\/p>\n<p>un\u00a0<strong>Corpo interamente in metallo<\/strong>\u00a0Aggiunge solidit\u00e0 rassicurante, resistenza alla corrosione, all'impatto e alla risonanza meccanica che possono affaticare le unit\u00e0 minori. \u00c8 il tipo di prodotto installato una volta e affidabile per anni: tranquillo, costante e costruito per resistere al funzionamento continuo.<\/p>\n<p>a giusto\u00a0<strong>12\u202fcentimetri di spessore<\/strong>, il ventilatore si integra senza sforzo nei soffitti e negli spazi delle pareti in cui la stanza \u00e8 limitata. Due condotti indipendenti gestiscono l'alimentazione e lo scarico, mantenendo una pressione equilibrata tra le stanze per il rinnovamento dell'aria naturale senza correnti d'aria o sbalzi di temperatura.<\/p>\n<p>Prima che l'aria raggiunga la stanza, passa attraverso a\u00a0<strong>Sistema a doppio filtro<\/strong>: uno strato primario per polvere e uno strato ad alta efficienza per particelle fini e odori residui. Il risultato \u00e8 sottile ma inconfondibile: un'atmosfera pi\u00f9 leggera, mattine pi\u00f9 pulite e respirazione pi\u00f9 calma.<\/p>\n<\/div>\n<hr \/>\n<p>Dimensioni (unit\u00e0: mm):<\/p>\n<div class=\"scroll-table-wrapper\">\n<div class=\"scroll-table\">\n<table id=\"tablepress-9\" class=\"tablepress tablepress-id-9\">\n<thead>\n<tr class=\"row-1\">\n\t<th class=\"column-1\">modello<\/th><th class=\"column-2\">L<\/th><th class=\"column-3\">L1<\/th><th class=\"column-4\">W<\/th><th class=\"column-5\">w1<\/th><th class=\"column-6\">H<\/th><th class=\"column-7\">h1<\/th><th class=\"column-8\">D<\/th><th class=\"column-9\">F<\/th><th class=\"column-10\">E<\/th><th class=\"column-11\">G<\/th>\n<\/tr>\n<\/thead>\n<tbody class=\"row-striping row-hover\">\n<tr class=\"row-2\">\n\t<td class=\"column-1\">DUT10-34<\/td><td class=\"column-2\">875<\/td><td class=\"column-3\">845<\/td><td class=\"column-4\">703<\/td><td class=\"column-5\">420<\/td><td class=\"column-6\">123<\/td><td class=\"column-7\">93<\/td><td class=\"column-8\">583<\/td><td class=\"column-9\">192<\/td><td class=\"column-10\">393<\/td><td class=\"column-11\">\u03c6100<\/td>\n<\/tr>\n<tr class=\"row-3\">\n\t<td class=\"column-1\">DUT15-45<\/td><td class=\"column-2\">875<\/td><td class=\"column-3\">845<\/td><td class=\"column-4\">673<\/td><td class=\"column-5\">420<\/td><td class=\"column-6\">197<\/td><td class=\"column-7\">167<\/td><td class=\"column-8\">583<\/td><td class=\"column-9\">192<\/td><td class=\"column-10\">393<\/td><td class=\"column-11\">\u03c6150<\/td>\n<\/tr>\n<tr class=\"row-4\">\n\t<td class=\"column-1\">DUT20-60<\/td><td class=\"column-2\">875<\/td><td class=\"column-3\">845<\/td><td class=\"column-4\">700<\/td><td class=\"column-5\">420<\/td><td class=\"column-6\">247<\/td><td class=\"column-7\">217<\/td><td class=\"column-8\">544<\/td><td class=\"column-9\">192<\/td><td class=\"column-10\">393<\/td><td class=\"column-11\">\u03c6200<\/td>\n<\/tr>\n<\/tbody>\n<\/table>\n<!-- #tablepress-9 from cache --><\/div>\n<\/div>\n<div><\/div>\n<div class=\"woocb\"><a class=\"wocb\" href=\"http:\/\/www.beiaole.com\/wp-content\/uploads\/2025\/08\/d1.5.1.pdf\" target=\"_blank\" rel=\"noopener\">forma<\/a><\/div>\n<div><\/div>\n<p><img loading=\"lazy\" decoding=\"async\" class=\"aligncenter wp-image-15704 size-large\" src=\"http:\/\/www.beiaole.com\/wp-content\/uploads\/2025\/08\/s1.5-1024x438.png\" alt=\"Home Fresh Air Ventilator-size\" width=\"1024\" height=\"438\" data-no-translation=\"\" \/><br \/>\nPrestazioni:<\/p>\n<div class=\"scroll-table-wrapper\">\n<div class=\"scroll-table\">\n<table id=\"tablepress-10\" class=\"tablepress tablepress-id-10\">\n<thead>\n<tr class=\"row-1\">\n\t<th class=\"column-1\">modello<\/th><th class=\"column-2\">tensione (V)<\/th><th class=\"column-3\">Frequenza(Hz)<\/th><th class=\"column-4\">marcia<\/th><th class=\"column-5\">Potenza(W)<\/th><th class=\"column-6\">Flusso d'aria(m\u00b3\/h)<\/th><th class=\"column-7\">Pressione statica(PA)<\/th><th class=\"column-8\">Rumore (dB)<\/th><th class=\"column-9\">Filtro primario(%)<\/th><th class=\"column-10\">Area di applicazione(m\u00b2)<\/th><th class=\"column-11\">N.M(kg)<\/th>\n<\/tr>\n<\/thead>\n<tbody class=\"row-striping row-hover\">\n<tr class=\"row-2\">\n\t<td class=\"column-1\">DUT10-34<\/td><td class=\"column-2\">220<\/td><td class=\"column-3\">50<\/td><td class=\"column-4\">H\/L<\/td><td class=\"column-5\">108\/86<\/td><td class=\"column-6\">230\/180<\/td><td class=\"column-7\">210\/110<\/td><td class=\"column-8\">30\/33<\/td><td class=\"column-9\">\u03c6100<\/td><td class=\"column-10\">80-100<\/td><td class=\"column-11\">17.9<\/td>\n<\/tr>\n<tr class=\"row-3\">\n\t<td class=\"column-1\">DUT15-45<\/td><td class=\"column-2\">220<\/td><td class=\"column-3\">50<\/td><td class=\"column-4\">H\/L<\/td><td class=\"column-5\">151\/124<\/td><td class=\"column-6\">550\/350<\/td><td class=\"column-7\">240\/160<\/td><td class=\"column-8\">36\/33<\/td><td class=\"column-9\">\u03c6150<\/td><td class=\"column-10\">75-150<\/td><td class=\"column-11\">20.3<\/td>\n<\/tr>\n<tr class=\"row-4\">\n\t<td class=\"column-1\">DUT20-60<\/td><td class=\"column-2\">220<\/td><td class=\"column-3\">50<\/td><td class=\"column-4\">H\/L<\/td><td class=\"column-5\">240\/186<\/td><td class=\"column-6\">1200\/800<\/td><td class=\"column-7\">320\/270<\/td><td class=\"column-8\">45\/41<\/td><td class=\"column-9\">\u03c6200<\/td><td class=\"column-10\">165-330<\/td><td class=\"column-11\">24.5<\/td>\n<\/tr>\n<\/tbody>\n<\/table>\n<!-- #tablepress-10 from cache --><\/div>\n<\/div>\n<div><\/div>\n<div class=\"woocb\"><a class=\"wocb\" href=\"http:\/\/www.beiaole.com\/wp-content\/uploads\/2025\/08\/d1.5.2.pdf\" target=\"_blank\" rel=\"noopener\">forma<\/a><\/div>\n<div><\/div>","protected":false},"excerpt":{"rendered":"<ul>\n<li>\n<h2>Sistema di flusso d'aria bilanciato:<\/h2>\n<p>\u202fI condotti di aspirazione e scarico indipendenti scambiano aria fresca e viziata contemporaneamente per una ventilazione uniforme.<\/li>\n<li>\n<h2>Volume d'aria ottimizzato:<\/h2>\n<p>\u202fconsegna\u202f180\u202f\u2013\u202f1200\u202fm\u00b3\/h\u202fcon\u202fstatico\u202fpressione\u202fup\u202fto\u202f320\u202fPA\u202fper\u202fstabile,\u202fbilanciato\u202fdistribuzione\u202fin tutto il\u202fvivendo\u202faree.<\/li>\n<li>\n<h2>Slim,\u202fintegrato\u202fDesign:<\/h2>\n<p>\u202fSolo\u202f12\u202fcm\u202fspesso\u202fper\u202finstallazione discreta\u202f sopra i soffitti\u202fo\u202fin\u202ftiight\u202fchitecturali\u202fspazi.<\/li>\n<li>\n<h2>Durevole\u202fMetallo\u202fHousing:<\/h2>\n<p>\u202fRigido\u202fCostruzione\u202fsi resiste\u202fCorrosione\u202fe\u202fMeccanica\u202fVibrazione\u202fPer\u202fstabilit\u00e0\u2011lungo termine\u202fstabilit\u00e0.<\/li>\n<li>\n<h2>Efficiente energia\u202fDrive:<\/h2>\n<p>\u202fCopper\u2011Core\u202fMotor\u202fe\u202fBassa\u2011Resistenza\u202fAir\u202fPath\u202fMinimize\u202fPower\u202fuse\u202fUnder\u202fContinuous\u202fDevuty.<\/li>\n<li>\n<h2>Funzionamento a basso rumore:<\/h2>\n<p>\u202fottimizzazione acustica\u202fmantiene\u202fsuono\u202fat\u202f30\u202f\u2013\u202f45\u202fdB,\u202fSostegno\u202findisturbato\u202fcomfort.<\/li>\n<li>\n<h2>Filtrazione avanzata:<\/h2>\n<p>Filtri \u202fprimari\u202fe\u202falta\u2011efficienza\u202ffiltri\u202fcattura\u202fpolvere,\u202ffine\u202fparticelle,\u202fe\u202fodori\u202fper\u202fcoerentemente\u202fpuliti\u202findoor\u202faria.<\/li>\n<\/ul>\n<hr \/>","protected":false},"featured_media":4669,"comment_status":"open","ping_status":"closed","template":"","meta":{"_acf_changed":false},"product_brand":[],"product_cat":[71],"product_tag":[],"class_list":{"0":"post-4660","1":"product","2":"type-product","3":"status-publish","4":"has-post-thumbnail","6":"product_cat-energy-recovery-ventilator-2","8":"first","9":"instock","10":"taxable","11":"shipping-taxable","12":"purchasable","13":"product-type-variable","14":"has-default-attributes"},"acf":[],"_links":{"self":[{"href":"https:\/\/www.ecvents.com\/it\/wp-json\/wp\/v2\/product\/4660","targetHints":{"allow":["GET"]}}],"collection":[{"href":"https:\/\/www.ecvents.com\/it\/wp-json\/wp\/v2\/product"}],"about":[{"href":"https:\/\/www.ecvents.com\/it\/wp-json\/wp\/v2\/types\/product"}],"replies":[{"embeddable":true,"href":"https:\/\/www.ecvents.com\/it\/wp-json\/wp\/v2\/comments?post=4660"}],"wp:featuredmedia":[{"embeddable":true,"href":"https:\/\/www.ecvents.com\/it\/wp-json\/wp\/v2\/media\/4669"}],"wp:attachment":[{"href":"https:\/\/www.ecvents.com\/it\/wp-json\/wp\/v2\/media?parent=4660"}],"wp:term":[{"taxonomy":"product_brand","embeddable":true,"href":"https:\/\/www.ecvents.com\/it\/wp-json\/wp\/v2\/product_brand?post=4660"},{"taxonomy":"product_cat","embeddable":true,"href":"https:\/\/www.ecvents.com\/it\/wp-json\/wp\/v2\/product_cat?post=4660"},{"taxonomy":"product_tag","embeddable":true,"href":"https:\/\/www.ecvents.com\/it\/wp-json\/wp\/v2\/product_tag?post=4660"}],"curies":[{"name":"WP","href":"https:\/\/api.w.org\/{rel}","templated":true}]}}