{"id":4687,"date":"2026-03-19T06:02:42","date_gmt":"2026-03-19T11:02:42","guid":{"rendered":"https:\/\/www.ecvents.com\/?post_type=product&#038;p=4687"},"modified":"2026-03-19T06:03:04","modified_gmt":"2026-03-19T11:03:04","slug":"ventilatore-commerciale-ad-aria-fresca","status":"publish","type":"product","link":"https:\/\/www.ecvents.com\/it\/product\/ventilatore-commerciale-ad-aria-fresca\/","title":{"rendered":"Ventilatore commerciale ad aria fresca"},"content":{"rendered":"<div class=\"someee\">\n<h2>Pulito\u202faria.\u202f Bilancio tranquillo.\u202f costruito\u202fper\u202fcontinuo\u202fventilazione.<\/h2>\n<p>la\u00a0<strong>Ventilatore commerciale ad aria fresca<\/strong>\u00a0\u00c8 progettato per migliorare silenziosamente l'aria interna: pi\u00f9 fresca, pi\u00f9 pulita e pi\u00f9 confortevole, come dovrebbe essere. Porta aria fresca mentre invia aria viziata, bilanciando l'atmosfera della stanza senza attirare l'attenzione su se stessa.<\/p>\n<p>Al suo interno c'\u00e8 un\u00a0<strong>Motore a risparmio energetico tutto in rame<\/strong>\u00a0Accoppiato con cuscinetti a sfera di alta qualit\u00e0 per prestazioni costanti ed efficienti. Il cabinet e il condotto dell'aria sono integrati in a\u00a0<strong>struttura a snellimento<\/strong>, mantenendo il flusso d'aria regolare e il funzionamento sussurrando silenzioso riducendo il consumo di energia.<\/p>\n<p>L'alloggiamento interamente in metallo aggiunge la solida affidabilit\u00e0 di cui ogni sistema commerciale ha bisogno. formato da\u00a0<strong>Acciaio di alta qualit\u00e0<\/strong>, Resiste alla ruggine, alle vibrazioni e alla deformazione, ideale per uffici, ristoranti, palestre o sale riunioni dove la ventilazione deve funzionare in modo costante e silenzioso per tutto il giorno.<\/p>\n<p>la sua\u00a0<strong>Canali di alimentazione e scarico indipendenti<\/strong>\u00a0Distinguilo. L'aria esterna fresca entra mentre l'aria viziata all'interno viene esaurita allo stesso tempo. Il risultato \u00e8 un ambiente equilibrato e confortevole senza tasche soffocanti o temperature irregolari, solo una brezza costante di aria fresca e confortevole.<\/p>\n<\/div>\n<hr \/>\n<p>Dimensioni (unit\u00e0: mm):<\/p>\n<div class=\"scroll-table-wrapper\">\n<div class=\"scroll-table\">\n<table id=\"tablepress-11\" class=\"tablepress tablepress-id-11\">\n<thead>\n<tr class=\"row-1\">\n\t<th class=\"column-1\">modello<\/th><th class=\"column-2\">L<\/th><th class=\"column-3\">L1<\/th><th class=\"column-4\">W<\/th><th class=\"column-5\">w1<\/th><th class=\"column-6\">H<\/th><th class=\"column-7\">h1<\/th><th class=\"column-8\">D<\/th><th class=\"column-9\">G<\/th>\n<\/tr>\n<\/thead>\n<tbody class=\"row-striping row-hover\">\n<tr class=\"row-2\">\n\t<td class=\"column-1\">DUT20-66<\/td><td class=\"column-2\">869<\/td><td class=\"column-3\">731<\/td><td class=\"column-4\">795<\/td><td class=\"column-5\">698<\/td><td class=\"column-6\">365<\/td><td class=\"column-7\">17<\/td><td class=\"column-8\">400<\/td><td class=\"column-9\">\u03c6200<\/td>\n<\/tr>\n<tr class=\"row-3\">\n\t<td class=\"column-1\">DUT25-76<\/td><td class=\"column-2\">869<\/td><td class=\"column-3\">731<\/td><td class=\"column-4\">795<\/td><td class=\"column-5\">698<\/td><td class=\"column-6\">365<\/td><td class=\"column-7\">17<\/td><td class=\"column-8\">400<\/td><td class=\"column-9\">\u03c6250<\/td>\n<\/tr>\n<\/tbody>\n<\/table>\n<!-- #tablepress-11 from cache --><\/div>\n<\/div>\n<div><\/div>\n<div class=\"woocb\"><a class=\"wocb\" href=\"http:\/\/www.beiaole.com\/wp-content\/uploads\/2025\/08\/d1.6.1.pdf\" target=\"_blank\" rel=\"noopener\">forma<\/a><\/div>\n<div><\/div>\n<p><img loading=\"lazy\" decoding=\"async\" class=\"aligncenter wp-image-15778 size-large\" src=\"http:\/\/www.beiaole.com\/wp-content\/uploads\/2025\/08\/s1.6.1-1024x308.png\" alt=\"Commercial Fresh Air Ventilator-size1\" width=\"1024\" height=\"308\" data-no-translation=\"\" \/><br \/>\nDimensioni (unit\u00e0: mm):<\/p>\n<div class=\"scroll-table-wrapper\">\n<div class=\"scroll-table\">\n<table id=\"tablepress-12\" class=\"tablepress tablepress-id-12\">\n<thead>\n<tr class=\"row-1\">\n\t<th class=\"column-1\">modello<\/th><th class=\"column-2\">L<\/th><th class=\"column-3\">L1<\/th><th class=\"column-4\">l2<\/th><th class=\"column-5\">W<\/th><th class=\"column-6\">w1<\/th><th class=\"column-7\">H<\/th><th class=\"column-8\">h1<\/th><th class=\"column-9\">D<\/th><th class=\"column-10\">C<\/th><th class=\"column-11\">F<\/th><th class=\"column-12\"> MXN (dimensione ingresso aria\/uscita)<\/th>\n<\/tr>\n<\/thead>\n<tbody class=\"row-striping row-hover\">\n<tr class=\"row-2\">\n\t<td class=\"column-1\">DUT25-3000F<\/td><td class=\"column-2\">1000<\/td><td class=\"column-3\">1050<\/td><td class=\"column-4\">897<\/td><td class=\"column-5\">580<\/td><td class=\"column-6\">621<\/td><td class=\"column-7\">376<\/td><td class=\"column-8\">17<\/td><td class=\"column-9\">500<\/td><td class=\"column-10\">85<\/td><td class=\"column-11\">25<\/td><td class=\"column-12\">270x270<\/td>\n<\/tr>\n<tr class=\"row-3\">\n\t<td class=\"column-1\">DUT25-4000F<\/td><td class=\"column-2\">1000<\/td><td class=\"column-3\">1050<\/td><td class=\"column-4\">897<\/td><td class=\"column-5\">580<\/td><td class=\"column-6\">621<\/td><td class=\"column-7\">376<\/td><td class=\"column-8\">17<\/td><td class=\"column-9\">500<\/td><td class=\"column-10\">85<\/td><td class=\"column-11\">25<\/td><td class=\"column-12\">270x270<\/td>\n<\/tr>\n<\/tbody>\n<\/table>\n<!-- #tablepress-12 from cache --><\/div>\n<\/div>\n<div><\/div>\n<div class=\"woocb\"><a class=\"wocb\" href=\"http:\/\/www.beiaole.com\/wp-content\/uploads\/2025\/08\/d1.6.2.pdf\" target=\"_blank\" rel=\"noopener\">forma<\/a><\/div>\n<div><\/div>\n<p><img loading=\"lazy\" decoding=\"async\" class=\"aligncenter wp-image-15779 size-large\" src=\"http:\/\/www.beiaole.com\/wp-content\/uploads\/2025\/08\/s1.6.2-1024x290.png\" alt=\"Commercial Fresh Air Ventilator-size2\" width=\"1024\" height=\"290\" data-no-translation=\"\" \/><br \/>\nPrestazioni:<\/p>\n<div class=\"scroll-table-wrapper\">\n<div class=\"scroll-table\">\n<table id=\"tablepress-13\" class=\"tablepress tablepress-id-13\">\n<thead>\n<tr class=\"row-1\">\n\t<th class=\"column-1\">modello<\/th><th class=\"column-2\">tensione (V)<\/th><th class=\"column-3\">Frequenza(Hz)<\/th><th class=\"column-4\">marcia<\/th><th class=\"column-5\">Potenza(W)<\/th><th class=\"column-6\">Flusso d'aria(m\u00b3\/h)<\/th><th class=\"column-7\">Pressione statica(PA)<\/th><th class=\"column-8\">Rumore (dB)<\/th><th class=\"column-9\">Dimensione del condotto (mm)<\/th><th class=\"column-10\">Area di applicazione(m\u00b2)<\/th><th class=\"column-11\">N.M(kg)<\/th>\n<\/tr>\n<\/thead>\n<tbody class=\"row-striping row-hover\">\n<tr class=\"row-2\">\n\t<td class=\"column-1\">DUT20-66<\/td><td class=\"column-2\">220<\/td><td class=\"column-3\">50<\/td><td class=\"column-4\">H\/L<\/td><td class=\"column-5\">500\/435<\/td><td class=\"column-6\">1500\/1200<\/td><td class=\"column-7\">350\/320<\/td><td class=\"column-8\">50\/45<\/td><td class=\"column-9\">\u03c6200<\/td><td class=\"column-10\">250-500<\/td><td class=\"column-11\">39<\/td>\n<\/tr>\n<tr class=\"row-3\">\n\t<td class=\"column-1\">DUT25-76<\/td><td class=\"column-2\">220<\/td><td class=\"column-3\">50<\/td><td class=\"column-4\">H\/L<\/td><td class=\"column-5\">565\/450<\/td><td class=\"column-6\">2000\/1700<\/td><td class=\"column-7\">370\/340<\/td><td class=\"column-8\">53\/50<\/td><td class=\"column-9\">\u03c6250<\/td><td class=\"column-10\">330-660<\/td><td class=\"column-11\">39<\/td>\n<\/tr>\n<tr class=\"row-4\">\n\t<td class=\"column-1\">DUT25-3000F<\/td><td class=\"column-2\">220<\/td><td class=\"column-3\">50<\/td><td class=\"column-4\">H\/L<\/td><td class=\"column-5\">722\/665<\/td><td class=\"column-6\">3000\/2600<\/td><td class=\"column-7\">410\/385<\/td><td class=\"column-8\">60\/55<\/td><td class=\"column-9\">\/<\/td><td class=\"column-10\">\/<\/td><td class=\"column-11\">52<\/td>\n<\/tr>\n<tr class=\"row-5\">\n\t<td class=\"column-1\">DUT25-4000F<\/td><td class=\"column-2\">220<\/td><td class=\"column-3\">50<\/td><td class=\"column-4\">H\/L<\/td><td class=\"column-5\">752\/695<\/td><td class=\"column-6\">4000\/3600<\/td><td class=\"column-7\">445\/390<\/td><td class=\"column-8\">62\/60<\/td><td class=\"column-9\">\/<\/td><td class=\"column-10\">\/<\/td><td class=\"column-11\">55<\/td>\n<\/tr>\n<\/tbody>\n<\/table>\n<!-- #tablepress-13 from cache --><\/div>\n<\/div>\n<div><\/div>\n<div class=\"woocb\"><a class=\"wocb\" href=\"http:\/\/www.beiaole.com\/wp-content\/uploads\/2025\/08\/d1.6.3.pdf\" target=\"_blank\" rel=\"noopener\">forma<\/a><\/div>\n<div><\/div>","protected":false},"excerpt":{"rendered":"<ul>\n<li>\n<h2>Doppia alimentazione e sistema di scarico:<\/h2>\n<p>\u00a0Fornisce aria fresca e rimuove l'aria viziata per una ventilazione equilibrata.<\/li>\n<li>\n<h2>Motore in rame a risparmio energetico:<\/h2>\n<p>\u00a0Anima interamente in rame con cuscinetti a sfera per un funzionamento silenzioso, efficiente e di lunga durata.<\/li>\n<li>\n<h2>Design integrato per armadietto e condotto:<\/h2>\n<p>\u00a0La struttura aerodinamica monopezzo riduce le vibrazioni e la resistenza all'aria per un flusso costante.<\/li>\n<li>\n<h2>Costruzione interamente in metallo resistente:<\/h2>\n<p>\u00a0L'alloggiamento in lamiera di acciaio di alta qualit\u00e0 resiste alla corrosione e all'impatto per il servizio continuo.<\/li>\n<li>\n<h2>Prestazioni silenziose:<\/h2>\n<p>\u00a0I livelli di rumore da 45\u202f a\u202f62\u202fdB mantengono gli spazi commerciali comodi e privi di distrazioni.<\/li>\n<li>\n<h2>Potente portata d'aria:<\/h2>\n<p>\u00a0Volume d'aria da 1.200\u202f a\u202f4.000\u202fm\u00b3\/h con pressione statica fino a 445\u202fPa per ambienti medi\u202fto\u202fgrandi.<\/li>\n<li>\n<h2>Basso consumo energetico:<\/h2>\n<p>\u00a0Il design efficiente del motore offre un'elevata potenza senza sprechi.<\/li>\n<li>\n<h2>Facile manutenzione:<\/h2>\n<p>\u00a0La costruzione compatta e il layout accessibile rendono semplice l'installazione e la manutenzione.<\/li>\n<\/ul>\n<hr \/>","protected":false},"featured_media":4698,"comment_status":"open","ping_status":"closed","template":"","meta":{"_acf_changed":false},"product_brand":[],"product_cat":[71],"product_tag":[],"class_list":{"0":"post-4687","1":"product","2":"type-product","3":"status-publish","4":"has-post-thumbnail","6":"product_cat-energy-recovery-ventilator-2","8":"first","9":"outofstock","10":"taxable","11":"shipping-taxable","12":"purchasable","13":"product-type-variable"},"acf":[],"_links":{"self":[{"href":"https:\/\/www.ecvents.com\/it\/wp-json\/wp\/v2\/product\/4687","targetHints":{"allow":["GET"]}}],"collection":[{"href":"https:\/\/www.ecvents.com\/it\/wp-json\/wp\/v2\/product"}],"about":[{"href":"https:\/\/www.ecvents.com\/it\/wp-json\/wp\/v2\/types\/product"}],"replies":[{"embeddable":true,"href":"https:\/\/www.ecvents.com\/it\/wp-json\/wp\/v2\/comments?post=4687"}],"wp:featuredmedia":[{"embeddable":true,"href":"https:\/\/www.ecvents.com\/it\/wp-json\/wp\/v2\/media\/4698"}],"wp:attachment":[{"href":"https:\/\/www.ecvents.com\/it\/wp-json\/wp\/v2\/media?parent=4687"}],"wp:term":[{"taxonomy":"product_brand","embeddable":true,"href":"https:\/\/www.ecvents.com\/it\/wp-json\/wp\/v2\/product_brand?post=4687"},{"taxonomy":"product_cat","embeddable":true,"href":"https:\/\/www.ecvents.com\/it\/wp-json\/wp\/v2\/product_cat?post=4687"},{"taxonomy":"product_tag","embeddable":true,"href":"https:\/\/www.ecvents.com\/it\/wp-json\/wp\/v2\/product_tag?post=4687"}],"curies":[{"name":"WP","href":"https:\/\/api.w.org\/{rel}","templated":true}]}}