{"id":4692,"date":"2026-03-19T06:02:43","date_gmt":"2026-03-19T11:02:43","guid":{"rendered":"https:\/\/www.ecvents.com\/?post_type=product&#038;p=4692"},"modified":"2026-03-19T06:04:03","modified_gmt":"2026-03-19T11:04:03","slug":"serie-di-ventole-per-armadietti-ktj","status":"publish","type":"product","link":"https:\/\/www.ecvents.com\/it\/product\/serie-di-ventole-per-armadietti-ktj\/","title":{"rendered":"Serie di ventole per armadietti KTJ"},"content":{"rendered":"<div class=\"someee\">\n<h2><strong>aria pulita. Efficienza silenziosa. Costruito per la ventilazione continua.<\/strong><\/h2>\n<p>la\u00a0<strong>KTJ\u202fCabinet\u202fFan\u202fserie<\/strong>\u00a0\u00e8 appositamente progettato per spazi che richiedono un flusso d'aria affidabile e costante senza rumore o complessit\u00e0 extra. Compatto, resistente ed efficiente, mantiene l'aria che circola senza intoppi\u202f\u2014\u202fgiorno dopo giorno\u202f\u2014\u202fin uffici, officine, magazzini e strutture industriali dove la ventilazione ininterrotta conta davvero.<\/p>\n<p>Al centro di ogni unit\u00e0 c'\u00e8 un\u00a0<strong>Motore per tutto il rame<\/strong>\u00a0supportato da\u00a0<strong>Cuscinetti di alta qualit\u00e0<\/strong>, assicurando una lunga durata, un funzionamento stabile e prestazioni silenziose. Il quadro elettrico e il condotto dell'aria sono integrati in un'unica struttura aerodinamica, fornendo una pressione stabile e un flusso d'aria costante riducendo al minimo le vibrazioni e il rumore meccanico.<\/p>\n<p>Ogni ventilatore della serie \u00e8 dotato di a\u00a0<strong>Sistema integrato\u202ffiltrazione\u202f<\/strong>\u00a0Per intrappolare polvere, odori e particelle sospese prima che l'aria ricircola, mantenendo gli ambienti pi\u00f9 puliti e pi\u00f9 confortevoli. \u00c8 una soluzione semplice e integrata per mantenere una qualit\u00e0 dell'aria fresca ed equilibrata in condizioni difficili.<\/p>\n<p>la\u00a0<strong>KTJ\u202fCabinet\u202fFan\u202fserie<\/strong>\u00a0\u00e8 tanto versatile quanto robusto. con capacit\u00e0 di flusso d'aria che vanno da\u00a0<strong>2.000\u202fTo\u202f6.100\u202fm\u00b3\/h<\/strong>, questi fan possono gestire ambienti di qualsiasi scala, da piccoli uffici o sale server a grandi sale di fabbrica. Il design compatto di ogni unit\u00e0 consente una facile installazione in spazi ristretti e incorporato\u00a0<strong>Ispezione\u202fporti<\/strong>\u00a0Rendi l'accesso e la manutenzione del filtro senza sforzo\u202f\u2014\u202fNon \u00e8 necessario smontare.<\/p>\n<p>Silenzioso, forte e progettato per durare, la serie KTJ\u202fCabinet\u202fFan\u202ffa di pi\u00f9 che muovere l'aria\u202f\u2014\u202fpurifica, bilancia e protegge in modo affidabile il tuo clima interno.<\/p>\n<\/div>\n<hr \/>\n<p>Dimensioni (unit\u00e0: mm):<\/p>\n<div class=\"scroll-table-wrapper\">\n<div class=\"scroll-table\">\n<table id=\"tablepress-20\" class=\"tablepress tablepress-id-20\">\n<thead>\n<tr class=\"row-1\">\n\t<th class=\"column-1\">modello<\/th><th class=\"column-2\">L<\/th><th class=\"column-3\">L1<\/th><th class=\"column-4\">W<\/th><th class=\"column-5\">w1<\/th><th class=\"column-6\">H<\/th><th class=\"column-7\">h1<\/th><th class=\"column-8\">d1<\/th><th class=\"column-9\">F<\/th><th class=\"column-10\">Dimensioni dell'uscita dell'aria<br \/>\n(AXB)<\/th><th class=\"column-11\">Dimensione della presa d'aria<br \/>\n(cxd)<\/th>\n<\/tr>\n<\/thead>\n<tbody class=\"row-striping row-hover\">\n<tr class=\"row-2\">\n\t<td class=\"column-1\">KTJ22-20DG<\/td><td class=\"column-2\">719<\/td><td class=\"column-3\">452<\/td><td class=\"column-4\">490<\/td><td class=\"column-5\">530<\/td><td class=\"column-6\">372<\/td><td class=\"column-7\">36<\/td><td class=\"column-8\">50<\/td><td class=\"column-9\">25<\/td><td class=\"column-10\">270x265<\/td><td class=\"column-11\">430x312<\/td>\n<\/tr>\n<tr class=\"row-3\">\n\t<td class=\"column-1\">KTJ23-31DG<\/td><td class=\"column-2\">753<\/td><td class=\"column-3\">524<\/td><td class=\"column-4\">592<\/td><td class=\"column-5\">632<\/td><td class=\"column-6\">440<\/td><td class=\"column-7\">36<\/td><td class=\"column-8\">50<\/td><td class=\"column-9\">25<\/td><td class=\"column-10\">335\u00d7320<\/td><td class=\"column-11\">550x380<\/td>\n<\/tr>\n<tr class=\"row-4\">\n\t<td class=\"column-1\">KTJ23-41DG<\/td><td class=\"column-2\">753<\/td><td class=\"column-3\">524<\/td><td class=\"column-4\">592<\/td><td class=\"column-5\">632<\/td><td class=\"column-6\">440<\/td><td class=\"column-7\">36<\/td><td class=\"column-8\">50<\/td><td class=\"column-9\">25<\/td><td class=\"column-10\">335x320<\/td><td class=\"column-11\">550x380<\/td>\n<\/tr>\n<tr class=\"row-5\">\n\t<td class=\"column-1\">KTJ22-20G<\/td><td class=\"column-2\">719<\/td><td class=\"column-3\">452<\/td><td class=\"column-4\">490<\/td><td class=\"column-5\">530<\/td><td class=\"column-6\">372<\/td><td class=\"column-7\">36<\/td><td class=\"column-8\">50<\/td><td class=\"column-9\">25<\/td><td class=\"column-10\">270x265<\/td><td class=\"column-11\">430x312<\/td>\n<\/tr>\n<tr class=\"row-6\">\n\t<td class=\"column-1\">KTJ23-31G<\/td><td class=\"column-2\">753<\/td><td class=\"column-3\">524<\/td><td class=\"column-4\">592<\/td><td class=\"column-5\">632<\/td><td class=\"column-6\">440<\/td><td class=\"column-7\">36<\/td><td class=\"column-8\">50<\/td><td class=\"column-9\">25<\/td><td class=\"column-10\">335x320<\/td><td class=\"column-11\">550x380<\/td>\n<\/tr>\n<tr class=\"row-7\">\n\t<td class=\"column-1\">KTJ23-41G<\/td><td class=\"column-2\">753<\/td><td class=\"column-3\">524<\/td><td class=\"column-4\">592<\/td><td class=\"column-5\">632<\/td><td class=\"column-6\">440<\/td><td class=\"column-7\">36<\/td><td class=\"column-8\">50<\/td><td class=\"column-9\">25<\/td><td class=\"column-10\">335x320<\/td><td class=\"column-11\">550x380<\/td>\n<\/tr>\n<tr class=\"row-8\">\n\t<td class=\"column-1\">KTJ28-51G<\/td><td class=\"column-2\">869<\/td><td class=\"column-3\">568<\/td><td class=\"column-4\">700<\/td><td class=\"column-5\">743<\/td><td class=\"column-6\">535<\/td><td class=\"column-7\">35<\/td><td class=\"column-8\">50<\/td><td class=\"column-9\">25<\/td><td class=\"column-10\">410x358<\/td><td class=\"column-11\">640x465<\/td>\n<\/tr>\n<tr class=\"row-9\">\n\t<td class=\"column-1\">KTJ28-61G<\/td><td class=\"column-2\">929<\/td><td class=\"column-3\">628<\/td><td class=\"column-4\">740<\/td><td class=\"column-5\">783<\/td><td class=\"column-6\">600<\/td><td class=\"column-7\">35<\/td><td class=\"column-8\">50<\/td><td class=\"column-9\">25<\/td><td class=\"column-10\">400x460<\/td><td class=\"column-11\">550x460<\/td>\n<\/tr>\n<\/tbody>\n<\/table>\n<!-- #tablepress-20 from cache --><\/div>\n<\/div>\n<div><\/div>\n<div class=\"woocb\"><a class=\"wocb\" href=\"http:\/\/www.beiaole.com\/wp-content\/uploads\/2025\/08\/d2.3.1.pdf\" target=\"_blank\" rel=\"noopener\">forma<\/a><\/div>\n<div><\/div>\n<p><img loading=\"lazy\" decoding=\"async\" class=\"aligncenter wp-image-15995 size-large\" src=\"http:\/\/www.beiaole.com\/wp-content\/uploads\/2025\/08\/s2.3-1024x695.png\" alt=\"KTJ Cabinet Fan Series-size\" width=\"1024\" height=\"695\" data-no-translation=\"\" \/><br \/>\nPrestazioni:<\/p>\n<div class=\"scroll-table-wrapper\">\n<div class=\"scroll-table\">\n<table id=\"tablepress-21\" class=\"tablepress tablepress-id-21\">\n<thead>\n<tr class=\"row-1\">\n\t<th class=\"column-1\">modello<\/th><th class=\"column-2\">tensione (V)<\/th><th class=\"column-3\">Frequenza(Hz)<\/th><th class=\"column-4\">Potenza(W)<\/th><th class=\"column-5\">Flusso d'aria(m\u00b3\/h)<\/th><th class=\"column-6\">Pressione statica(PA)<\/th><th class=\"column-7\">Velocit\u00e0 (rpm)<\/th><th class=\"column-8\">Rumore (dB)<\/th><th class=\"column-9\">N.M(kg)<\/th>\n<\/tr>\n<\/thead>\n<tbody class=\"row-striping row-hover\">\n<tr class=\"row-2\">\n\t<td class=\"column-1\">KTJ22-20DG<\/td><td class=\"column-2\">220<\/td><td class=\"column-3\">50<\/td><td class=\"column-4\">250<\/td><td class=\"column-5\">2000<\/td><td class=\"column-6\">430<\/td><td class=\"column-7\">1340<\/td><td class=\"column-8\">55<\/td><td class=\"column-9\">32<\/td>\n<\/tr>\n<tr class=\"row-3\">\n\t<td class=\"column-1\">KTJ23-31DG<\/td><td class=\"column-2\">220<\/td><td class=\"column-3\">50<\/td><td class=\"column-4\">550<\/td><td class=\"column-5\">3100<\/td><td class=\"column-6\">440<\/td><td class=\"column-7\">1340<\/td><td class=\"column-8\">61<\/td><td class=\"column-9\">41<\/td>\n<\/tr>\n<tr class=\"row-4\">\n\t<td class=\"column-1\">KTJ23-41DG<\/td><td class=\"column-2\">220<\/td><td class=\"column-3\">50<\/td><td class=\"column-4\">750<\/td><td class=\"column-5\">4100<\/td><td class=\"column-6\">460<\/td><td class=\"column-7\">1340<\/td><td class=\"column-8\">65<\/td><td class=\"column-9\">43<\/td>\n<\/tr>\n<tr class=\"row-5\">\n\t<td class=\"column-1\">KTJ22-20G<\/td><td class=\"column-2\">380<\/td><td class=\"column-3\">50<\/td><td class=\"column-4\">250<\/td><td class=\"column-5\">2000<\/td><td class=\"column-6\">430<\/td><td class=\"column-7\">1340<\/td><td class=\"column-8\">55<\/td><td class=\"column-9\">32<\/td>\n<\/tr>\n<tr class=\"row-6\">\n\t<td class=\"column-1\">KTJ23-31G<\/td><td class=\"column-2\">380<\/td><td class=\"column-3\">50<\/td><td class=\"column-4\">550<\/td><td class=\"column-5\">3100<\/td><td class=\"column-6\">440<\/td><td class=\"column-7\">1340<\/td><td class=\"column-8\">61<\/td><td class=\"column-9\">41<\/td>\n<\/tr>\n<tr class=\"row-7\">\n\t<td class=\"column-1\">KTJ23-41G<\/td><td class=\"column-2\">380<\/td><td class=\"column-3\">50<\/td><td class=\"column-4\">750<\/td><td class=\"column-5\">4100<\/td><td class=\"column-6\">460<\/td><td class=\"column-7\">1340<\/td><td class=\"column-8\">65<\/td><td class=\"column-9\">43<\/td>\n<\/tr>\n<tr class=\"row-8\">\n\t<td class=\"column-1\">KTJ28-51G<\/td><td class=\"column-2\">380<\/td><td class=\"column-3\">50<\/td><td class=\"column-4\">750<\/td><td class=\"column-5\">5100<\/td><td class=\"column-6\">300<\/td><td class=\"column-7\">940<\/td><td class=\"column-8\">67<\/td><td class=\"column-9\">60<\/td>\n<\/tr>\n<tr class=\"row-9\">\n\t<td class=\"column-1\">KTJ28-61G<\/td><td class=\"column-2\">380<\/td><td class=\"column-3\">50<\/td><td class=\"column-4\">1100<\/td><td class=\"column-5\">6100<\/td><td class=\"column-6\">410<\/td><td class=\"column-7\">940<\/td><td class=\"column-8\">68<\/td><td class=\"column-9\">70.3<\/td>\n<\/tr>\n<\/tbody>\n<\/table>\n<!-- #tablepress-21 from cache --><\/div>\n<\/div>\n<div><\/div>\n<div class=\"woocb\"><a class=\"wocb\" href=\"http:\/\/www.beiaole.com\/wp-content\/uploads\/2025\/08\/d2.3.2.pdf\" target=\"_blank\" rel=\"noopener\">forma<\/a><\/div>\n<div><\/div>\n<p><img loading=\"lazy\" decoding=\"async\" class=\"aligncenter wp-image-17241 size-large\" src=\"http:\/\/www.beiaole.com\/wp-content\/uploads\/2025\/08\/x2.3-1024x344.jpg\" alt=\"KTJ Cabinet Fan Series-q1\" width=\"1024\" height=\"344\" data-no-translation=\"\" \/><\/p>","protected":false},"excerpt":{"rendered":"<ul>\n<li>\n<h2>Integrato\u202fCabinet\u202fe\u202fDutto\u202fDesign:<\/h2>\n<p>\u202fMinimizza\u202fturbolenza\u202fe\u202fvibrazione\u202fper\u202fun\u202fflower\u202ffine,\u202fpotente\u202f.<\/li>\n<li>\n<h2>Motore di risparmio energetico: in rame:<\/h2>\n<p>\u202fAlta\u2011efficienza\u202fmotore\u202fe\u202fpalla\u202fCorsante\u202fFornire\u202fbasso\u2011rumore,\u202foperazione\u2011lunga\u2011vita\u202f.<\/li>\n<li>\n<h2>Sistema integrato\u202fFiltrazione\u202f:<\/h2>\n<p>\u202fCattura\u202fpolvere,\u202fodori,\u202fe\u202ffine\u202fparticelle\u202fprima\u202faria\u202fre\u2011entra\u202fla\u202fstanza.<\/li>\n<li>\n<h2>Flessibile\u202fPerformance\u202frange:<\/h2>\n<p>\u202fconsegna\u202ftra\u202f<strong>2.000\u202fe\u202f6.100\u202fm\u00b3\/h<\/strong>\u202fdi\u202fflow Air\u202fcon\u202fstatico\u202fpressione\u202fup\u202fto\u202f460\u202fPa.<\/li>\n<li>\n<h2>Silenzioso\u202foperazione:<\/h2>\n<p>\u202fLivelli\u202fdi\u202fcome\u202fbasso\u202f come\u202f<strong>55\u202f\u2013\u202f68\u202fdB<\/strong>\u202fFai \u202fIdeale\u202fper\u202fsia\u202fCommerciali\u202fe\u202fIndustrial\u202fSettazioni.<\/li>\n<li>\n<h2>Costruzione interamente in metallo:<\/h2>\n<p>\u202fCabinet\u202fAlto\u2011Steel\u202fResistente\u202fCorrosione,\u202fPrepressione,\u202fe\u202fIndossare\u202fUso\u202fUso pesante.<\/li>\n<li>\n<h2>Semplice\u202fManutenzione:<\/h2>\n<p>\u202fPorta\u202fIspezione\u202fPorta\u202fper\u202ffiltro rapido\u202ffiltro\u202fmodifiche\u202fe\u202fservizio\u202fsenza\u202fsmontaggio.<\/li>\n<li>\n<h2>Durevole\u202fe\u202fAffidabile:<\/h2>\n<p>\u202fProgettato\u202fper\u202fdovere\u202fdotato\u202fin\u202fumido\u202fo\u202fpolveroso\u202fambiente.<\/li>\n<\/ul>\n<hr \/>","protected":false},"featured_media":4699,"comment_status":"open","ping_status":"closed","template":"","meta":{"_acf_changed":false},"product_brand":[],"product_cat":[66],"product_tag":[],"class_list":{"0":"post-4692","1":"product","2":"type-product","3":"status-publish","4":"has-post-thumbnail","6":"product_cat-cabinet-fan","8":"first","9":"instock","10":"taxable","11":"shipping-taxable","12":"purchasable","13":"product-type-variable","14":"has-default-attributes"},"acf":[],"_links":{"self":[{"href":"https:\/\/www.ecvents.com\/it\/wp-json\/wp\/v2\/product\/4692","targetHints":{"allow":["GET"]}}],"collection":[{"href":"https:\/\/www.ecvents.com\/it\/wp-json\/wp\/v2\/product"}],"about":[{"href":"https:\/\/www.ecvents.com\/it\/wp-json\/wp\/v2\/types\/product"}],"replies":[{"embeddable":true,"href":"https:\/\/www.ecvents.com\/it\/wp-json\/wp\/v2\/comments?post=4692"}],"wp:featuredmedia":[{"embeddable":true,"href":"https:\/\/www.ecvents.com\/it\/wp-json\/wp\/v2\/media\/4699"}],"wp:attachment":[{"href":"https:\/\/www.ecvents.com\/it\/wp-json\/wp\/v2\/media?parent=4692"}],"wp:term":[{"taxonomy":"product_brand","embeddable":true,"href":"https:\/\/www.ecvents.com\/it\/wp-json\/wp\/v2\/product_brand?post=4692"},{"taxonomy":"product_cat","embeddable":true,"href":"https:\/\/www.ecvents.com\/it\/wp-json\/wp\/v2\/product_cat?post=4692"},{"taxonomy":"product_tag","embeddable":true,"href":"https:\/\/www.ecvents.com\/it\/wp-json\/wp\/v2\/product_tag?post=4692"}],"curies":[{"name":"WP","href":"https:\/\/api.w.org\/{rel}","templated":true}]}}