{"id":4704,"date":"2026-03-19T06:03:40","date_gmt":"2026-03-19T11:03:40","guid":{"rendered":"https:\/\/www.ecvents.com\/?post_type=product&#038;p=4704"},"modified":"2026-03-19T06:04:04","modified_gmt":"2026-03-19T11:04:04","slug":"ventilatore-per-scatola-per-arma","status":"publish","type":"product","link":"https:\/\/www.ecvents.com\/it\/product\/ventilatore-per-scatola-per-arma\/","title":{"rendered":"Ventilatore per scatola per arma"},"content":{"rendered":"<div class=\"someee\">\n<h2><strong>flusso d'aria duro. tranquilla fiducia. Costruito per cucine reali.<\/strong><\/h2>\n<p>la\u00a0<strong>Cabinet\u202fBox\u202fVintatore<\/strong>\u00a0\u00e8 stato creato per le cucine che non rallentano mai\u202f\u2014\u202fdove calore, vapore e rumore fanno parte del ritmo quotidiano. \u00c8 un ventilatore costruito per durare, costruito per rimanere in silenzio e costruito per rendere la pulizia dell'aria una cosa in meno di cui preoccuparsi.<\/p>\n<p>Al suo interno c'\u00e8 a\u00a0<strong>Ruota a foglia di loto<\/strong>, rivestito con a\u00a0<strong>Nano\u202fanti-oleoli strati<\/strong>\u00a0che respinge grasso e accumulo. Questo design intelligente mantiene il flusso d'aria pulito e coerente, eliminando il rallentamento che deriva dai residui nel tempo. Il risultato \u00e8 chiaro, potente turno di prestazioni dopo turno, giorno dopo giorno.<\/p>\n<p>la\u00a0<strong>Sigillato\u202ftutto in rame\u202fmotore\u202fcon\u202fIP54\u202fprotezione<\/strong>\u00a0Sta forte contro calore, umidit\u00e0 e olio. \u00c8 resiliente, stabile e costruito per gestire il funzionamento non stop in ambienti difficili. L'alloggiamento \u00e8 ugualmente affidabile: un armadio in metallo di grosso spessore rivestito\u00a0<strong>Pannelli di fonoassorbente<\/strong>\u00a0Su entrambi i lati per mantenere il rumore comodamente basso, riducendo il ronzio di fondo in modo che le cucine rimangano concentrate senza distrazioni.<\/p>\n<p>La praticit\u00e0 \u00e8 integrata da ogni angolazione:\u00a0<strong>Doppia\u202fispezione\u202fPorte<\/strong>\u00a0Rendi la manutenzione rapida e semplice: senza strumenti, senza smontaggio.\u202f E quando arriva il momento della pulizia,\u00a0<strong>Drenaggi d'acqua integrati\u202folio\u202fe\u202facqua<\/strong>\u00a0Alla base, fai lavare senza sforzo, mantenendo il sistema pulito e pronto per la prossima corsa.<\/p>\n<p>Durevole, efficiente e progettato in modo intelligente, il ventilatore del mobile\u202fbox\u202ffunziona in silenzio, facendo esattamente ci\u00f2 di cui hai bisogno\u202f\u2014\u202fVentilando aria potente, schiarindo il fumo e mantenendo l'aria comoda e traspirante.<\/p>\n<\/div>\n<hr \/>\n<p>Dimensioni (unit\u00e0: mm):<\/p>\n<div class=\"scroll-table-wrapper\">\n<div class=\"scroll-table\">\n<table id=\"tablepress-22\" class=\"tablepress tablepress-id-22\">\n<thead>\n<tr class=\"row-1\">\n\t<th class=\"column-1\">modello<\/th><th class=\"column-2\">L<\/th><th class=\"column-3\">L1<\/th><th class=\"column-4\">W<\/th><th class=\"column-5\">w1<\/th><th class=\"column-6\">H<\/th><th class=\"column-7\">h1<\/th><th class=\"column-8\">d1<\/th><th class=\"column-9\">F<\/th><th class=\"column-10\">Dimensioni dell'uscita dell'aria<br \/>\n(AXB)<\/th><th class=\"column-11\">Dimensione della presa d'aria<br \/>\n(cxd)<\/th>\n<\/tr>\n<\/thead>\n<tbody class=\"row-striping row-hover\">\n<tr class=\"row-2\">\n\t<td class=\"column-1\">KTJ25-20DT<\/td><td class=\"column-2\">510<\/td><td class=\"column-3\">473<\/td><td class=\"column-4\">429<\/td><td class=\"column-5\">468<\/td><td class=\"column-6\">376<\/td><td class=\"column-7\">36<\/td><td class=\"column-8\">51<\/td><td class=\"column-9\">25<\/td><td class=\"column-10\">270x280<\/td><td class=\"column-11\">270x270<\/td>\n<\/tr>\n<tr class=\"row-3\">\n\t<td class=\"column-1\">KTJ25-31DT<\/td><td class=\"column-2\">580<\/td><td class=\"column-3\">543<\/td><td class=\"column-4\">500<\/td><td class=\"column-5\">540<\/td><td class=\"column-6\">376<\/td><td class=\"column-7\">36<\/td><td class=\"column-8\">51<\/td><td class=\"column-9\">25<\/td><td class=\"column-10\">300\u00d7280<\/td><td class=\"column-11\">335\u00d7312<\/td>\n<\/tr>\n<tr class=\"row-4\">\n\t<td class=\"column-1\">KTJ25-41DT<\/td><td class=\"column-2\">580<\/td><td class=\"column-3\">543<\/td><td class=\"column-4\">500<\/td><td class=\"column-5\">540<\/td><td class=\"column-6\">376<\/td><td class=\"column-7\">36<\/td><td class=\"column-8\">51<\/td><td class=\"column-9\">25<\/td><td class=\"column-10\">300x280<\/td><td class=\"column-11\">335x312<\/td>\n<\/tr>\n<\/tbody>\n<\/table>\n<!-- #tablepress-22 from cache --><\/div>\n<\/div>\n<div><\/div>\n<div class=\"woocb\"><a class=\"wocb\" href=\"http:\/\/www.beiaole.com\/wp-content\/uploads\/2025\/09\/d2.4.1.pdf\" target=\"_blank\" rel=\"noopener\">forma<\/a><\/div>\n<div><\/div>\n<p><img loading=\"lazy\" decoding=\"async\" class=\"aligncenter wp-image-16013 size-large\" src=\"http:\/\/www.beiaole.com\/wp-content\/uploads\/2025\/08\/s2.4-1024x756.png\" alt=\"Cabinet Box Fan-size\" width=\"1024\" height=\"756\" data-no-translation=\"\" \/><br \/>\nPrestazioni:<\/p>\n<div class=\"scroll-table-wrapper\">\n<div class=\"scroll-table\">\n<table id=\"tablepress-23\" class=\"tablepress tablepress-id-23\">\n<thead>\n<tr class=\"row-1\">\n\t<th class=\"column-1\">modello<\/th><th class=\"column-2\">tensione (V)<\/th><th class=\"column-3\">Frequenza(Hz)<\/th><th class=\"column-4\">marcia<\/th><th class=\"column-5\">Potenza(W)<\/th><th class=\"column-6\">Flusso d'aria(m\u00b3\/h)<\/th><th class=\"column-7\">Pressione statica(PA)<\/th><th class=\"column-8\">Rumore (dB)<\/th><th class=\"column-9\">N.M(kg)<\/th>\n<\/tr>\n<\/thead>\n<tbody class=\"row-striping row-hover\">\n<tr class=\"row-2\">\n\t<td class=\"column-1\">KTJ25-20DT<\/td><td class=\"column-2\">220<\/td><td class=\"column-3\">50<\/td><td class=\"column-4\">H\/L<\/td><td class=\"column-5\">470\/345<\/td><td class=\"column-6\">2000\/1600<\/td><td class=\"column-7\">395\/350<\/td><td class=\"column-8\">49\/46<\/td><td class=\"column-9\">20<\/td>\n<\/tr>\n<tr class=\"row-3\">\n\t<td class=\"column-1\">KTJ25-31DT<\/td><td class=\"column-2\">220<\/td><td class=\"column-3\">50<\/td><td class=\"column-4\">H\/L<\/td><td class=\"column-5\">480\/427<\/td><td class=\"column-6\">3000\/2600<\/td><td class=\"column-7\">410\/385<\/td><td class=\"column-8\">57\/54<\/td><td class=\"column-9\">24<\/td>\n<\/tr>\n<tr class=\"row-4\">\n\t<td class=\"column-1\">KTJ25-41DT<\/td><td class=\"column-2\">220<\/td><td class=\"column-3\">50<\/td><td class=\"column-4\">H\/L<\/td><td class=\"column-5\">510\/457<\/td><td class=\"column-6\">4000\/3600<\/td><td class=\"column-7\">445\/390<\/td><td class=\"column-8\">62\/60<\/td><td class=\"column-9\">25<\/td>\n<\/tr>\n<\/tbody>\n<\/table>\n<!-- #tablepress-23 from cache --><\/div>\n<\/div>\n<div><\/div>\n<div class=\"woocb\"><a class=\"wocb\" href=\"http:\/\/www.beiaole.com\/wp-content\/uploads\/2025\/09\/d2.4.2.pdf\" target=\"_blank\" rel=\"noopener\">forma<\/a><\/div>\n<div><\/div>\n<p><img loading=\"lazy\" decoding=\"async\" class=\"aligncenter wp-image-17245 size-large\" src=\"http:\/\/www.beiaole.com\/wp-content\/uploads\/2025\/08\/x2.4-1024x356.jpg\" alt=\"Cabinet Box Fan-q1\" width=\"1024\" height=\"356\" data-no-translation=\"\" \/><\/p>","protected":false},"excerpt":{"rendered":"<ul>\n<li>\n<h2>Rotella di ventola resistente al grasso:<\/h2>\n<p>\u202fLotus\u2011Leaf\u202fDesign\u202fcon\u202fNano\u2011Coating\u202fRepels\u202fOil\u202fBuildup,\u202fmantiene\u202fflow\u202fflow,\u202fand\u202friduce\u202fpulizia\u202ftempo.<\/li>\n<li>\n<h2>Motore sigillato\u202frame:<\/h2>\n<p>\u202fp54\u2011classificato\u202fmotore\u202fcorre\u202f silenziosamente\u202fe\u202fin modo affidabile\u202fin\u202fumidi,\u202foleati,\u202fo\u202falta\u2011temperatura\u202fcucina\u202fcondizioni.<\/li>\n<li>\n<h2>Potente\u202f Prestazioni:<\/h2>\n<p>\u202fflow air\u202fup\u202ffino a\u202f4.000\u202fm\u00b3\/h\u202fe\u202fstatic\u202fpressure\u202fup\u202fto\u202f445\u202fpa\u202fper\u202fcoerente\u202fventilazione\u202fin tutto\u202fvarie\u202fspazi.<\/li>\n<li>\n<h2>Funzionamento a basso rumore:<\/h2>\n<p>\u202fsound\u2011sound\u202fpanels\u202fon\u202fboth\u202fside\u202freduce\u202fnoise\u202fto\u202fas\u202fpoco\u202fas\u202f46\u202f\u2013\u202f62\u202fdb\u202fper\u202fa\u202fmore\u202fcomodo \u202fambiente.<\/li>\n<li>\n<h2>Facile\u202fManutenzione:<\/h2>\n<p>\u202fDual\u202fispezione\u202fporte\u202fconsenti\u202faccesso rapido\u202faccesso,\u202fe\u202fcostruito\u2011in\u202folio\u202fe\u202facqua\u202fDrains\u202fsemplifica\u202fpulisci.<\/li>\n<li>\n<h2>Durata della lunga vita:<\/h2>\n<p>\u202fTutto\u2011Metallo\u202fCostruzione\u202fResiste\u202fCorrosione,\u202fVibrazione,\u202fe\u202fFatigue\u202fPer\u202fcontinuo\u202fdocumento\u202fin\u202fCommercial\u202fSettaggi.<\/li>\n<li>\n<h2>Compatto\u202fbox\u202fDesign:<\/h2>\n<p>\u202fottimizzato\u202fper\u202fefficiente\u202fdistribuzione\u202faria\u202fmentre\u202fsi adatta\u202fin\u202fspazi stretti\u202fmeccanici\u202fmeccanici.<\/li>\n<\/ul>\n<hr \/>","protected":false},"featured_media":4730,"comment_status":"open","ping_status":"closed","template":"","meta":{"_acf_changed":false},"product_brand":[],"product_cat":[66],"product_tag":[],"class_list":{"0":"post-4704","1":"product","2":"type-product","3":"status-publish","4":"has-post-thumbnail","6":"product_cat-cabinet-fan","8":"first","9":"instock","10":"taxable","11":"shipping-taxable","12":"purchasable","13":"product-type-variable","14":"has-default-attributes"},"acf":[],"_links":{"self":[{"href":"https:\/\/www.ecvents.com\/it\/wp-json\/wp\/v2\/product\/4704","targetHints":{"allow":["GET"]}}],"collection":[{"href":"https:\/\/www.ecvents.com\/it\/wp-json\/wp\/v2\/product"}],"about":[{"href":"https:\/\/www.ecvents.com\/it\/wp-json\/wp\/v2\/types\/product"}],"replies":[{"embeddable":true,"href":"https:\/\/www.ecvents.com\/it\/wp-json\/wp\/v2\/comments?post=4704"}],"wp:featuredmedia":[{"embeddable":true,"href":"https:\/\/www.ecvents.com\/it\/wp-json\/wp\/v2\/media\/4730"}],"wp:attachment":[{"href":"https:\/\/www.ecvents.com\/it\/wp-json\/wp\/v2\/media?parent=4704"}],"wp:term":[{"taxonomy":"product_brand","embeddable":true,"href":"https:\/\/www.ecvents.com\/it\/wp-json\/wp\/v2\/product_brand?post=4704"},{"taxonomy":"product_cat","embeddable":true,"href":"https:\/\/www.ecvents.com\/it\/wp-json\/wp\/v2\/product_cat?post=4704"},{"taxonomy":"product_tag","embeddable":true,"href":"https:\/\/www.ecvents.com\/it\/wp-json\/wp\/v2\/product_tag?post=4704"}],"curies":[{"name":"WP","href":"https:\/\/api.w.org\/{rel}","templated":true}]}}