{"id":4726,"date":"2026-03-19T06:03:43","date_gmt":"2026-03-19T11:03:43","guid":{"rendered":"https:\/\/www.ecvents.com\/?post_type=product&#038;p=4726"},"modified":"2026-03-19T06:04:31","modified_gmt":"2026-03-19T11:04:31","slug":"1-a-2-ventola-in-linea-sottile","status":"publish","type":"product","link":"https:\/\/www.ecvents.com\/it\/product\/1-a-2-ventola-in-linea-sottile\/","title":{"rendered":"1 a 2 ventola in linea sottile"},"content":{"rendered":"<div class=\"someee\">\n<h2><strong>Forza compatta. Funzionamento silenzioso. Costruito per spazi ristretti.<\/strong><\/h2>\n<p>la\u00a0<strong>1\u202fto\u202f2\u202fsmalissimo\u202fin linea\u202ffan<\/strong>\u00a0\u00e8 fatto per gli spazi in cui il flusso d'aria \u00e8 fondamentale ma ogni centimetro conta. Con il suo profilo sottile, si adatta facilmente a soffitti, condotti stretti o installazioni compatte, pur offrendo il tipo di flusso d'aria costante e ad alta pressione necessario per mantenere l'aria in movimento uniforme e silenziosa attraverso lunghe corse.<\/p>\n<p>Dentro, un\u00a0<strong>Motore per tutto il rame<\/strong>\u00a0Abbinato a\u00a0<strong>Cuscinetti di alta qualit\u00e0<\/strong>\u00a0Garantisce prestazioni fluide e a bassa vibrazione durante il funzionamento continuo. Il design integrato, in cui l'armadio e il condotto dell'aria formano un'unica unit\u00e0 aerodinamica, migliora la stabilit\u00e0, riduce il rumore meccanico e mantiene un flusso d'aria efficiente in ogni utilizzo.<\/p>\n<p>racchiuso\u00a0<strong>Acciaio di alta qualit\u00e0<\/strong>, l'alloggiamento sembra solido e costruito per durare. Resistente alla ruggine, agli urti e alla deformazione, resiste a un uso intenso in ambienti difficili, dai soffitti degli appartamenti alle officine o alle grow room. Nonostante la costruzione robusta, rimane compatto, facile da installare ed eccezionalmente silenzioso.<\/p>\n<p>Con pi\u00f9 dimensioni e impostazioni ad alta\/bassa velocit\u00e0, il ventilatore 1\u202fto\u202f2\u202fsottile\u202finline\u202fin linea\u202f si adatta perfettamente a qualsiasi rete di ventilazione. Pu\u00f2 funzionare come una soluzione autonoma per stanze pi\u00f9 piccole o lavorare in tandem con altri ventilatori per sistemi pi\u00f9 grandi e complessi. Non importa dove si trova, si comporta in modo silenzioso, offrendo un flusso d'aria forte e coerente che mantiene ogni spazio equilibrato e fresco.<\/p>\n<\/div>\n<hr \/>\n<p>Dimensioni (unit\u00e0: mm):<\/p>\n<div class=\"scroll-table-wrapper\">\n<div class=\"scroll-table\">\n<table id=\"tablepress-32\" class=\"tablepress tablepress-id-32\">\n<thead>\n<tr class=\"row-1\">\n\t<th class=\"column-1\">modello<\/th><th class=\"column-2\">L<\/th><th class=\"column-3\">L1<\/th><th class=\"column-4\">l2<\/th><th class=\"column-5\">W<\/th><th class=\"column-6\">w1<\/th><th class=\"column-7\">H<\/th><th class=\"column-8\">h1<\/th><th class=\"column-9\">D<\/th>\n<\/tr>\n<\/thead>\n<tbody class=\"row-striping row-hover\">\n<tr class=\"row-2\">\n\t<td class=\"column-1\">DPT07-12H(1T2)<\/td><td class=\"column-2\">406<\/td><td class=\"column-3\">300<\/td><td class=\"column-4\">198<\/td><td class=\"column-5\">300<\/td><td class=\"column-6\">340<\/td><td class=\"column-7\">85<\/td><td class=\"column-8\">15<\/td><td class=\"column-9\">\u03c665<\/td>\n<\/tr>\n<tr class=\"row-3\">\n\t<td class=\"column-1\">DPT10-24H(1T2)<\/td><td class=\"column-2\">580<\/td><td class=\"column-3\">403<\/td><td class=\"column-4\">300<\/td><td class=\"column-5\">400<\/td><td class=\"column-6\">437<\/td><td class=\"column-7\">121<\/td><td class=\"column-8\">30<\/td><td class=\"column-9\">\u03c6100<\/td>\n<\/tr>\n<tr class=\"row-4\">\n\t<td class=\"column-1\">DPT15-34H(1T2)<\/td><td class=\"column-2\">551<\/td><td class=\"column-3\">403<\/td><td class=\"column-4\">300<\/td><td class=\"column-5\">400<\/td><td class=\"column-6\">437<\/td><td class=\"column-7\">196<\/td><td class=\"column-8\">30<\/td><td class=\"column-9\">\u03c6150<\/td>\n<\/tr>\n<tr class=\"row-5\">\n\t<td class=\"column-1\">DPT15-45H(1T2)<\/td><td class=\"column-2\">551<\/td><td class=\"column-3\">403<\/td><td class=\"column-4\">300<\/td><td class=\"column-5\">400<\/td><td class=\"column-6\">437<\/td><td class=\"column-7\">196<\/td><td class=\"column-8\">30<\/td><td class=\"column-9\">\u03c6150<\/td>\n<\/tr>\n<\/tbody>\n<\/table>\n<!-- #tablepress-32 from cache --><\/div>\n<\/div>\n<div><\/div>\n<div class=\"woocb\"><a class=\"wocb\" href=\"http:\/\/www.beiaole.com\/wp-content\/uploads\/2025\/09\/d3.5.1.pdf\" target=\"_blank\" rel=\"noopener\">forma<\/a><\/div>\n<div><\/div>\n<p><img loading=\"lazy\" decoding=\"async\" class=\"aligncenter wp-image-16569 size-large\" src=\"http:\/\/www.beiaole.com\/wp-content\/uploads\/2025\/08\/s3.5-1024x489.png\" alt=\"1 to 2 Slim Inline Fan-size\" width=\"1024\" height=\"489\" data-no-translation=\"\" \/><br \/>\nPrestazioni:<\/p>\n<div class=\"scroll-table-wrapper\">\n<div class=\"scroll-table\">\n<table id=\"tablepress-33\" class=\"tablepress tablepress-id-33\">\n<thead>\n<tr class=\"row-1\">\n\t<th class=\"column-1\">modello<\/th><th class=\"column-2\">tensione (V)<\/th><th class=\"column-3\">Frequenza(Hz)<\/th><th class=\"column-4\">marcia<\/th><th class=\"column-5\">Potenza(W)<\/th><th class=\"column-6\">Flusso d'aria(m\u00b3\/h)<\/th><th class=\"column-7\">Pressione statica(PA)<\/th><th class=\"column-8\">Rumore (dB)<\/th><th class=\"column-9\">Dimensione del condotto (mm)<\/th><th class=\"column-10\">Area di applicazione(m\u00b2)<\/th><th class=\"column-11\">N.M(kg)<\/th>\n<\/tr>\n<\/thead>\n<tbody class=\"row-striping row-hover\">\n<tr class=\"row-2\">\n\t<td class=\"column-1\">DPT07-12H(1T2)<\/td><td class=\"column-2\">220<\/td><td class=\"column-3\">50<\/td><td class=\"column-4\">H\/L<\/td><td class=\"column-5\">25\/18<\/td><td class=\"column-6\">110\/80<\/td><td class=\"column-7\">155<\/td><td class=\"column-8\">20<\/td><td class=\"column-9\">\u03c675<\/td><td class=\"column-10\">5-10<\/td><td class=\"column-11\">5.0<\/td>\n<\/tr>\n<tr class=\"row-3\">\n\t<td class=\"column-1\">DPT10-24H(1T2)<\/td><td class=\"column-2\">220<\/td><td class=\"column-3\">50<\/td><td class=\"column-4\">H\/L<\/td><td class=\"column-5\">48\/38<\/td><td class=\"column-6\">230\/180<\/td><td class=\"column-7\">160<\/td><td class=\"column-8\">25<\/td><td class=\"column-9\">\u03c6100<\/td><td class=\"column-10\">8-15<\/td><td class=\"column-11\">6.5<\/td>\n<\/tr>\n<tr class=\"row-4\">\n\t<td class=\"column-1\">DPT15-34H(1T2)<\/td><td class=\"column-2\">220<\/td><td class=\"column-3\">50<\/td><td class=\"column-4\">H\/L<\/td><td class=\"column-5\">60\/45<\/td><td class=\"column-6\">350\/250<\/td><td class=\"column-7\">220<\/td><td class=\"column-8\">30<\/td><td class=\"column-9\">\u03c6150<\/td><td class=\"column-10\">20-25<\/td><td class=\"column-11\">8.4<\/td>\n<\/tr>\n<tr class=\"row-5\">\n\t<td class=\"column-1\">DPT15-45H(1T2)<\/td><td class=\"column-2\">220<\/td><td class=\"column-3\">50<\/td><td class=\"column-4\">H\/L<\/td><td class=\"column-5\">84\/78<\/td><td class=\"column-6\">500\/420<\/td><td class=\"column-7\">260<\/td><td class=\"column-8\">34<\/td><td class=\"column-9\">\u03c6150<\/td><td class=\"column-10\">25-30<\/td><td class=\"column-11\">8.8<\/td>\n<\/tr>\n<\/tbody>\n<\/table>\n<!-- #tablepress-33 from cache --><\/div>\n<\/div>\n<div><\/div>\n<div class=\"woocb\"><a class=\"wocb\" href=\"http:\/\/www.beiaole.com\/wp-content\/uploads\/2025\/09\/d3.5.2.pdf\" target=\"_blank\" rel=\"noopener\">forma<\/a><\/div>\n<div><\/div>\n<p><img loading=\"lazy\" decoding=\"async\" class=\"aligncenter wp-image-17265 size-large\" src=\"http:\/\/www.beiaole.com\/wp-content\/uploads\/2025\/08\/x3.5-1024x307.jpg\" alt=\"1 to 2 Slim Inline Fan-q1\" width=\"1024\" height=\"307\" data-no-translation=\"\" \/><\/p>","protected":false},"excerpt":{"rendered":"<ul>\n<li>\n<h2>Slim\u202fe\u202fCompatto\u202fDesign:<\/h2>\n<p>\u202fSi adatta facilmente a\u202finstallazioni\u202fai\u202faderenti\u202fe\u202fsoffitto\u202finstallazioni\u202fsenza\u202fsacrificare\u202fpower\u202fo\u202fflow d'aria.<\/li>\n<li>\n<h2>Motore ad alta efficienza\u202frame:<\/h2>\n<p>\u202fDesign\u202fenergy\u2011saving\u202fdesign\u202fcorrere\u202fsmoothy\u202fe\u202ftremoremente\u202funder\u202fcontinuo\u202fuse.<\/li>\n<li>\n<h2>Cuscinetto a sfera\u202f Stabilit\u00e0:<\/h2>\n<p>\u202fPrecisione\u2011Integrazione\u202fCercazione\u202fAssicura\u202f Operazione\u202flungo termine\u202fcon\u202fmanutenzione minima.<\/li>\n<li>\n<h2>Durevole\u202fCostruzione di metallo\u202f:<\/h2>\n<p>\u202fDuty\u202fDuty\u202fHousing\u202fResist\u202fDeformazione,\u202fVibrazione,\u202fe\u202fCorrosione\u202fper\u202findustriale\u202fo\u202fresidenziale\u202f.<\/li>\n<li>\n<h2>Forte\u202fAria\u202f Prestazioni:<\/h2>\n<p>\u202fflow Air\u202fda\u202f110\u202fto\u202f500\u202fm\u00b3\/h\u202fe\u202fpressione\u202fup\u202fto\u202f260\u202fpa\u202fper\u202fstampato,\u202flunga\u2011distanza\u202fventilazione.<\/li>\n<li>\n<h2>Silenzioso\u202foperazione:<\/h2>\n<p>\u202fLivelli\u202fLivelli\u202fas\u202fBasso\u202fA\u202f20\u202f\u2013\u202f34\u202fDB\u202fMantieni\u202fAmbienti\u202fCuori\u202fe\u202fDistrazione\u2011libero.<\/li>\n<li>\n<h2>Flessibile\u202fIntegrazione:<\/h2>\n<p>\u202fopera\u202falone\u202for\u202fin\u202fserie\u202fcon\u202fmultipli\u202ffan\u202fto\u202fboost\u202fventilazione\u202fperformance.<\/li>\n<li>\n<h2>Bassa\u202fEnergia\u202fUso:<\/h2>\n<p>\u202fconsuma\u202f25\u202f\u2013\u202f84\u202fw,\u202foffrire\u202fflow \u202fflow Air\u202fsenza\u202fspreco\u202felettricit\u00e0.<\/li>\n<\/ul>\n<hr \/>","protected":false},"featured_media":4734,"comment_status":"open","ping_status":"closed","template":"","meta":{"_acf_changed":false},"product_brand":[],"product_cat":[27],"product_tag":[],"class_list":{"0":"post-4726","1":"product","2":"type-product","3":"status-publish","4":"has-post-thumbnail","6":"product_cat-inline-duct-fan","8":"first","9":"instock","10":"taxable","11":"shipping-taxable","12":"purchasable","13":"product-type-variable","14":"has-default-attributes"},"acf":[],"_links":{"self":[{"href":"https:\/\/www.ecvents.com\/it\/wp-json\/wp\/v2\/product\/4726","targetHints":{"allow":["GET"]}}],"collection":[{"href":"https:\/\/www.ecvents.com\/it\/wp-json\/wp\/v2\/product"}],"about":[{"href":"https:\/\/www.ecvents.com\/it\/wp-json\/wp\/v2\/types\/product"}],"replies":[{"embeddable":true,"href":"https:\/\/www.ecvents.com\/it\/wp-json\/wp\/v2\/comments?post=4726"}],"wp:featuredmedia":[{"embeddable":true,"href":"https:\/\/www.ecvents.com\/it\/wp-json\/wp\/v2\/media\/4734"}],"wp:attachment":[{"href":"https:\/\/www.ecvents.com\/it\/wp-json\/wp\/v2\/media?parent=4726"}],"wp:term":[{"taxonomy":"product_brand","embeddable":true,"href":"https:\/\/www.ecvents.com\/it\/wp-json\/wp\/v2\/product_brand?post=4726"},{"taxonomy":"product_cat","embeddable":true,"href":"https:\/\/www.ecvents.com\/it\/wp-json\/wp\/v2\/product_cat?post=4726"},{"taxonomy":"product_tag","embeddable":true,"href":"https:\/\/www.ecvents.com\/it\/wp-json\/wp\/v2\/product_tag?post=4726"}],"curies":[{"name":"WP","href":"https:\/\/api.w.org\/{rel}","templated":true}]}}