{"id":4744,"date":"2026-03-19T06:04:08","date_gmt":"2026-03-19T11:04:08","guid":{"rendered":"https:\/\/www.ecvents.com\/?post_type=product&#038;p=4744"},"modified":"2026-03-19T06:04:31","modified_gmt":"2026-03-19T11:04:31","slug":"ventilatore-in-linea-a-flusso-misto","status":"publish","type":"product","link":"https:\/\/www.ecvents.com\/it\/product\/ventilatore-in-linea-a-flusso-misto\/","title":{"rendered":"Ventilatore in linea a flusso misto"},"content":{"rendered":"<div class=\"someee\">\n<h2><strong>Flusso forte. Stabilit\u00e0 tranquilla. Costruito per il movimento continuo dell'aria.<\/strong><\/h2>\n<p>la\u00a0<strong>Flusso misto\u202fFan<\/strong>\u00a0\u00e8 il tipo di attrezzatura che installi una volta e non ci rifletti di nuovo, non perch\u00e9 sia normale, ma perch\u00e9 funziona semplicemente. Giorno dopo giorno, mantiene l'aria che circola in modo silenzioso ed efficiente attraverso lunghi condotti, mantenendo una ventilazione equilibrata ovunque sia necessaria.<\/p>\n<p>Al suo interno si trova un\u00a0<strong>Motore per tutto il rame<\/strong>\u00a0di\u00a0<strong>Cuscinetti di alta qualit\u00e0<\/strong>, progettato per un'affidabilit\u00e0 fluida e silenziosa in anni di funzionamento continuo. L'alloggiamento integrato del motore e la struttura del condotto dell'aria assicurano che l'aria si muova senza interruzioni senza turbolenze, vibrazioni o rumore extra, consentendo una pressione costante e un flusso forte anche su distanze estese.<\/p>\n<p>costruito per la resistenza, il suo\u00a0<strong>Corpo interamente in metallo<\/strong>\u00a0\u00c8 realizzato in acciaio di precisione, che rimane rigido e privo di ruggine anche in condizioni difficili. la\u00a0<strong>Design compatto\u202fflow\u202fflow\u202f<\/strong>\u00a0Unisce i punti di forza del flusso d'aria assiale e centrifugo: ad alta pressione, consegna a lunga distanza e basso rumore in un'unica forma aerodinamica.<\/p>\n<p>Flessibile nell'uso e nell'installazione, il ventilatore misto\u202fflow\u202finline\u202f si adatta a tutto, dalle case e dagli uffici alle sale per la crescita, le officine e i sistemi industriali. Le dimensioni di modelli multiple ti consentono di trovare la corrispondenza perfetta per la configurazione del tuo condotto o combinare le unit\u00e0 per una maggiore portata e prestazioni.<\/p>\n<p>Affidabile, silenzioso ed efficiente, questa ventola funziona fedelmente dietro le quinte, mantenendo la tua aria pulita, i tuoi sistemi efficienti e il tuo ambiente equilibrato senza problemi o manutenzione.<\/p>\n<\/div>\n<hr \/>\n<p>Dimensioni (unit\u00e0: mm):<\/p>\n<div class=\"scroll-table-wrapper\">\n<div class=\"scroll-table\">\n<table id=\"tablepress-48\" class=\"tablepress tablepress-id-48\">\n<thead>\n<tr class=\"row-1\">\n\t<th class=\"column-1\">modello<\/th><th class=\"column-2\">L<\/th><th class=\"column-3\">W<\/th><th class=\"column-4\">H<\/th><th class=\"column-5\">E<\/th>\n<\/tr>\n<\/thead>\n<tbody class=\"row-striping row-hover\">\n<tr class=\"row-2\">\n\t<td class=\"column-1\">DPT-100P<\/td><td class=\"column-2\">257<\/td><td class=\"column-3\">180<\/td><td class=\"column-4\">215<\/td><td class=\"column-5\">\u03c699<\/td>\n<\/tr>\n<tr class=\"row-3\">\n\t<td class=\"column-1\">DPT-150P<\/td><td class=\"column-2\">302<\/td><td class=\"column-3\">210<\/td><td class=\"column-4\">245<\/td><td class=\"column-5\">\u03c6148<\/td>\n<\/tr>\n<tr class=\"row-4\">\n\t<td class=\"column-1\">DPT-200P<\/td><td class=\"column-2\">302<\/td><td class=\"column-3\">230<\/td><td class=\"column-4\">270<\/td><td class=\"column-5\">\u03c6198<\/td>\n<\/tr>\n<tr class=\"row-5\">\n\t<td class=\"column-1\">DPT-250P<\/td><td class=\"column-2\">390<\/td><td class=\"column-3\">280<\/td><td class=\"column-4\">310<\/td><td class=\"column-5\">\u03c6248<\/td>\n<\/tr>\n<tr class=\"row-6\">\n\t<td class=\"column-1\">DPT-315P<\/td><td class=\"column-2\">450<\/td><td class=\"column-3\">320<\/td><td class=\"column-4\">413<\/td><td class=\"column-5\">\u03c6313<\/td>\n<\/tr>\n<\/tbody>\n<\/table>\n<!-- #tablepress-48 from cache --><\/div>\n<\/div>\n<div><\/div>\n<div class=\"woocb\"><a class=\"wocb\" href=\"http:\/\/www.beiaole.com\/wp-content\/uploads\/2025\/09\/d3.13.1.pdf\" target=\"_blank\" rel=\"noopener\">forma<\/a><\/div>\n<div><\/div>\n<p>&nbsp;<\/p>\n<p>Prestazioni:<\/p>\n<div class=\"scroll-table-wrapper\">\n<div class=\"scroll-table\">\n<table id=\"tablepress-49\" class=\"tablepress tablepress-id-49 tbody-has-connected-cells\">\n<thead>\n<tr class=\"row-1\">\n\t<th class=\"column-1\">modello<\/th><th class=\"column-2\">tensione (V)<\/th><th class=\"column-3\">Frequenza(Hz)<\/th><th class=\"column-4\">marcia<\/th><th class=\"column-5\">Potenza(W)<\/th><th class=\"column-6\">Flusso d'aria(m\u00b3\/h)<\/th><th class=\"column-7\">Pressione statica(PA)<\/th><th class=\"column-8\">Velocit\u00e0 (rpm)<\/th><th class=\"column-9\">Rumore (dB)<\/th><th class=\"column-10\">N.W(kg)<\/th><th class=\"column-11\">Dimensione del condotto (mm)<\/th><th class=\"column-12\">scatola\/pezzo<\/th>\n<\/tr>\n<\/thead>\n<tbody class=\"row-striping row-hover\">\n<tr class=\"row-2\">\n\t<td rowspan=\"2\" class=\"column-1\">DPT-100P<\/td><td rowspan=\"2\" class=\"column-2\">220<\/td><td rowspan=\"2\" class=\"column-3\">50<\/td><td class=\"column-4\">alto<\/td><td class=\"column-5\">40<\/td><td class=\"column-6\">204<\/td><td class=\"column-7\">132<\/td><td class=\"column-8\">2400<\/td><td class=\"column-9\">31<\/td><td rowspan=\"2\" class=\"column-10\">1.55<\/td><td rowspan=\"2\" class=\"column-11\">\u03c6100<\/td><td rowspan=\"2\" class=\"column-12\">6<\/td>\n<\/tr>\n<tr class=\"row-3\">\n\t<td class=\"column-4\">volgare<\/td><td class=\"column-5\">30<\/td><td class=\"column-6\">160<\/td><td class=\"column-7\">106<\/td><td class=\"column-8\">1950<\/td><td class=\"column-9\">26<\/td>\n<\/tr>\n<tr class=\"row-4\">\n\t<td rowspan=\"2\" class=\"column-1\">DPT-150P<\/td><td rowspan=\"2\" class=\"column-2\">220<\/td><td rowspan=\"2\" class=\"column-3\">50<\/td><td class=\"column-4\">alto<\/td><td class=\"column-5\">60<\/td><td class=\"column-6\">450<\/td><td class=\"column-7\">280<\/td><td class=\"column-8\">2590<\/td><td class=\"column-9\">33<\/td><td rowspan=\"2\" class=\"column-10\">2.5<\/td><td rowspan=\"2\" class=\"column-11\">\u03c6150<\/td><td rowspan=\"2\" class=\"column-12\">6<\/td>\n<\/tr>\n<tr class=\"row-5\">\n\t<td class=\"column-4\">volgare<\/td><td class=\"column-5\">48<\/td><td class=\"column-6\">360<\/td><td class=\"column-7\">240<\/td><td class=\"column-8\">1950<\/td><td class=\"column-9\">29<\/td>\n<\/tr>\n<tr class=\"row-6\">\n\t<td rowspan=\"2\" class=\"column-1\">DPT-200P<\/td><td rowspan=\"2\" class=\"column-2\">220<\/td><td rowspan=\"2\" class=\"column-3\">50<\/td><td class=\"column-4\">alto<\/td><td class=\"column-5\">145<\/td><td class=\"column-6\">840<\/td><td class=\"column-7\">350<\/td><td class=\"column-8\">2490<\/td><td class=\"column-9\">63<\/td><td rowspan=\"2\" class=\"column-10\">3.1<\/td><td rowspan=\"2\" class=\"column-11\">\u03c6200<\/td><td rowspan=\"2\" class=\"column-12\">6<\/td>\n<\/tr>\n<tr class=\"row-7\">\n\t<td class=\"column-4\">volgare<\/td><td class=\"column-5\">125<\/td><td class=\"column-6\">690<\/td><td class=\"column-7\">270<\/td><td class=\"column-8\">1980<\/td><td class=\"column-9\">55<\/td>\n<\/tr>\n<tr class=\"row-8\">\n\t<td class=\"column-1\">DPT-250P<\/td><td class=\"column-2\">220<\/td><td class=\"column-3\">50<\/td><td class=\"column-4\">\/<\/td><td class=\"column-5\">230<\/td><td class=\"column-6\">1400<\/td><td class=\"column-7\">489<\/td><td class=\"column-8\">2450<\/td><td class=\"column-9\">66<\/td><td class=\"column-10\">7.5<\/td><td class=\"column-11\">\u03c6250<\/td><td class=\"column-12\">1<\/td>\n<\/tr>\n<tr class=\"row-9\">\n\t<td class=\"column-1\">DPT-315P<\/td><td class=\"column-2\">220<\/td><td class=\"column-3\">50<\/td><td class=\"column-4\">\/<\/td><td class=\"column-5\">360<\/td><td class=\"column-6\">2200<\/td><td class=\"column-7\">690<\/td><td class=\"column-8\">2350<\/td><td class=\"column-9\">69<\/td><td class=\"column-10\">10.4<\/td><td class=\"column-11\">\u03c6315<\/td><td class=\"column-12\">1<\/td>\n<\/tr>\n<\/tbody>\n<\/table>\n<!-- #tablepress-49 from cache --><\/div>\n<\/div>\n<div><\/div>\n<div class=\"woocb\"><a class=\"wocb\" href=\"http:\/\/www.beiaole.com\/wp-content\/uploads\/2025\/09\/d3.13.2.pdf\" target=\"_blank\" rel=\"noopener\">forma<\/a><\/div>\n<div><\/div>\n<p><img loading=\"lazy\" decoding=\"async\" class=\"aligncenter wp-image-17281 size-large\" src=\"http:\/\/www.beiaole.com\/wp-content\/uploads\/2025\/08\/x3.13-1024x948.jpg\" alt=\"Mixed Flow Inline Fan-q1\" width=\"1024\" height=\"948\" data-no-translation=\"\" \/><\/p>","protected":false},"excerpt":{"rendered":"<ul>\n<li>\n<h2>Tecnologia a flusso misto:<\/h2>\n<p>\u202fcombina\u202fassiale\u202fe\u202fdisegno centrifugo\u202fdisegna\u202fto\u202fconsegna\u202fsia\u202falta\u202fpressione\u202fe\u202flunga\u202ffflusso d'aria\u202fdistanza.<\/li>\n<li>\n<h2>Motore di risparmio energetico:<\/h2>\n<p>\u202fTutto\u2011Copper\u202fCore\u202fcon\u202fprecisione\u202fBall\u202fCente\u202fAssicura\u202fSmusso,\u202fBasso\u2011rumore\u202fPerformance\u202fper\u202fanni\u202fdi\u202fuso.<\/li>\n<li>\n<h2>Costruzione interamente in metallo:<\/h2>\n<p>\u202fDuty\u202fDuty\u202fSteel\u202fshell\u202fsi resiste\u202f Corrosione\u202fe\u202fDeformazione,\u202fAdatta\u202fper\u202findustriale\u202fe\u202fresidenziale\u202fSettazioni.<\/li>\n<li>\n<h2>Flusso d'aria forte:<\/h2>\n<p>\u202fair\u202fvolume\u202frange\u202fda\u202f204\u202fa\u202f2.200\u202fm\u00b3\/h\u202fe\u202fstatico\u202fpressione\u202fup\u202fto\u202f690\u202fPA\u202fforni\u202feccezionale\u202fcopertura.<\/li>\n<li>\n<h2>Silenzioso\u202foperazione:<\/h2>\n<p>\u202fBilanciato\u202fImpeller\u202fDesign\u202fmantiene\u202fNoise\u202fas\u202flow\u202fas\u202f26\u202f\u2013\u202f69\u202fdB\u202fDipendente\u202fsu\u202fModello\u202fe\u202fVelocit\u00e0.<\/li>\n<li>\n<h2>Compatto\u202fe\u202faffidabile:<\/h2>\n<p>\u202fintegrato\u202fmotore,\u202fimpeller,\u202fe\u202fduct\u202fsystem\u202fmantieni\u202fstabilit\u00e0\u202fe\u202friduce\u202fpressione\u202fperdita.<\/li>\n<li>\n<h2>Installazione flessibile:<\/h2>\n<p>\u202fdisponibile\u202fin\u202fduct \u202fdimensioni\u202fda\u202f\u03c6100\u202fto\u202f\u03c6315\u202fmm\u202fper\u202fcase,\u202fcrescite\u202faree,\u202fe\u202findustriale\u202fventilazione.<\/li>\n<li>\n<h2>Bassa\u202fManutenzione:<\/h2>\n<p>\u202fstruttura\u202fstrutturata\u202fper\u202finstallazione rapida\u202fe\u202ffacile\u202fpulizia\u202foltre\u202flunga\u202fservizio\u202fvita.<\/li>\n<\/ul>\n<hr \/>","protected":false},"featured_media":4765,"comment_status":"open","ping_status":"closed","template":"","meta":{"_acf_changed":false},"product_brand":[],"product_cat":[27],"product_tag":[],"class_list":{"0":"post-4744","1":"product","2":"type-product","3":"status-publish","4":"has-post-thumbnail","6":"product_cat-inline-duct-fan","8":"first","9":"instock","10":"taxable","11":"shipping-taxable","12":"purchasable","13":"product-type-variable","14":"has-default-attributes"},"acf":[],"_links":{"self":[{"href":"https:\/\/www.ecvents.com\/it\/wp-json\/wp\/v2\/product\/4744","targetHints":{"allow":["GET"]}}],"collection":[{"href":"https:\/\/www.ecvents.com\/it\/wp-json\/wp\/v2\/product"}],"about":[{"href":"https:\/\/www.ecvents.com\/it\/wp-json\/wp\/v2\/types\/product"}],"replies":[{"embeddable":true,"href":"https:\/\/www.ecvents.com\/it\/wp-json\/wp\/v2\/comments?post=4744"}],"wp:featuredmedia":[{"embeddable":true,"href":"https:\/\/www.ecvents.com\/it\/wp-json\/wp\/v2\/media\/4765"}],"wp:attachment":[{"href":"https:\/\/www.ecvents.com\/it\/wp-json\/wp\/v2\/media?parent=4744"}],"wp:term":[{"taxonomy":"product_brand","embeddable":true,"href":"https:\/\/www.ecvents.com\/it\/wp-json\/wp\/v2\/product_brand?post=4744"},{"taxonomy":"product_cat","embeddable":true,"href":"https:\/\/www.ecvents.com\/it\/wp-json\/wp\/v2\/product_cat?post=4744"},{"taxonomy":"product_tag","embeddable":true,"href":"https:\/\/www.ecvents.com\/it\/wp-json\/wp\/v2\/product_tag?post=4744"}],"curies":[{"name":"WP","href":"https:\/\/api.w.org\/{rel}","templated":true}]}}