{"id":4776,"date":"2026-03-19T06:04:35","date_gmt":"2026-03-19T11:04:35","guid":{"rendered":"https:\/\/www.ecvents.com\/?post_type=product&#038;p=4776"},"modified":"2026-03-19T06:05:00","modified_gmt":"2026-03-19T11:05:00","slug":"ventilatore-di-scarico-a-soffitto","status":"publish","type":"product","link":"https:\/\/www.ecvents.com\/it\/product\/ventilatore-di-scarico-a-soffitto\/","title":{"rendered":"Ventilatore di scarico a soffitto"},"content":{"rendered":"<div class=\"someee\">\n<h2><strong>Freschezza tranquilla. Design affidabile. Costruito per il comfort dell'aria di tutti i giorni.<\/strong><\/h2>\n<p>la\u00a0<strong>Soffitto\u202fVantaggio di scarico\u202f<\/strong>\u00a0\u00c8 uno di quei dettagli silenziosi che rendono una stanza immediatamente pi\u00f9 confortevole. Rimuove l'umidit\u00e0, gli odori e l'aria viziata con un flusso d'aria fluido ed efficiente, lasciando dietro di s\u00e9 un comfort fresco e traspirante che puoi sentire ma a malapena sentire.<\/p>\n<p>Al suo cuore c'\u00e8 un\u00a0<strong>Motore per risparmio energetico<\/strong>\u00a0Abbinato a\u00a0<strong>Cuscinetti di alta qualit\u00e0<\/strong>\u00a0per stabilit\u00e0 e longevit\u00e0. La struttura del condotto d'aria aerodinamico fa circolare l'aria in modo efficiente e silenzioso, mantenendo prestazioni costanti esenti da sonagli o vibrazioni. \u00c8 progettato per lavorare in secondo piano: affidabile, silenzioso e sorprendentemente efficace.<\/p>\n<p>Leggero e versatile, il\u00a0<strong>Compatto\u202fDesign completo di plastica<\/strong>\u00a0Si fonde facilmente con cucine, bagni, uffici e altri spazi di tutti i giorni. Costruito in materiale di alta qualit\u00e0, ABBS, la ventola \u00e8 resistente al calore, all'umidit\u00e0 e alla pressione\u202f\u2014\u202fin modo che non arrugginisca, si deforma o sbiadisca anche dopo anni di uso continuo.<\/p>\n<p>L'installazione \u00e8 semplice e discreta:\u202fil\u00a0<strong>Corpo magro,\u202fraffinato<\/strong>\u00a0Si adatta perfettamente ai soffitti senza interrompere il design degli interni. La manutenzione \u00e8 semplice\u202f\u2014\u202fil pannello si solleva per una rapida\u202fpulizia,\u202fripristinando come\u2011nuovi\u202fprestazioni in pochi secondi.<\/p>\n<p>Silenzioso, resistente e affidabile, il\u202ffan\u202fscailing\u202fesaurimento\u202f\u00e8 il tipo di aggiornamento che rende silenziosamente ogni spazio interno un po' migliore: flusso d'aria costante e comfort duraturo costruito per stare al passo con la vita di tutti i giorni.<\/p>\n<\/div>\n<hr \/>\n<p>Dimensioni (unit\u00e0: mm):<\/p>\n<div class=\"scroll-table-wrapper\">\n<div class=\"scroll-table\">\n<table id=\"tablepress-38\" class=\"tablepress tablepress-id-38\">\n<thead>\n<tr class=\"row-1\">\n\t<th class=\"column-1\">modello<\/th><th class=\"column-2\">A<\/th><th class=\"column-3\">B<\/th><th class=\"column-4\">C<\/th><th class=\"column-5\">D<\/th><th class=\"column-6\">\u03a6E<\/th>\n<\/tr>\n<\/thead>\n<tbody class=\"row-striping row-hover\">\n<tr class=\"row-2\">\n\t<td class=\"column-1\">BPT10-20-12SL<\/td><td class=\"column-2\">200<\/td><td class=\"column-3\">209<\/td><td class=\"column-4\">240<\/td><td class=\"column-5\">30<\/td><td class=\"column-6\">100<\/td>\n<\/tr>\n<tr class=\"row-3\">\n\t<td class=\"column-1\">BPT10-23-155L<\/td><td class=\"column-2\">230<\/td><td class=\"column-3\">238<\/td><td class=\"column-4\">270<\/td><td class=\"column-5\">30<\/td><td class=\"column-6\">100<\/td>\n<\/tr>\n<tr class=\"row-4\">\n\t<td class=\"column-1\">BPT10-25-175L<\/td><td class=\"column-2\">250<\/td><td class=\"column-3\">275<\/td><td class=\"column-4\">310<\/td><td class=\"column-5\">30<\/td><td class=\"column-6\">100<\/td>\n<\/tr>\n<tr class=\"row-5\">\n\t<td class=\"column-1\">BPT10-28-215L<\/td><td class=\"column-2\">275<\/td><td class=\"column-3\">279<\/td><td class=\"column-4\">320<\/td><td class=\"column-5\">30<\/td><td class=\"column-6\">95<\/td>\n<\/tr>\n<tr class=\"row-6\">\n\t<td class=\"column-1\">BPT10-30-30SL<\/td><td class=\"column-2\">300<\/td><td class=\"column-3\">301<\/td><td class=\"column-4\">340<\/td><td class=\"column-5\">30<\/td><td class=\"column-6\">100<\/td>\n<\/tr>\n<tr class=\"row-7\">\n\t<td class=\"column-1\">BPT10-34-40SL<\/td><td class=\"column-2\">340<\/td><td class=\"column-3\">343<\/td><td class=\"column-4\">400<\/td><td class=\"column-5\">30<\/td><td class=\"column-6\">100<\/td>\n<\/tr>\n<tr class=\"row-8\">\n\t<td class=\"column-1\">BPT15-34-50SL<\/td><td class=\"column-2\">340<\/td><td class=\"column-3\">340<\/td><td class=\"column-4\">400<\/td><td class=\"column-5\">30<\/td><td class=\"column-6\">150<\/td>\n<\/tr>\n<\/tbody>\n<\/table>\n<!-- #tablepress-38 from cache --><\/div>\n<\/div>\n<div><\/div>\n<div class=\"woocb\"><a class=\"wocb\" href=\"http:\/\/www.beiaole.com\/wp-content\/uploads\/2025\/08\/d3.8.1.pdf\" target=\"_blank\" rel=\"noopener\">forma<\/a><\/div>\n<div><\/div>\n<p><img loading=\"lazy\" decoding=\"async\" class=\"aligncenter wp-image-17118 size-full\" src=\"http:\/\/www.beiaole.com\/wp-content\/uploads\/2025\/08\/s3.8.png\" alt=\"Ceiling Exhaust Fan-size\" width=\"896\" height=\"945\" data-no-translation=\"\" \/><br \/>\nPrestazioni:<\/p>\n<div class=\"scroll-table-wrapper\">\n<div class=\"scroll-table\">\n<table id=\"tablepress-39\" class=\"tablepress tablepress-id-39\">\n<thead>\n<tr class=\"row-1\">\n\t<th class=\"column-1\">modello<\/th><th class=\"column-2\">tensione (V)<\/th><th class=\"column-3\">Potenza(W)<\/th><th class=\"column-4\">Flusso d'aria(m\u00b3\/h)<\/th><th class=\"column-5\">Pressione statica(PA)<\/th><th class=\"column-6\">Rumore (dB)<\/th><th class=\"column-7\">G.W (kg)<\/th><th class=\"column-8\">Dimensione foro (mm)<\/th><th class=\"column-9\">Dimensioni del pannello (mm)<\/th><th class=\"column-10\">Dimensione del condotto (mm)<\/th><th class=\"column-11\">scatola\/pezzo<\/th>\n<\/tr>\n<\/thead>\n<tbody class=\"row-striping row-hover\">\n<tr class=\"row-2\">\n\t<td class=\"column-1\">BPT10 - 20 - 12SL<\/td><td class=\"column-2\">220<\/td><td class=\"column-3\">30<\/td><td class=\"column-4\">120<\/td><td class=\"column-5\">65<\/td><td class=\"column-6\">42<\/td><td class=\"column-7\">1.4<\/td><td class=\"column-8\">200*200<\/td><td class=\"column-9\">245*245<\/td><td class=\"column-10\">100<\/td><td class=\"column-11\">8<\/td>\n<\/tr>\n<tr class=\"row-3\">\n\t<td class=\"column-1\">BPT10 - 23 - 15SL<\/td><td class=\"column-2\">220<\/td><td class=\"column-3\">40<\/td><td class=\"column-4\">150<\/td><td class=\"column-5\">65<\/td><td class=\"column-6\">42<\/td><td class=\"column-7\">1.4<\/td><td class=\"column-8\">230*230<\/td><td class=\"column-9\">270*270<\/td><td class=\"column-10\">100<\/td><td class=\"column-11\">8<\/td>\n<\/tr>\n<tr class=\"row-4\">\n\t<td class=\"column-1\">BPT10 - 25 - 17SL<\/td><td class=\"column-2\">220<\/td><td class=\"column-3\">40<\/td><td class=\"column-4\">170<\/td><td class=\"column-5\">95<\/td><td class=\"column-6\">41<\/td><td class=\"column-7\">1.7<\/td><td class=\"column-8\">250*250<\/td><td class=\"column-9\">304*304<\/td><td class=\"column-10\">100<\/td><td class=\"column-11\">8<\/td>\n<\/tr>\n<tr class=\"row-5\">\n\t<td class=\"column-1\">BPT10 - 28 - 21SL<\/td><td class=\"column-2\">220<\/td><td class=\"column-3\">34<\/td><td class=\"column-4\">210<\/td><td class=\"column-5\">165<\/td><td class=\"column-6\">43<\/td><td class=\"column-7\">1.8<\/td><td class=\"column-8\">280*280<\/td><td class=\"column-9\">320*320<\/td><td class=\"column-10\">100<\/td><td class=\"column-11\">8<\/td>\n<\/tr>\n<tr class=\"row-6\">\n\t<td class=\"column-1\">BPT10 - 30 - 30SL<\/td><td class=\"column-2\">220<\/td><td class=\"column-3\">45<\/td><td class=\"column-4\">300<\/td><td class=\"column-5\">200<\/td><td class=\"column-6\">45<\/td><td class=\"column-7\">2.1<\/td><td class=\"column-8\">300*300<\/td><td class=\"column-9\">335*335<\/td><td class=\"column-10\">100<\/td><td class=\"column-11\">8<\/td>\n<\/tr>\n<tr class=\"row-7\">\n\t<td class=\"column-1\">BPT10 - 34 - 40SL<\/td><td class=\"column-2\">220<\/td><td class=\"column-3\">45<\/td><td class=\"column-4\">400<\/td><td class=\"column-5\">205<\/td><td class=\"column-6\">46<\/td><td class=\"column-7\">2.2<\/td><td class=\"column-8\">340*340<\/td><td class=\"column-9\">400*400<\/td><td class=\"column-10\">100<\/td><td class=\"column-11\">4<\/td>\n<\/tr>\n<tr class=\"row-8\">\n\t<td class=\"column-1\">BPT15 - 34 - 50SL<\/td><td class=\"column-2\">220<\/td><td class=\"column-3\">50<\/td><td class=\"column-4\">500<\/td><td class=\"column-5\">210<\/td><td class=\"column-6\">47<\/td><td class=\"column-7\">2.2<\/td><td class=\"column-8\">340*340<\/td><td class=\"column-9\">400*400<\/td><td class=\"column-10\">150<\/td><td class=\"column-11\">4<\/td>\n<\/tr>\n<\/tbody>\n<\/table>\n<!-- #tablepress-39 from cache --><\/div>\n<\/div>\n<div><\/div>\n<div class=\"woocb\"><a class=\"wocb\" href=\"http:\/\/www.beiaole.com\/wp-content\/uploads\/2025\/09\/d3.8.2.pdf\" target=\"_blank\" rel=\"noopener\">forma<\/a><\/div>\n<div><\/div>","protected":false},"excerpt":{"rendered":"<ul>\n<li>\n<h2>Prestazioni efficienti dal punto di vista energetico:<\/h2>\n<p>\u202fTutto\u2011Motore\u202fMotore\u202fcon\u202fprecisione\u202fBaccia\u202fCerca\u202fAssicura\u202f Operazione\u202fstabile\u202fper\u202fanni.<\/li>\n<li>\n<h2>Sistema di flusso d'aria regolare:<\/h2>\n<p>\u202fDutto\u202fgetto\u202faero\u202fben strutturato\u202fsi muove\u202faria\u202fliberamente\u202fcon\u202fresistenza minima\u202fe\u202frumore.<\/li>\n<li>\n<h2>ABBS durevole\u202fAbs:<\/h2>\n<p>\u202fForte,\u202fleggero,\u202fe\u202fmateriale\u202fmateriale\u202fresistente alla corrosione\u202ffino\u202fto\u202fumidit\u00e0\u202fe\u202fcalore.<\/li>\n<li>\n<h2>Compatto\u202fSocieling\u202fFit:<\/h2>\n<p>\u202fSlim\u202fProfile\u202fMounts\u202fFlush\u202fper\u202fa\u202fclean,\u202fnon intrusivo\u202fguarda\u202fin\u202fqualsiasi\u202finteriore.<\/li>\n<li>\n<h2>Funzionamento a basso rumore:<\/h2>\n<p>\u202fWhisper\u2011Level\u202fSuono\u202fUscita\u202ffa\u202fIdeale\u202fper\u202fBagni,\u202fCucine,\u202fe\u202fUffici.<\/li>\n<li>\n<h2>Facilit\u00e0\u202fdi\u202fmanutenzione:<\/h2>\n<p>\u202fRimuovi\u202fFaccia\u202ffaccia\u202fper\u202ffacile\u202ffacile\u202fpulizia\u202fe\u202ffiltro\u202faccesso\u202fsenza\u202fstrumenti.<\/li>\n<li>\n<h2>Modello \u202f versatile\u202f:<\/h2>\n<p>\u202fdisponibile\u202fin\u202fvarie\u202fdimensioni\u202f(\u03c695\u202f\u2013\u202f150\u202fmm)\u202fto\u202ffit\u202fdifferent\u202fceiling\u202flayout\u202fe\u202fventilazione\u202fdomande.<\/li>\n<\/ul>\n<hr \/>","protected":false},"featured_media":4793,"comment_status":"open","ping_status":"closed","template":"","meta":{"_acf_changed":false},"product_brand":[],"product_cat":[28],"product_tag":[],"class_list":{"0":"post-4776","1":"product","2":"type-product","3":"status-publish","4":"has-post-thumbnail","6":"product_cat-exhaust-fan","8":"first","9":"outofstock","10":"taxable","11":"shipping-taxable","12":"purchasable","13":"product-type-variable"},"acf":[],"_links":{"self":[{"href":"https:\/\/www.ecvents.com\/it\/wp-json\/wp\/v2\/product\/4776","targetHints":{"allow":["GET"]}}],"collection":[{"href":"https:\/\/www.ecvents.com\/it\/wp-json\/wp\/v2\/product"}],"about":[{"href":"https:\/\/www.ecvents.com\/it\/wp-json\/wp\/v2\/types\/product"}],"replies":[{"embeddable":true,"href":"https:\/\/www.ecvents.com\/it\/wp-json\/wp\/v2\/comments?post=4776"}],"wp:featuredmedia":[{"embeddable":true,"href":"https:\/\/www.ecvents.com\/it\/wp-json\/wp\/v2\/media\/4793"}],"wp:attachment":[{"href":"https:\/\/www.ecvents.com\/it\/wp-json\/wp\/v2\/media?parent=4776"}],"wp:term":[{"taxonomy":"product_brand","embeddable":true,"href":"https:\/\/www.ecvents.com\/it\/wp-json\/wp\/v2\/product_brand?post=4776"},{"taxonomy":"product_cat","embeddable":true,"href":"https:\/\/www.ecvents.com\/it\/wp-json\/wp\/v2\/product_cat?post=4776"},{"taxonomy":"product_tag","embeddable":true,"href":"https:\/\/www.ecvents.com\/it\/wp-json\/wp\/v2\/product_tag?post=4776"}],"curies":[{"name":"WP","href":"https:\/\/api.w.org\/{rel}","templated":true}]}}