{"id":4784,"date":"2026-03-19T06:04:36","date_gmt":"2026-03-19T11:04:36","guid":{"rendered":"https:\/\/www.ecvents.com\/?post_type=product&#038;p=4784"},"modified":"2026-03-19T06:04:58","modified_gmt":"2026-03-19T11:04:58","slug":"ventilatore-di-scarico-a-soffitto-bpt-10-23s","status":"publish","type":"product","link":"https:\/\/www.ecvents.com\/it\/product\/ventilatore-di-scarico-a-soffitto-bpt-10-23s\/","title":{"rendered":"Ventilatore di scarico a soffitto (BPT-10-23S)"},"content":{"rendered":"<div class=\"someee\">\n<h2><strong>flusso d'aria silenzioso. conforto duraturo. Costruito per gli spazi di tutti i giorni.<\/strong><\/h2>\n<p>la\u00a0<strong>Soffitto\u202fScarico\u202fFan\u202f(BPT\u201110\u201123S)<\/strong>\u00a0\u00e8 uno di quegli elementi essenziali tranquilli che semplicemente migliorano una stanza senza attirare l'attenzione. Mantiene l'aria fresca, l'umidit\u00e0 bassa e gli spazi pi\u00f9 a loro agio\u202f\u2014\u202fche corre cos\u00ec dolcemente e silenziosamente che dimenticherai che \u00e8 anche l\u00ec.<\/p>\n<p>Dentro, un\u00a0<strong>Motore per tutto il rame<\/strong>\u00a0Abbinato a\u00a0<strong>Cuscinetti di alta qualit\u00e0<\/strong>\u00a0Garantisce prestazioni stabili ed efficienti. Il condotto e il telaio dell'aria e il telaio accuratamente progettati lavorano insieme per ridurre al minimo la resistenza e le vibrazioni, fornendo un flusso d'aria costante con una precisione a basso rumore. Accendilo una volta e funziona semplicemente\u202f\u2014\u202f silenzioso, affidabile e coerente giorno dopo giorno.<\/p>\n<p>FATTO DA\u00a0<strong>Alta qualit\u00e0 ABS\u202fplastica<\/strong>, il ventilatore \u00e8 leggero ma robusto, progettato per resistere a ruggine, umidit\u00e0 e deformazioni\u202f\u2014\u202fperfetto per bagni, cucine o qualsiasi spazio soggetto a umidit\u00e0. la sua\u00a0<strong>Slim\u202fe\u202fCompatto\u202fProfilo<\/strong>\u00a0Si adatta a soffitti ampi per un'installazione pulita e senza soluzione di continuit\u00e0 che si fonde senza sforzo con interni moderni.<\/p>\n<p>La manutenzione \u00e8 piacevolmente semplice: il pannello anteriore\u202fdistacca\u202fper\u202fa\u202frapido\u202fpulizia,\u202ffare\u202fpulizia\u202fe\u202fmantenimento\u202fveloce\u202fe\u202fhassle\u2011free.\u202f Con\u202fflosso d'aria\u202fe\u202fbasso\u2011rumore\u202foperazione\u202f(circa\u202f41\u202fdb),\u202fmantiene\u202faria\u202fcircolante\u202f silenziosamente\u202fe\u202fefficace\u202fin\u202fcase,\u202fuffici,\u202fe\u202fspazi commerciali\u202falike.<\/p>\n<p>Elegante, efficiente e costruito\u202fto\u202fultimo,\u202fil\u202ffan\u202ffan\u202f(BPT\u201110\u201123S)\u202foliva\u202f aria pulita\u202fe\u202fsilenziosa\u202ffiducia\u202fche\u202fsi sopporta.<\/p>\n<\/div>\n<hr \/>\n<p>Dimensioni (unit\u00e0: mm):<\/p>\n<div class=\"scroll-table-wrapper\">\n<div class=\"scroll-table\">\n<table id=\"tablepress-40\" class=\"tablepress tablepress-id-40\">\n<thead>\n<tr class=\"row-1\">\n\t<th class=\"column-1\">modello<\/th><th class=\"column-2\">A<\/th><th class=\"column-3\">B<\/th><th class=\"column-4\">C<\/th><th class=\"column-5\">D<\/th><th class=\"column-6\">E<\/th><th class=\"column-7\">F<\/th><th class=\"column-8\">\u03c6d<\/th><th class=\"column-9\">Dimensione del foro (mm)<\/th>\n<\/tr>\n<\/thead>\n<tbody class=\"row-striping row-hover\">\n<tr class=\"row-2\">\n\t<td class=\"column-1\">BPT-10-23S<\/td><td class=\"column-2\">300<\/td><td class=\"column-3\">300<\/td><td class=\"column-4\">100<\/td><td class=\"column-5\">200<\/td><td class=\"column-6\">270<\/td><td class=\"column-7\">300<\/td><td class=\"column-8\">100<\/td><td class=\"column-9\">300x300<\/td>\n<\/tr>\n<\/tbody>\n<\/table>\n<!-- #tablepress-40 from cache --><\/div>\n<\/div>\n<div><\/div>\n<div class=\"woocb\"><a class=\"wocb\" href=\"http:\/\/www.beiaole.com\/wp-content\/uploads\/2025\/08\/d3.9.1.pdf\" target=\"_blank\" rel=\"noopener\">forma<\/a><\/div>\n<div><\/div>\n<p><img loading=\"lazy\" decoding=\"async\" class=\"aligncenter wp-image-17138 size-large\" src=\"http:\/\/www.beiaole.com\/wp-content\/uploads\/2025\/08\/s3.10-625x1024.png\" alt=\"Ceiling Exhaust Fan(BPT-10-23S)-size\" width=\"625\" height=\"1024\" data-no-translation=\"\" \/><br \/>\nPrestazioni:<\/p>\n<div class=\"scroll-table-wrapper\">\n<div class=\"scroll-table\">\n<table id=\"tablepress-41\" class=\"tablepress tablepress-id-41\">\n<thead>\n<tr class=\"row-1\">\n\t<th class=\"column-1\">modello<\/th><th class=\"column-2\">Tensione(V)\/Frequenza(Hz)<\/th><th class=\"column-3\">Potenza(W)<\/th><th class=\"column-4\">Flusso d'aria(m\u00b3\/h)<\/th><th class=\"column-5\">Pressione statica(PA)<\/th><th class=\"column-6\">Rumore(da(a))<\/th><th class=\"column-7\">G.W (kg)<\/th><th class=\"column-8\">Dimensione del condotto(\u03a6mm)<\/th><th class=\"column-9\">Dimensioni del pannello (mm)<\/th>\n<\/tr>\n<\/thead>\n<tbody class=\"row-striping row-hover\">\n<tr class=\"row-2\">\n\t<td class=\"column-1\">BPT-10-23S<\/td><td class=\"column-2\">200V~50Hz<\/td><td class=\"column-3\">30<\/td><td class=\"column-4\">250<\/td><td class=\"column-5\">150<\/td><td class=\"column-6\">41<\/td><td class=\"column-7\">2.1<\/td><td class=\"column-8\">100<\/td><td class=\"column-9\">300x300<\/td>\n<\/tr>\n<\/tbody>\n<\/table>\n<!-- #tablepress-41 from cache --><\/div>\n<\/div>\n<div><\/div>\n<div class=\"woocb\"><a class=\"wocb\" href=\"http:\/\/www.beiaole.com\/wp-content\/uploads\/2025\/08\/d3.9.2.pdf\" target=\"_blank\" rel=\"noopener\">forma<\/a><\/div>\n<div><\/div>","protected":false},"excerpt":{"rendered":"<ul>\n<li>\n<h2>Motore per energia\u202fefficiente\u202fin rame:<\/h2>\n<p>\u202fconsegna\u202fstabile\u202f250\u202fm\u00b3\/h\u202fflow Air\u202fcon\u202fjust\u202f30\u202fw\u202fdi\u202fpower\u202fconsumo.<\/li>\n<li>\n<h2>Funzionamento a basso rumore:<\/h2>\n<p>\u202fImpegnatore bilanciato\u202fe\u202fchiuso\u202fduct\u202fdesign\u202fmantieni\u202fsuono\u202flivelli\u202fto\u202fa\u202fgentle\u202f41\u202fdb(a).<\/li>\n<li>\n<h2>Costruzione durevole:<\/h2>\n<p>\u202fAlta\u2011Forza\u202fAbs\u202fMateriale\u202fResiste\u202fCorrosione,\u202fDeformazione,\u202fe\u202fMoisture\u202fDanno\u202fsul\u202ftempo.<\/li>\n<li>\n<h2>Compatto\u202fe\u202fSlim\u202fForma:<\/h2>\n<p>\u202fadatto a palanelli\u202fa soffitto\u202fat\u202f300\u202f\u00d7\u202f300\u202fmm,\u202fideale\u202fper\u202finstallazioni\u202fstrette\u202fe\u202fmoderne\u202fdesign.<\/li>\n<li>\n<h2>Semplice\u202fManutenzione:<\/h2>\n<p>\u202fRilascio rapido\u202fpannello\u202ffront\u202fper\u202ffacile\u202fpulizia\u202fsenza\u202fstrumenti\u202fo\u202fcomplesso\u202fassemblaggio.<\/li>\n<li>\n<h2>Prestazioni affidabili:<\/h2>\n<p>\u202fstabile\u202fflow Air\u202fdi\u202f250\u202fm\u00b3\/h\u202fat\u202f150\u202fpa\u202fstatico\u202fpressione\u202ffornisce\u202ffresco\u202fair\u202fflow\u202fper\u202fbathroom\u202fe\u202fcucine.<\/li>\n<li>\n<h2>Leggero\u202fBuild:<\/h2>\n<p>\u202fat\u202fjust\u202f2.1\u202fkg,\u202finstallazione\u202f\u00e8\u202fsicuro,\u202fsemplice,\u202fe\u202fveloce.<\/li>\n<\/ul>\n<hr \/>","protected":false},"featured_media":4794,"comment_status":"open","ping_status":"closed","template":"","meta":{"_acf_changed":false},"product_brand":[],"product_cat":[28],"product_tag":[],"class_list":{"0":"post-4784","1":"product","2":"type-product","3":"status-publish","4":"has-post-thumbnail","6":"product_cat-exhaust-fan","8":"first","9":"outofstock","10":"taxable","11":"shipping-taxable","12":"purchasable","13":"product-type-simple"},"acf":[],"_links":{"self":[{"href":"https:\/\/www.ecvents.com\/it\/wp-json\/wp\/v2\/product\/4784","targetHints":{"allow":["GET"]}}],"collection":[{"href":"https:\/\/www.ecvents.com\/it\/wp-json\/wp\/v2\/product"}],"about":[{"href":"https:\/\/www.ecvents.com\/it\/wp-json\/wp\/v2\/types\/product"}],"replies":[{"embeddable":true,"href":"https:\/\/www.ecvents.com\/it\/wp-json\/wp\/v2\/comments?post=4784"}],"wp:featuredmedia":[{"embeddable":true,"href":"https:\/\/www.ecvents.com\/it\/wp-json\/wp\/v2\/media\/4794"}],"wp:attachment":[{"href":"https:\/\/www.ecvents.com\/it\/wp-json\/wp\/v2\/media?parent=4784"}],"wp:term":[{"taxonomy":"product_brand","embeddable":true,"href":"https:\/\/www.ecvents.com\/it\/wp-json\/wp\/v2\/product_brand?post=4784"},{"taxonomy":"product_cat","embeddable":true,"href":"https:\/\/www.ecvents.com\/it\/wp-json\/wp\/v2\/product_cat?post=4784"},{"taxonomy":"product_tag","embeddable":true,"href":"https:\/\/www.ecvents.com\/it\/wp-json\/wp\/v2\/product_tag?post=4784"}],"curies":[{"name":"WP","href":"https:\/\/api.w.org\/{rel}","templated":true}]}}