{"id":4797,"date":"2026-03-19T06:05:03","date_gmt":"2026-03-19T11:05:03","guid":{"rendered":"https:\/\/www.ecvents.com\/?post_type=product&#038;p=4797"},"modified":"2026-03-19T06:05:51","modified_gmt":"2026-03-19T11:05:51","slug":"cortina-daria-a-flusso-incrociato-serie-b","status":"publish","type":"product","link":"https:\/\/www.ecvents.com\/it\/product\/cortina-daria-a-flusso-incrociato-serie-b\/","title":{"rendered":"Cortina d'aria a flusso incrociato serie B"},"content":{"rendered":"<div class=\"someee\">\n<h2><strong>flusso d'aria regolare. Forza tranquilla. Costruito per il comfort quotidiano.<\/strong><\/h2>\n<p>la\u00a0<strong>Serie di flusso trasversale\u202faria\u202ftenda\u202fb\u202fb\u202f<\/strong>\u00a0\u00c8 fatto per gli spazi che utilizzi di pi\u00f9: aree accoglienti, ristoranti, negozi e uffici che meritano aria pi\u00f9 pulita e un'atmosfera pi\u00f9 stabile. Non richiede attenzione, semplicemente corre in sottofondo, mantenendo l'aria limpida, equilibrata e confortevole ogni volta che una porta si apre.<\/p>\n<p>Quando viene acceso, il flusso d'aria sembra naturale e uniforme. la\u00a0<strong>Ruota ad alta precisione\u202fAbs\u202fFlusso incrociato\u202f<\/strong>\u00a0e\u00a0<strong>Motore puro\u202frame<\/strong>\u00a0creare una barriera liscia di aria che si muove\u00a0<strong>9\u202f\u2013\u202f11\u202fm\/s<\/strong>. Aiuta il tuo sistema di condizionamento dell'aria a rimanere efficiente mentre blocchi polvere, insetti e odori indesiderati. Il risultato \u00e8 una stanza pi\u00f9 fresca che si sente semplicemente meglio in cui si sente: temperatura stabile, consumo energetico inferiore e aria pi\u00f9 pulita.<\/p>\n<p>Costruita per la resistenza e la quiete eleganza, la serie B\u202f dispone di un\u00a0<strong>Conchiglia interamente in metallo<\/strong>\u00a0Con contorni raffinati e finitura resistente che resiste all'usura e alla corrosione. All'interno, il sistema \u00e8 stato testato per\u00a0<strong>8.000\u202fore\u202fdi\u202fcontinuo<\/strong>, quindi \u00e8 il tipo di attrezzatura che installi una volta e su cui fai affidamento per anni.<\/p>\n<p>Il controllo \u00e8 intuitivo: a\u00a0<strong>SELETTORE A DUE VELOCIT\u00c0<\/strong>\u00a0Consente di regolare il flusso d'aria in base al tuo ambiente, mentre il\u00a0<strong>Barra regolabile\u202fAir\u202fGuide\u202f<\/strong>\u00a0Direzione del vento con un semplice tocco. Ogni aspetto sembra semplice e pratico, potente quando necessario, delicato quando preferito.<\/p>\n<p>La serie Crass-Flow\u202fAir\u202fTurtain\u202fB\u202fB\u202fB\u202fBrave, offre un sottile tipo di soddisfazione: il comfort di aria pulita e ben gestita, consegnata senza sforzo.<\/p>\n<\/div>\n<hr \/>\n<p>Prestazioni:<\/p>\n<div class=\"scroll-table-wrapper\">\n<div class=\"scroll-table\">\n<table id=\"tablepress-55\" class=\"tablepress tablepress-id-55\">\n<thead>\n<tr class=\"row-1\">\n\t<th class=\"column-1\">modello<\/th><th class=\"column-2\">Dimensioni (mm)<\/th><th class=\"column-3\">tensione (V)<\/th><th class=\"column-4\">Frequenza(Hz)<\/th><th class=\"column-5\">Potenza(W)<\/th><th class=\"column-6\">Velocit\u00e0(m\/s)<\/th><th class=\"column-7\">Flusso d'aria(m\u00b3\/h)<\/th><th class=\"column-8\">Rumore (dB)<\/th><th class=\"column-9\">Peso (kg)<\/th>\n<\/tr>\n<\/thead>\n<tbody class=\"row-striping row-hover\">\n<tr class=\"row-2\">\n\t<td class=\"column-1\">FM-4009<\/td><td class=\"column-2\">900x175\u00d7210<\/td><td class=\"column-3\">220<\/td><td class=\"column-4\">50<\/td><td class=\"column-5\">160<\/td><td class=\"column-6\">9-11<\/td><td class=\"column-7\">1630<\/td><td class=\"column-8\">53<\/td><td class=\"column-9\">10.5<\/td>\n<\/tr>\n<tr class=\"row-3\">\n\t<td class=\"column-1\">FM-4010<\/td><td class=\"column-2\">1000x175x210<\/td><td class=\"column-3\">220<\/td><td class=\"column-4\">50<\/td><td class=\"column-5\">185<\/td><td class=\"column-6\">9-11<\/td><td class=\"column-7\">1910<\/td><td class=\"column-8\">54<\/td><td class=\"column-9\">11.5<\/td>\n<\/tr>\n<tr class=\"row-4\">\n\t<td class=\"column-1\">FM-4012<\/td><td class=\"column-2\">1200x175\u00d7210<\/td><td class=\"column-3\">220<\/td><td class=\"column-4\">50<\/td><td class=\"column-5\">220<\/td><td class=\"column-6\">9-11<\/td><td class=\"column-7\">2500<\/td><td class=\"column-8\">54<\/td><td class=\"column-9\">13<\/td>\n<\/tr>\n<tr class=\"row-5\">\n\t<td class=\"column-1\">FM-4015<\/td><td class=\"column-2\">1500x175x210<\/td><td class=\"column-3\">220<\/td><td class=\"column-4\">50<\/td><td class=\"column-5\">260<\/td><td class=\"column-6\">9-11<\/td><td class=\"column-7\">3580<\/td><td class=\"column-8\">55<\/td><td class=\"column-9\">15.7<\/td>\n<\/tr>\n<tr class=\"row-6\">\n\t<td class=\"column-1\">FM-4018<\/td><td class=\"column-2\">1800\u00d7175\u00d7210<\/td><td class=\"column-3\">220<\/td><td class=\"column-4\">50<\/td><td class=\"column-5\">320<\/td><td class=\"column-6\">9-11<\/td><td class=\"column-7\">3900<\/td><td class=\"column-8\">56<\/td><td class=\"column-9\">18<\/td>\n<\/tr>\n<tr class=\"row-7\">\n\t<td class=\"column-1\">FM-4020<\/td><td class=\"column-2\">2000x175x210<\/td><td class=\"column-3\">220<\/td><td class=\"column-4\">50<\/td><td class=\"column-5\">350<\/td><td class=\"column-6\">9-11<\/td><td class=\"column-7\">4280<\/td><td class=\"column-8\">56<\/td><td class=\"column-9\">19.1<\/td>\n<\/tr>\n<\/tbody>\n<\/table>\n<!-- #tablepress-55 from cache --><\/div>\n<\/div>\n<div><\/div>\n<div class=\"woocb\"><a class=\"wocb\" href=\"http:\/\/www.beiaole.com\/wp-content\/uploads\/2025\/09\/d4.3.pdf\" target=\"_blank\" rel=\"noopener\">forma<\/a><\/div>\n<div><\/div>","protected":false},"excerpt":{"rendered":"<ul>\n<li>\n<h2>Barriera Aria\u202fAria stabile:<\/h2>\n<p>\u202fconsegna\u202funiforme\u202fflow Air\u202fat\u202f9\u202f\u2013\u202f11\u202fm\/s\u202fto\u202fseparato\u202findoor\u202fe\u202foutdoor\u202fambients\u202fmoro.<\/li>\n<li>\n<h2>Prestazioni efficienti dal punto di vista energetico:<\/h2>\n<p>\u202fMigliora\u202fHVac\u202fEfficienza\u202fRiducendo\u202fCalore\u202fLoss\u202fe\u202fMantenendo\u202fcondizionato\u202faria\u202finterno.<\/li>\n<li>\n<h2>Silenzioso\u202foperazione:<\/h2>\n<p>\u202fBassi\u202fLivelli\u202fLivelli\u202fda\u202f53\u202f\u2013\u202f56\u202fDB\u202fRendilo\u202fIdeale\u202fper\u202fRistoranti,\u202fuffici,\u202fe\u202fretail\u202fspazi.<\/li>\n<li>\n<h2>Durevole\u202fTutto\u2011Metallo\u202f:<\/h2>\n<p>\u202felegante\u202fpoveri\u2011rivestita\u202ffinitura\u202fsi resiste\u202fruggine\u202fe\u202fusura\u202fper l'uso a lungo termine.<\/li>\n<li>\n<h2>Ruota ad alta precisione\u202fFlusso incrociato:<\/h2>\n<p>\u202fAbs\u202fimpeller\u202fe\u202fpuro\u202frame\u202fmotore\u202fconsegna\u202fstabile\u202fflow\u202fcon\u202fminimo\u202fvibrazione.<\/li>\n<li>\n<h2>Dual\u202fVelocit\u00e0\u202fControllo:<\/h2>\n<p>\u202fSemplice\u202fDue velocit\u00e0\u202fSwitch\u202fper\u202fmanual\u202fflow aggiustamento\u202f.<\/li>\n<li>\n<h2>Barra regolabile\u202fAir\u202fGuide:<\/h2>\n<p>\u202ffacilmente\u202fset\u202fdirezione\u202faria\u202fper\u202fperfetta\u202fcopertura\u202fe\u202fcomfort.<\/li>\n<li>\n<h2>Lunga vita\u202fAffidabilit\u00e0:<\/h2>\n<p>\u202fcontinuo\u202foperazione\u202ftestata\u202fper\u202foltre\u202f8.000\u202fore\u202fsenza\u202fperformance\u202fperdita.<\/li>\n<\/ul>\n<hr \/>","protected":false},"featured_media":4822,"comment_status":"open","ping_status":"closed","template":"","meta":{"_acf_changed":false},"product_brand":[],"product_cat":[65],"product_tag":[],"class_list":{"0":"post-4797","1":"product","2":"type-product","3":"status-publish","4":"has-post-thumbnail","6":"product_cat-air-curtain","8":"first","9":"instock","10":"taxable","11":"shipping-taxable","12":"purchasable","13":"product-type-variable","14":"has-default-attributes"},"acf":[],"_links":{"self":[{"href":"https:\/\/www.ecvents.com\/it\/wp-json\/wp\/v2\/product\/4797","targetHints":{"allow":["GET"]}}],"collection":[{"href":"https:\/\/www.ecvents.com\/it\/wp-json\/wp\/v2\/product"}],"about":[{"href":"https:\/\/www.ecvents.com\/it\/wp-json\/wp\/v2\/types\/product"}],"replies":[{"embeddable":true,"href":"https:\/\/www.ecvents.com\/it\/wp-json\/wp\/v2\/comments?post=4797"}],"wp:featuredmedia":[{"embeddable":true,"href":"https:\/\/www.ecvents.com\/it\/wp-json\/wp\/v2\/media\/4822"}],"wp:attachment":[{"href":"https:\/\/www.ecvents.com\/it\/wp-json\/wp\/v2\/media?parent=4797"}],"wp:term":[{"taxonomy":"product_brand","embeddable":true,"href":"https:\/\/www.ecvents.com\/it\/wp-json\/wp\/v2\/product_brand?post=4797"},{"taxonomy":"product_cat","embeddable":true,"href":"https:\/\/www.ecvents.com\/it\/wp-json\/wp\/v2\/product_cat?post=4797"},{"taxonomy":"product_tag","embeddable":true,"href":"https:\/\/www.ecvents.com\/it\/wp-json\/wp\/v2\/product_tag?post=4797"}],"curies":[{"name":"WP","href":"https:\/\/api.w.org\/{rel}","templated":true}]}}