{"id":4809,"date":"2026-03-19T06:05:04","date_gmt":"2026-03-19T11:05:04","guid":{"rendered":"https:\/\/www.ecvents.com\/?post_type=product&#038;p=4809"},"modified":"2026-03-19T06:06:20","modified_gmt":"2026-03-19T11:06:20","slug":"cortina-daria-per-riscaldamento","status":"publish","type":"product","link":"https:\/\/www.ecvents.com\/it\/product\/cortina-daria-per-riscaldamento\/","title":{"rendered":"Cortina d'aria per riscaldamento"},"content":{"rendered":"<div class=\"someee\">\n<h2><strong>Calore istantaneo. Sicurezza tranquilla. Costruito per il comfort quotidiano.<\/strong><\/h2>\n<p>la\u00a0<strong>Riscaldamento\u202faria\u202ftenda<\/strong>\u00a0Trasforma le porte fredde in ingressi caldi e accoglienti. Progettato per il comfort e l'efficienza, offre un calore uniforme e delicato mantenendo una presenza silenziosa e uno stile raffinato, perfetto per vetrine, lobby e passerelle trafficate che hanno bisogno di calore senza distrazioni.<\/p>\n<p>Il funzionamento \u00e8 semplice. un'\u00a0<strong>Controllore completo\u202finfrarosso\u202fremoto\u202f<\/strong>\u00a0Consente di regolare le modalit\u00e0, la velocit\u00e0 della ventola o le impostazioni del timer da qualsiasi punto della stanza: nessuna interruzione, nessuna interruzione, solo un facile comfort.<\/p>\n<p>Il sistema\u00a0<strong>Elemento di riscaldamento\u202fPTC\u202f ad alta efficienza<\/strong>\u00a0Riscalda l'aria in modo uniforme e sicuro, eliminando le fiamme libere ottimizzando il consumo di energia. la\u00a0<strong>Riscaldamento\u202fRiscaldamento\u202fAria\u2011Ingresso<\/strong>\u00a0Garantisce un forte aumento della temperatura e una bassa resistenza all'uscita, producendo un flusso d'aria liscio e naturale che si senta a suo agio, non forzato.<\/p>\n<p>La sicurezza \u00e8 costruita in ogni dettaglio. un'\u00a0<strong>Ritardo di 60 secondi\u202fRaffreddamento\u202f<\/strong>\u00a0Abbassa delicatamente la temperatura interna dopo lo spegnimento, prolungando la durata del motore prevenendo l'accumulo di calore residuo.\u00a0<strong>Tre\u202fTemperatura\u202fLivelli<\/strong>\u00a0adattarsi ai turni stagionali e ai sistemi di protezione multipli, tra cui un\u00a0<strong>Sensore di sovratemperatura<\/strong>,\u00a0<strong>Protettore a pressione\u202fsensibile<\/strong>, e\u00a0<strong>Fusibile\u202fTubo<\/strong>\u00a0\u2014 Assicurare prestazioni sicure ora dopo ora.<\/p>\n<p>la\u00a0<strong>Motore silenzioso<\/strong>\u00a0e\u00a0<strong>Grande\u202fvolume\u202fWind\u202fRuota<\/strong>\u00a0Fornire una forte circolazione termica con una resistenza minima, mantenendo i livelli di rumore pi\u00f9 bassi\u202f<strong>55\u202f\u2013\u202f60\u202fdB<\/strong>. Ogni componente \u00e8 progettato per la longevit\u00e0, la stabilit\u00e0 e la tranquillit\u00e0.<\/p>\n<p>Compatto, silenzioso e potentemente efficiente, il tendaggio riscaldante aria riscalda gli spazi in modo naturale, mantenendo il comfort dove lo desideri e il freddo a cui appartiene.<\/p>\n<\/div>\n<hr \/>\n<p>Prestazioni:<\/p>\n<div class=\"scroll-table-wrapper\">\n<div class=\"scroll-table\">\n<table id=\"tablepress-57\" class=\"tablepress tablepress-id-57\">\n<thead>\n<tr class=\"row-1\">\n\t<th class=\"column-1\">modello<\/th><th class=\"column-2\">Dimensioni (mm)<\/th><th class=\"column-3\">tensione (V)<\/th><th class=\"column-4\">Frequenza(Hz)<\/th><th class=\"column-5\">Potenza(W)<br \/>\n  SC<\/th><th class=\"column-6\">Potenza PTC (kW)<br \/>\nH-M-L<\/th><th class=\"column-7\">Velocit\u00e0(m\/s)<br \/>\nSC<\/th><th class=\"column-8\">Flusso d'aria(m\u00b3\/h)<\/th><th class=\"column-9\">tem(k)<\/th><th class=\"column-10\">Rumore (dB)<\/th><th class=\"column-11\">Peso (kg)<\/th>\n<\/tr>\n<\/thead>\n<tbody class=\"row-striping row-hover\">\n<tr class=\"row-2\">\n\t<td class=\"column-1\">RM-1209-D\/Y<\/td><td class=\"column-2\">900\u00d7170x205<\/td><td class=\"column-3\">380\/220<\/td><td class=\"column-4\">50<\/td><td class=\"column-5\">160-110<\/td><td class=\"column-6\">6-4-2<\/td><td class=\"column-7\">8.0-6.5<\/td><td class=\"column-8\">1000<\/td><td class=\"column-9\">34-45<\/td><td class=\"column-10\"><55<\/td><td class=\"column-11\">12<\/td>\n<\/tr>\n<tr class=\"row-3\">\n\t<td class=\"column-1\">RM-1212-D\/Y<\/td><td class=\"column-2\">1200x170x205<\/td><td class=\"column-3\">380\/220<\/td><td class=\"column-4\">50<\/td><td class=\"column-5\">220-150<\/td><td class=\"column-6\">8-6-4<\/td><td class=\"column-7\">8.0-6.5<\/td><td class=\"column-8\">1200<\/td><td class=\"column-9\">35-45<\/td><td class=\"column-10\"><57<\/td><td class=\"column-11\">15.5<\/td>\n<\/tr>\n<tr class=\"row-4\">\n\t<td class=\"column-1\">RM-1215-D\/Y<\/td><td class=\"column-2\">1500x170x205<\/td><td class=\"column-3\">380\/220<\/td><td class=\"column-4\">50<\/td><td class=\"column-5\">260-180<\/td><td class=\"column-6\">10-8-6<\/td><td class=\"column-7\">8.0-6.5<\/td><td class=\"column-8\">1400<\/td><td class=\"column-9\">35-45<\/td><td class=\"column-10\"><58<\/td><td class=\"column-11\">19<\/td>\n<\/tr>\n<tr class=\"row-5\">\n\t<td class=\"column-1\">RM-1218-D\/Y<\/td><td class=\"column-2\">1800x170x205<\/td><td class=\"column-3\">380\/220<\/td><td class=\"column-4\">50<\/td><td class=\"column-5\">320-250<\/td><td class=\"column-6\">12-10-8<\/td><td class=\"column-7\">8.0-6.5<\/td><td class=\"column-8\">1600<\/td><td class=\"column-9\">35-45<\/td><td class=\"column-10\"><60<\/td><td class=\"column-11\">22.5<\/td>\n<\/tr>\n<\/tbody>\n<\/table>\n<!-- #tablepress-57 from cache --><\/div>\n<\/div>\n<div><\/div>\n<div class=\"woocb\"><a class=\"wocb\" href=\"http:\/\/www.beiaole.com\/wp-content\/uploads\/2025\/09\/d4.5.pdf\" target=\"_blank\" rel=\"noopener\">forma<\/a><\/div>\n<div><\/div>","protected":false},"excerpt":{"rendered":"<ul>\n<li>\n<h2>Riscaldamento ad alta efficienza\u202fPTC:<\/h2>\n<p>\u202fveloce,\u202fanche\u202fcaldo\u202fsenza\u202ffiamme\u202faperto\u202fo\u202fossigeno\u202fdeplezione\u202fper\u202fuso lungo,\u202fsicuro\u202fuso.<\/li>\n<li>\n<h2>Smart\u202fRemote\u202fControllo:<\/h2>\n<p>Il sistema infrarosso\u202f fornisce\u202ffacile\u202faccesso\u202fa\u202fvelocit\u00e0,\u202ffunzioni\u202fe\u202fe\u202ftimer\u202ffunzioni\u202fda\u202fovunque\u202fnella\u202fstanza.<\/li>\n<li>\n<h2>Impostazioni di temperatura a tre livelli:<\/h2>\n<p>\u202f8\u202f\u2013\u202f6\u202f\u2013\u202f4\u202fkW\u202fopzioni\u202fadattati\u202fto\u202fstagionale\u202for\u202fambientale\u202fdomande.<\/li>\n<li>\n<h2>Sistema integrato di sicurezza::<\/h2>\n<p>\u202fTemperatura\u202fProtezione eccessiva,\u202fPressure\u202fSensore,\u202fTubo\u202fTubo,\u202fe\u202f60\u2011secondo\u202fPotenza\u2011Off\u202fDelay\u202fPer\u202fEnhanced\u202fSicurezza.<\/li>\n<li>\n<h2>Silenzioso\u202foperazione:<\/h2>\n<p>\u202fBassa\u2011Resistenza\u202fDesign\u202fe\u202fAerodinamico\u202fFan\u202fMantieni\u202fNoise\u202f Sotto\u202f60\u202fdB\u202fper\u202fperformance\u202fcomodo,\u202fpacifico\u202f.<\/li>\n<li>\n<h2>Risparmio energetico\u202f Prestazioni:<\/h2>\n<p>\u202fDisegno equilibrato\u202f Airstream\u202fDesign\u202fe\u202fPtc\u202fCore\u202fMassimizzare\u202fEfficienza\u202fe\u202fRiduzione del \u202fRifiuti.<\/li>\n<li>\n<h2>Capacit\u00e0 di elevata\u202fflow d'aria:<\/h2>\n<p>\u202fair\u202fspeed\u202fdi\u202f8\u202f\u2013\u202f6,5\u202fm\/s\u202fand\u202fair\u202fvolume\u202fup\u202fto\u202f1.600\u202fm\u00b3\/h\u202fmantieni\u202fefficace\u202fcalore\u202fretenzione\u202fin tutto il mondo\u202finaugurazioni.<\/li>\n<li>\n<h2>Costruzione durevole:<\/h2>\n<p>\u202fMetallo\u202fcorpo\u202fcon\u202ffine\u202fresistente alla corrosione\u202ffinitura\u202fforza\u202fforza\u202fe\u202flunga\u2011durata\u202fcomparizione.<\/li>\n<\/ul>\n<hr \/>","protected":false},"featured_media":4833,"comment_status":"open","ping_status":"closed","template":"","meta":{"_acf_changed":false},"product_brand":[],"product_cat":[65],"product_tag":[],"class_list":{"0":"post-4809","1":"product","2":"type-product","3":"status-publish","4":"has-post-thumbnail","6":"product_cat-air-curtain","8":"first","9":"instock","10":"sale","11":"taxable","12":"shipping-taxable","13":"purchasable","14":"product-type-variable","15":"has-default-attributes"},"acf":[],"_links":{"self":[{"href":"https:\/\/www.ecvents.com\/it\/wp-json\/wp\/v2\/product\/4809","targetHints":{"allow":["GET"]}}],"collection":[{"href":"https:\/\/www.ecvents.com\/it\/wp-json\/wp\/v2\/product"}],"about":[{"href":"https:\/\/www.ecvents.com\/it\/wp-json\/wp\/v2\/types\/product"}],"replies":[{"embeddable":true,"href":"https:\/\/www.ecvents.com\/it\/wp-json\/wp\/v2\/comments?post=4809"}],"wp:featuredmedia":[{"embeddable":true,"href":"https:\/\/www.ecvents.com\/it\/wp-json\/wp\/v2\/media\/4833"}],"wp:attachment":[{"href":"https:\/\/www.ecvents.com\/it\/wp-json\/wp\/v2\/media?parent=4809"}],"wp:term":[{"taxonomy":"product_brand","embeddable":true,"href":"https:\/\/www.ecvents.com\/it\/wp-json\/wp\/v2\/product_brand?post=4809"},{"taxonomy":"product_cat","embeddable":true,"href":"https:\/\/www.ecvents.com\/it\/wp-json\/wp\/v2\/product_cat?post=4809"},{"taxonomy":"product_tag","embeddable":true,"href":"https:\/\/www.ecvents.com\/it\/wp-json\/wp\/v2\/product_tag?post=4809"}],"curies":[{"name":"WP","href":"https:\/\/api.w.org\/{rel}","templated":true}]}}