{"id":4851,"date":"2026-03-19T06:05:56","date_gmt":"2026-03-19T11:05:56","guid":{"rendered":"https:\/\/www.ecvents.com\/?post_type=product&#038;p=4851"},"modified":"2026-03-19T06:06:47","modified_gmt":"2026-03-19T11:06:47","slug":"deumidificatore-induatrial-portatile","status":"publish","type":"product","link":"https:\/\/www.ecvents.com\/it\/product\/deumidificatore-induatrial-portatile\/","title":{"rendered":"Deumidificatore Induatrial portatile"},"content":{"rendered":"<div class=\"someee\">\n<h2><strong>Potenza affidabile. Controllo intelligente. Costruito per ambienti esigenti.<\/strong><\/h2>\n<p>la\u00a0<strong>Portatile\u202fIndustriale\u202fDeumidificatore<\/strong>\u00a0\u00e8 progettato per rimuovere l'umidit\u00e0 in modo rapido ed efficiente ovunque l'umidit\u00e0 diventi un problema: magazzini, officine, archivi e applicazioni di essiccazione delle finiture che richiedono prestazioni continue. Dietro il suo telaio compatto si cela la precisione del controllo elettronico, la forza dei componenti industriali e la semplicit\u00e0 del vero design plug-and-run.<\/p>\n<p>Al suo interno, un\u00a0<strong>Sistema intelligente di microcomputer<\/strong>\u00a0Monitora la temperatura e l'umidit\u00e0 in tempo reale, regolando le condizioni con una precisione di 1\u202f%.\u00a0<strong>Sbrinamento automatico<\/strong>\u00a0Garantisce un funzionamento costante nelle zone a bassa temperatura, mentre a\u00a0<strong>Timer programmabile a 24 ore<\/strong>\u00a0Abilita arresti programmati per l'efficienza durante le ore non presidiate. la\u00a0<strong>interfaccia LCD<\/strong>\u00a0Fornisce dati chiari e utilizzabili a colpo d'occhio: umidit\u00e0, temperatura e stato del sistema.<\/p>\n<p>Ogni elemento \u00e8 costruito per la resistenza. un'\u00a0<strong>Telaio in acciaio verniciato a polvere<\/strong>\u00a0protegge i componenti interni, mentre\u00a0<strong>Rotelle di grado industriale<\/strong>\u00a0Rendi il trasferimento senza sforzo su pavimenti robusti. Dentro, a\u00a0<strong>Compressore rotativo premium<\/strong>\u00a0e\u00a0<strong>Sistema di ventilazione centrifuga<\/strong>\u00a0Genera un forte flusso d'aria con vibrazioni ridotte e basso rumore, mantenendo elevate velocit\u00e0 di estrazione in intervalli di temperatura. Il drenaggio continuo attraverso un tubo di collegamento diretto supporta il servizio non-stop.<\/p>\n<p>ambo\u00a0<strong>commerciale<\/strong>\u00a0e\u00a0<strong>Configurazioni industriali<\/strong>\u00a0Condividi la stessa filosofia di progettazione: durevolezza, precisione e facilit\u00e0 di servizio. Ogni unit\u00e0 \u00e8 protetta da circuiti autodiagnostici che identificano istantaneamente i guasti, riducendo al minimo i tempi di fermo e riducendo lo sforzo di manutenzione.\n<\/div>\n<hr \/>\n<p>Prestazioni:<\/p>\n<h2 class=\"woocommerce-loop-product__title\" style=\"text-align: center;\">commerciale<\/h2>\n<p><img loading=\"lazy\" decoding=\"async\" class=\"size-medium wp-image-16327 aligncenter\" src=\"http:\/\/www.beiaole.com\/wp-content\/uploads\/2025\/08\/3-e1755167554774-300x300.png\" alt=\"Portable Induatrial Dehumidifier\" width=\"300\" height=\"300\" data-no-translation=\"\" \/><\/p>\n<div class=\"scroll-table-wrapper\">\n<div class=\"scroll-table\">\n<table id=\"tablepress-63\" class=\"tablepress tablepress-id-63\">\n<thead>\n<tr class=\"row-1\">\n\t<th class=\"column-1\">modello<\/th><th class=\"column-2\">YDA-870EB<\/th><th class=\"column-3\">YDA-890EB<\/th><th class=\"column-4\">YDA-8138EB<\/th><th class=\"column-5\">YDA-8158EB<\/th>\n<\/tr>\n<\/thead>\n<tbody class=\"row-striping row-hover\">\n<tr class=\"row-2\">\n\t<td class=\"column-1\">Campo di impostazione dell'umidit\u00e0<\/td><td class=\"column-2\">10%\uff5e99%RH<\/td><td class=\"column-3\">10%\uff5e99%RH<\/td><td class=\"column-4\">10%\uff5e99%RH<\/td><td class=\"column-5\">10%~99%RH<\/td>\n<\/tr>\n<tr class=\"row-3\">\n\t<td class=\"column-1\">Precisione del controllo dell'umidit\u00e0<\/td><td class=\"column-2\">\u00b13%rh<\/td><td class=\"column-3\">\u00b13%rh<\/td><td class=\"column-4\">\u00b13%rh<\/td><td class=\"column-5\">\u00b13%rh<\/td>\n<\/tr>\n<tr class=\"row-4\">\n\t<td class=\"column-1\">Tensione (V-Hz)<\/td><td class=\"column-2\">220V~50Hz<\/td><td class=\"column-3\">220V~50Hz<\/td><td class=\"column-4\">220V~50Hz<\/td><td class=\"column-5\">220V~50Hz<\/td>\n<\/tr>\n<tr class=\"row-5\">\n\t<td class=\"column-1\">Capacit\u00e0 di deumidificazione (27\u2103\/60%RH)<\/td><td class=\"column-2\">1,75 kg\/h<\/td><td class=\"column-3\">1,9 kg\/h<\/td><td class=\"column-4\">2,45 kg\/h<\/td><td class=\"column-5\">3,75 kg\/h<\/td>\n<\/tr>\n<tr class=\"row-6\">\n\t<td class=\"column-1\">Capacit\u00e0 di deumidificazione (30\u2103\/80%RH)<\/td><td class=\"column-2\">70l\/giorno<\/td><td class=\"column-3\">90l\/giorno<\/td><td class=\"column-4\">110l\/giorno<\/td><td class=\"column-5\">158l\/giorno<\/td>\n<\/tr>\n<tr class=\"row-7\">\n\t<td class=\"column-1\">Capacit\u00e0 di deumidificazione (35\u2103\/90%RH)<\/td><td class=\"column-2\">90l\/giorno<\/td><td class=\"column-3\">115l\/giorno<\/td><td class=\"column-4\">138l\/giorno<\/td><td class=\"column-5\">180 l\/giorno<\/td>\n<\/tr>\n<tr class=\"row-8\">\n\t<td class=\"column-1\">Potenza(27\u2103\/60%rh)<\/td><td class=\"column-2\">830W<\/td><td class=\"column-3\">860W<\/td><td class=\"column-4\">1000W<\/td><td class=\"column-5\">1550W<\/td>\n<\/tr>\n<tr class=\"row-9\">\n\t<td class=\"column-1\">Potenza ad alta temperatura (30\u2103\/80%rh)<\/td><td class=\"column-2\">950W<\/td><td class=\"column-3\">1050W<\/td><td class=\"column-4\">1300W<\/td><td class=\"column-5\">1900W<\/td>\n<\/tr>\n<tr class=\"row-10\">\n\t<td class=\"column-1\">Potenza massima (35\u2103\/90%RH)<\/td><td class=\"column-2\">1180W<\/td><td class=\"column-3\">1250W<\/td><td class=\"column-4\">1550W<\/td><td class=\"column-5\">2200W<\/td>\n<\/tr>\n<tr class=\"row-11\">\n\t<td class=\"column-1\">aerare<\/td><td class=\"column-2\">350m\u00b3\/h<\/td><td class=\"column-3\">550m\u00b3\/h<\/td><td class=\"column-4\">650m\u00b3\/h<\/td><td class=\"column-5\">900m\u00b3\/h<\/td>\n<\/tr>\n<tr class=\"row-12\">\n\t<td class=\"column-1\">refrigerante<\/td><td class=\"column-2\">R22<\/td><td class=\"column-3\">R22<\/td><td class=\"column-4\">R22<\/td><td class=\"column-5\">R22<\/td>\n<\/tr>\n<tr class=\"row-13\">\n\t<td class=\"column-1\">Classe di protezione contro le scosse elettriche<\/td><td class=\"column-2\">Classe \u2160<\/td><td class=\"column-3\">Classe \u2160<\/td><td class=\"column-4\">Classe \u2160<\/td><td class=\"column-5\">Classe \u2160<\/td>\n<\/tr>\n<tr class=\"row-14\">\n\t<td class=\"column-1\">Modalit\u00e0 drenaggio<\/td><td class=\"column-2\">scarico tubo acqua<\/td><td class=\"column-3\">scarico tubo acqua<\/td><td class=\"column-4\">scarico tubo acqua<\/td><td class=\"column-5\">scarico tubo acqua<\/td>\n<\/tr>\n<tr class=\"row-15\">\n\t<td class=\"column-1\">dimensioni<br \/>\n(lunghezza x larghezza x altezza)<\/td><td class=\"column-2\">480*365*885mm<\/td><td class=\"column-3\">480 * 435 * 950 mm<\/td><td class=\"column-4\">480 * 435 * 950 mm<\/td><td class=\"column-5\">550 * 435 * 1080 mm<\/td>\n<\/tr>\n<tr class=\"row-16\">\n\t<td class=\"column-1\">peso<\/td><td class=\"column-2\">40 kg<\/td><td class=\"column-3\">45 kg<\/td><td class=\"column-4\">50 kg<\/td><td class=\"column-5\">68 kg<\/td>\n<\/tr>\n<tr class=\"row-17\">\n\t<td class=\"column-1\">area di applicazione<\/td><td class=\"column-2\">70-90 m\u00b2<\/td><td class=\"column-3\">90-110m\u00b2<\/td><td class=\"column-4\">130-150m\u00b2<\/td><td class=\"column-5\">150-180\u00b2<\/td>\n<\/tr>\n<\/tbody>\n<\/table>\n<!-- #tablepress-63 from cache --><\/div>\n<\/div>\n<div><\/div>\n<div class=\"woocb\"><a class=\"wocb\" href=\"http:\/\/www.beiaole.com\/wp-content\/uploads\/2025\/09\/d5.2.1.pdf\" target=\"_blank\" rel=\"noopener\">forma<\/a><\/div>\n<div><\/div>\n<h2 class=\"woocommerce-loop-product__title\" style=\"text-align: center;\">industriale<\/h2>\n<p><img loading=\"lazy\" decoding=\"async\" class=\"size-medium wp-image-16328 aligncenter\" src=\"http:\/\/www.beiaole.com\/wp-content\/uploads\/2025\/08\/2-e1755167471248-300x300.png\" alt=\"Portable Induatrial Dehumidifier\" width=\"300\" height=\"300\" data-no-translation=\"\" \/><\/p>\n<div class=\"scroll-table-wrapper\">\n<div class=\"scroll-table\">\n<table id=\"tablepress-64\" class=\"tablepress tablepress-id-64\">\n<thead>\n<tr class=\"row-1\">\n\t<th class=\"column-1\">modello<\/th><th class=\"column-2\">CF6.8DT<\/th><th class=\"column-3\">CF7.5kt<\/th><th class=\"column-4\">CF8.8KT<\/th><th class=\"column-5\">CF10KT<\/th><th class=\"column-6\">CF12KT<\/th>\n<\/tr>\n<\/thead>\n<tbody class=\"row-striping row-hover\">\n<tr class=\"row-2\">\n\t<td class=\"column-1\">Campo di impostazione dell'umidit\u00e0<\/td><td class=\"column-2\">10%~98%RH<\/td><td class=\"column-3\">10%\uff5e98%rh<\/td><td class=\"column-4\">10%\uff5e98%rh<\/td><td class=\"column-5\">10%\uff5e98%rh<\/td><td class=\"column-6\">10%~98%RH<\/td>\n<\/tr>\n<tr class=\"row-3\">\n\t<td class=\"column-1\">Precisione del controllo dell'umidit\u00e0<\/td><td class=\"column-2\">\u00b13%rh<\/td><td class=\"column-3\">\u00b13%rh<\/td><td class=\"column-4\">\u00b13%rh<\/td><td class=\"column-5\">\u00b13%rh<\/td><td class=\"column-6\">\u00b13%rh<\/td>\n<\/tr>\n<tr class=\"row-4\">\n\t<td class=\"column-1\">Tensione (V-Hz)<\/td><td class=\"column-2\">220V~50Hz<\/td><td class=\"column-3\">380V 3N~50Hz<\/td><td class=\"column-4\">380V 3N~50Hz<\/td><td class=\"column-5\">380V 3N~50Hz<\/td><td class=\"column-6\">380V 3N~50Hz<\/td>\n<\/tr>\n<tr class=\"row-5\">\n\t<td class=\"column-1\">Capacit\u00e0 di deumidificazione (27\u2103\/60%RH)<\/td><td class=\"column-2\">4,0 kg\/h<\/td><td class=\"column-3\">4,3 kg\/h<\/td><td class=\"column-4\">5,0 kg\/h<\/td><td class=\"column-5\">6,0 kg\/h<\/td><td class=\"column-6\">6,8 kg\/h<\/td>\n<\/tr>\n<tr class=\"row-6\">\n\t<td class=\"column-1\">Capacit\u00e0 di deumidificazione (30\u2103\/80%RH)<\/td><td class=\"column-2\">6,8 kg\/h<\/td><td class=\"column-3\">7,5 kg\/h<\/td><td class=\"column-4\">8,8 kg\/h<\/td><td class=\"column-5\">10 kg\/h<\/td><td class=\"column-6\">12 kg\/h<\/td>\n<\/tr>\n<tr class=\"row-7\">\n\t<td class=\"column-1\">Capacit\u00e0 di deumidificazione (35\u2103\/90%RH)<\/td><td class=\"column-2\">8,5 kg\/h<\/td><td class=\"column-3\">9,0 kg\/h<\/td><td class=\"column-4\">11 kg\/h<\/td><td class=\"column-5\">13 kg\/h<\/td><td class=\"column-6\">14,5 kg\/h<\/td>\n<\/tr>\n<tr class=\"row-8\">\n\t<td class=\"column-1\">Potenza(27\u2103\/60%rh)<\/td><td class=\"column-2\">1900W<\/td><td class=\"column-3\">2200W<\/td><td class=\"column-4\">2500W<\/td><td class=\"column-5\">2650W<\/td><td class=\"column-6\">3200W<\/td>\n<\/tr>\n<tr class=\"row-9\">\n\t<td class=\"column-1\">Potenza ad alta temperatura (30\u2103\/80%rh)<\/td><td class=\"column-2\">2300W<\/td><td class=\"column-3\">2700W<\/td><td class=\"column-4\">3150W<\/td><td class=\"column-5\">3400W<\/td><td class=\"column-6\">4000W<\/td>\n<\/tr>\n<tr class=\"row-10\">\n\t<td class=\"column-1\">Potenza massima (35\u2103\/90%RH)<\/td><td class=\"column-2\">2900W<\/td><td class=\"column-3\">3300W<\/td><td class=\"column-4\">3800W<\/td><td class=\"column-5\">4150W<\/td><td class=\"column-6\">5000W<\/td>\n<\/tr>\n<tr class=\"row-11\">\n\t<td class=\"column-1\">aerare<\/td><td class=\"column-2\">1200m\u00b3\/h<\/td><td class=\"column-3\">1200m\u00b3\/h<\/td><td class=\"column-4\">1300m\u00b3\/h<\/td><td class=\"column-5\">1800m\u00b3\/h<\/td><td class=\"column-6\">2000m\u00b3\/h<\/td>\n<\/tr>\n<tr class=\"row-12\">\n\t<td class=\"column-1\">refrigerante<\/td><td class=\"column-2\">R22<\/td><td class=\"column-3\">R22<\/td><td class=\"column-4\">R22<\/td><td class=\"column-5\">R22<\/td><td class=\"column-6\">R410A<\/td>\n<\/tr>\n<tr class=\"row-13\">\n\t<td class=\"column-1\">Classe di protezione contro le scosse elettriche<\/td><td class=\"column-2\">Classe \u2160<\/td><td class=\"column-3\">Classe \u2160<\/td><td class=\"column-4\">Classe \u2160<\/td><td class=\"column-5\">Classe \u2160<\/td><td class=\"column-6\">Classe \u2160<\/td>\n<\/tr>\n<tr class=\"row-14\">\n\t<td class=\"column-1\">Modalit\u00e0 drenaggio<\/td><td class=\"column-2\">scarico tubo acqua<\/td><td class=\"column-3\">scarico tubo acqua<\/td><td class=\"column-4\">scarico tubo acqua<\/td><td class=\"column-5\">scarico tubo acqua<\/td><td class=\"column-6\">scarico tubo acqua<\/td>\n<\/tr>\n<tr class=\"row-15\">\n\t<td class=\"column-1\">dimensioni<br \/>\n(lunghezza x larghezza x altezza)<\/td><td class=\"column-2\">615*405*1550mm<\/td><td class=\"column-3\">615*405*1550mm<\/td><td class=\"column-4\">600*405*1660mm<\/td><td class=\"column-5\">763*472*1680mm<\/td><td class=\"column-6\">763*472*1680mm<\/td>\n<\/tr>\n<tr class=\"row-16\">\n\t<td class=\"column-1\">peso<\/td><td class=\"column-2\">84 kg<\/td><td class=\"column-3\">88 kg<\/td><td class=\"column-4\">98 kg<\/td><td class=\"column-5\">128 kg<\/td><td class=\"column-6\">125 kg<\/td>\n<\/tr>\n<tr class=\"row-17\">\n\t<td class=\"column-1\">area di applicazione<\/td><td class=\"column-2\">200-250 m\u00b2<\/td><td class=\"column-3\">200-250 m\u00b2<\/td><td class=\"column-4\">200-300 m\u00b2<\/td><td class=\"column-5\">300-350 m\u00b2<\/td><td class=\"column-6\">300-380m\u00b2<\/td>\n<\/tr>\n<\/tbody>\n<\/table>\n<!-- #tablepress-64 from cache --><\/div>\n<\/div>\n<div><\/div>\n<div class=\"woocb\"><a class=\"wocb\" href=\"http:\/\/www.beiaole.com\/wp-content\/uploads\/2025\/09\/d5.2.2.pdf\" target=\"_blank\" rel=\"noopener\">forma<\/a><\/div>\n<div><\/div>","protected":false},"excerpt":{"rendered":"<ul>\n<li>\n<h2>Controllo intelligente\u202fMicro\u2011Computer\u202f:<\/h2>\n<p>\u202fTemperatura automatica\u202fe\u202fumidit\u00e0\u202fmonitoraggio\u202fcon\u202fprecisa\u202fadeguamento\u202fin\u202f1\u202f%\u202fincrementi.<\/li>\n<li>\n<h2>Display in tempo reale\u202fLCD\u202f:<\/h2>\n<p>\u202fmostra\u202ftemperatura,\u202fumidit\u00e0,\u202fe\u202foperante\u202fstatus\u202fchiaramente\u202fper\u202fsemplice\u202fsupervisione.<\/li>\n<li>\n<h2>Ampia\u202fumidit\u00e0\u202frange:<\/h2>\n<p>\u202fRegolabile\u202f10\u202f\u2013\u202f98\u202f%\u202fRh\u202frange\u202fcon\u202f\u00b1\u202f3\u202f%\u202frh\u202fcontrol\u202faccuracy\u202fper\u202fdiversi\u202fambienti.<\/li>\n<li>\n<h2>Sistema automatico\u202fscongelamento\u202f:<\/h2>\n<p>\u202fprevenga\u202fgelo\u202fbruimento\u202fto\u202fmantenimento\u202ffermo\u202foperazioni\u202fin\u202fdomanda a bassa\u202ftemperatura\u202f.<\/li>\n<li>\n<h2>Programmabile\u202fTimer:<\/h2>\n<p>\u202f1\u2011a\u201124\u202fora\u202ftimer\u202fconsente\u202fprogrammata\u202fshutdown\u202fper\u202funmanned\u202fuse\u202fe\u202fenergy\u202fRisparmio.<\/li>\n<li>\n<h2>Funzione di autodiagnostica::<\/h2>\n<p>\u202fBuilt\u2011In\u202fErrore\u202fRilevamento\u202fe\u202fDisplay\u202fPer\u202fFast\u202fRisoluzione dei problemi\u202fe\u202fMinimal\u202fDowntime.<\/li>\n<li>\n<h2>Drenaggio continuo:<\/h2>\n<p>\u202fDrena\u202fd'acqua\u202fpipe\u202fsupporto\u202fnon\u2011stop\u202foperazione\u202fsenza\u202fintervento manuale.<\/li>\n<li>\n<h2>Durevole\u202fMobilit\u00e0:<\/h2>\n<p>\u202findustriale\u202fsteel\u202fchassis\u202fe\u202fdure incaster\u202fdi\u202fdovuto\u202fcombinare\u202fstabilit\u00e0\u202fcon\u202ffacile\u202frilocation.<\/li>\n<li>\n<h2>Sistema di aria\u202f ad alte prestazioni:<\/h2>\n<p>\u202fCentrifugo\u202fFan\u202fconsegna\u202fforte\u202fflow Air\u202fcon\u202fbasso\u202frumore\u202fper\u202fefficiente\u202fmoist\u202fmoira.<\/li>\n<li>\n<h2>Premium\u202fCompressore:<\/h2>\n<p>Il compressore di grado internazionale\u202fassicura\u202flunga\u202fservizia\u202fvita\u202fe\u202fcoerente\u202fdeumidificante\u202fpower.<\/li>\n<\/ul>\n<hr \/>","protected":false},"featured_media":4882,"comment_status":"open","ping_status":"closed","template":"","meta":{"_acf_changed":false},"product_brand":[],"product_cat":[64],"product_tag":[],"class_list":{"0":"post-4851","1":"product","2":"type-product","3":"status-publish","4":"has-post-thumbnail","6":"product_cat-dehumidifier-series","8":"first","9":"outofstock","10":"taxable","11":"shipping-taxable","12":"purchasable","13":"product-type-variable"},"acf":[],"_links":{"self":[{"href":"https:\/\/www.ecvents.com\/it\/wp-json\/wp\/v2\/product\/4851","targetHints":{"allow":["GET"]}}],"collection":[{"href":"https:\/\/www.ecvents.com\/it\/wp-json\/wp\/v2\/product"}],"about":[{"href":"https:\/\/www.ecvents.com\/it\/wp-json\/wp\/v2\/types\/product"}],"replies":[{"embeddable":true,"href":"https:\/\/www.ecvents.com\/it\/wp-json\/wp\/v2\/comments?post=4851"}],"wp:featuredmedia":[{"embeddable":true,"href":"https:\/\/www.ecvents.com\/it\/wp-json\/wp\/v2\/media\/4882"}],"wp:attachment":[{"href":"https:\/\/www.ecvents.com\/it\/wp-json\/wp\/v2\/media?parent=4851"}],"wp:term":[{"taxonomy":"product_brand","embeddable":true,"href":"https:\/\/www.ecvents.com\/it\/wp-json\/wp\/v2\/product_brand?post=4851"},{"taxonomy":"product_cat","embeddable":true,"href":"https:\/\/www.ecvents.com\/it\/wp-json\/wp\/v2\/product_cat?post=4851"},{"taxonomy":"product_tag","embeddable":true,"href":"https:\/\/www.ecvents.com\/it\/wp-json\/wp\/v2\/product_tag?post=4851"}],"curies":[{"name":"WP","href":"https:\/\/api.w.org\/{rel}","templated":true}]}}